{"id":2124,"date":"2020-11-14T16:15:28","date_gmt":"2020-11-14T15:15:28","guid":{"rendered":"https:\/\/ent2d.ac-bordeaux.fr\/disciplines\/commerce-vente\/?page_id=2124"},"modified":"2021-01-23T15:37:00","modified_gmt":"2021-01-23T14:37:00","slug":"ressources-bac-pro-mcv","status":"publish","type":"page","link":"https:\/\/ent2d.ac-bordeaux.fr\/disciplines\/commerce-vente\/les-ressources-pedagogiques\/ressources-thematiques\/ressources-bac-pro-mcv\/","title":{"rendered":"Ressources p\u00e9dagogiques Bac Pro MCV (mutualisation de vos supports)"},"content":{"rendered":"<p><a href=\"https:\/\/ent2d.ac-bordeaux.fr\/disciplines\/commerce-vente\/wp-content\/uploads\/sites\/15\/2020\/11\/Se-quence-6-Analyser-des-donne-es.pdf\">S\u00e9ance compl\u00e8te sur \u00ab\u00a0Conseiller et vendre &#8211; Fid\u00e9liser la client\u00e8le et d\u00e9velopper la relation client\u00a0\u00bb (niveau premi\u00e8re)<\/a><\/p>\n","protected":false},"excerpt":{"rendered":"<p>S\u00e9ance compl\u00e8te sur \u00ab\u00a0Conseiller et vendre &#8211; Fid\u00e9liser la client\u00e8le et d\u00e9velopper la relation client\u00a0\u00bb (niveau premi\u00e8re)<\/p>\n","protected":false},"author":51,"featured_media":0,"parent":236,"menu_order":0,"comment_status":"closed","ping_status":"closed","template":"","meta":{"_bbp_topic_count":0,"_bbp_reply_count":0,"_bbp_total_topic_count":0,"_bbp_total_reply_count":0,"_bbp_voice_count":0,"_bbp_anonymous_reply_count":0,"_bbp_topic_count_hidden":0,"_bbp_reply_count_hidden":0,"_bbp_forum_subforum_count":0,"footnotes":""},"class_list":["post-2124","page","type-page","status-publish","hentry","nodate"],"_links":{"self":[{"href":"https:\/\/ent2d.ac-bordeaux.fr\/disciplines\/commerce-vente\/wp-json\/wp\/v2\/pages\/2124","targetHints":{"allow":["GET"]}}],"collection":[{"href":"https:\/\/ent2d.ac-bordeaux.fr\/disciplines\/commerce-vente\/wp-json\/wp\/v2\/pages"}],"about":[{"href":"https:\/\/ent2d.ac-bordeaux.fr\/disciplines\/commerce-vente\/wp-json\/wp\/v2\/types\/page"}],"author":[{"embeddable":true,"href":"https:\/\/ent2d.ac-bordeaux.fr\/disciplines\/commerce-vente\/wp-json\/wp\/v2\/users\/51"}],"replies":[{"embeddable":true,"href":"https:\/\/ent2d.ac-bordeaux.fr\/disciplines\/commerce-vente\/wp-json\/wp\/v2\/comments?post=2124"}],"version-history":[{"count":2,"href":"https:\/\/ent2d.ac-bordeaux.fr\/disciplines\/commerce-vente\/wp-json\/wp\/v2\/pages\/2124\/revisions"}],"predecessor-version":[{"id":2247,"href":"https:\/\/ent2d.ac-bordeaux.fr\/disciplines\/commerce-vente\/wp-json\/wp\/v2\/pages\/2124\/revisions\/2247"}],"up":[{"embeddable":true,"href":"https:\/\/ent2d.ac-bordeaux.fr\/disciplines\/commerce-vente\/wp-json\/wp\/v2\/pages\/236"}],"wp:attachment":[{"href":"https:\/\/ent2d.ac-bordeaux.fr\/disciplines\/commerce-vente\/wp-json\/wp\/v2\/media?parent=2124"}],"curies":[{"name":"wp","href":"https:\/\/api.w.org\/{rel}","templated":true}]}}