{"id":183,"date":"2017-06-01T11:49:49","date_gmt":"2017-06-01T09:49:49","guid":{"rendered":"https:\/\/ent2d.ac-bordeaux.fr\/disciplines\/commerce-vente\/?page_id=183"},"modified":"2018-09-09T13:12:30","modified_gmt":"2018-09-09T11:12:30","slug":"les-referentiels","status":"publish","type":"page","link":"https:\/\/ent2d.ac-bordeaux.fr\/disciplines\/commerce-vente\/les-ressources-pedagogiques\/les-referentiels\/","title":{"rendered":"Les r\u00e9f\u00e9rentiels et documents officiels"},"content":{"rendered":"<p style=\"text-align: center\"><span style=\"background-color: #ffffff;color: #ff0000\"><strong>DOCUMENTS OFFICIELS<\/strong><\/span><\/p>\n<ul style=\"list-style-type: disc\">\n<li><a href=\"https:\/\/ent2d.ac-bordeaux.fr\/disciplines\/commerce-vente\/wp-content\/uploads\/sites\/15\/2018\/09\/Note-de-rentr\u00e9e-eco-gestion-2018.2019.pdf\">Lettre de rentr\u00e9e 2018-2019<\/a><\/li>\n<li><a href=\"https:\/\/ent2d.ac-bordeaux.fr\/disciplines\/commerce-vente\/wp-content\/uploads\/sites\/15\/2018\/09\/2018_DP_voiePro_bdef_953557.pdf\">Transformer le lyc\u00e9e professionnel &#8211; Document du minist\u00e8re de l&rsquo;\u00e9ducation nationale<\/a><\/li>\n<\/ul>\n<p style=\"text-align: center\"><span style=\"color: #ff0000\"><strong>CAP EVS<\/strong><\/span><\/p>\n<ul>\n<li style=\"text-align: left\"><a href=\"https:\/\/ent2d.ac-bordeaux.fr\/disciplines\/commerce-vente\/wp-content\/uploads\/sites\/15\/2017\/06\/CAPEVSarretedecreation.pdf\">Modification de l&rsquo;arr\u00eat\u00e9 de cr\u00e9ation<\/a><\/li>\n<li style=\"text-align: left\"><a href=\"https:\/\/ent2d.ac-bordeaux.fr\/disciplines\/commerce-vente\/wp-content\/uploads\/sites\/15\/2017\/06\/CAPEVScompetencesetsavoirfaire.pdf\">Comp\u00e9tences et savoir-faire<\/a><\/li>\n<li style=\"text-align: left\"><a href=\"https:\/\/ent2d.ac-bordeaux.fr\/disciplines\/commerce-vente\/wp-content\/uploads\/sites\/15\/2017\/06\/CAPEVSdefinitionepreuves.pdf\">D\u00e9finition des \u00e9preuves<\/a><\/li>\n<li style=\"text-align: left\"><a href=\"https:\/\/ent2d.ac-bordeaux.fr\/disciplines\/commerce-vente\/wp-content\/uploads\/sites\/15\/2017\/06\/CAPEVSPFMP.pdf\">PFMP<\/a><\/li>\n<li style=\"text-align: left\"><a href=\"https:\/\/ent2d.ac-bordeaux.fr\/disciplines\/commerce-vente\/wp-content\/uploads\/sites\/15\/2017\/06\/CAPEVSRAP.pdf\">R\u00e9f\u00e9rentiel des activit\u00e9s professionnelles<\/a><\/li>\n<li style=\"text-align: left\"><a href=\"https:\/\/ent2d.ac-bordeaux.fr\/disciplines\/commerce-vente\/wp-content\/uploads\/sites\/15\/2017\/06\/CAPEVSreglementexamen.pdf\">R\u00e8glement d&rsquo;examen<\/a><\/li>\n<li style=\"text-align: left\"><a href=\"https:\/\/ent2d.ac-bordeaux.fr\/disciplines\/commerce-vente\/wp-content\/uploads\/sites\/15\/2017\/06\/CAPEVSsavoirsassocies.pdf\">Savoirs associ\u00e9s<\/a><\/li>\n<li style=\"text-align: left\"><a href=\"https:\/\/ent2d.ac-bordeaux.fr\/disciplines\/commerce-vente\/wp-content\/uploads\/sites\/15\/2017\/06\/CAPEVSunitesconstitutives.pdf\">Unit\u00e9s constitutives du dipl\u00f4me<\/a><\/li>\n<\/ul>\n<p style=\"text-align: center\"><span style=\"color: #ff0000\"><strong>CAP ECMS<\/strong><\/span><\/p>\n<ul>\n<li style=\"text-align: left\"><a href=\"https:\/\/ent2d.ac-bordeaux.fr\/disciplines\/commerce-vente\/wp-content\/uploads\/sites\/15\/2017\/06\/CAPECMSarretecreation.pdf\">Modification de l&rsquo;arr\u00eat\u00e9 de cr\u00e9ation<\/a><\/li>\n<li style=\"text-align: left\"><a href=\"https:\/\/ent2d.ac-bordeaux.fr\/disciplines\/commerce-vente\/wp-content\/uploads\/sites\/15\/2017\/06\/CAPECMScompetences.pdf\">Comp\u00e9tences et savoir-faire<\/a><\/li>\n<li style=\"text-align: left\"><a href=\"https:\/\/ent2d.ac-bordeaux.fr\/disciplines\/commerce-vente\/wp-content\/uploads\/sites\/15\/2017\/06\/CAPECMSdefinitionepreuves.pdf\">D\u00e9finition des \u00e9preuves<\/a><\/li>\n<li style=\"text-align: left\"><a href=\"https:\/\/ent2d.ac-bordeaux.fr\/disciplines\/commerce-vente\/wp-content\/uploads\/sites\/15\/2017\/06\/CAPECMSPFMP.pdf\">PFMP<\/a><\/li>\n<li style=\"text-align: left\"><a href=\"https:\/\/ent2d.ac-bordeaux.fr\/disciplines\/commerce-vente\/wp-content\/uploads\/sites\/15\/2017\/06\/CAPECMSRAP.pdf\">R\u00e9f\u00e9rentiel des activit\u00e9s professionnelles<\/a><\/li>\n<li style=\"text-align: left\"><a href=\"https:\/\/ent2d.ac-bordeaux.fr\/disciplines\/commerce-vente\/wp-content\/uploads\/sites\/15\/2017\/06\/CAPECMSreglementexamen.pdf\">R\u00e8glement d&rsquo;examen<\/a><\/li>\n<li style=\"text-align: left\"><a href=\"https:\/\/ent2d.ac-bordeaux.fr\/disciplines\/commerce-vente\/wp-content\/uploads\/sites\/15\/2017\/06\/CAPECMSsavoirsassocies.pdf\">Savoirs associ\u00e9s<\/a><\/li>\n<li style=\"text-align: left\"><a href=\"https:\/\/ent2d.ac-bordeaux.fr\/disciplines\/commerce-vente\/wp-content\/uploads\/sites\/15\/2017\/06\/CAPECMSunitesconstitutivesdiplome.pdf\">Unit\u00e9s constitutives du dipl\u00f4me<\/a><\/li>\n<\/ul>\n<p style=\"text-align: center\"><span style=\"color: #ff0000\"><strong>Bac pro ARCU<\/strong><\/span><\/p>\n<ul>\n<li style=\"text-align: left\"><a href=\"https:\/\/ent2d.ac-bordeaux.fr\/disciplines\/commerce-vente\/wp-content\/uploads\/sites\/15\/2017\/06\/bacarcu_arrete_creation.pdf\">Arr\u00eat\u00e9 de cr\u00e9ation<\/a><\/li>\n<li style=\"text-align: left\"><a href=\"https:\/\/ent2d.ac-bordeaux.fr\/disciplines\/commerce-vente\/wp-content\/uploads\/sites\/15\/2017\/06\/bacarcudefinitionepreuves.pdf\">D\u00e9finitions des \u00e9preuves<\/a><\/li>\n<li style=\"text-align: left\"><a href=\"https:\/\/ent2d.ac-bordeaux.fr\/disciplines\/commerce-vente\/wp-content\/uploads\/sites\/15\/2017\/06\/bacarcuPFMP.pdf\">PFMP<\/a><\/li>\n<li style=\"text-align: left\"><a href=\"https:\/\/ent2d.ac-bordeaux.fr\/disciplines\/commerce-vente\/wp-content\/uploads\/sites\/15\/2017\/06\/bacarcuRAP.pdf\">R\u00e9f\u00e9rentiel des activit\u00e9s professionnelles<\/a><\/li>\n<li style=\"text-align: left\"><a href=\"https:\/\/ent2d.ac-bordeaux.fr\/disciplines\/commerce-vente\/wp-content\/uploads\/sites\/15\/2017\/06\/bacarcutableaucorrespondanceepreuves.pdf\">Tableau de correspondance des \u00e9preuves avec le bac pro services<\/a><\/li>\n<li style=\"text-align: left\"><a href=\"https:\/\/ent2d.ac-bordeaux.fr\/disciplines\/commerce-vente\/wp-content\/uploads\/sites\/15\/2017\/06\/bacarcuunitesconstituvesdiplomes.pdf\">Unit\u00e9s constitutives du dipl\u00f4me<\/a><\/li>\n<li style=\"text-align: left\"><a href=\"https:\/\/ent2d.ac-bordeaux.fr\/disciplines\/commerce-vente\/wp-content\/uploads\/sites\/15\/2017\/06\/reglement_examen_bac_arcu_BO14052015.pdf\">R\u00e8glement d&rsquo;examen <span style=\"color: #ff0000\">(mise \u00e0 jour 2015)<\/span><\/a><\/li>\n<\/ul>\n<p style=\"text-align: center\"><span style=\"color: #ff0000\"><strong>Bac pro commerce<\/strong><\/span><\/p>\n<ul>\n<li style=\"text-align: left\"><a href=\"https:\/\/ent2d.ac-bordeaux.fr\/disciplines\/commerce-vente\/wp-content\/uploads\/sites\/15\/2017\/06\/baccommercearrete_creation2004.pdf\">Arr\u00eat\u00e9 de cr\u00e9ation ; r\u00e9f\u00e9rentiel complet (Comp\u00e9tences, savoir associ\u00e9s, PFMP&#8230;)<\/a><\/li>\n<li style=\"text-align: left\"><a href=\"https:\/\/ent2d.ac-bordeaux.fr\/disciplines\/commerce-vente\/wp-content\/uploads\/sites\/15\/2017\/06\/baccommercemodifarrete_creation.pdf\">Modification de l&rsquo;arr\u00eat\u00e9 de cr\u00e9ation<\/a><\/li>\n<li style=\"text-align: left\"><a href=\"https:\/\/ent2d.ac-bordeaux.fr\/disciplines\/commerce-vente\/wp-content\/uploads\/sites\/15\/2017\/06\/reglement_examen_bac_commerce_BO14052015.pdf\">R\u00e8glement d&rsquo;examen <span style=\"color: #ff0000\">(mise \u00e0 jour 2015 sur session 2016)<\/span><\/a><\/li>\n<\/ul>\n<p style=\"text-align: center\"><strong><span style=\"color: #ff0000\">\u00a0Bac pro Vente<\/span><\/strong><\/p>\n<ul>\n<li style=\"text-align: left\"><a href=\"https:\/\/ent2d.ac-bordeaux.fr\/disciplines\/commerce-vente\/wp-content\/uploads\/sites\/15\/2017\/06\/bacventearrete_creation.pdf\">Arr\u00eat\u00e9 de cr\u00e9ation<\/a><\/li>\n<li style=\"text-align: left\"><a href=\"https:\/\/ent2d.ac-bordeaux.fr\/disciplines\/commerce-vente\/wp-content\/uploads\/sites\/15\/2017\/06\/bacventecompetences.pdf\">Comp\u00e9tences<\/a><\/li>\n<li style=\"text-align: left\"><a href=\"https:\/\/ent2d.ac-bordeaux.fr\/disciplines\/commerce-vente\/wp-content\/uploads\/sites\/15\/2017\/06\/bacventesavoirsassocies.pdf\">Savoir associ\u00e9s<\/a><\/li>\n<li style=\"text-align: left\"><a href=\"https:\/\/ent2d.ac-bordeaux.fr\/disciplines\/commerce-vente\/wp-content\/uploads\/sites\/15\/2017\/06\/bavventeRAP.pdf\">R\u00e9f\u00e9rentiel des activit\u00e9s professionnelles<\/a><\/li>\n<li style=\"text-align: left\"><a href=\"https:\/\/ent2d.ac-bordeaux.fr\/disciplines\/commerce-vente\/wp-content\/uploads\/sites\/15\/2017\/06\/reglement_examen_bac_vente_BO14052015.pdf\">R\u00e8glement d&rsquo;examen <span style=\"color: #ff0000\">(mise \u00e0 jour 2015 sur session 2016)<\/span><\/a><\/li>\n<\/ul>\n<p style=\"text-align: center\"><strong><span style=\"color: #ff0000\">Dipl\u00f4me interm\u00e9diaire de certification BEP MRCU<\/span><\/strong><\/p>\n<ul>\n<li style=\"text-align: left\"><a href=\"https:\/\/ent2d.ac-bordeaux.fr\/disciplines\/commerce-vente\/wp-content\/uploads\/sites\/15\/2017\/06\/bepMRCUarrete.pdf\">Arr\u00eat\u00e9 de cr\u00e9ation<br \/>\n<\/a><\/li>\n<li style=\"text-align: left\"><a href=\"https:\/\/ent2d.ac-bordeaux.fr\/disciplines\/commerce-vente\/wp-content\/uploads\/sites\/15\/2017\/06\/bepMRCUdefinitionepreuves.pdf\">D\u00e9finition des \u00e9preuves<\/a><\/li>\n<li style=\"text-align: left\"><a href=\"https:\/\/ent2d.ac-bordeaux.fr\/disciplines\/commerce-vente\/wp-content\/uploads\/sites\/15\/2017\/06\/bepMRCURAP.pdf\">R\u00e9f\u00e9rentiel des activit\u00e9s professionnelles<\/a><\/li>\n<li style=\"text-align: left\"><a href=\"https:\/\/ent2d.ac-bordeaux.fr\/disciplines\/commerce-vente\/wp-content\/uploads\/sites\/15\/2017\/06\/bepMRCUreglementexamen.pdf\">R\u00e8glement d&rsquo;examen<\/a><\/li>\n<li style=\"text-align: left\"><a href=\"https:\/\/ent2d.ac-bordeaux.fr\/disciplines\/commerce-vente\/wp-content\/uploads\/sites\/15\/2017\/06\/bepMRCUtableaudispenseepreuves.pdf\">Tableau de dispense des \u00e9preuves de mati\u00e8res g\u00e9n\u00e9rales<\/a><\/li>\n<\/ul>\n<p style=\"text-align: left\">\n","protected":false},"excerpt":{"rendered":"<p>DOCUMENTS OFFICIELS Lettre de rentr\u00e9e 2018-2019 Transformer le lyc\u00e9e professionnel &#8211; Document du minist\u00e8re de l&rsquo;\u00e9ducation nationale CAP EVS Modification de l&rsquo;arr\u00eat\u00e9 de cr\u00e9ation Comp\u00e9tences et savoir-faire D\u00e9finition des \u00e9preuves PFMP R\u00e9f\u00e9rentiel des activit\u00e9s professionnelles R\u00e8glement d&rsquo;examen Savoirs associ\u00e9s Unit\u00e9s constitutives du dipl\u00f4me CAP ECMS Modification de l&rsquo;arr\u00eat\u00e9 de cr\u00e9ation Comp\u00e9tences et savoir-faire D\u00e9finition des &hellip; <\/p>\n<p><a class=\"more-link block-button\" href=\"https:\/\/ent2d.ac-bordeaux.fr\/disciplines\/commerce-vente\/les-ressources-pedagogiques\/les-referentiels\/\">Lire la Suite &raquo;<\/a><\/p>\n","protected":false},"author":51,"featured_media":0,"parent":100,"menu_order":0,"comment_status":"closed","ping_status":"closed","template":"template-threecolumnscenter.php","meta":{"_bbp_topic_count":0,"_bbp_reply_count":0,"_bbp_total_topic_count":0,"_bbp_total_reply_count":0,"_bbp_voice_count":0,"_bbp_anonymous_reply_count":0,"_bbp_topic_count_hidden":0,"_bbp_reply_count_hidden":0,"_bbp_forum_subforum_count":0,"footnotes":""},"class_list":["post-183","page","type-page","status-publish","hentry","nodate"],"_links":{"self":[{"href":"https:\/\/ent2d.ac-bordeaux.fr\/disciplines\/commerce-vente\/wp-json\/wp\/v2\/pages\/183","targetHints":{"allow":["GET"]}}],"collection":[{"href":"https:\/\/ent2d.ac-bordeaux.fr\/disciplines\/commerce-vente\/wp-json\/wp\/v2\/pages"}],"about":[{"href":"https:\/\/ent2d.ac-bordeaux.fr\/disciplines\/commerce-vente\/wp-json\/wp\/v2\/types\/page"}],"author":[{"embeddable":true,"href":"https:\/\/ent2d.ac-bordeaux.fr\/disciplines\/commerce-vente\/wp-json\/wp\/v2\/users\/51"}],"replies":[{"embeddable":true,"href":"https:\/\/ent2d.ac-bordeaux.fr\/disciplines\/commerce-vente\/wp-json\/wp\/v2\/comments?post=183"}],"version-history":[{"count":6,"href":"https:\/\/ent2d.ac-bordeaux.fr\/disciplines\/commerce-vente\/wp-json\/wp\/v2\/pages\/183\/revisions"}],"predecessor-version":[{"id":763,"href":"https:\/\/ent2d.ac-bordeaux.fr\/disciplines\/commerce-vente\/wp-json\/wp\/v2\/pages\/183\/revisions\/763"}],"up":[{"embeddable":true,"href":"https:\/\/ent2d.ac-bordeaux.fr\/disciplines\/commerce-vente\/wp-json\/wp\/v2\/pages\/100"}],"wp:attachment":[{"href":"https:\/\/ent2d.ac-bordeaux.fr\/disciplines\/commerce-vente\/wp-json\/wp\/v2\/media?parent=183"}],"curies":[{"name":"wp","href":"https:\/\/api.w.org\/{rel}","templated":true}]}}