{"id":1736,"date":"2020-04-16T17:54:02","date_gmt":"2020-04-16T15:54:02","guid":{"rendered":"https:\/\/ent2d.ac-bordeaux.fr\/disciplines\/commerce-vente\/?page_id=1736"},"modified":"2023-09-30T19:01:04","modified_gmt":"2023-09-30T17:01:04","slug":"le-baccalaureat-professionnel-metiers-de-laccueil","status":"publish","type":"page","link":"https:\/\/ent2d.ac-bordeaux.fr\/disciplines\/commerce-vente\/renovation-de-nos-formations-tout-sur-la-renovation-des-baccalaureats-et-des-cap-dans-nos-filieres\/le-baccalaureat-professionnel-metiers-de-laccueil\/","title":{"rendered":"Le Baccalaur\u00e9at Professionnel \u00ab\u00a0M\u00e9tiers de l&rsquo;Accueil\u00a0\u00bb"},"content":{"rendered":"<p>Le BCP (Baccalaur\u00e9at Professionnel) M\u00e9tiers de l&rsquo;Accueil se d\u00e9roule, sauf cas particuliers, en deux ans apr\u00e8s une seconde FMRC. L&rsquo;ensemble des informations de cette page concerne donc les classes de premi\u00e8re et de terminale.<\/p>\n<p>&nbsp;<\/p>\n<p style=\"text-align: center\"><strong><span style=\"font-size: 12pt\">Pr\u00e9sentation du baccalaur\u00e9at<\/span><\/strong><\/p>\n<table style=\"height: 179px\" width=\"630\">\n<tbody>\n<tr>\n<td style=\"width: 618px;text-align: center\">\n<p><div id=\"attachment_1719\" style=\"width: 160px\" class=\"wp-caption aligncenter\"><a href=\"https:\/\/ent2d.ac-bordeaux.fr\/disciplines\/commerce-vente\/wp-content\/uploads\/sites\/15\/2020\/04\/Diaporama-MA-17.4.20.pptx\" target=\"_blank\" rel=\"noopener noreferrer\"><img loading=\"lazy\" decoding=\"async\" aria-describedby=\"caption-attachment-1719\" class=\"wp-image-1719 size-thumbnail\" src=\"https:\/\/ent2d.ac-bordeaux.fr\/disciplines\/commerce-vente\/wp-content\/uploads\/sites\/15\/2020\/04\/1200px-Microsoft_Office_PowerPoint_2018\u2013present.svg-150x150.png\" alt=\"\" width=\"150\" height=\"150\" \/><\/a><p id=\"caption-attachment-1719\" class=\"wp-caption-text\">Pr\u00e9sentation g\u00e9n\u00e9rale du BCP M\u00e9tiers de l&rsquo;Accueil<\/p><\/div><\/td>\n<\/tr>\n<\/tbody>\n<\/table>\n<p>&nbsp;<\/p>\n<p style=\"text-align: center\"><span style=\"font-size: 12pt\"><strong>Documents Officiels<\/strong><\/span><\/p>\n<table style=\"height: 154px\" width=\"632\">\n<tbody>\n<tr>\n<td style=\"width: 304.5px;text-align: center\">\n<p><div id=\"attachment_1720\" style=\"width: 160px\" class=\"wp-caption aligncenter\"><a href=\"https:\/\/ent2d.ac-bordeaux.fr\/disciplines\/commerce-vente\/wp-content\/uploads\/sites\/15\/2020\/04\/R\u00e9f\u00e9rentiel-MA.docx\" target=\"_blank\" rel=\"noopener noreferrer\"><img loading=\"lazy\" decoding=\"async\" aria-describedby=\"caption-attachment-1720\" class=\"wp-image-1720 size-thumbnail\" src=\"https:\/\/ent2d.ac-bordeaux.fr\/disciplines\/commerce-vente\/wp-content\/uploads\/sites\/15\/2020\/04\/1200px-Microsoft_Office_Word_2018\u2013present.svg-150x150.png\" alt=\"\" width=\"150\" height=\"150\" \/><\/a><p id=\"caption-attachment-1720\" class=\"wp-caption-text\">R\u00e9f\u00e9rentiel du BCP MA<\/p><\/div><\/td>\n<td style=\"width: 304.5px;text-align: center\">\n<p><div id=\"attachment_1721\" style=\"width: 160px\" class=\"wp-caption aligncenter\"><a href=\"https:\/\/ent2d.ac-bordeaux.fr\/disciplines\/commerce-vente\/wp-content\/uploads\/sites\/15\/2020\/04\/gap_bac_pro_metiers_de_l_accueil-1.pdf\" target=\"_blank\" rel=\"noopener noreferrer\"><img loading=\"lazy\" decoding=\"async\" aria-describedby=\"caption-attachment-1721\" class=\"wp-image-1721 size-thumbnail\" src=\"https:\/\/ent2d.ac-bordeaux.fr\/disciplines\/commerce-vente\/wp-content\/uploads\/sites\/15\/2020\/04\/1200px-PDF_file_icon.svg-150x150.png\" alt=\"\" width=\"150\" height=\"150\" \/><\/a><p id=\"caption-attachment-1721\" class=\"wp-caption-text\">Guide d&rsquo;accompagnement p\u00e9dagogique du BCP MA<\/p><\/div><\/td>\n<\/tr>\n<\/tbody>\n<\/table>\n<p>&nbsp;<\/p>\n<p style=\"text-align: center\"><span style=\"font-size: 12pt\"><strong>Propositions d&rsquo;outils<\/strong><\/span><\/p>\n<table style=\"height: 412px\" width=\"634\">\n<tbody>\n<tr style=\"height: 288.417px\">\n<td style=\"width: 305.5px;text-align: center;height: 288.417px\">\n<p><div id=\"attachment_1721\" style=\"width: 160px\" class=\"wp-caption aligncenter\"><a href=\"https:\/\/ent2d.ac-bordeaux.fr\/disciplines\/commerce-vente\/wp-content\/uploads\/sites\/15\/2020\/04\/MA-eco-droit.pdf\" target=\"_blank\" rel=\"noopener noreferrer\"><img loading=\"lazy\" decoding=\"async\" aria-describedby=\"caption-attachment-1721\" class=\"wp-image-1721 size-thumbnail\" src=\"https:\/\/ent2d.ac-bordeaux.fr\/disciplines\/commerce-vente\/wp-content\/uploads\/sites\/15\/2020\/04\/1200px-PDF_file_icon.svg-150x150.png\" alt=\"\" width=\"150\" height=\"150\" \/><\/a><p id=\"caption-attachment-1721\" class=\"wp-caption-text\">Tableau pour \u00e9tablir le lien entre l&rsquo;\u00e9co-droit et les mati\u00e8res professionnelles<\/p><\/div><\/td>\n<td style=\"width: 305.5px;text-align: center;height: 288.417px\">\n<p><div id=\"attachment_1718\" style=\"width: 160px\" class=\"wp-caption aligncenter\"><a href=\"https:\/\/ent2d.ac-bordeaux.fr\/disciplines\/commerce-vente\/wp-content\/uploads\/sites\/15\/2020\/04\/MA-eco-droit.ods\" target=\"_blank\" rel=\"noopener noreferrer\"><img loading=\"lazy\" decoding=\"async\" aria-describedby=\"caption-attachment-1718\" class=\"wp-image-1718 size-thumbnail\" src=\"https:\/\/ent2d.ac-bordeaux.fr\/disciplines\/commerce-vente\/wp-content\/uploads\/sites\/15\/2020\/04\/1200px-Microsoft_Office_Excel_2018\u2013present.svg-150x150.png\" alt=\"\" width=\"150\" height=\"150\" \/><\/a><p id=\"caption-attachment-1718\" class=\"wp-caption-text\">Tableau pour \u00e9tablir le lien entre l&rsquo;\u00e9co-droit et les mati\u00e8res professionnelles<\/p><\/div><\/td>\n<\/tr>\n<tr style=\"height: 24px\">\n<td style=\"width: 305.5px;text-align: center;height: 24px\">\n<p><div id=\"attachment_1721\" style=\"width: 160px\" class=\"wp-caption aligncenter\"><a href=\"https:\/\/ent2d.ac-bordeaux.fr\/disciplines\/commerce-vente\/wp-content\/uploads\/sites\/15\/2020\/04\/LIVRET-DE-SUIVI-proposition-pour-MA-1.pdf\" target=\"_blank\" rel=\"noopener noreferrer\"><img loading=\"lazy\" decoding=\"async\" aria-describedby=\"caption-attachment-1721\" class=\"wp-image-1721 size-thumbnail\" src=\"https:\/\/ent2d.ac-bordeaux.fr\/disciplines\/commerce-vente\/wp-content\/uploads\/sites\/15\/2020\/04\/1200px-PDF_file_icon.svg-150x150.png\" alt=\"\" width=\"150\" height=\"150\" \/><\/a><p id=\"caption-attachment-1721\" class=\"wp-caption-text\">Proposition de livret de suivi en BCP MA<\/p><\/div><\/td>\n<td style=\"width: 305.5px;height: 24px;text-align: center\">\n<p><div id=\"attachment_1720\" style=\"width: 160px\" class=\"wp-caption aligncenter\"><a href=\"https:\/\/ent2d.ac-bordeaux.fr\/disciplines\/commerce-vente\/wp-content\/uploads\/sites\/15\/2020\/12\/LIVRET-DE-SUIVI-PFMP-MA1.doc\" target=\"_blank\" rel=\"noopener noreferrer\"><img loading=\"lazy\" decoding=\"async\" aria-describedby=\"caption-attachment-1720\" class=\"wp-image-1720 size-thumbnail\" src=\"https:\/\/ent2d.ac-bordeaux.fr\/disciplines\/commerce-vente\/wp-content\/uploads\/sites\/15\/2020\/04\/1200px-Microsoft_Office_Word_2018\u2013present.svg-150x150.png\" alt=\"\" width=\"150\" height=\"150\" \/><\/a><p id=\"caption-attachment-1720\" class=\"wp-caption-text\">Proposition de livret de suivi pour le BCP MA<\/p><\/div><\/td>\n<\/tr>\n<tr style=\"height: 24px\">\n<td style=\"width: 305.5px;height: 24px;text-align: center\" colspan=\"2\">\n<p><div id=\"attachment_1720\" style=\"width: 160px\" class=\"wp-caption aligncenter\"><a href=\"https:\/\/ent2d.ac-bordeaux.fr\/disciplines\/commerce-vente\/wp-content\/uploads\/sites\/15\/2020\/04\/Construire-un-sc\u00e9nario-en-\u00e9quipe-1.docx\" target=\"_blank\" rel=\"noopener noreferrer\"><img loading=\"lazy\" decoding=\"async\" aria-describedby=\"caption-attachment-1720\" class=\"wp-image-1720 size-thumbnail\" src=\"https:\/\/ent2d.ac-bordeaux.fr\/disciplines\/commerce-vente\/wp-content\/uploads\/sites\/15\/2020\/04\/1200px-Microsoft_Office_Word_2018\u2013present.svg-150x150.png\" alt=\"\" width=\"150\" height=\"150\" \/><\/a><p id=\"caption-attachment-1720\" class=\"wp-caption-text\">Outil d&rsquo;aide \u00e0 la construction de sc\u00e9nario en \u00e9quipe<\/p><\/div><\/td>\n<\/tr>\n<\/tbody>\n<\/table>\n<p>&nbsp;<\/p>\n<p style=\"text-align: center\"><span style=\"font-size: 12pt\"><strong>Sujet 0<\/strong><\/span><\/p>\n<table style=\"height: 101px\" width=\"636\">\n<tbody>\n<tr>\n<td style=\"width: 624px;text-align: center\">\n<p><div id=\"attachment_1720\" style=\"width: 160px\" class=\"wp-caption aligncenter\"><a href=\"https:\/\/ent2d.ac-bordeaux.fr\/disciplines\/commerce-vente\/wp-content\/uploads\/sites\/15\/2020\/04\/Sujet-\u00e0-BMA.docx\" target=\"_blank\" rel=\"noopener noreferrer\"><img loading=\"lazy\" decoding=\"async\" aria-describedby=\"caption-attachment-1720\" class=\"wp-image-1720 size-thumbnail\" src=\"https:\/\/ent2d.ac-bordeaux.fr\/disciplines\/commerce-vente\/wp-content\/uploads\/sites\/15\/2020\/04\/1200px-Microsoft_Office_Word_2018\u2013present.svg-150x150.png\" alt=\"\" width=\"150\" height=\"150\" \/><\/a><p id=\"caption-attachment-1720\" class=\"wp-caption-text\">Sujet 0 du BCP MA<\/p><\/div><\/td>\n<\/tr>\n<\/tbody>\n<\/table>\n<p style=\"text-align: center\"><span style=\"font-size: 12pt\"><strong>L&rsquo;enseignement spiralaire<\/strong><\/span><\/p>\n<table style=\"height: 58px\" width=\"636\">\n<tbody>\n<tr>\n<td style=\"width: 624px;text-align: center\" colspan=\"3\">\n<div id=\"attachment_1719\" style=\"width: 160px\" class=\"wp-caption aligncenter\"><a href=\"https:\/\/ent2d.ac-bordeaux.fr\/disciplines\/commerce-vente\/wp-content\/uploads\/sites\/15\/2021\/05\/Ex-spiralaire-bcp_mcv_et_bcp_ma_du_251120201.pptx\"><img loading=\"lazy\" decoding=\"async\" aria-describedby=\"caption-attachment-1719\" class=\"wp-image-1719 size-thumbnail\" src=\"https:\/\/ent2d.ac-bordeaux.fr\/disciplines\/commerce-vente\/wp-content\/uploads\/sites\/15\/2020\/04\/1200px-Microsoft_Office_PowerPoint_2018\u2013present.svg-150x150.png\" alt=\"\" width=\"150\" height=\"150\" \/><\/a><p id=\"caption-attachment-1719\" class=\"wp-caption-text\">Diaporama de pr\u00e9sentation de l&rsquo;enseignement spiralaire<\/p><\/div>\n<div class=\"mceTemp\"><\/div>\n<\/td>\n<\/tr>\n<\/tbody>\n<\/table>\n<p style=\"text-align: center\"><span style=\"font-size: 12pt\"><strong>Le livret scolaire<\/strong><\/span><\/p>\n<table style=\"height: 104px\" width=\"637\">\n<tbody>\n<tr>\n<td style=\"width: 201px;text-align: center\">\n<p><div id=\"attachment_1721\" style=\"width: 160px\" class=\"wp-caption aligncenter\"><a href=\"https:\/\/ent2d.ac-bordeaux.fr\/disciplines\/commerce-vente\/wp-content\/uploads\/sites\/15\/2021\/05\/Annexe-courrier-extension-du-LSL-a\u0300-la-voie-professionn-elle.pdf\" target=\"_blank\" rel=\"noopener noreferrer\"><img loading=\"lazy\" decoding=\"async\" aria-describedby=\"caption-attachment-1721\" class=\"wp-image-1721 size-thumbnail\" src=\"https:\/\/ent2d.ac-bordeaux.fr\/disciplines\/commerce-vente\/wp-content\/uploads\/sites\/15\/2020\/04\/1200px-PDF_file_icon.svg-150x150.png\" alt=\"\" width=\"150\" height=\"150\" \/><\/a><p id=\"caption-attachment-1721\" class=\"wp-caption-text\">Lettre d&rsquo;accompagnement pour le d\u00e9ploiement du livret scolaire<\/p><\/div><\/td>\n<td style=\"width: 201px;text-align: center\">\n<p><div id=\"attachment_1721\" style=\"width: 160px\" class=\"wp-caption aligncenter\"><a href=\"https:\/\/ent2d.ac-bordeaux.fr\/disciplines\/commerce-vente\/wp-content\/uploads\/sites\/15\/2021\/05\/competences-pour-LSL.pdf\" target=\"_blank\" rel=\"noopener noreferrer\"><img loading=\"lazy\" decoding=\"async\" aria-describedby=\"caption-attachment-1721\" class=\"wp-image-1721 size-thumbnail\" src=\"https:\/\/ent2d.ac-bordeaux.fr\/disciplines\/commerce-vente\/wp-content\/uploads\/sites\/15\/2020\/04\/1200px-PDF_file_icon.svg-150x150.png\" alt=\"\" width=\"150\" height=\"150\" \/><\/a><p id=\"caption-attachment-1721\" class=\"wp-caption-text\">Ensemble des comp\u00e9tences \u00e9valu\u00e9es dans le livret selon les Bac Pro (MA page 36)<\/p><\/div><\/td>\n<td style=\"width: 201px;text-align: center\">\n<p><div id=\"attachment_1721\" style=\"width: 160px\" class=\"wp-caption aligncenter\"><a href=\"https:\/\/ent2d.ac-bordeaux.fr\/disciplines\/commerce-vente\/wp-content\/uploads\/sites\/15\/2021\/05\/LIVRET-BAC-PRO-2022.pdf\" target=\"_blank\" rel=\"noopener noreferrer\"><img loading=\"lazy\" decoding=\"async\" aria-describedby=\"caption-attachment-1721\" class=\"wp-image-1721 size-thumbnail\" src=\"https:\/\/ent2d.ac-bordeaux.fr\/disciplines\/commerce-vente\/wp-content\/uploads\/sites\/15\/2020\/04\/1200px-PDF_file_icon.svg-150x150.png\" alt=\"\" width=\"150\" height=\"150\" \/><\/a><p id=\"caption-attachment-1721\" class=\"wp-caption-text\">Mod\u00e8le du livret scolaire Bac Pro<\/p><\/div><\/td>\n<\/tr>\n<\/tbody>\n<\/table>\n<p style=\"text-align: center\"><span style=\"font-size: 12pt\"><strong>L&rsquo;\u00e9valuation par comp\u00e9tence et les travaux professionnels<\/strong><\/span><\/p>\n<table width=\"637\">\n<tbody>\n<tr>\n<td>\n<p><div id=\"attachment_1718\" style=\"width: 160px\" class=\"wp-caption aligncenter\"><a href=\"https:\/\/ent2d.ac-bordeaux.fr\/disciplines\/commerce-vente\/wp-content\/uploads\/sites\/15\/2021\/05\/liste-comp\u00e9tences.xlsx\" target=\"_blank\" rel=\"noopener noreferrer\"><img loading=\"lazy\" decoding=\"async\" aria-describedby=\"caption-attachment-1718\" class=\"wp-image-1718 size-thumbnail\" src=\"https:\/\/ent2d.ac-bordeaux.fr\/disciplines\/commerce-vente\/wp-content\/uploads\/sites\/15\/2020\/04\/1200px-Microsoft_Office_Excel_2018\u2013present.svg-150x150.png\" alt=\"\" width=\"150\" height=\"150\" \/><\/a><p id=\"caption-attachment-1718\" class=\"wp-caption-text\">Fichier des comp\u00e9tences de nos formations (MA MCV A et B et CAP EPC)<\/p><\/div><\/td>\n<td>\n<p><div id=\"attachment_1718\" style=\"width: 160px\" class=\"wp-caption aligncenter\"><a href=\"https:\/\/ent2d.ac-bordeaux.fr\/disciplines\/commerce-vente\/wp-content\/uploads\/sites\/15\/2021\/05\/Livret-suivi-MA1.xlsx\" target=\"_blank\" rel=\"noopener noreferrer\"><img loading=\"lazy\" decoding=\"async\" aria-describedby=\"caption-attachment-1718\" class=\"wp-image-1718 size-thumbnail\" src=\"https:\/\/ent2d.ac-bordeaux.fr\/disciplines\/commerce-vente\/wp-content\/uploads\/sites\/15\/2020\/04\/1200px-Microsoft_Office_Excel_2018\u2013present.svg-150x150.png\" alt=\"\" width=\"150\" height=\"150\" \/><\/a><p id=\"caption-attachment-1718\" class=\"wp-caption-text\">Livret de suivi des comp\u00e9tences par classe<\/p><\/div><\/td>\n<\/tr>\n<tr>\n<td>\n<p><div id=\"attachment_1718\" style=\"width: 160px\" class=\"wp-caption aligncenter\"><a href=\"https:\/\/ent2d.ac-bordeaux.fr\/disciplines\/commerce-vente\/matrice-positionnement-travaux-professionnels-ma-e32\/\" target=\"_blank\" rel=\"noopener noreferrer\"><img loading=\"lazy\" decoding=\"async\" aria-describedby=\"caption-attachment-1718\" class=\"wp-image-1718 size-thumbnail\" src=\"https:\/\/ent2d.ac-bordeaux.fr\/disciplines\/commerce-vente\/wp-content\/uploads\/sites\/15\/2020\/04\/1200px-Microsoft_Office_Excel_2018\u2013present.svg-150x150.png\" alt=\"\" width=\"150\" height=\"150\" \/><\/a><p id=\"caption-attachment-1718\" class=\"wp-caption-text\">Matrice de suivi des comp\u00e9tences E32<\/p><\/div><\/td>\n<td>\n<p><div id=\"attachment_1718\" style=\"width: 160px\" class=\"wp-caption aligncenter\"><a href=\"https:\/\/ent2d.ac-bordeaux.fr\/disciplines\/commerce-vente\/wp-content\/uploads\/sites\/15\/2021\/05\/MCV-Blocs-1-2-3-Suivi-Comp\u00e9tences-classe-X-P\u00e9riode-Y-MAJ-21-01-31.xlsx\" target=\"_blank\" rel=\"noopener noreferrer\"><img loading=\"lazy\" decoding=\"async\" aria-describedby=\"caption-attachment-1718\" class=\"wp-image-1718 size-thumbnail\" src=\"https:\/\/ent2d.ac-bordeaux.fr\/disciplines\/commerce-vente\/wp-content\/uploads\/sites\/15\/2020\/04\/1200px-Microsoft_Office_Excel_2018\u2013present.svg-150x150.png\" alt=\"\" width=\"150\" height=\"150\" \/><\/a><p id=\"caption-attachment-1718\" class=\"wp-caption-text\">Outil d&rsquo;\u00e9valuation sous format Excel (pour ceux ne disposant pas d&rsquo;un outil permettant de mettre une telle \u00e9valuation en place)<\/p><\/div><\/td>\n<\/tr>\n<tr>\n<td>\n<div class=\"mceTemp\" style=\"text-align: center\"><\/div>\n<p><div id=\"attachment_1718\" style=\"width: 160px\" class=\"wp-caption aligncenter\"><a href=\"https:\/\/ent2d.ac-bordeaux.fr\/disciplines\/commerce-vente\/wp-content\/uploads\/sites\/15\/2023\/09\/Matrice-positionnement-travaux-professionnels-MA-E311.xlsx\"><img loading=\"lazy\" decoding=\"async\" aria-describedby=\"caption-attachment-1718\" class=\"wp-image-1718 size-thumbnail\" src=\"https:\/\/ent2d.ac-bordeaux.fr\/disciplines\/commerce-vente\/wp-content\/uploads\/sites\/15\/2020\/04\/1200px-Microsoft_Office_Excel_2018\u2013present.svg-150x150.png\" alt=\"\" width=\"150\" height=\"150\" \/><\/a><p id=\"caption-attachment-1718\" class=\"wp-caption-text\">Matrice de suivi des comp\u00e9tences E31<\/p><\/div><\/td>\n<td>\n<div class=\"mceTemp\"><\/div>\n<\/td>\n<\/tr>\n<\/tbody>\n<\/table>\n<p>&nbsp;<\/p>\n<p>&nbsp;<\/p>\n","protected":false},"excerpt":{"rendered":"<p>Le BCP (Baccalaur\u00e9at Professionnel) M\u00e9tiers de l&rsquo;Accueil se d\u00e9roule, sauf cas particuliers, en deux ans apr\u00e8s une seconde FMRC. L&rsquo;ensemble des informations de cette page concerne donc les classes de premi\u00e8re et de terminale. &nbsp; Pr\u00e9sentation du baccalaur\u00e9at &nbsp; Documents Officiels &nbsp; Propositions d&rsquo;outils &nbsp; Sujet 0 L&rsquo;enseignement spiralaire Le livret scolaire L&rsquo;\u00e9valuation par comp\u00e9tence &hellip; <\/p>\n<p><a class=\"more-link block-button\" href=\"https:\/\/ent2d.ac-bordeaux.fr\/disciplines\/commerce-vente\/renovation-de-nos-formations-tout-sur-la-renovation-des-baccalaureats-et-des-cap-dans-nos-filieres\/le-baccalaureat-professionnel-metiers-de-laccueil\/\">Lire la Suite &raquo;<\/a><\/p>\n","protected":false},"author":51,"featured_media":0,"parent":1710,"menu_order":3,"comment_status":"closed","ping_status":"closed","template":"","meta":{"_bbp_topic_count":0,"_bbp_reply_count":0,"_bbp_total_topic_count":0,"_bbp_total_reply_count":0,"_bbp_voice_count":0,"_bbp_anonymous_reply_count":0,"_bbp_topic_count_hidden":0,"_bbp_reply_count_hidden":0,"_bbp_forum_subforum_count":0,"footnotes":""},"class_list":["post-1736","page","type-page","status-publish","hentry","nodate"],"_links":{"self":[{"href":"https:\/\/ent2d.ac-bordeaux.fr\/disciplines\/commerce-vente\/wp-json\/wp\/v2\/pages\/1736","targetHints":{"allow":["GET"]}}],"collection":[{"href":"https:\/\/ent2d.ac-bordeaux.fr\/disciplines\/commerce-vente\/wp-json\/wp\/v2\/pages"}],"about":[{"href":"https:\/\/ent2d.ac-bordeaux.fr\/disciplines\/commerce-vente\/wp-json\/wp\/v2\/types\/page"}],"author":[{"embeddable":true,"href":"https:\/\/ent2d.ac-bordeaux.fr\/disciplines\/commerce-vente\/wp-json\/wp\/v2\/users\/51"}],"replies":[{"embeddable":true,"href":"https:\/\/ent2d.ac-bordeaux.fr\/disciplines\/commerce-vente\/wp-json\/wp\/v2\/comments?post=1736"}],"version-history":[{"count":13,"href":"https:\/\/ent2d.ac-bordeaux.fr\/disciplines\/commerce-vente\/wp-json\/wp\/v2\/pages\/1736\/revisions"}],"predecessor-version":[{"id":3221,"href":"https:\/\/ent2d.ac-bordeaux.fr\/disciplines\/commerce-vente\/wp-json\/wp\/v2\/pages\/1736\/revisions\/3221"}],"up":[{"embeddable":true,"href":"https:\/\/ent2d.ac-bordeaux.fr\/disciplines\/commerce-vente\/wp-json\/wp\/v2\/pages\/1710"}],"wp:attachment":[{"href":"https:\/\/ent2d.ac-bordeaux.fr\/disciplines\/commerce-vente\/wp-json\/wp\/v2\/media?parent=1736"}],"curies":[{"name":"wp","href":"https:\/\/api.w.org\/{rel}","templated":true}]}}