{"id":170,"date":"2017-05-08T14:56:32","date_gmt":"2017-05-08T12:56:32","guid":{"rendered":"https:\/\/ent2d.ac-bordeaux.fr\/disciplines\/commerce-vente\/?page_id=170"},"modified":"2017-06-06T19:19:20","modified_gmt":"2017-06-06T17:19:20","slug":"pfmp-periode-de-formation-en-milieu-professionnel","status":"publish","type":"page","link":"https:\/\/ent2d.ac-bordeaux.fr\/disciplines\/commerce-vente\/pfmp-periode-de-formation-en-milieu-professionnel\/","title":{"rendered":"PFMP (P\u00e9riode de Formation en Milieu Professionnel)"},"content":{"rendered":"<p>La p\u00e9riode de formation en milieu professionnel, autrement nomm\u00e9e stage, est une p\u00e9riode obligatoire et sp\u00e9cifique de toute formation professionnelle.<\/p>\n<p>Cette formation est clairement d\u00e9finie dans le r\u00e9f\u00e9rentiel de chaque formation. L&rsquo;\u00e9l\u00e8ve ne peut s&rsquo;y soustraire que dans certains cas particuliers que nous aborderons plus bas. Cette p\u00e9riode est d\u00e9finie dans\u00a0<a class=\"lien_externe\" href=\"https:\/\/www.legifrance.gouv.fr\/affichCodeArticle.do?cidTexte=LEGITEXT000006071191&amp;idArticle=LEGIARTI000029233449\">article L. 124-1 du code de l&rsquo;\u00e9ducation<\/a>. Le site <a href=\"http:\/\/eduscol.education.fr\/cid47128\/pfmp.html\">EDUSCOL<\/a> la pr\u00e9sente ainsi :<\/p>\n<blockquote><p>Les p\u00e9riodes de formation en milieu professionnel font partie int\u00e9grante de la formation\u00a0: elles sont des occasions privil\u00e9gi\u00e9es de pr\u00e9ciser le <strong>projet professionnel des \u00e9l\u00e8ves<\/strong> et elles sont un facteur d\u00e9terminant de son <strong>insertion professionnelle<\/strong>.<\/p>\n<p>L&rsquo;int\u00e9r\u00eat et l&rsquo;efficacit\u00e9 des p\u00e9riodes de formation en milieu professionnel impliquent que les \u00e9quipes p\u00e9dagogiques mettent en place un <strong>accompagnement des \u00e9l\u00e8ves, incluant la pr\u00e9paration, le suivi et l&rsquo;utilisation p\u00e9dagogique de ces p\u00e9riodes.<\/strong><\/p><\/blockquote>\n<p>&nbsp;<\/p>\n<p>Dans les fili\u00e8res vente, la recherche de PFMP est encadr\u00e9e par les enseignants qui mettent \u00e0 disposition des \u00e9l\u00e8ves des ressources et des outils afin d&rsquo;optimiser la r\u00e9ussite de cette op\u00e9ration. Toutefois il est important que l&rsquo;\u00e9l\u00e8ve s&rsquo;investisse r\u00e9ellement dans cette recherche qui va lui apporter une premi\u00e8re exp\u00e9rience de confrontation avec le monde professionnel.<\/p>\n<p>En cas de difficult\u00e9 pour l&rsquo;\u00e9l\u00e8ve dans sa recherche de PFMP, le BO du 25 Juin 200 indique :<\/p>\n<p>&nbsp;<\/p>\n<blockquote>\n<div><strong>A.1 La recherche des entreprises d&rsquo;accueil<\/strong><\/div>\n<div>L&rsquo;\u00e9tablissement doit trouver pour chaque \u00e9l\u00e8ve un lieu d&rsquo;accueil pour les p\u00e9riodes en entreprise. La recherche et le choix de l&rsquo;entreprise rel\u00e8vent de l&rsquo;\u00e9quipe p\u00e9dagogique qui doit prendre en charge les<\/div>\n<div>contacts n\u00e9cessaires. Sous la responsabilit\u00e9 des enseignants, les \u00e9l\u00e8ves peuvent contribuer \u00e0 cette<\/div>\n<div>recherche. L&rsquo;\u00e9quipe p\u00e9dagogique veillera particuli\u00e8rement \u00e0 prot\u00e9ger les \u00e9l\u00e8ves d&rsquo;\u00e9ventuelles pratiques<\/div>\n<div>discriminatoires \u00e0 l&rsquo;entr\u00e9e des p\u00e9riodes en entreprise.<\/div>\n<\/blockquote>\n<div><\/div>\n<p>Chaque PFMP effectu\u00e9e permet \u00e0 l&rsquo;\u00e9l\u00e8ve d&rsquo;acqu\u00e9rir certaines comp\u00e9tences en lien direct avec le dipl\u00f4me qu&rsquo;il pr\u00e9pare. Ce temps pass\u00e9 dans le milieu professionnel est l&rsquo;occasion de mettre en pratique des notions vue dans l&rsquo;\u00e9tablissement scolaire mais aussi d&rsquo;acqu\u00e9rir une exp\u00e9rience et des comp\u00e9tences qui ne pourraient \u00eatres acquises dans le lyc\u00e9e.<\/p>\n<p>C&rsquo;est essentiellement pour cette raison que ces p\u00e9riodes sont obligatoires et \u00e9troitement li\u00e9es \u00e0 l&rsquo;acquisition du dipl\u00f4me.<\/p>\n<p>&nbsp;<\/p>\n<p><strong>Dipl\u00f4me et PFMP :<\/strong><\/p>\n<p><strong>En CAP (ECMS ou EVS s\u00e9rie A, B, C et D)<\/strong> la dur\u00e9e totale, sur les 2 ans, des PFMP est de 16 semaines. 8 semaines en premi\u00e8re ann\u00e9e et 8 semaines en seconde ann\u00e9e. Le positionnement et la dur\u00e9e de ses p\u00e9riode, en dehors de ce cadre l\u00e9gal, est laiss\u00e9 \u00e0 l&rsquo;initiative des \u00e9tablissements.<\/p>\n<p>G\u00e9n\u00e9ralement les p\u00e9riodes sont de 4 semaines. Certains \u00e9tablissements ont un d\u00e9coupage diff\u00e9rents mais il est toutefois conseill\u00e9, par souci de coh\u00e9rence, de ne pas proposer de p\u00e9riode inf\u00e9rieure \u00e0 3 semaine \u00e0 l&rsquo;exception de la premi\u00e8re p\u00e9riode qui peut \u00eatre utilis\u00e9e comme une p\u00e9riode de d\u00e9couverte ou d&rsquo;int\u00e9gration et peut donc \u00eatre plus courte.<\/p>\n<p><strong>En baccalaur\u00e9at professionnel (ARCU, Commerce, Vente)<\/strong> la dur\u00e9e totale sur <span style=\"color: #ff0000\">les 3 ann\u00e9es <span style=\"color: #000000\">est de 22 semaines, incluant les six semaines n\u00e9cessaires \u00e0 la validation du dipl\u00f4me de niveau V (la certification interm\u00e9diaire). Elle est g\u00e9n\u00e9ralement d\u00e9coup\u00e9e en 6 p\u00e9riodes. 2 p\u00e9riodes de 3 semaines en seconde, 2 p\u00e9riodes de 4 semaines en premi\u00e8re et 2 p\u00e9riodes de 4 semaines en terminale. Comme pour le CAP, l&rsquo;\u00e9tablissement peut red\u00e9finir ce d\u00e9coupage (pour des raisons p\u00e9dagogiques, voire pratiques) dans la mesure ou le volume indiqu\u00e9 dans le r\u00e9f\u00e9rentiel est respect\u00e9 et ou les p\u00e9riodes ne sont pas inf\u00e9rieures \u00e0 3 semaines (pr\u00e9conisation du corps d&rsquo;inspection \u00e9co-gestion vente).<\/span><\/span><\/p>\n<p>&nbsp;<\/p>\n<p><strong>PFMP incompl\u00e8tes et rupture de PFMP :<\/strong><\/p>\n<p>Dans certains cas particuliers, un \u00e9l\u00e8ve peut arriver au terme de sa formation sans avoir accompli la totalit\u00e9 des PFMP requises. A priori il ne peut donc obtenir le dipl\u00f4me qui est obligatoirement li\u00e9 \u00e0 l&rsquo;accomplissement de ces p\u00e9riodes. Deux cas peuvent se pr\u00e9senter :<\/p>\n<p>1- L&rsquo;\u00e9l\u00e8ve est arriv\u00e9 en cours de formation (passerelle) et n&rsquo;a donc pas pu effectuer les PFMP ant\u00e9rieure \u00e0 son arriv\u00e9e :<\/p>\n<p>Chaque \u00e9l\u00e8ve dans cette situation doit \u00eatre l&rsquo;objet d&rsquo;un positionnement (concr\u00e9tis\u00e9 par l&rsquo;\u00e9laboration d&rsquo;une fiche de positionnement), \u00e9tabli par l&rsquo;\u00e9quipe p\u00e9dagogique et\/ou la personne comp\u00e9tente dans son nouvel \u00e9tablissement. Ce positionnement va exempter totalement ou partiellement l&rsquo;\u00e9l\u00e8ve de l&rsquo;obligation de rattraper les PFMP manqu\u00e9es avant son arriv\u00e9e dans la formation.<\/p>\n<p>2- Le l&rsquo;\u00e9l\u00e8ve a suivi l&rsquo;int\u00e9gralit\u00e9 du cursus mais n&rsquo;a pas effectu\u00e9 l&rsquo;int\u00e9gralit\u00e9 de ses PFMP (rupture en cours de stage, absence justifi\u00e9e ou non, difficult\u00e9 \u00e0 trouver une entreprise d&rsquo;accueil, etc&#8230;) :<\/p>\n<p>Chaque \u00e9l\u00e8ve dans cette situation doit compl\u00e9ter (ou faire compl\u00e9ter par les parents, les enseignants,&#8230;) une demande de d\u00e9rogation. Cette demande sera vis\u00e9e par l&rsquo;\u00e9quipe p\u00e9dagogique qui peut donner son avis sur la validit\u00e9 de cette demande et motiver cet avis. Cette d\u00e9rogation est soumise au Recteur de l&rsquo;acad\u00e9mie de Bordeaux qui peut accepter ou refuser. En cas de refus, le dipl\u00f4me ne peut \u00eatre d\u00e9livr\u00e9 et ce quelques soient les r\u00e9sultats obtenus par l&rsquo;\u00e9l\u00e8ve.<\/p>\n<p>&nbsp;<\/p>\n<p><strong>PFMP et entreprises d&rsquo;accueil :<\/strong><\/p>\n<p>A chaque dipl\u00f4me son entreprise d&rsquo;accueil. Selon si l&rsquo;\u00e9l\u00e8ve est inscrit dans une formation ou une autre, il doit \u00eatre attentif aux pr\u00e9conisations de ses enseignants dans le choix de l&rsquo;entreprise qui va l&rsquo;accueillir.<\/p>\n<p>Une PFMP valid\u00e9e pour un CAP ne conviendra pas forc\u00e9ment pour un BAC pro. De m\u00eame, un lieu d&rsquo;accueil id\u00e9al pour un Bac pro Commerce ne pourra pas n\u00e9cessairement accueillir un \u00e9l\u00e8ve en Bac pro Vente ou ARCU.<\/p>\n<p>Le fait de trouver une entreprise inadapt\u00e9e \u00e0 la formation ne permettra pas \u00e0 l&rsquo;\u00e9l\u00e8ve d&rsquo;\u00eatre objectivement \u00e9valu\u00e9 ce qui, lors d&rsquo;une \u00e9valuation certificative, est fortement p\u00e9nalisant. C&rsquo;est la raison pour laquelle une convention ne peut \u00eatre accept\u00e9e et valide sans l&rsquo;accord du professeur r\u00e9f\u00e9rent (qui doit attester la validit\u00e9 de l&rsquo;entreprise concern\u00e9e pour le dipl\u00f4me poursuivi).<\/p>\n<p>&nbsp;<\/p>\n<p><strong>Quelques sites internet pouvant aider \u00e0 la recherche des PFMP :<\/strong><\/p>\n<p><a href=\"http:\/\/www.onisep.fr\/Cap-vers-l-emploi\/Stages-en-entreprises\/Trouver-un-stage-en-entreprise\/Rechercher-un-stage-de-3e-mode-d-emploi\"><img loading=\"lazy\" decoding=\"async\" class=\"aligncenter wp-image-291 size-medium\" src=\"https:\/\/ent2d.ac-bordeaux.fr\/disciplines\/commerce-vente\/wp-content\/uploads\/sites\/15\/2017\/05\/ONISEP-300x65.png\" alt=\"\" width=\"300\" height=\"65\" srcset=\"https:\/\/ent2d.ac-bordeaux.fr\/disciplines\/commerce-vente\/wp-content\/uploads\/sites\/15\/2017\/05\/ONISEP-300x65.png 300w, https:\/\/ent2d.ac-bordeaux.fr\/disciplines\/commerce-vente\/wp-content\/uploads\/sites\/15\/2017\/05\/ONISEP.png 363w\" sizes=\"auto, (max-width: 300px) 100vw, 300px\" \/><\/a><\/p>\n<p><a href=\"https:\/\/www.aidostage.com\/stage\" target=\"_blank\"><img loading=\"lazy\" decoding=\"async\" class=\"aligncenter wp-image-292\" src=\"https:\/\/ent2d.ac-bordeaux.fr\/disciplines\/commerce-vente\/wp-content\/uploads\/sites\/15\/2017\/05\/Aide-o-stage-300x54.png\" alt=\"\" width=\"300\" height=\"54\" srcset=\"https:\/\/ent2d.ac-bordeaux.fr\/disciplines\/commerce-vente\/wp-content\/uploads\/sites\/15\/2017\/05\/Aide-o-stage-300x54.png 300w, https:\/\/ent2d.ac-bordeaux.fr\/disciplines\/commerce-vente\/wp-content\/uploads\/sites\/15\/2017\/05\/Aide-o-stage.png 355w\" sizes=\"auto, (max-width: 300px) 100vw, 300px\" \/><\/a><\/p>\n<p><a href=\"http:\/\/www.kapstages.com\/recherche\/stage\" target=\"_blank\"><img loading=\"lazy\" decoding=\"async\" class=\"aligncenter wp-image-293\" src=\"https:\/\/ent2d.ac-bordeaux.fr\/disciplines\/commerce-vente\/wp-content\/uploads\/sites\/15\/2017\/05\/Kapstage.png\" alt=\"\" width=\"300\" height=\"68\" \/><\/a><\/p>\n<p>&nbsp;<\/p>\n<p>&nbsp;<\/p>\n<p>&nbsp;<\/p>\n<p>&nbsp;<\/p>\n","protected":false},"excerpt":{"rendered":"<p>La p\u00e9riode de formation en milieu professionnel, autrement nomm\u00e9e stage, est une p\u00e9riode obligatoire et sp\u00e9cifique de toute formation professionnelle. Cette formation est clairement d\u00e9finie dans le r\u00e9f\u00e9rentiel de chaque formation. L&rsquo;\u00e9l\u00e8ve ne peut s&rsquo;y soustraire que dans certains cas particuliers que nous aborderons plus bas. Cette p\u00e9riode est d\u00e9finie dans\u00a0article L. 124-1 du code &hellip; <\/p>\n<p><a class=\"more-link block-button\" href=\"https:\/\/ent2d.ac-bordeaux.fr\/disciplines\/commerce-vente\/pfmp-periode-de-formation-en-milieu-professionnel\/\">Lire la Suite &raquo;<\/a><\/p>\n","protected":false},"author":51,"featured_media":0,"parent":0,"menu_order":0,"comment_status":"closed","ping_status":"closed","template":"","meta":{"_bbp_topic_count":0,"_bbp_reply_count":0,"_bbp_total_topic_count":0,"_bbp_total_reply_count":0,"_bbp_voice_count":0,"_bbp_anonymous_reply_count":0,"_bbp_topic_count_hidden":0,"_bbp_reply_count_hidden":0,"_bbp_forum_subforum_count":0,"footnotes":""},"class_list":["post-170","page","type-page","status-publish","hentry","nodate"],"_links":{"self":[{"href":"https:\/\/ent2d.ac-bordeaux.fr\/disciplines\/commerce-vente\/wp-json\/wp\/v2\/pages\/170","targetHints":{"allow":["GET"]}}],"collection":[{"href":"https:\/\/ent2d.ac-bordeaux.fr\/disciplines\/commerce-vente\/wp-json\/wp\/v2\/pages"}],"about":[{"href":"https:\/\/ent2d.ac-bordeaux.fr\/disciplines\/commerce-vente\/wp-json\/wp\/v2\/types\/page"}],"author":[{"embeddable":true,"href":"https:\/\/ent2d.ac-bordeaux.fr\/disciplines\/commerce-vente\/wp-json\/wp\/v2\/users\/51"}],"replies":[{"embeddable":true,"href":"https:\/\/ent2d.ac-bordeaux.fr\/disciplines\/commerce-vente\/wp-json\/wp\/v2\/comments?post=170"}],"version-history":[{"count":10,"href":"https:\/\/ent2d.ac-bordeaux.fr\/disciplines\/commerce-vente\/wp-json\/wp\/v2\/pages\/170\/revisions"}],"predecessor-version":[{"id":295,"href":"https:\/\/ent2d.ac-bordeaux.fr\/disciplines\/commerce-vente\/wp-json\/wp\/v2\/pages\/170\/revisions\/295"}],"wp:attachment":[{"href":"https:\/\/ent2d.ac-bordeaux.fr\/disciplines\/commerce-vente\/wp-json\/wp\/v2\/media?parent=170"}],"curies":[{"name":"wp","href":"https:\/\/api.w.org\/{rel}","templated":true}]}}