{"id":162,"date":"2017-05-08T14:41:29","date_gmt":"2017-05-08T12:41:29","guid":{"rendered":"https:\/\/ent2d.ac-bordeaux.fr\/disciplines\/commerce-vente\/?page_id=162"},"modified":"2020-09-06T18:32:33","modified_gmt":"2020-09-06T16:32:33","slug":"outils-et-ressources-lies-a-nos-pratiques","status":"publish","type":"page","link":"https:\/\/ent2d.ac-bordeaux.fr\/disciplines\/commerce-vente\/outils-et-ressources-lies-a-nos-pratiques\/","title":{"rendered":"Outils et ressources li\u00e9s \u00e0 nos pratiques"},"content":{"rendered":"<p>Les dossiers ci-dessous vous donneront acc\u00e8s \u00e0 des outils ou des supports pr\u00e9conis\u00e9s par notre corps d\u2019inspection et qui ont un impact direct sur nos pratiques :<\/p>\n<div id=\"attachment_163\" style=\"width: 251px\" class=\"wp-caption aligncenter\"><img loading=\"lazy\" decoding=\"async\" aria-describedby=\"caption-attachment-163\" class=\"wp-image-163\" title=\"Le labo vente commerce\" src=\"https:\/\/ent2d.ac-bordeaux.fr\/disciplines\/commerce-vente\/wp-content\/uploads\/sites\/15\/2017\/05\/drive-300x300.png\" alt=\"\" width=\"241\" height=\"241\" srcset=\"https:\/\/ent2d.ac-bordeaux.fr\/disciplines\/commerce-vente\/wp-content\/uploads\/sites\/15\/2017\/05\/drive-300x300.png 300w, https:\/\/ent2d.ac-bordeaux.fr\/disciplines\/commerce-vente\/wp-content\/uploads\/sites\/15\/2017\/05\/drive-150x150.png 150w, https:\/\/ent2d.ac-bordeaux.fr\/disciplines\/commerce-vente\/wp-content\/uploads\/sites\/15\/2017\/05\/drive.png 512w\" sizes=\"auto, (max-width: 241px) 100vw, 241px\" \/><p id=\"caption-attachment-163\" class=\"wp-caption-text\"><a href=\"https:\/\/drive.google.com\/drive\/folders\/0B1KQoFlvk90iVUtmSV9na3BVck0?usp=sharing\">Le plateau technique vente\/commerce<\/a><\/p><\/div>\n<p>&nbsp;<\/p>\n<p>Vous trouverez ci-dessous une proposition de livret pour le suivi des stages des CAP EVS (\u00e0 adapter \u00e0 votre \u00e9tablissement et vos exigences)<\/p>\n<p><a href=\"\/\/ent2d.ac-bordeaux.fr\/disciplines\/commerce-vente\/wp-content\/uploads\/sites\/15\/2019\/06\/LIVRET-PFE-CAP-EVS-A.doc\">LIVRET PFE CAP EVS A<\/a><\/p>\n<p>Vous trouverez ci-dessous un diaporama tr\u00e8s synth\u00e9tique et tr\u00e8s complet afin de bien comprendre comment fonctionne le bac pro r\u00e9nov\u00e9 Bac pro M\u00e9tiers du Commerce et de la Vente<\/p>\n<p><a href=\"https:\/\/ent2d.ac-bordeaux.fr\/disciplines\/commerce-vente\/wp-content\/uploads\/sites\/15\/2019\/06\/METIERS_COMMERCE_VENTE.pptx\" target=\"_blank\" rel=\"noopener noreferrer\"><img loading=\"lazy\" decoding=\"async\" class=\"aligncenter wp-image-1239 size-medium\" src=\"https:\/\/ent2d.ac-bordeaux.fr\/disciplines\/commerce-vente\/wp-content\/uploads\/sites\/15\/2019\/06\/0091-300x169.png\" alt=\"\" width=\"300\" height=\"169\" \/><\/a><\/p>\n<p><strong>Un grand merci \u00e0 Patrick GREGOIRE<\/strong> , du Lyc\u00e9e de l&rsquo;Oustal, qui nous a communiqu\u00e9 cette ressource.<\/p>\n<p>&nbsp;<\/p>\n","protected":false},"excerpt":{"rendered":"<p>Les dossiers ci-dessous vous donneront acc\u00e8s \u00e0 des outils ou des supports pr\u00e9conis\u00e9s par notre corps d\u2019inspection et qui ont un impact direct sur nos pratiques : &nbsp; Vous trouverez ci-dessous une proposition de livret pour le suivi des stages des CAP EVS (\u00e0 adapter \u00e0 votre \u00e9tablissement et vos exigences) LIVRET PFE CAP EVS &hellip; <\/p>\n<p><a class=\"more-link block-button\" href=\"https:\/\/ent2d.ac-bordeaux.fr\/disciplines\/commerce-vente\/outils-et-ressources-lies-a-nos-pratiques\/\">Lire la Suite &raquo;<\/a><\/p>\n","protected":false},"author":51,"featured_media":0,"parent":0,"menu_order":0,"comment_status":"closed","ping_status":"closed","template":"","meta":{"_bbp_topic_count":0,"_bbp_reply_count":0,"_bbp_total_topic_count":0,"_bbp_total_reply_count":0,"_bbp_voice_count":0,"_bbp_anonymous_reply_count":0,"_bbp_topic_count_hidden":0,"_bbp_reply_count_hidden":0,"_bbp_forum_subforum_count":0,"footnotes":""},"class_list":["post-162","page","type-page","status-publish","hentry","nodate"],"_links":{"self":[{"href":"https:\/\/ent2d.ac-bordeaux.fr\/disciplines\/commerce-vente\/wp-json\/wp\/v2\/pages\/162","targetHints":{"allow":["GET"]}}],"collection":[{"href":"https:\/\/ent2d.ac-bordeaux.fr\/disciplines\/commerce-vente\/wp-json\/wp\/v2\/pages"}],"about":[{"href":"https:\/\/ent2d.ac-bordeaux.fr\/disciplines\/commerce-vente\/wp-json\/wp\/v2\/types\/page"}],"author":[{"embeddable":true,"href":"https:\/\/ent2d.ac-bordeaux.fr\/disciplines\/commerce-vente\/wp-json\/wp\/v2\/users\/51"}],"replies":[{"embeddable":true,"href":"https:\/\/ent2d.ac-bordeaux.fr\/disciplines\/commerce-vente\/wp-json\/wp\/v2\/comments?post=162"}],"version-history":[{"count":5,"href":"https:\/\/ent2d.ac-bordeaux.fr\/disciplines\/commerce-vente\/wp-json\/wp\/v2\/pages\/162\/revisions"}],"predecessor-version":[{"id":1974,"href":"https:\/\/ent2d.ac-bordeaux.fr\/disciplines\/commerce-vente\/wp-json\/wp\/v2\/pages\/162\/revisions\/1974"}],"wp:attachment":[{"href":"https:\/\/ent2d.ac-bordeaux.fr\/disciplines\/commerce-vente\/wp-json\/wp\/v2\/media?parent=162"}],"curies":[{"name":"wp","href":"https:\/\/api.w.org\/{rel}","templated":true}]}}