{"id":1254,"date":"2019-08-31T16:51:37","date_gmt":"2019-08-31T14:51:37","guid":{"rendered":"https:\/\/ent2d.ac-bordeaux.fr\/disciplines\/commerce-vente\/?page_id=1254"},"modified":"2020-11-07T15:08:43","modified_gmt":"2020-11-07T14:08:43","slug":"co-intervention-et-chef-doeuvre","status":"publish","type":"page","link":"https:\/\/ent2d.ac-bordeaux.fr\/disciplines\/commerce-vente\/les-ressources-pedagogiques\/ressources-transversales\/co-intervention-et-chef-doeuvre\/","title":{"rendered":"Co-intervention et Chef d&rsquo;oeuvre"},"content":{"rendered":"<p>Retrouvez ici les contributions des coll\u00e8gues de l&rsquo;acad\u00e9mie autour des deux th\u00e8mes \u00e9voqu\u00e9s dans le titre :<\/p>\n<table class=\" aligncenter\" style=\"height: 498px;width: 584px;border-color: #f00a2c;background-color: #f0cccc\">\n<tbody>\n<tr style=\"height: 5.56667px\">\n<td style=\"width: 283.5px;height: 5.56667px;text-align: center\">Co-intervention<\/td>\n<td style=\"width: 276.5px;height: 5.56667px;text-align: center\">Chef d\u2019\u0153uvre<\/td>\n<\/tr>\n<tr style=\"height: 243px\">\n<td style=\"width: 283.5px;height: 243px\">&nbsp;<\/p>\n<p><a href=\"https:\/\/drive.google.com\/open?id=19I3NEkHCelZWrhXM4bhcfDNyzmOSnxP0\">S\u00e9quence N\u00b01 Francais\/Mati\u00e8res pro en CAP ECMS (avec ressources num\u00e9riques)<\/a><\/p>\n<p><a href=\"https:\/\/drive.google.com\/drive\/folders\/11Ta2TCrvUmFWgLTn87fDW0KRz3uzpWjT?usp=sharing\">S\u00e9quence N\u00b02 Fran\u00e7ais\/mati\u00e8re pro en CAP ECMS (avec ressources num\u00e9riques)<\/a><\/p>\n<p>&nbsp;<\/td>\n<td style=\"width: 276.5px;height: 243px\">\n<p><div id=\"attachment_1720\" style=\"width: 160px\" class=\"wp-caption aligncenter\"><a href=\"https:\/\/ent2d.ac-bordeaux.fr\/disciplines\/commerce-vente\/wp-content\/uploads\/sites\/15\/2020\/11\/dossier-chef-doeuvre-2.docx\" target=\"_blank\" rel=\"noopener noreferrer\"><img loading=\"lazy\" decoding=\"async\" aria-describedby=\"caption-attachment-1720\" class=\"wp-image-1720 size-thumbnail\" src=\"https:\/\/ent2d.ac-bordeaux.fr\/disciplines\/commerce-vente\/wp-content\/uploads\/sites\/15\/2020\/04\/1200px-Microsoft_Office_Word_2018\u2013present.svg-150x150.png\" alt=\"\" width=\"150\" height=\"150\" \/><\/a><p id=\"caption-attachment-1720\" class=\"wp-caption-text\">Support propos\u00e9 par C\u00e9line Haddad pour encadrer et accompagner le chef d\u2019\u0153uvre avec les CAP EPC. Merci \u00e0 elle !<\/p><\/div><\/td>\n<\/tr>\n<\/tbody>\n<\/table>\n<p>&nbsp;<\/p>\n","protected":false},"excerpt":{"rendered":"<p>Retrouvez ici les contributions des coll\u00e8gues de l&rsquo;acad\u00e9mie autour des deux th\u00e8mes \u00e9voqu\u00e9s dans le titre : Co-intervention Chef d\u2019\u0153uvre &nbsp; S\u00e9quence N\u00b01 Francais\/Mati\u00e8res pro en CAP ECMS (avec ressources num\u00e9riques) S\u00e9quence N\u00b02 Fran\u00e7ais\/mati\u00e8re pro en CAP ECMS (avec ressources num\u00e9riques) &nbsp; &nbsp;<\/p>\n","protected":false},"author":51,"featured_media":0,"parent":231,"menu_order":0,"comment_status":"closed","ping_status":"closed","template":"","meta":{"_bbp_topic_count":0,"_bbp_reply_count":0,"_bbp_total_topic_count":0,"_bbp_total_reply_count":0,"_bbp_voice_count":0,"_bbp_anonymous_reply_count":0,"_bbp_topic_count_hidden":0,"_bbp_reply_count_hidden":0,"_bbp_forum_subforum_count":0,"footnotes":""},"class_list":["post-1254","page","type-page","status-publish","hentry","nodate"],"_links":{"self":[{"href":"https:\/\/ent2d.ac-bordeaux.fr\/disciplines\/commerce-vente\/wp-json\/wp\/v2\/pages\/1254","targetHints":{"allow":["GET"]}}],"collection":[{"href":"https:\/\/ent2d.ac-bordeaux.fr\/disciplines\/commerce-vente\/wp-json\/wp\/v2\/pages"}],"about":[{"href":"https:\/\/ent2d.ac-bordeaux.fr\/disciplines\/commerce-vente\/wp-json\/wp\/v2\/types\/page"}],"author":[{"embeddable":true,"href":"https:\/\/ent2d.ac-bordeaux.fr\/disciplines\/commerce-vente\/wp-json\/wp\/v2\/users\/51"}],"replies":[{"embeddable":true,"href":"https:\/\/ent2d.ac-bordeaux.fr\/disciplines\/commerce-vente\/wp-json\/wp\/v2\/comments?post=1254"}],"version-history":[{"count":4,"href":"https:\/\/ent2d.ac-bordeaux.fr\/disciplines\/commerce-vente\/wp-json\/wp\/v2\/pages\/1254\/revisions"}],"predecessor-version":[{"id":2094,"href":"https:\/\/ent2d.ac-bordeaux.fr\/disciplines\/commerce-vente\/wp-json\/wp\/v2\/pages\/1254\/revisions\/2094"}],"up":[{"embeddable":true,"href":"https:\/\/ent2d.ac-bordeaux.fr\/disciplines\/commerce-vente\/wp-json\/wp\/v2\/pages\/231"}],"wp:attachment":[{"href":"https:\/\/ent2d.ac-bordeaux.fr\/disciplines\/commerce-vente\/wp-json\/wp\/v2\/media?parent=1254"}],"curies":[{"name":"wp","href":"https:\/\/api.w.org\/{rel}","templated":true}]}}