{"id":87,"date":"2017-08-28T12:03:22","date_gmt":"2017-08-28T10:03:22","guid":{"rendered":"https:\/\/ent2d.ac-bordeaux.fr\/disciplines\/clesjustice64\/?page_id=87"},"modified":"2017-08-28T12:46:29","modified_gmt":"2017-08-28T10:46:29","slug":"presentation-du-tribunal-des-conflits","status":"publish","type":"page","link":"https:\/\/ent2d.ac-bordeaux.fr\/disciplines\/clesjustice64\/fonctionnement-de-la-justice\/institution-judiciaire\/presentation-du-tribunal-des-conflits\/","title":{"rendered":"Pr\u00e9sentation du tribunal des conflits"},"content":{"rendered":"<h1 style=\"text-align: center\"><span style=\"color: #ff0000\"><strong>Pr\u00e9sentation du tribunal des conflits<\/strong><\/span><\/h1>\n<p>&nbsp;<\/p>\n<p>Le Tribunal des conflits est une juridiction paritaire qui veille au respect du principe de s\u00e9paration des autorit\u00e9s administratives et judiciaires.<\/p>\n<table border=\"0\" width=\"100%\" cellpadding=\"0\">\n<tbody>\n<tr>\n<td valign=\"top\">Le Tribunal des conflits a pour mission de r\u00e9soudre les conflits de comp\u00e9tence entre les juridictions de l&rsquo;ordre judiciaire et les juridictions de l&rsquo;ordre administratif.<\/p>\n<p>Cette juridiction a \u00e9t\u00e9 institu\u00e9e par la Constitution de 1848. Son organisation \u00e9tait r\u00e9gl\u00e9e par la loi du 4 f\u00e9vrier 1850. Supprim\u00e9e au Second empire, elle rena\u00eetra avec la loi du 24 mai 1872 portant r\u00e9organisation du Conseil d&rsquo; Etat.<\/p>\n<p><b> ORGANISATION DU TRIBUNAL DES CONFLITS <\/b><\/p>\n<p><b> <\/b>Le Tribunal des conflits est une juridiction paritaire compos\u00e9 des membres suivants :<\/p>\n<p>Un pr\u00e9sident, de droit, en la personne du Ministre de la Justice, Garde des Sceaux<\/p>\n<p>Quatre membres du Conseil d&rsquo;Etat<\/p>\n<p>-&gt; Trois conseillers d&rsquo;Etat en service ordinaire \u00e9lus par les conseillers en service ordinaire.<\/p>\n<p>-&gt; Un membre \u00e9lu par les trois conseillers d&rsquo;Etat et les trois conseillers \u00e0 la Cour de cassation<\/p>\n<p>-&gt; Un suppl\u00e9ant<\/p>\n<p>Quatre membres de la Cour de cassation<\/p>\n<p>-&gt; Trois conseillers \u00e0 la Cour de cassation nomm\u00e9s par leurs pairs<\/p>\n<p>-&gt; Un membre \u00e9lu par les trois conseillers d&rsquo;Etat et les trois conseillers \u00e0 la Cour de cassation<\/p>\n<p>-&gt; Un suppl\u00e9ant<\/p>\n<p>Un minist\u00e8re public compos\u00e9 de deux ma\u00eetres des requ\u00eates et de deux avocats g\u00e9n\u00e9raux, tous appel\u00e9s \u00a0commissaires du gouvernement.<\/p>\n<p>Les huit juges sont nomm\u00e9s pour trois ans renouvelables.<\/p>\n<p>Si le Garde des Sceaux est pr\u00e9sident du Tribunal des conflits, il est tr\u00e8s rare qu&rsquo;il pr\u00e9side effectivement les s\u00e9ances. Dans la pratique, c&rsquo;est le vice-pr\u00e9sident qui assure la pr\u00e9sidence. Le ministre de la Justice n&rsquo;assure ses fonctions au sein du tribunal qu&rsquo;en cas de partage \u00e9gal des voix.<\/p>\n<p>Le Tribunal des conflits si\u00e8ge au Conseil d&rsquo;Etat.<\/p>\n<p><b> COMPETENCE DU TRIBUNAL DES CONFLITS <\/b><\/p>\n<p><b> <\/b>En tant que tribunal sp\u00e9cial, le Tribunal des conflits a une comp\u00e8tence d&rsquo;attribution stricte.<\/p>\n<p>Quatre types de conflits rel\u00e8vent de sa comp\u00e9tence :<\/p>\n<p>&#8211; Conflit positif<\/p>\n<p>lorsque l&rsquo;Administration, en la personne du pr\u00e9fet de d\u00e9partement ou du pr\u00e9fet de police de Paris, conteste la comp\u00e9tence d&rsquo;un tribunal de l&rsquo;ordre judiciaire pour juger d&rsquo;une affaire dont ce dernier a \u00e9t\u00e9 saisi.<\/p>\n<p>Apr\u00e8s avoir invit\u00e9 le magistrat saisi \u00e0 se d\u00e9saisir du dossier et \u00e0 d\u00e9faut de d\u00e9claration d&rsquo;incomp\u00e9tence de celui-ci, le pr\u00e9fet prend, dans un d\u00e9lai de cinq jours, un arr\u00e9t\u00e9 de conflit qui oblige la juridiction judiciaire \u00e0 surseoir \u00e0 statuer en attendant la d\u00e9cision du Tribunal des conflit. Le tribunal des conflits a alors trois mois pour rendre sa d\u00e9cision. A d\u00e9faut de r\u00e9ponse dans le mois qui suit la fin de ce d\u00e9lai, le tribunal initialement saisi reprend l&rsquo;affaire.<\/p>\n<p>&#8211; Conflit n\u00e9gatif<\/p>\n<p>lorsqu&rsquo;une juridiction administrative et une juridiction judiciaire se sont toutes deux d\u00e9clar\u00e9es successivement incomp\u00e9tentes pour juger d&rsquo;une affaire ou, lorsque le deuxi\u00e8me ordre saisi \u00e9prouve des doutes sur sa comp\u00e9tence.<\/p>\n<p>Il est alors statu\u00e9 sur le conflit dans un d\u00e9lai de trois mois. Si un mois apr\u00e8s la fin de ce d\u00e9lai, le tribunal n&rsquo;a pas re\u00e7u la notification de la d\u00e9cision du Tribunal des conflits, il pourra proc\u00e9der au jugement de l&rsquo;affaire.<\/p>\n<p>&#8211; Conflit de d\u00e9cisions<\/p>\n<p>lorsque les deux ordres de juridiction, sans d\u00e9cliner leur comp\u00e9tence, ont rendu des d\u00e9cisions contraires qui conduisent \u00e0 un d\u00e9ni de justice.<\/p>\n<p>Le recours devant le tribunal des conflits doit \u00eatre introduit dans les deux mois \u00e0 compter du jour o\u00f9 la derni\u00e8re des d\u00e9cisions n&rsquo;est plus susceptible de recours devant les juridictions soit de l&rsquo;ordre administratif soit de l&rsquo;ordre judiciaire. L&rsquo;assistance d&rsquo;un avocat au conseil est obligatoire.<\/p>\n<p>&#8211; Conflit sur renvoi<\/p>\n<p>Soit conflit sur renvoi en pr\u00e9vention d&rsquo;un conflit n\u00e9gatif<\/p>\n<p>lorsqu&rsquo;un tribunal, administratif ou judiciaire, a jug\u00e9, par une d\u00e9cision qui n&rsquo;est plus susceptible de recours, qu&rsquo;il n&rsquo;\u00e9tait pas comp\u00e9tent, tout tribunal de l&rsquo;autre ordre de juridiction saisi de la m\u00eame affaire, qui estime que cette derni\u00e8re rel\u00e8ve du premier ordre saisi, doit surseoir \u00e0 statuer.<\/p>\n<p>Soit conflit sur renvoi d&rsquo;une juridiction statuant souverainement.<\/p>\n<p>Lorsque le Conseil d&rsquo;Etat ou la Cour de cassation sont saisis d&rsquo;un litige \u00a0\u00bb qui pr\u00e9sente, \u00e0 juger, soit sur l&rsquo;action introduite, soit sur une exception, une question de comp\u00e9tence soulevant une difficult\u00e9 s\u00e9rieuse et mettant en jeu la s\u00e9paration des autorit\u00e9s administratives et judiciaires\u00a0\u00bb (art.34 d\u00e9cret 26 oct.1849 modifi\u00e9 d\u00e9cret n\u00b060-728).<\/td>\n<\/tr>\n<\/tbody>\n<\/table>\n","protected":false},"excerpt":{"rendered":"<p>Pr\u00e9sentation du tribunal des conflits &nbsp; Le Tribunal des conflits est une juridiction paritaire qui veille au respect du principe de s\u00e9paration des autorit\u00e9s administratives et judiciaires. Le Tribunal des conflits a pour mission de r\u00e9soudre les conflits de comp\u00e9tence entre les juridictions de l&rsquo;ordre judiciaire et les juridictions de l&rsquo;ordre administratif. Cette juridiction a &hellip; <\/p>\n<p><a class=\"more-link block-button\" href=\"https:\/\/ent2d.ac-bordeaux.fr\/disciplines\/clesjustice64\/fonctionnement-de-la-justice\/institution-judiciaire\/presentation-du-tribunal-des-conflits\/\">Lire la Suite &raquo;<\/a><\/p>\n","protected":false},"author":62,"featured_media":0,"parent":81,"menu_order":0,"comment_status":"closed","ping_status":"closed","template":"","meta":{"footnotes":""},"class_list":["post-87","page","type-page","status-publish","hentry","nodate"],"_links":{"self":[{"href":"https:\/\/ent2d.ac-bordeaux.fr\/disciplines\/clesjustice64\/wp-json\/wp\/v2\/pages\/87","targetHints":{"allow":["GET"]}}],"collection":[{"href":"https:\/\/ent2d.ac-bordeaux.fr\/disciplines\/clesjustice64\/wp-json\/wp\/v2\/pages"}],"about":[{"href":"https:\/\/ent2d.ac-bordeaux.fr\/disciplines\/clesjustice64\/wp-json\/wp\/v2\/types\/page"}],"author":[{"embeddable":true,"href":"https:\/\/ent2d.ac-bordeaux.fr\/disciplines\/clesjustice64\/wp-json\/wp\/v2\/users\/62"}],"replies":[{"embeddable":true,"href":"https:\/\/ent2d.ac-bordeaux.fr\/disciplines\/clesjustice64\/wp-json\/wp\/v2\/comments?post=87"}],"version-history":[{"count":4,"href":"https:\/\/ent2d.ac-bordeaux.fr\/disciplines\/clesjustice64\/wp-json\/wp\/v2\/pages\/87\/revisions"}],"predecessor-version":[{"id":103,"href":"https:\/\/ent2d.ac-bordeaux.fr\/disciplines\/clesjustice64\/wp-json\/wp\/v2\/pages\/87\/revisions\/103"}],"up":[{"embeddable":true,"href":"https:\/\/ent2d.ac-bordeaux.fr\/disciplines\/clesjustice64\/wp-json\/wp\/v2\/pages\/81"}],"wp:attachment":[{"href":"https:\/\/ent2d.ac-bordeaux.fr\/disciplines\/clesjustice64\/wp-json\/wp\/v2\/media?parent=87"}],"curies":[{"name":"wp","href":"https:\/\/api.w.org\/{rel}","templated":true}]}}