{"id":85,"date":"2017-08-28T12:02:48","date_gmt":"2017-08-28T10:02:48","guid":{"rendered":"https:\/\/ent2d.ac-bordeaux.fr\/disciplines\/clesjustice64\/?page_id=85"},"modified":"2017-08-28T12:32:42","modified_gmt":"2017-08-28T10:32:42","slug":"presentation-de-lordre-judiciare","status":"publish","type":"page","link":"https:\/\/ent2d.ac-bordeaux.fr\/disciplines\/clesjustice64\/fonctionnement-de-la-justice\/institution-judiciaire\/presentation-de-lordre-judiciare\/","title":{"rendered":"Pr\u00e9sentation de l&rsquo;ordre judiciare"},"content":{"rendered":"<h1 style=\"text-align: center\"><strong><span style=\"color: #ff0000\">Pr\u00e9sentation de l&rsquo;ordre judiciaire<\/span><\/strong><\/h1>\n<p>&nbsp;<\/p>\n<table border=\"0\" width=\"100%\" cellpadding=\"0\">\n<tbody>\n<tr>\n<td colspan=\"3\" valign=\"top\">\n<p align=\"center\"><b>Premier Jugement<\/b><\/p>\n<\/td>\n<\/tr>\n<tr>\n<td valign=\"top\"><b>Juridictions p\u00e9nales<\/b><\/td>\n<td valign=\"top\"><b>Juridictions civiles<\/b><\/td>\n<td valign=\"top\"><b>Juridictions sp\u00e9cialis\u00e9es <\/b><\/td>\n<\/tr>\n<tr>\n<td valign=\"top\"><b><a href=\"http:\/\/www.legifrance.gouv.fr\/WAspad\/UnTexteDeJorf?numjo=JUSX0200117L\" target=\"_blank\" rel=\"noopener\">JUGE DE PROXIMITE<\/a><\/b><br \/>\nContraventions des quatre premi\u00e8res classes passibles d&rsquo;amendes.Il statue seul et est rattach\u00e9 au tribunal d&rsquo;instance<\/td>\n<td valign=\"top\"><b><a href=\"http:\/\/www.legifrance.gouv.fr\/WAspad\/UnTexteDeJorf?numjo=JUSX0200117L\" target=\"_blank\" rel=\"noopener\">JUGE DE PROXIMITE<\/a><\/b><br \/>\nPetits litiges jusqu&rsquo;\u00e0 4000 euros (consommation, conflit de voisinage, injonctions de payer et de faire&#8230;)<\/td>\n<td valign=\"top\"><a href=\"http:\/\/www.justice.gouv.fr\/index.php?rubrique=10031&amp;ssrubrique=10033&amp;article=12032\" target=\"_blank\" rel=\"noopener\"> <b>TRIBUNAL DES AFFAIRES DE SECURITE SOCIALE<\/b> <\/a><br \/>\nLitiges entre les organismes de s\u00e9curit\u00e9 sociale et les personnes assujetties<\/td>\n<\/tr>\n<tr>\n<td valign=\"top\"><b> <a href=\"http:\/\/www.justice.gouv.fr\/index.php?rubrique=10031&amp;ssrubrique=10033&amp;article=12029\" target=\"_blank\" rel=\"noopener\"> TRIBUNAL DE POLICE <\/a> <\/b><br \/>\nContraventions de cinqui\u00e8me classe passible d&rsquo;amendes.Il statue \u00e0 un juge unique et si\u00e8ge au tribunal d&rsquo;instance<\/td>\n<td valign=\"top\"><a href=\"http:\/\/www.justice.gouv.fr\/index.php?rubrique=10031&amp;ssrubrique=10033&amp;article=12035\" target=\"_blank\" rel=\"noopener\"> <b>TRIBUNAL D&rsquo;INSTANCE<\/b> <\/a><br \/>\nLitiges de moins de 10000 euros litiges de cr\u00e9dit \u00e0 la consommation, mesures de protection des personnes<\/td>\n<td valign=\"top\"><a href=\"http:\/\/www.justice.gouv.fr\/index.php?rubrique=10031&amp;ssrubrique=10033&amp;article=12033\" target=\"_blank\" rel=\"noopener\"> <b>CONSEIL DES PRUD&rsquo;HOMMES<\/b> <\/a><br \/>\nLitiges entre salari\u00e9s ou apprentis et employeurs portant sur le respect des contrats de travail ou d&rsquo;apprentissage<\/td>\n<\/tr>\n<tr>\n<td valign=\"top\"><b> <a href=\"http:\/\/www.justice.gouv.fr\/index.php?rubrique=10031&amp;ssrubrique=10033&amp;article=12028\" target=\"_blank\" rel=\"noopener\"> TRIBUNAL CORRECTIONNEL <\/a> <\/b><br \/>\nD\u00e9lits passibles d&#8217;emprisonnement jusqu&rsquo;\u00e0 10 ans et d&rsquo;autres peines (amendes, peines compl\u00e9mentaires, travail d&rsquo;int\u00e9r\u00eat g\u00e9n\u00e9ral)<\/td>\n<td valign=\"top\"><a href=\"http:\/\/www.justice.gouv.fr\/index.php?rubrique=10031&amp;ssrubrique=10033&amp;article=12034\" target=\"_blank\" rel=\"noopener\"> <b>TRIBUNAL DE GRANDE INSTANCE<\/b> <\/a><br \/>\nLitiges de plus de 10000 euros et litiges particuliers : divorce, succession, immobilier&#8230;<\/td>\n<td valign=\"top\"><a href=\"http:\/\/www.justice.gouv.fr\/index.php?rubrique=10031&amp;ssrubrique=10033&amp;article=12030\" target=\"_blank\" rel=\"noopener\"> <b>TRIBUNAL PARITAIRE DES BAUX RURAUX<\/b> <\/a><br \/>\nLitiges entre propri\u00e9taires et exploitants de terre ou de b\u00e2timents agricoles<\/td>\n<\/tr>\n<tr>\n<td valign=\"top\"><b> <a href=\"http:\/\/www.justice.gouv.fr\/index.php?rubrique=10031&amp;ssrubrique=10033&amp;article=12027\" target=\"_blank\" rel=\"noopener\"> COUR D&rsquo;ASSISES <\/a> <\/b><br \/>\nCrimes (infractions les plus graves) passibles de r\u00e9clusion le cas \u00e9ch\u00e9ant perp\u00e9tuelle<\/td>\n<td valign=\"top\"><\/td>\n<td valign=\"top\"><a href=\"http:\/\/www.justice.gouv.fr\/index.php?rubrique=10031&amp;ssrubrique=10033&amp;article=12031\" target=\"_blank\" rel=\"noopener\"> <b>TRIBUNAL DE COMMERCE<\/b> <\/a><br \/>\nLitiges entre commer\u00e7ants ou soci\u00e9t\u00e9s commerciales<\/td>\n<\/tr>\n<tr>\n<td colspan=\"3\" valign=\"top\">\n<p align=\"center\"><b>Juridictions pour mineurs<\/b><\/p>\n<\/td>\n<\/tr>\n<tr>\n<td valign=\"top\"><b> <a href=\"http:\/\/www.justice.gouv.fr\/index.php?rubrique=10042&amp;ssrubrique=10268&amp;article=11991\" target=\"_blank\" rel=\"noopener\"> JUGE DES ENFANTS <\/a> <\/b><br \/>\n&#8211; Prend des mesures de protection \u00e0 l&rsquo;\u00e9gard des mineurs en danger<br \/>\n&#8211; Instruit les infractions commises par des mineurs et juge les moins graves<\/td>\n<td valign=\"top\"><a href=\"http:\/\/www.justice.gouv.fr\/index.php?rubrique=10042&amp;ssrubrique=10268&amp;article=11990\" target=\"_blank\" rel=\"noopener\"> <b>TRIBUNAL POUR ENFANTS<\/b> <\/a><br \/>\nD\u00e9lits commis par les mineurs et crimes commis par les mineurs de moins de 16 ans<\/td>\n<td valign=\"top\"><a href=\"http:\/\/www.justice.gouv.fr\/index.php?rubrique=10042&amp;ssrubrique=10268&amp;article=11989\" target=\"_blank\" rel=\"noopener\"> <b>COUR D&rsquo;ASSISES POUR MINEURS<\/b> <\/a><br \/>\nCrimes commis par des mineurs de 16 ans<\/td>\n<\/tr>\n<\/tbody>\n<\/table>\n<p align=\"center\">\n<table border=\"1\" width=\"100%\" cellpadding=\"0\">\n<tbody>\n<tr>\n<td>\n<p align=\"center\"><b>Appel<\/b><\/p>\n<\/td>\n<\/tr>\n<tr>\n<td><b> <a href=\"http:\/\/www.justice.gouv.fr\/index.php?rubrique=10031&amp;ssrubrique=10033&amp;article=12026\" target=\"_blank\" rel=\"noopener\"> COUR D&rsquo;APPEL <\/a> <\/b><\/p>\n<p>Lorsqu&rsquo;une ou plusieurs personnes ne sont pas satisfaites du premier jugement, elle peuvent faire appel. La Cour d&rsquo;appel r\u00e9examine alors l&rsquo;affaire.<br \/>\nDepuis le 1er janvier 2001, les verdicts des cours d&rsquo;assises peuvent faire l&rsquo;objet d&rsquo;un appel devant une nouvelle cour d&rsquo;assises compos\u00e9e de 3 juges professionnels et de 12 jur\u00e9s.<\/td>\n<\/tr>\n<\/tbody>\n<\/table>\n<p align=\"center\">\n<table border=\"1\" width=\"100%\" cellpadding=\"0\">\n<tbody>\n<tr>\n<td>\n<p align=\"center\"><b>Contr\u00f4le (Pourvoi)<\/b><\/p>\n<\/td>\n<\/tr>\n<tr>\n<td><b> <a href=\"http:\/\/www.justice.gouv.fr\/index.php?rubrique=10031&amp;ssrubrique=10033&amp;article=12025\" target=\"_blank\" rel=\"noopener\"> COUR DE CASSATION <\/a> <\/b><\/p>\n<p>Cette Cour ne rejuge pas l&rsquo;affaire mais elle v\u00e9rifie si les lois ont \u00e9t\u00e9 correctement appliqu\u00e9es par les tribunaux et les cours d&rsquo;appel. Elle est situ\u00e9e \u00e0 Paris, quai de l&rsquo;Horloge.<\/td>\n<\/tr>\n<\/tbody>\n<\/table>\n","protected":false},"excerpt":{"rendered":"<p>Pr\u00e9sentation de l&rsquo;ordre judiciaire &nbsp; Premier Jugement Juridictions p\u00e9nales Juridictions civiles Juridictions sp\u00e9cialis\u00e9es JUGE DE PROXIMITE Contraventions des quatre premi\u00e8res classes passibles d&rsquo;amendes.Il statue seul et est rattach\u00e9 au tribunal d&rsquo;instance JUGE DE PROXIMITE Petits litiges jusqu&rsquo;\u00e0 4000 euros (consommation, conflit de voisinage, injonctions de payer et de faire&#8230;) TRIBUNAL DES AFFAIRES DE SECURITE SOCIALE &hellip; <\/p>\n<p><a class=\"more-link block-button\" href=\"https:\/\/ent2d.ac-bordeaux.fr\/disciplines\/clesjustice64\/fonctionnement-de-la-justice\/institution-judiciaire\/presentation-de-lordre-judiciare\/\">Lire la Suite &raquo;<\/a><\/p>\n","protected":false},"author":62,"featured_media":0,"parent":81,"menu_order":0,"comment_status":"closed","ping_status":"closed","template":"","meta":{"footnotes":""},"class_list":["post-85","page","type-page","status-publish","hentry","nodate"],"_links":{"self":[{"href":"https:\/\/ent2d.ac-bordeaux.fr\/disciplines\/clesjustice64\/wp-json\/wp\/v2\/pages\/85","targetHints":{"allow":["GET"]}}],"collection":[{"href":"https:\/\/ent2d.ac-bordeaux.fr\/disciplines\/clesjustice64\/wp-json\/wp\/v2\/pages"}],"about":[{"href":"https:\/\/ent2d.ac-bordeaux.fr\/disciplines\/clesjustice64\/wp-json\/wp\/v2\/types\/page"}],"author":[{"embeddable":true,"href":"https:\/\/ent2d.ac-bordeaux.fr\/disciplines\/clesjustice64\/wp-json\/wp\/v2\/users\/62"}],"replies":[{"embeddable":true,"href":"https:\/\/ent2d.ac-bordeaux.fr\/disciplines\/clesjustice64\/wp-json\/wp\/v2\/comments?post=85"}],"version-history":[{"count":4,"href":"https:\/\/ent2d.ac-bordeaux.fr\/disciplines\/clesjustice64\/wp-json\/wp\/v2\/pages\/85\/revisions"}],"predecessor-version":[{"id":99,"href":"https:\/\/ent2d.ac-bordeaux.fr\/disciplines\/clesjustice64\/wp-json\/wp\/v2\/pages\/85\/revisions\/99"}],"up":[{"embeddable":true,"href":"https:\/\/ent2d.ac-bordeaux.fr\/disciplines\/clesjustice64\/wp-json\/wp\/v2\/pages\/81"}],"wp:attachment":[{"href":"https:\/\/ent2d.ac-bordeaux.fr\/disciplines\/clesjustice64\/wp-json\/wp\/v2\/media?parent=85"}],"curies":[{"name":"wp","href":"https:\/\/api.w.org\/{rel}","templated":true}]}}