{"id":79,"date":"2017-08-28T12:00:13","date_gmt":"2017-08-28T10:00:13","guid":{"rendered":"https:\/\/ent2d.ac-bordeaux.fr\/disciplines\/clesjustice64\/?page_id=79"},"modified":"2017-08-28T15:18:24","modified_gmt":"2017-08-28T13:18:24","slug":"fonctionnement-de-la-justice","status":"publish","type":"page","link":"https:\/\/ent2d.ac-bordeaux.fr\/disciplines\/clesjustice64\/fonctionnement-de-la-justice\/","title":{"rendered":"Fonctionnement de la justice"},"content":{"rendered":"<h1 style=\"text-align: center\"><span style=\"color: #ff0000\">Fonctionnement de la justice<\/span><\/h1>\n<p>&nbsp;<\/p>\n<p><a href=\"https:\/\/ent2d.ac-bordeaux.fr\/disciplines\/clesjustice64\/fonctionnement-de-la-justice\/institution-judiciaire\/systeme-inquisitoire-et-systeme-accusatoire\/\" target=\"_blank\" rel=\"noopener\">Syst\u00e8me inquisitoire et syst\u00e8me accusatoire<\/a><\/p>\n<p><a href=\"https:\/\/ent2d.ac-bordeaux.fr\/disciplines\/clesjustice64\/fonctionnement-de-la-justice\/institution-judiciaire\/principe-de-dualite-des-ordres-juridictionnels-francais\/\" target=\"_blank\" rel=\"noopener\">Principe de dualit\u00e9 des ordres juridictionnels fran\u00e7ais<\/a><\/p>\n<p><a href=\"https:\/\/ent2d.ac-bordeaux.fr\/disciplines\/clesjustice64\/fonctionnement-de-la-justice\/institution-judiciaire\/presentation-de-lordre-judiciare\/\" target=\"_blank\" rel=\"noopener\">Pr\u00e9sentation de l&rsquo;ordre judiciaire<\/a><\/p>\n<p><a href=\"https:\/\/ent2d.ac-bordeaux.fr\/disciplines\/clesjustice64\/fonctionnement-de-la-justice\/institution-judiciaire\/presentation-de-lordre-administratif\/\" target=\"_blank\" rel=\"noopener\">Pr\u00e9sentation de l&rsquo;ordre administratif<\/a><\/p>\n<p><a href=\"https:\/\/ent2d.ac-bordeaux.fr\/disciplines\/clesjustice64\/fonctionnement-de-la-justice\/institution-judiciaire\/presentation-du-tribunal-des-conflits\/\" target=\"_blank\" rel=\"noopener\">Pr\u00e9sentation du tribunal des conflits<\/a><\/p>\n<p><a href=\"https:\/\/ent2d.ac-bordeaux.fr\/disciplines\/clesjustice64\/fonctionnement-de-la-justice\/institution-judiciaire\/presentation-des-juridictions-internationales\/\" target=\"_blank\" rel=\"noopener\">Pr\u00e9sentation des juridictions internationales<\/a><\/p>\n<p><img loading=\"lazy\" decoding=\"async\" class=\"alignnone size-medium wp-image-225 aligncenter\" src=\"https:\/\/ent2d.ac-bordeaux.fr\/disciplines\/clesjustice64\/wp-content\/uploads\/sites\/19\/2017\/08\/balance-300x179.jpg\" alt=\"\" width=\"300\" height=\"179\" \/><\/p>\n","protected":false},"excerpt":{"rendered":"<p>Fonctionnement de la justice &nbsp; Syst\u00e8me inquisitoire et syst\u00e8me accusatoire Principe de dualit\u00e9 des ordres juridictionnels fran\u00e7ais Pr\u00e9sentation de l&rsquo;ordre judiciaire Pr\u00e9sentation de l&rsquo;ordre administratif Pr\u00e9sentation du tribunal des conflits Pr\u00e9sentation des juridictions internationales<\/p>\n","protected":false},"author":62,"featured_media":0,"parent":0,"menu_order":0,"comment_status":"closed","ping_status":"closed","template":"","meta":{"footnotes":""},"class_list":["post-79","page","type-page","status-publish","hentry","nodate"],"_links":{"self":[{"href":"https:\/\/ent2d.ac-bordeaux.fr\/disciplines\/clesjustice64\/wp-json\/wp\/v2\/pages\/79","targetHints":{"allow":["GET"]}}],"collection":[{"href":"https:\/\/ent2d.ac-bordeaux.fr\/disciplines\/clesjustice64\/wp-json\/wp\/v2\/pages"}],"about":[{"href":"https:\/\/ent2d.ac-bordeaux.fr\/disciplines\/clesjustice64\/wp-json\/wp\/v2\/types\/page"}],"author":[{"embeddable":true,"href":"https:\/\/ent2d.ac-bordeaux.fr\/disciplines\/clesjustice64\/wp-json\/wp\/v2\/users\/62"}],"replies":[{"embeddable":true,"href":"https:\/\/ent2d.ac-bordeaux.fr\/disciplines\/clesjustice64\/wp-json\/wp\/v2\/comments?post=79"}],"version-history":[{"count":5,"href":"https:\/\/ent2d.ac-bordeaux.fr\/disciplines\/clesjustice64\/wp-json\/wp\/v2\/pages\/79\/revisions"}],"predecessor-version":[{"id":227,"href":"https:\/\/ent2d.ac-bordeaux.fr\/disciplines\/clesjustice64\/wp-json\/wp\/v2\/pages\/79\/revisions\/227"}],"wp:attachment":[{"href":"https:\/\/ent2d.ac-bordeaux.fr\/disciplines\/clesjustice64\/wp-json\/wp\/v2\/media?parent=79"}],"curies":[{"name":"wp","href":"https:\/\/api.w.org\/{rel}","templated":true}]}}