{"id":437,"date":"2017-09-25T18:51:05","date_gmt":"2017-09-25T16:51:05","guid":{"rendered":"https:\/\/ent2d.ac-bordeaux.fr\/disciplines\/clesjustice64\/?page_id=437"},"modified":"2017-09-25T18:51:05","modified_gmt":"2017-09-25T16:51:05","slug":"biographies-justice-en-bearn","status":"publish","type":"page","link":"https:\/\/ent2d.ac-bordeaux.fr\/disciplines\/clesjustice64\/justice-en-bearn\/outils-justice-en-bearn\/biographies-justice-en-bearn\/","title":{"rendered":"Biographies justice en B\u00e9arn"},"content":{"rendered":"<h1 style=\"text-align: center\"><strong>Biographies justice en B\u00e9arn<\/strong><\/h1>\n<p>&nbsp;<\/p>\n<div>\n<div>\n<p>GASTON IV DE FOIX-BEARN<\/p>\n<p>1436-1472<\/p>\n<p>Il s\u2019installe en B\u00e9arn en 1461.<br \/>\nPar l\u2019ordonnance du 24 septembre 1464, il transfert la capitale du B\u00e9arn d\u2019Orthez \u00e0 Pau o\u00f9 il installe le tribunal du S\u00e9n\u00e9chal.<\/p>\n<p>&nbsp;<\/p>\n<p>&nbsp;<\/p>\n<\/div>\n<div><img decoding=\"async\" src=\"http:\/\/www.crdp-aquitaine.fr\/cles_justice\/g4fb.jpg\" alt=\"Armoiries\" width=\"180\" \/><\/p>\n<ol>\n<li>Armoiries de Gaston IV<\/li>\n<li>Armoiries apr\u00e8s son mariage avec El\u00e9onore d\u2019Aragon, h\u00e9riti\u00e8re de Navarre<\/li>\n<\/ol>\n<\/div>\n<\/div>\n<p>&nbsp;<\/p>\n<div>\n<div>\n<p>GASTON III de FOIX-BEARN<\/p>\n<p>Dit Gaston F\u00e9bus<\/p>\n<p>Vicomte de B\u00e9arn de 1331 \u00e0 1391.<br \/>\nCapitale politique : Orthez<br \/>\nIl renforce son pouvoir seigneurial en cr\u00e9ant un Conseil priv\u00e9 dont les membres sont nomm\u00e9s par lui.<br \/>\nIl rend la justice lors d&rsquo;audiences priv\u00e9es, assist\u00e9 d&rsquo;un juge.<\/p>\n<p><img decoding=\"async\" src=\"http:\/\/www.crdp-aquitaine.fr\/cles_justice\/gf2.jpg\" alt=\"\" \/>Extraits de la bande dessin\u00e9e\u00a0<i>Gaston F\u00e9bus, Tome I, La jeunesse de F\u00e9bus &#8211; Tome II Gaston F\u00e9bus et le Prince Noir. Tucoo-Chala et Amblevert. Editions Loubati\u00e8res, 2004 BIB U 6758\/1<\/i><\/p>\n<\/div>\n<div><img decoding=\"async\" src=\"http:\/\/www.crdp-aquitaine.fr\/cles_justice\/gf1.jpg\" alt=\"Gaston F\u00e9bus\" width=\"180\" \/><\/div>\n<\/div>\n<p>&nbsp;<\/p>\n<div>\n<div>\n<p>GASTON VII DE MONCADE<\/p>\n<p>Vicomte de B\u00e9arn en 1242.<\/p>\n<p>Il fait \u00e9difier \u00e0 Orthez, une tour de guet un pont ainsi qu&rsquo;un ch\u00e2teau fort.<br \/>\nOrthez devient le si\u00e8ge du pouvoir en B\u00e9arn (nouvelle capitale).<br \/>\nIl fortifie le B\u00e9arn avec plusieurs autres ouvrages militaires (Belloc, Sauveterre de Guyenne), la vicomt\u00e9 \u00e9tant \u00e0 cette \u00e9poque frontali\u00e8re de la Guyenne, devenue anglaise et alli\u00e9e des rois de France.<\/p>\n<\/div>\n<div><img decoding=\"async\" src=\"http:\/\/www.crdp-aquitaine.fr\/cles_justice\/g7.jpg\" alt=\" Sceau de GASTON VII DE MONCADE\" width=\"180\" \/><\/div>\n<\/div>\n<p>&nbsp;<\/p>\n<div>\n<div>\n<p>HENRI II DE NAVARRE,.<\/p>\n<p>Appel\u00e9 Henri d&rsquo;Albret<\/p>\n<p>Comte de Foix, vicomte de B\u00e9arn et pr\u00e9tendant au tr\u00f4ne de Navarre de 1517 \u00e0 sa mort.<\/p>\n<p>Il est le beau-fr\u00e8re de Fran\u00e7ois Ier, le p\u00e8re de Jeanne d&rsquo;Albret m\u00e8re du futur roi Henri IV.<\/p>\n<p>Il fait remanier les fors de B\u00e9arn en un for unique, imprim\u00e9s \u00e0 de nombreuses reprises jusqu&rsquo;\u00e0 sa suppression par les D\u00e9put\u00e9s de l&rsquo;Assembl\u00e9e l\u00e9gislative, lors de la r\u00e9volution Fran\u00e7aise.<br \/>\nIl r\u00e9dige le\u00a0<em>stil<\/em>\u00a0de la justice du B\u00e9arn et unifie le droit dans la vicomt\u00e9.<\/p>\n<\/div>\n<div><img decoding=\"async\" src=\"http:\/\/www.crdp-aquitaine.fr\/cles_justice\/img16b.jpg\" alt=\"HENRI II DE NAVARRE\" width=\"180\" \/><\/div>\n<\/div>\n<p>&nbsp;<\/p>\n<div>\n<div>\n<p>JEAN FRAN\u00c7OIS MOUROT<\/p>\n<p>1740-1813<\/p>\n<p>N\u00e9 \u00e0 Pau, avocat<br \/>\nR\u00e9dacteur de textes de jurisprudence pour le Parlement de Pau.<br \/>\nElu repr\u00e9sentant du Tiers Etat pour les Etats du B\u00e9arn.<br \/>\nEntre 1789 et 1790, il joue un r\u00f4le d\u00e9terminant dans trois \u00e9tapes de la r\u00e9volution du B\u00e9arn : l\u2019abandon des fors, la cr\u00e9ation du d\u00e9partement et la question religieuse. Il se retire de la vie politique et meurt en 1813.<\/p>\n<p>&nbsp;<\/p>\n<p>&nbsp;<\/p>\n<\/div>\n<div><img decoding=\"async\" src=\"http:\/\/www.crdp-aquitaine.fr\/cles_justice\/jfm.jpg\" alt=\"JEAN FRAN\u00e7OIS MOUROT\" \/><\/div>\n<\/div>\n<p>&nbsp;<\/p>\n<div>\n<div>\n<p>LOUIS BARTHOU<\/p>\n<p>1862 -1934<\/p>\n<p>N\u00e9 \u00e0 Oloron, avocat inscrit \u00e0 la Cour d\u2019Appel de Pau.<br \/>\nHomme politique d\u2019envergure : il est \u00e9lu, d\u00e9s 1888, conseiller municipal d\u2019Oloron. De 1889 \u00e0 1922, il est \u00e9lu d\u00e9put\u00e9 puis s\u00e9nateur de 1922 \u00e0 1934, des Basses Pyr\u00e9n\u00e9es.<br \/>\nIl occupe de nombreux postes minist\u00e9riels dont celui de Garde des Sceaux entre 1909 et 1929. Il est \u00e0 l\u2019origine de deux r\u00e9formes judiciaires : la suppression des tribunaux d\u2019arrondissement et la suppression des prisons militaires.<br \/>\nHistorien de la litt\u00e9rature et r\u00e9dacteur d\u2019essais, il devient membre de l\u2019Acad\u00e9mie fran\u00e7aise en 1918.<\/p>\n<\/div>\n<\/div>\n","protected":false},"excerpt":{"rendered":"<p>Biographies justice en B\u00e9arn &nbsp; GASTON IV DE FOIX-BEARN 1436-1472 Il s\u2019installe en B\u00e9arn en 1461. Par l\u2019ordonnance du 24 septembre 1464, il transfert la capitale du B\u00e9arn d\u2019Orthez \u00e0 Pau o\u00f9 il installe le tribunal du S\u00e9n\u00e9chal. &nbsp; &nbsp; Armoiries de Gaston IV Armoiries apr\u00e8s son mariage avec El\u00e9onore d\u2019Aragon, h\u00e9riti\u00e8re de Navarre &nbsp; &hellip; <\/p>\n<p><a class=\"more-link block-button\" href=\"https:\/\/ent2d.ac-bordeaux.fr\/disciplines\/clesjustice64\/justice-en-bearn\/outils-justice-en-bearn\/biographies-justice-en-bearn\/\">Lire la Suite &raquo;<\/a><\/p>\n","protected":false},"author":62,"featured_media":0,"parent":427,"menu_order":0,"comment_status":"closed","ping_status":"closed","template":"","meta":{"footnotes":""},"class_list":["post-437","page","type-page","status-publish","hentry","nodate"],"_links":{"self":[{"href":"https:\/\/ent2d.ac-bordeaux.fr\/disciplines\/clesjustice64\/wp-json\/wp\/v2\/pages\/437","targetHints":{"allow":["GET"]}}],"collection":[{"href":"https:\/\/ent2d.ac-bordeaux.fr\/disciplines\/clesjustice64\/wp-json\/wp\/v2\/pages"}],"about":[{"href":"https:\/\/ent2d.ac-bordeaux.fr\/disciplines\/clesjustice64\/wp-json\/wp\/v2\/types\/page"}],"author":[{"embeddable":true,"href":"https:\/\/ent2d.ac-bordeaux.fr\/disciplines\/clesjustice64\/wp-json\/wp\/v2\/users\/62"}],"replies":[{"embeddable":true,"href":"https:\/\/ent2d.ac-bordeaux.fr\/disciplines\/clesjustice64\/wp-json\/wp\/v2\/comments?post=437"}],"version-history":[{"count":1,"href":"https:\/\/ent2d.ac-bordeaux.fr\/disciplines\/clesjustice64\/wp-json\/wp\/v2\/pages\/437\/revisions"}],"predecessor-version":[{"id":438,"href":"https:\/\/ent2d.ac-bordeaux.fr\/disciplines\/clesjustice64\/wp-json\/wp\/v2\/pages\/437\/revisions\/438"}],"up":[{"embeddable":true,"href":"https:\/\/ent2d.ac-bordeaux.fr\/disciplines\/clesjustice64\/wp-json\/wp\/v2\/pages\/427"}],"wp:attachment":[{"href":"https:\/\/ent2d.ac-bordeaux.fr\/disciplines\/clesjustice64\/wp-json\/wp\/v2\/media?parent=437"}],"curies":[{"name":"wp","href":"https:\/\/api.w.org\/{rel}","templated":true}]}}