{"id":434,"date":"2017-09-25T18:49:01","date_gmt":"2017-09-25T16:49:01","guid":{"rendered":"https:\/\/ent2d.ac-bordeaux.fr\/disciplines\/clesjustice64\/?page_id=434"},"modified":"2017-09-25T18:49:01","modified_gmt":"2017-09-25T16:49:01","slug":"bibliographie-justice-en-bearn","status":"publish","type":"page","link":"https:\/\/ent2d.ac-bordeaux.fr\/disciplines\/clesjustice64\/justice-en-bearn\/outils-justice-en-bearn\/bibliographie-justice-en-bearn\/","title":{"rendered":"Bibliographie justice en B\u00e9arn"},"content":{"rendered":"<h1 style=\"text-align: center\"><strong>Bibliographie justice en B\u00e9arn<\/strong><\/h1>\n<p>&nbsp;<\/p>\n<p><em><strong><span class=\"style2\">La justice<\/span>\u00ab\u00a0<\/strong>\u00a0<\/em>dans<em>La Documentation Fran\u00e7aise<\/em>, cahier fran\u00e7ais, N\u00b0251,<em><strong>\u00a0<\/strong><\/em>\u00a0mai- juin 1991<\/p>\n<p><strong><em>La justice en France<\/em><\/strong>, P.U.F., Paris, N\u00b0612, 6\u00b0 \u00e9dition, 1999<\/p>\n<p><strong><em>La justice de l&rsquo;\u00e9puration \u00e0 la fin de la Seconde Guerre mondiale<\/em><br \/>\n<\/strong>Collection \u00ab Histoire de la justice \u00bb<em>\u00a0La Documentation fran\u00e7aise<\/em><br \/>\nAssociation fran\u00e7aise pour l&rsquo;histoire de la justice<\/p>\n<p>Denis Salas, Alain Bancaud, Catherine Fillon,\u00a0<strong><em>La justice des ann\u00e9es sombres : 1940-1944<\/em><\/strong>, Collection \u00ab Histoire de la justice \u00bb La Documentation fran\u00e7aise<\/p>\n<p><strong><em>La r\u00e9volution en B\u00e9arn et au Pays Basque 1789-1799<\/em><\/strong>, CNDP 1989<\/p>\n<p>DESPLAT Christian,\u00a0<strong><em>Lettres de gr\u00e2ce enregistr\u00e9es par le Parlement de Navarre au 18\u00e8me si\u00e8cle<\/em><\/strong><br \/>\nExtrait du bulletin de l&rsquo;Association des Amis des Archives des Pyr\u00e9n\u00e9es Atlantiques.1981<\/p>\n<p>LAHARIE Claude,\u00a0<strong><em>La r\u00e9volution dans les Basses-Pyr\u00e9n\u00e9es<\/em><\/strong>, Archives D\u00e9partementales des Pyr\u00e9n\u00e9es Atlantiques 1989<\/p>\n<p>LOUSTALOT-FOREST,<strong><em>\u00a0Jean-Fran\u00e7ois de Maurot, une grande figure de juriste B\u00e9arnais<\/em><\/strong>,<br \/>\nImprimerie de l&rsquo;Universit\u00e9 ,1932<\/p>\n<p>SAUPIQUET A.,\u00a0<strong><em>La ville de Pau aux trois phases de son histoire<\/em><\/strong>, MARRIMPOUEY JEUNE 1949<\/p>\n<p>TUCOO-CHALA Pierre,\u00a0<strong><em>Petite Histoire du B\u00e9arn du Moyen-\u00e2ge au 20\u00e8me si\u00e8cle<\/em><\/strong>, PYREMONDE 2000<\/p>\n<p>Desplat, Christian &#8211; Tucoo-Chala, Pierre,\u00a0<em><strong>Histoire g\u00e9n\u00e9rale du B\u00e9arn souverain<\/strong><\/em>, Pyr\u00e9monde &#8211; Monein, 2007 (BIB U 9284)<\/p>\n<p>Tucoo-Chala, Pierre,\u00a0<strong><em>Histoire du B\u00e9arn<\/em><\/strong>, Que sais-je ? &#8211; PUF, Paris, 1962 (BIB U 478)<\/p>\n<p>Tucoo-Chala. &amp; Amblevert,\u00a0<strong><em>Gaston F\u00e9bus, La jeunesse de F\u00e9bus et La gloire de F\u00e9bus<\/em><\/strong>, \u00e9ditions Loubati\u00e8res, 2004 (BIB U 6758\/1 et 2)<\/p>\n<p>Tucoo-Chala. &amp; de Huescar,\u00a0<strong><em>Gaston F\u00e9bus et le Prince Noir<\/em><\/strong>, \u00e9ditions Loubati\u00e8res, 1985 (BIB U 4068)<\/p>\n<p>Barraqu\u00e9, Jean-Pierre,\u00a0<strong><em>Le Martinet d&rsquo;Orthez. Violence, pactes et pouvoir judiciaire en B\u00e9arn \u00e0 la fin du Moyen \u00c2ge<\/em><\/strong>, Atlantica, Biarritz, 1999 (BIB U 8932)<\/p>\n<p>Baulon, Jean-Philippe,\u00a0<strong><em>Le pouvoir vicomtal en B\u00e9arn du XIe au XIVe si\u00e8cle \u00e0 travers les fors anciens<\/em><\/strong>,<br \/>\nM\u00e9moire de ma\u00eetrise, d\u00e9partement d&rsquo;histoire &#8211; UPPA, 1994 (BIB U 7755)<\/p>\n<p>Couderc-Barraud, H\u00e9l\u00e8ne,<strong><em>\u00a0La violence, l&rsquo;ordre et la paix. R\u00e9soudre les conflits en Gascogne du XIe au d\u00e9but du XIIIe s<\/em><\/strong>.,Tempus \u2013 PUM, Toulouse, 2008 (BIB U 9499)<\/p>\n<p>Mazure, A., Hatoulet, J.,\u00a0<strong><em>Fors de B\u00e9arn : l\u00e9gislation in\u00e9dite du XIe au XIIIe s avec traduction en regard, notes et introduction<\/em><\/strong>, Pau, 18\u2026, imprimerie Vignancour (BIB U 377)<\/p>\n<p>Ourliac,\u00a0<strong><em>Justice et paix dans les fors de B\u00e9arn<\/em><\/strong>, Privat, Toulouse, 1993 (BIB U 5576)<\/p>\n<p>Tucoo-Chala, Pierre \u2013 Staes, Jacques,\u00a0<strong><em>Notaire de Prince. Le registre de Bernard de Luntz, notaire de B\u00e9arn sous Gaston F\u00e9bus (1371-1376)<\/em><\/strong>, Laboratoire de Recherche en Langues et Litt\u00e9ratures Romanes (UPPA) &amp; \u00e9ditions Covedi, Pau, 1996 (BIB U 6710 BIB U 4080\/6 et P 8\/1995)<\/p>\n<p>Tucoo-Chala, Pierre,\u00a0<strong>\u00ab L&rsquo;exercice de la justice par F\u00e9bus selon un registre de Bernard de Luntz \u00bb<\/strong>\u00a0dans\u00a0<em>Revue de Pau et du B\u00e9arn<\/em>, 1995. pp 491-499 (BIB P 8\/1995)<\/p>\n<p>Tucoo-Chala, Pierre, \u00ab\u00a0<strong>Le B\u00e9arn et les duels judiciaires au d\u00e9but du XVIe s<\/strong>\u00a0\u00bb dans\u00a0<em>Revue de Pau et du B\u00e9arn<\/em>, 1968. pp 117-132 (BIB P 8\/1968)<\/p>\n<p>Tucoo-Chala, Pierre, \u00ab\u00a0<strong>Quand Gaston F\u00e9bus rendait des jugements dignes de Salomon<\/strong>\u00a0\u00bb dans\u00a0<em>Journal des Basses-Pyr\u00e9n\u00e9es et du B\u00e9arn<\/em>\u00a0n\u00b0477, janvier 1982 (p.8)<\/p>\n","protected":false},"excerpt":{"rendered":"<p>Bibliographie justice en B\u00e9arn &nbsp; La justice\u00ab\u00a0\u00a0dansLa Documentation Fran\u00e7aise, cahier fran\u00e7ais, N\u00b0251,\u00a0\u00a0mai- juin 1991 La justice en France, P.U.F., Paris, N\u00b0612, 6\u00b0 \u00e9dition, 1999 La justice de l&rsquo;\u00e9puration \u00e0 la fin de la Seconde Guerre mondiale Collection \u00ab Histoire de la justice \u00bb\u00a0La Documentation fran\u00e7aise Association fran\u00e7aise pour l&rsquo;histoire de la justice Denis Salas, Alain &hellip; <\/p>\n<p><a class=\"more-link block-button\" href=\"https:\/\/ent2d.ac-bordeaux.fr\/disciplines\/clesjustice64\/justice-en-bearn\/outils-justice-en-bearn\/bibliographie-justice-en-bearn\/\">Lire la Suite &raquo;<\/a><\/p>\n","protected":false},"author":62,"featured_media":0,"parent":427,"menu_order":0,"comment_status":"closed","ping_status":"closed","template":"","meta":{"footnotes":""},"class_list":["post-434","page","type-page","status-publish","hentry","nodate"],"_links":{"self":[{"href":"https:\/\/ent2d.ac-bordeaux.fr\/disciplines\/clesjustice64\/wp-json\/wp\/v2\/pages\/434","targetHints":{"allow":["GET"]}}],"collection":[{"href":"https:\/\/ent2d.ac-bordeaux.fr\/disciplines\/clesjustice64\/wp-json\/wp\/v2\/pages"}],"about":[{"href":"https:\/\/ent2d.ac-bordeaux.fr\/disciplines\/clesjustice64\/wp-json\/wp\/v2\/types\/page"}],"author":[{"embeddable":true,"href":"https:\/\/ent2d.ac-bordeaux.fr\/disciplines\/clesjustice64\/wp-json\/wp\/v2\/users\/62"}],"replies":[{"embeddable":true,"href":"https:\/\/ent2d.ac-bordeaux.fr\/disciplines\/clesjustice64\/wp-json\/wp\/v2\/comments?post=434"}],"version-history":[{"count":1,"href":"https:\/\/ent2d.ac-bordeaux.fr\/disciplines\/clesjustice64\/wp-json\/wp\/v2\/pages\/434\/revisions"}],"predecessor-version":[{"id":435,"href":"https:\/\/ent2d.ac-bordeaux.fr\/disciplines\/clesjustice64\/wp-json\/wp\/v2\/pages\/434\/revisions\/435"}],"up":[{"embeddable":true,"href":"https:\/\/ent2d.ac-bordeaux.fr\/disciplines\/clesjustice64\/wp-json\/wp\/v2\/pages\/427"}],"wp:attachment":[{"href":"https:\/\/ent2d.ac-bordeaux.fr\/disciplines\/clesjustice64\/wp-json\/wp\/v2\/media?parent=434"}],"curies":[{"name":"wp","href":"https:\/\/api.w.org\/{rel}","templated":true}]}}