{"id":290,"date":"2017-08-29T11:30:37","date_gmt":"2017-08-29T09:30:37","guid":{"rendered":"https:\/\/ent2d.ac-bordeaux.fr\/disciplines\/clesjustice64\/?page_id=290"},"modified":"2017-09-15T14:57:29","modified_gmt":"2017-09-15T12:57:29","slug":"fiches-pedagogiques","status":"publish","type":"page","link":"https:\/\/ent2d.ac-bordeaux.fr\/disciplines\/clesjustice64\/les-lieux-de-justice-en-bearn-et-pays-basque\/fiches-pedagogiques\/","title":{"rendered":"Fiches p\u00e9dagogiques Pays Basque"},"content":{"rendered":"<h1 style=\"text-align: center\"><span style=\"color: #ff0000\"><strong>Fiches p\u00e9dagogiques justice en Pays Basque<\/strong><\/span><\/h1>\n<p>&nbsp;<\/p>\n<p>&nbsp;<\/p>\n<h2><em><span style=\"color: #000000\">Moyen Age<\/span><\/em><\/h2>\n<p>&nbsp;<\/p>\n<p><strong><em><span class=\"lTitre\">Accord entre Centulle de B\u00e9arn et le vicomte de Soule au milieu du XIe si\u00e8cle, cit\u00e9 par Pierre de Marca &#8211; Histoire du B\u00e9arn.1640<\/span><\/em><\/strong><\/p>\n<p>Fiche 1 : <strong>Accord entre Centulle de B\u00e9arn et le vicomte de Soule<\/strong><\/p>\n<div id=\"fiche1\">\n<p style=\"text-align: center\"><a href=\"https:\/\/ent2d.ac-bordeaux.fr\/disciplines\/clesjustice64\/wp-content\/uploads\/sites\/19\/2017\/09\/fiche_eleve_accord-1.pdf\" target=\"_blank\" rel=\"noopener\">-Fiche \u00e9l\u00e8ve<\/a><\/p>\n<p style=\"text-align: center\">&#8211;<a href=\"https:\/\/ent2d.ac-bordeaux.fr\/disciplines\/clesjustice64\/wp-content\/uploads\/sites\/19\/2017\/09\/fiche_accord-prof_pb_1_1.pdf\" target=\"_blank\" rel=\"noopener\">Fiche enseignant<\/a><\/p>\n<p>&nbsp;<\/p>\n<p><strong><em><span class=\"lTitre\">Un jugement du maire de Bayonne. 3 septembre 1415. Livre des Etablissements de la ville de Bayonne, AA1<\/span><\/em><\/strong><\/p>\n<p>Fiche 2 : <strong>Un jugement du maire de Bayonne<\/strong><\/p>\n<p style=\"text-align: center\"><a href=\"https:\/\/ent2d.ac-bordeaux.fr\/disciplines\/clesjustice64\/wp-content\/uploads\/sites\/19\/2017\/09\/jugement-bayonne-pb_1_2.pdf\" target=\"_blank\" rel=\"noopener\">-Fiche \u00e9l\u00e8ve<\/a><\/p>\n<p style=\"text-align: center\">&#8211;<a href=\"https:\/\/ent2d.ac-bordeaux.fr\/disciplines\/clesjustice64\/wp-content\/uploads\/sites\/19\/2017\/09\/jugement-bayonne-prof.pdf\" target=\"_blank\" rel=\"noopener\">Fiche enseignant<\/a><\/p>\n<p>&nbsp;<\/p>\n<\/div>\n<h2><span style=\"color: #000000\"><em>Temps modernes<\/em><\/span><\/h2>\n<p>&nbsp;<\/p>\n<p><strong><em><span class=\"lTitre\">Enqu\u00eate sur une femme \u00ab portugaise \u00bb tu\u00e9e par la foule \u00e0 Saint-Jean-de-Luz en 1619. Archives communales de Saint-Jean-de-Luz, E d\u00e9p\u00f4t FF12<\/span><\/em><\/strong><\/p>\n<p>Fiche 1 : <strong>Enqu\u00eate sur une femme \u00ab portugaise \u00bb tu\u00e9e par la foule<\/strong><\/p>\n<p>&nbsp;<\/p>\n<div id=\"theme2\">\n<p style=\"text-align: center\"><a href=\"https:\/\/ent2d.ac-bordeaux.fr\/disciplines\/clesjustice64\/wp-content\/uploads\/sites\/19\/2017\/09\/portugaise-\u00e9l\u00e8ve.pdf\" target=\"_blank\" rel=\"noopener\">-Fiche \u00e9l\u00e8ve<\/a><\/p>\n<p style=\"text-align: center\"><a href=\"https:\/\/ent2d.ac-bordeaux.fr\/disciplines\/clesjustice64\/wp-content\/uploads\/sites\/19\/2017\/09\/portugaise-prof.pdf\" target=\"_blank\" rel=\"noopener\">-Fiche enseignant<\/a><\/p>\n<\/div>\n<h2><span style=\"color: #000000\"><em>Temps contemporains<\/em><\/span><\/h2>\n<p>&nbsp;<\/p>\n<p><strong><em><span class=\"lTitre\">La justice r\u00e9volutionnaire : Condamnation \u00e0 mort de Domingo Garat d&rsquo;Itxassou. 1794. Archives communales de Bayonne, E d\u00e9p\u00f4t 3 I 16<\/span><\/em><\/strong><\/p>\n<div id=\"theme31\"><\/div>\n<p>&nbsp;<\/p>\n<p style=\"text-align: center\"><a href=\"https:\/\/ent2d.ac-bordeaux.fr\/disciplines\/clesjustice64\/wp-content\/uploads\/sites\/19\/2017\/09\/domingo-\u00e9l\u00e8ves.pdf\" target=\"_blank\" rel=\"noopener\">-Fiche \u00e9l\u00e8ve<\/a><\/p>\n<p style=\"text-align: center\"><a href=\"https:\/\/ent2d.ac-bordeaux.fr\/disciplines\/clesjustice64\/wp-content\/uploads\/sites\/19\/2017\/09\/domingo-prof.pdf\" target=\"_blank\" rel=\"noopener\">-Fiche enseignant<\/a><\/p>\n<p>&nbsp;<\/p>\n<p style=\"text-align: left\"><em><strong><span class=\"lTitre\">Jugement pour un vol commis par un mineur. 1831. Tribunal de premi\u00e8re instance de Saint-Palais, 3U5 654<\/span><\/strong><\/em><\/p>\n<div id=\"theme32\"><\/div>\n<p style=\"text-align: center\"><a href=\"https:\/\/ent2d.ac-bordeaux.fr\/disciplines\/clesjustice64\/wp-content\/uploads\/sites\/19\/2017\/09\/vol-mineur.pdf\" target=\"_blank\" rel=\"noopener\">-Fiche \u00e9l\u00e8ve<\/a><\/p>\n<p style=\"text-align: center\">&#8211;<a href=\"https:\/\/ent2d.ac-bordeaux.fr\/disciplines\/clesjustice64\/wp-content\/uploads\/sites\/19\/2017\/09\/vol-mineur-prof.pdf\" target=\"_blank\" rel=\"noopener\">Fiche enseignant<\/a><\/p>\n<p>&nbsp;<\/p>\n<p><em><strong><span class=\"lTitre\">Une ex\u00e9cution publique \u00e0 Saint Palais. 1841. Extrait du M\u00e9morial des Pyr\u00e9n\u00e9es, f\u00e9vrier 1841<\/span><\/strong><\/em><\/p>\n<div id=\"theme33\">\n<p>&nbsp;<\/p>\n<p style=\"text-align: center\"><a href=\"https:\/\/ent2d.ac-bordeaux.fr\/disciplines\/clesjustice64\/wp-content\/uploads\/sites\/19\/2017\/09\/ex\u00e9cution-publique.pdf\" target=\"_blank\" rel=\"noopener\">-Fiche \u00e9l\u00e8ve<\/a><\/p>\n<p style=\"text-align: center\"><a href=\"https:\/\/ent2d.ac-bordeaux.fr\/disciplines\/clesjustice64\/wp-content\/uploads\/sites\/19\/2017\/09\/ex\u00e9cution-publique-prof.pdf\" target=\"_blank\" rel=\"noopener\">-Fiche enseignant<\/a><\/p>\n<p>&nbsp;<\/p>\n<p><em><strong>Deux boh\u00e9miennes incarc\u00e9r\u00e9es pour mendicit\u00e9<\/strong><\/em><\/p>\n<p style=\"text-align: center\"><a href=\"https:\/\/ent2d.ac-bordeaux.fr\/disciplines\/clesjustice64\/wp-content\/uploads\/sites\/19\/2017\/09\/boh\u00e9miennes.pdf\" target=\"_blank\" rel=\"noopener\">-Fiche \u00e9l\u00e8ve<\/a><\/p>\n<p style=\"text-align: center\"><a href=\"https:\/\/ent2d.ac-bordeaux.fr\/disciplines\/clesjustice64\/wp-content\/uploads\/sites\/19\/2017\/09\/boh\u00e9miennes-prof.pdf\" target=\"_blank\" rel=\"noopener\">-Fiche enseignant<\/a><\/p>\n<\/div>\n<div id=\"theme34\"><\/div>\n<p><em><strong><span class=\"lTitre\">Un proc\u00e8s pour contrefa\u00e7on concernant une liqueur produite \u00e0 Hendaye. 1907-1908. Tribunal de Grande instance de Bayonne, 3U1 168. Cour d&rsquo;Appel de Pau, 2U1672<\/span><\/strong><\/em><\/p>\n<p>&nbsp;<\/p>\n<p style=\"text-align: center\"><a href=\"https:\/\/ent2d.ac-bordeaux.fr\/disciplines\/clesjustice64\/wp-content\/uploads\/sites\/19\/2017\/09\/contrefa\u00e7ons.pdf\" target=\"_blank\" rel=\"noopener\">-Fiche \u00e9l\u00e8ve<\/a><\/p>\n<p style=\"text-align: center\">&#8211;<a href=\"https:\/\/ent2d.ac-bordeaux.fr\/disciplines\/clesjustice64\/wp-content\/uploads\/sites\/19\/2017\/09\/contrefa\u00e7on-prof.pdf\" target=\"_blank\" rel=\"noopener\">Fiche enseignant<\/a><\/p>\n<div id=\"theme35\">\n<p>&nbsp;<\/p>\n<p><em><strong>Uhart, les \u00e9tapes de la proc\u00e9dure, 1910. Cour d&rsquo;assises, 2U 1267<\/strong><\/em><\/p>\n<p style=\"text-align: center\"><a href=\"https:\/\/ent2d.ac-bordeaux.fr\/disciplines\/clesjustice64\/wp-content\/uploads\/sites\/19\/2017\/09\/uhart.pdf\" target=\"_blank\" rel=\"noopener\">-Fiche \u00e9l\u00e8ve<\/a><\/p>\n<p style=\"text-align: center\"><a href=\"https:\/\/ent2d.ac-bordeaux.fr\/disciplines\/clesjustice64\/wp-content\/uploads\/sites\/19\/2017\/09\/uhart-prof.pdf\" target=\"_blank\" rel=\"noopener\">-Fiche enseignant<\/a><\/p>\n<p>&nbsp;<\/p>\n<\/div>\n<p><em><strong><span class=\"lTitre\">L&rsquo;affaire Uhart, les lieux du crime, 1910. Cour d&rsquo;assises, 2U 12<\/span><\/strong><\/em><\/p>\n<p style=\"text-align: center\"><a href=\"https:\/\/ent2d.ac-bordeaux.fr\/disciplines\/clesjustice64\/wp-content\/uploads\/sites\/19\/2017\/09\/uhart-\u00e9l\u00e8ve.pdf\" target=\"_blank\" rel=\"noopener\">-Fiche \u00e9l\u00e8ve<\/a><\/p>\n<p style=\"text-align: center\"><a href=\"https:\/\/ent2d.ac-bordeaux.fr\/disciplines\/clesjustice64\/wp-content\/uploads\/sites\/19\/2017\/09\/uhart-prof-1.pdf\" target=\"_blank\" rel=\"noopener\">-Fiche enseignant<\/a><\/p>\n<div id=\"theme37\"><\/div>\n<h2><strong>En B\u00e9arn&#8230;.du ch\u00e2teau m\u00e9di\u00e9val au palais de justice<\/strong><\/h2>\n<p>&nbsp;<\/p>\n<h3><span style=\"color: #ff6600\">Moyen Age<\/span><\/h3>\n<p>&nbsp;<\/p>\n<p><em><strong><span class=\"lTitre\">Extrait du For g\u00e9n\u00e9ral de B\u00e9arn.Textes m\u00e9di\u00e9vaux copies au XVe si\u00e8cle<\/span><\/strong><\/em><\/p>\n<div id=\"fiche1\">\n<p>&nbsp;<\/p>\n<p><em>Extrait du For g\u00e9n\u00e9ral de B\u00e9arn<\/em><\/p>\n<p style=\"text-align: center\">-Fiche \u00e9l\u00e8ve<\/p>\n<p style=\"text-align: center\">-El\u00e9ments de correction<\/p>\n<p><em>Traduction de l&rsquo;extrait du For g\u00e9n\u00e9ral<\/em><\/p>\n<p style=\"text-align: center\">-Fiche \u00e9l\u00e8ve<\/p>\n<p style=\"text-align: center\">-El\u00e9ments de correction<\/p>\n<p>&nbsp;<\/p>\n<p><em><strong>Justice vicomtale itin\u00e9rante<\/strong><\/em><\/p>\n<\/div>\n<div id=\"fiche3\">\n<p>&nbsp;<\/p>\n<p><strong>Fiche 1: Justice vicomtale itin\u00e9rante<\/strong><\/p>\n<p style=\"text-align: center\">-Fiche \u00e9l\u00e8ve<\/p>\n<p style=\"text-align: center\">-Fiche enseignant-\u00e9l\u00e8ve<\/p>\n<p style=\"text-align: center\">-Fiche enseignant<\/p>\n<p style=\"text-align: center\">-El\u00e9ments de correction<\/p>\n<p>&nbsp;<\/p>\n<p>Fiche 2 : <strong>Justice vicomtale itin\u00e9rante<\/strong><\/p>\n<p style=\"text-align: center\">-Fiche \u00e9l\u00e8ve<\/p>\n<p style=\"text-align: center\">-El\u00e9ments de correction<\/p>\n<p>&nbsp;<\/p>\n<p>&nbsp;<\/p>\n<p>Fiche 3 : <strong>Justice vicomtale itin\u00e9rante<\/strong><\/p>\n<p style=\"text-align: center\">-Fiche \u00e9l\u00e8ve<\/p>\n<p style=\"text-align: center\">-Fiche enseignant-\u00e9l\u00e8ve<\/p>\n<p style=\"text-align: center\">-El\u00e9ments de correction<\/p>\n<p>&nbsp;<\/p>\n<p>&nbsp;<\/p>\n<\/div>\n<p><em><strong><span class=\"lTitre\">Justice s\u00e9dentaire : le ch\u00e2teau de Pau<\/span><\/strong><\/em><\/p>\n<div id=\"fiche2\">\n<p>&nbsp;<\/p>\n<p>Fiche 1 : <strong>Justice s\u00e9dentaire : le ch\u00e2teau de Pau<\/strong><\/p>\n<p style=\"text-align: center\">-Fiche \u00e9l\u00e8ve<\/p>\n<p style=\"text-align: center\">-El\u00e9ments de correction<\/p>\n<p>&nbsp;<\/p>\n<p>&nbsp;<\/p>\n<\/div>\n<p><em><strong><span class=\"lTitre\">Justice locale : le For de Morla\u00e0s<\/span><\/strong><\/em><\/p>\n<div id=\"fiche4\">\n<p>&nbsp;<\/p>\n<p>Fiche 1 : <strong>Justice locale : le For de Morla\u00e0s<\/strong><\/p>\n<p style=\"text-align: center\">-Fiche \u00e9l\u00e8ve<\/p>\n<p style=\"text-align: center\">-El\u00e9ments de correction<\/p>\n<p>&nbsp;<\/p>\n<p>&nbsp;<\/p>\n<h3><span style=\"color: #ff6600\">Temps modernes<\/span><\/h3>\n<p>&nbsp;<\/p>\n<\/div>\n<p>&nbsp;<\/p>\n<p><em><strong><span class=\"lTitre\">Les lieux de justice \u00e0 Pau au XVIIIe s.<\/span><\/strong><\/em><\/p>\n<div id=\"theme2\">\n<p>&nbsp;<\/p>\n<p>Fiche 1 : <strong>Les lieux de justice \u00e0 Pau au XVIIIe s.<\/strong><\/p>\n<p style=\"text-align: center\">-Fiche \u00e9l\u00e8ve<\/p>\n<p style=\"text-align: center\">-El\u00e9ments de correction<\/p>\n<p>&nbsp;<\/p>\n<\/div>\n<p><em><strong><span class=\"lTitre\">Incendie au Palais &#8211; 1716<\/span><\/strong><\/em><\/p>\n<div id=\"theme22\"><\/div>\n<p>Fiche 1 : <strong>Incendie au Palais &#8211; 1716<\/strong><\/p>\n<p style=\"text-align: center\">-Fiche \u00e9l\u00e8ve<\/p>\n<p style=\"text-align: center\">-El\u00e9ments de correction<\/p>\n<p>&nbsp;<\/p>\n<p><em><strong><span class=\"lTitre\">Une lettre de gr\u00e2ce-1756<\/span><\/strong><\/em><\/p>\n<div id=\"theme23\">\n<p>&nbsp;<\/p>\n<p>Fiche 1 : <strong>Une lettre de gr\u00e2ce -1756<\/strong><\/p>\n<p style=\"text-align: center\">-Fiche \u00e9l\u00e8ve<\/p>\n<p style=\"text-align: center\">-Fiche enseignant<\/p>\n<p style=\"text-align: center\">-El\u00e9ments de correction<\/p>\n<\/div>\n<h3><span style=\"color: #ff6600\">Temps contemporains<\/span><\/h3>\n<p>&nbsp;<\/p>\n<p>&nbsp;<\/p>\n<p><em><strong><span class=\"lTitre\">Ce qui change \u00e0 partir de 1789 &#8211; Justice et dol\u00e9ances<\/span><\/strong><\/em><\/p>\n<div id=\"theme31\">\n<p>&nbsp;<\/p>\n<p>Fiche 1 : <strong>Justice et dol\u00e9ances &#8211; 1789<\/strong><\/p>\n<p style=\"text-align: center\">-Fiche \u00e9l\u00e8ve<\/p>\n<p style=\"text-align: center\">-El\u00e9ments de correction<\/p>\n<p>&nbsp;<\/p>\n<\/div>\n<p>&nbsp;<\/p>\n<p><em><strong><span class=\"lTitre\">Ce qui change \u00e0 partir de 1789 &#8211;\u00a0Comment r\u00e9former ?<\/span><\/strong><\/em><\/p>\n<div id=\"theme32\">\n<p>&nbsp;<\/p>\n<p>Fiche 1 : <strong>Comment r\u00e9former ? &#8211; 1789<\/strong><\/p>\n<p style=\"text-align: center\">-Fiche \u00e9l\u00e8ve<\/p>\n<p style=\"text-align: center\">-El\u00e9ments de correction<\/p>\n<p>&nbsp;<\/p>\n<p>&nbsp;<\/p>\n<\/div>\n<p><em><strong><span class=\"lTitre\">Ce qui change \u00e0 partir de 1789 &#8211;\u00a0Les r\u00e9formes \u00e0 l&rsquo;\u00e9chelle d\u00e9partementale<\/span><\/strong><\/em><\/p>\n<div id=\"theme33\">\n<p>&nbsp;<\/p>\n<p>Fiche 1 : <strong>Un nouveau d\u00e9coupage judiciaire &#8211; 1789<\/strong><\/p>\n<p style=\"text-align: center\">-Fiche \u00e9l\u00e8ve<\/p>\n<p style=\"text-align: center\">-El\u00e9ments de correction<\/p>\n<p>&nbsp;<\/p>\n<p>Fiche 2 : <strong>Le juge de paix<\/strong><\/p>\n<p style=\"text-align: center\">-Fiche \u00e9l\u00e8ve<\/p>\n<p style=\"text-align: center\">-El\u00e9ments de correction<\/p>\n<p>&nbsp;<\/p>\n<\/div>\n<p><em><strong><span class=\"lTitre\">La Terreur : cr\u00e9ation du Comit\u00e9 de surveillance de Pau<\/span><\/strong><\/em><\/p>\n<div id=\"theme34\">\n<p>&nbsp;<\/p>\n<p>Fiche 1 : <strong>La Terreur : cr\u00e9ation du Comit\u00e9 de surveillance de Pau<\/strong><\/p>\n<p style=\"text-align: center\">-Fiche \u00e9l\u00e8ve<\/p>\n<p style=\"text-align: center\">-El\u00e9ments de correction<\/p>\n<p>&nbsp;<\/p>\n<p>Fiche 2 : <strong>La Terreur : cr\u00e9ation du Comit\u00e9 de surveillance de Pau<\/strong><\/p>\n<p style=\"text-align: center\">-Fiche \u00e9l\u00e8ve<\/p>\n<p style=\"text-align: center\">-El\u00e9ments de correction<\/p>\n<p>&nbsp;<\/p>\n<\/div>\n<p><em><strong><span class=\"lTitre\">La Terreur : cr\u00e9ation de la commission extraordinaire dans les Basses-Pyr\u00e9n\u00e9es<\/span><\/strong><\/em><\/p>\n<div id=\"theme35\">\n<p>&nbsp;<\/p>\n<p>Fiche 1 : <strong>La Terreur : cr\u00e9ation de la commission extraordinaire dans les Basses-Pyr\u00e9n\u00e9es<\/strong><\/p>\n<p style=\"text-align: center\">-Fiche \u00e9l\u00e8ve<\/p>\n<p style=\"text-align: center\">-El\u00e9ments de correction<\/p>\n<p>&nbsp;<\/p>\n<\/div>\n<p><em><strong><span class=\"lTitre\">Proc\u00e8s sous la Terreur<\/span><\/strong><\/em><\/p>\n<div id=\"theme36\">\n<p>&nbsp;<\/p>\n<p>Fiche 1 : <strong>Proc\u00e8s sous la Terreur<\/strong><\/p>\n<p style=\"text-align: center\">-Fiche \u00e9l\u00e8ve<\/p>\n<p style=\"text-align: center\">-El\u00e9ments de correction<\/p>\n<p>&nbsp;<\/p>\n<\/div>\n<p>&nbsp;<\/p>\n<p><em><strong><span class=\"lTitre\">Terreur et ex\u00e9cuteurs<\/span><\/strong><\/em><\/p>\n<div id=\"theme37\">\n<p>&nbsp;<\/p>\n<p>Fiche 1 : <strong>Correspondance entre le ministre de la justice et l&rsquo;accusateur public des Basses Pyr\u00e9n\u00e9es<\/strong><\/p>\n<p style=\"text-align: center\">-Fiche \u00e9l\u00e8ve<\/p>\n<p style=\"text-align: center\">-El\u00e9ments de correction<\/p>\n<p>&nbsp;<\/p>\n<\/div>\n<p><em><strong><span class=\"lTitre\">Le Palais de Justice de Pau : descriptif<\/span><\/strong><\/em><\/p>\n<div id=\"theme38\">\n<p>&nbsp;<\/p>\n<p>Fiche 1 : <strong>Le Palais de Justice de Pau : descriptif<\/strong><\/p>\n<p style=\"text-align: center\">-Fiche \u00e9l\u00e8ve<\/p>\n<p style=\"text-align: center\">-El\u00e9ments de correction<\/p>\n<p>&nbsp;<\/p>\n<\/div>\n<p><em><strong><span class=\"lTitre\">Inauguration du Palais de Justice de Pau<\/span><\/strong><\/em><\/p>\n<div id=\"theme39\">\n<p>&nbsp;<\/p>\n<p>Fiche 1 : <strong>Inauguration du Palais de Justice de Pau<\/strong><\/p>\n<p style=\"text-align: center\">-Fiche \u00e9l\u00e8ve<\/p>\n<p style=\"text-align: center\">-El\u00e9ments de correction<\/p>\n<p>&nbsp;<\/p>\n<\/div>\n<p><em><strong><span class=\"lTitre\">Louis Barthou<\/span><\/strong><\/em><\/p>\n<div id=\"theme40\">\n<p>&nbsp;<\/p>\n<p>Fiche 1 : <strong>Louis Barthou<\/strong><\/p>\n<p style=\"text-align: center\">-Fiche \u00e9l\u00e8ve<\/p>\n<p style=\"text-align: center\">-El\u00e9ments de correction<\/p>\n<p>&nbsp;<\/p>\n<\/div>\n<p>&nbsp;<\/p>\n<p>&nbsp;<\/p>\n<p>&nbsp;<\/p>\n<p>&nbsp;<\/p>\n<p>&nbsp;<\/p>\n","protected":false},"excerpt":{"rendered":"<p>Fiches p\u00e9dagogiques justice en Pays Basque &nbsp; &nbsp; Moyen Age &nbsp; Accord entre Centulle de B\u00e9arn et le vicomte de Soule au milieu du XIe si\u00e8cle, cit\u00e9 par Pierre de Marca &#8211; Histoire du B\u00e9arn.1640 Fiche 1 : Accord entre Centulle de B\u00e9arn et le vicomte de Soule -Fiche \u00e9l\u00e8ve &#8211;Fiche enseignant &nbsp; Un jugement &hellip; <\/p>\n<p><a class=\"more-link block-button\" href=\"https:\/\/ent2d.ac-bordeaux.fr\/disciplines\/clesjustice64\/les-lieux-de-justice-en-bearn-et-pays-basque\/fiches-pedagogiques\/\">Lire la Suite &raquo;<\/a><\/p>\n","protected":false},"author":62,"featured_media":0,"parent":254,"menu_order":0,"comment_status":"closed","ping_status":"closed","template":"","meta":{"footnotes":""},"class_list":["post-290","page","type-page","status-publish","hentry","nodate"],"_links":{"self":[{"href":"https:\/\/ent2d.ac-bordeaux.fr\/disciplines\/clesjustice64\/wp-json\/wp\/v2\/pages\/290","targetHints":{"allow":["GET"]}}],"collection":[{"href":"https:\/\/ent2d.ac-bordeaux.fr\/disciplines\/clesjustice64\/wp-json\/wp\/v2\/pages"}],"about":[{"href":"https:\/\/ent2d.ac-bordeaux.fr\/disciplines\/clesjustice64\/wp-json\/wp\/v2\/types\/page"}],"author":[{"embeddable":true,"href":"https:\/\/ent2d.ac-bordeaux.fr\/disciplines\/clesjustice64\/wp-json\/wp\/v2\/users\/62"}],"replies":[{"embeddable":true,"href":"https:\/\/ent2d.ac-bordeaux.fr\/disciplines\/clesjustice64\/wp-json\/wp\/v2\/comments?post=290"}],"version-history":[{"count":9,"href":"https:\/\/ent2d.ac-bordeaux.fr\/disciplines\/clesjustice64\/wp-json\/wp\/v2\/pages\/290\/revisions"}],"predecessor-version":[{"id":414,"href":"https:\/\/ent2d.ac-bordeaux.fr\/disciplines\/clesjustice64\/wp-json\/wp\/v2\/pages\/290\/revisions\/414"}],"up":[{"embeddable":true,"href":"https:\/\/ent2d.ac-bordeaux.fr\/disciplines\/clesjustice64\/wp-json\/wp\/v2\/pages\/254"}],"wp:attachment":[{"href":"https:\/\/ent2d.ac-bordeaux.fr\/disciplines\/clesjustice64\/wp-json\/wp\/v2\/media?parent=290"}],"curies":[{"name":"wp","href":"https:\/\/api.w.org\/{rel}","templated":true}]}}