{"id":264,"date":"2017-08-29T07:35:24","date_gmt":"2017-08-29T05:35:24","guid":{"rendered":"https:\/\/ent2d.ac-bordeaux.fr\/disciplines\/clesjustice64\/?page_id=264"},"modified":"2017-08-29T07:35:24","modified_gmt":"2017-08-29T05:35:24","slug":"infos-pratiques","status":"publish","type":"page","link":"https:\/\/ent2d.ac-bordeaux.fr\/disciplines\/clesjustice64\/infos-pratiques\/","title":{"rendered":"Infos pratiques"},"content":{"rendered":"<h1 style=\"text-align: center\"><span style=\"color: #ff0000\"><strong>Infos pratiques<\/strong><\/span><\/h1>\n<div id=\"conteneur\">\n<div id=\"titrePage\"><\/div>\n<div>\n<div id=\"feuille\">\n<div id=\"rubrique\">\n<h3>Comment assister \u00e0 une audience ?<\/h3>\n<p>Le Tribunal de Grande instance de Pau peut accueillir des classes. Des groupes de 15 \u00e9l\u00e8ves accompagn\u00e9s de leurs enseignants peuvent assister \u00e0 des audiences correctionnelles. Pour cela il est n\u00e9cessaire de prendre contact aupr\u00e8s du secr\u00e9tariat du Pr\u00e9sident par courrier qui fixe le calendrier.<\/p>\n<p>Secr\u00e9tariat de la Pr\u00e9sidence<br \/>\nPalais de Justice<br \/>\nPlace de la Lib\u00e9ration<br \/>\n64034 Pau Cedex<\/p>\n<p>Dans le cadre de projet p\u00e9dagogique particulier, un membre du CDAD peut r\u00e9pondre aux questions concernant l&rsquo;organisation judiciaire.<\/p>\n<h3>Coordonn\u00e9es des tribunaux de grande instance du d\u00e9partement<\/h3>\n<p><strong>Tribunal de Grande Instance de Bayonne<\/strong><br \/>\nAv L\u00e9gion Tch\u00e8que<br \/>\n64109 Bayonne Cedex<br \/>\nT\u00e9l : 05.59.44.54.00<br \/>\nFax : 05.59.44.54.54<\/p>\n<p><strong>Ouverture au public<\/strong> : 9h00 -12h00 \/ 14h00 -17h00 du lundi au vendredi<\/p>\n<p><strong>Tribunal de Grande Instance de Pau<\/strong><br \/>\nPlace de la Lib\u00e9ration<br \/>\n64034 PAU Cedex<br \/>\nT\u00e9l : 05.59.82.46.15<br \/>\nFax : 05.59.82.46.96<\/p>\n<p><strong>Ouverture au public<\/strong> : 8h30 -12h00 \/ 13h00 -17h00 du lundi au vendredi<\/p>\n<h3>Les sites utiles :<\/h3>\n<ul>\n<li>le site du Conseil d\u00e9partemental d&rsquo;acc\u00e8s au droit des Pyr\u00e9n\u00e9es-Atlantiques<br \/>\n<a href=\"http:\/\/www.cdad-pyreneesatlantiques.justice.fr\/\" target=\"_blank\" rel=\"noopener\">http:\/\/www.cdad-pyreneesatlantiques.justice.fr<\/a><\/li>\n<li>le site de la Cour d&rsquo;appel de Pau<br \/>\n<a href=\"http:\/\/www.ca-pau.justice.fr\/\" target=\"_blank\" rel=\"noopener\">http:\/\/www.ca-pau.justice.fr<\/a><\/li>\n<li>Le site du Minist\u00e8re de la Justice<br \/>\n<a href=\"http:\/\/www.justice.gouv.fr\/\" target=\"_blank\" rel=\"noopener\">http:\/\/www.justice.gouv.fr\/<\/a><\/li>\n<li>Le site p\u00e9dagogique du minist\u00e8re de l&rsquo;\u00e9ducation nationale<br \/>\n<a href=\"http:\/\/www.eduscol.education.fr\/D0001\/r_navigation.htm\" target=\"_blank\" rel=\"noopener\"> http:\/\/www.eduscol.education.fr\/D0001\/r_navigation.htm<\/a><\/li>\n<li>Le sitedes ados<br \/>\n<a href=\"http:\/\/www.ado.justice.gouv.fr\/\" target=\"_blank\" rel=\"noopener\">http:\/\/www.ado.justice.gouv.fr <\/a><\/li>\n<li>Le site du d\u00e9fenseur des enfants<br \/>\n<a href=\"http:\/\/www.defenseurdesenfants.fr\/equipe.php#carteFR\" target=\"_blank\" rel=\"noopener\">http:\/\/www.defenseurdesenfants.fr\/equipe.php#carteFR <\/a><\/li>\n<li>Le site de l&rsquo;Association de Parents d&rsquo;Enfants Accident\u00e9s par Strangulation (APEAS)<br \/>\n<a href=\"http:\/\/www.jeudufoulard.com\/\" target=\"_blank\" rel=\"noopener\"> http:\/\/www.jeudufoulard.com <\/a><\/li>\n<li>Le site de la Mission de recherche Droit et Justice<br \/>\n<a href=\"http:\/\/www.gip-recherche-justice.fr\/\" target=\"_blank\" rel=\"noopener\">http:\/\/www.gip-recherche-justice.fr\/ <\/a><\/li>\n<li>Le site du Centre de recherches sociologiques sur le droit et les institutions p\u00e9nales (CESDIP)<br \/>\n<a href=\"http:\/\/www.cesdip.org\/\" target=\"_blank\" rel=\"noopener\">http:\/\/www.cesdip.org <\/a><\/li>\n<li>Portail d&rsquo;information de la jeunesse &#8211; minist\u00e8re de la jeunesse, des sports et de la vie associativebr \/&gt; <a href=\"http:\/\/www.jeunesse.gouv.fr\/\" target=\"_blank\" rel=\"noopener\">http:\/\/www.jeunesse.gouv.fr <\/a><\/li>\n<li>Le site de l&rsquo;INJEP Institut national de la jeunesse et de l&rsquo;\u00e9ducation populaire<br \/>\n<a href=\"http:\/\/www.injep.fr\/\" target=\"_blank\" rel=\"noopener\">http:\/\/www.injep.fr <\/a><\/li>\n<li>Annuaire des structures du R\u00e9seau Information Jeunesse<br \/>\n<a href=\"http:\/\/www.inet.jeunesse-sports.gouv.fr\/rij\/rijindex.asp\" target=\"_blank\" rel=\"noopener\">http:\/\/www.inet.jeunesse-sports.gouv.fr\/rij\/rijindex.asp <\/a><\/li>\n<li>\u00a0Alex : le site des droits des jeunes<br \/>\n<a href=\"http:\/\/www.droitsdesjeunes.gouv.fr\/\" target=\"_blank\" rel=\"noopener\">http:\/\/www.droitsdesjeunes.gouv.fr <\/a><\/li>\n<li>Le CIDJ &#8211; Centre d&rsquo;Information et de Documentation Jeunesse<br \/>\n<a href=\"http:\/\/www.cidj.asso.fr\/\" target=\"_blank\" rel=\"noopener\">http:\/\/www.cidj.asso.fr <\/a><\/li>\n<li>Le site web de la Mission Interminist\u00e9rielle de Lutte contre la Drogue et la Toxicomanie (MILDT)<br \/>\n<a href=\"http:\/\/www.drogues.gouv.fr\/fr\/index.html\" target=\"_blank\" rel=\"noopener\">http:\/\/www.drogues.gouv.fr\/fr\/index.html <\/a><\/li>\n<li>Le site web d\u00e9di\u00e9 \u00e0 la lutte contre la p\u00e9dophilie sur Internet<br \/>\n<a href=\"http:\/\/www.internet-mineurs.gouv.fr\/\" target=\"_blank\" rel=\"noopener\">http:\/\/www.internet-mineurs.gouv.fr\/ <\/a><\/li>\n<li>Le site web de la D\u00e9l\u00e9gation aux usages de l&rsquo;Internet \u00ab\u00a0Protection des mineurs et civilit\u00e9\u00a0\u00bb<br \/>\n<a href=\"http:\/\/www.mineurs.fr\/\" target=\"_blank\" rel=\"noopener\">http:\/\/www.mineurs.fr\/ <\/a><\/li>\n<\/ul>\n<\/div>\n<\/div>\n<\/div>\n<\/div>\n","protected":false},"excerpt":{"rendered":"<p>Infos pratiques Comment assister \u00e0 une audience ? Le Tribunal de Grande instance de Pau peut accueillir des classes. Des groupes de 15 \u00e9l\u00e8ves accompagn\u00e9s de leurs enseignants peuvent assister \u00e0 des audiences correctionnelles. Pour cela il est n\u00e9cessaire de prendre contact aupr\u00e8s du secr\u00e9tariat du Pr\u00e9sident par courrier qui fixe le calendrier. Secr\u00e9tariat de &hellip; <\/p>\n<p><a class=\"more-link block-button\" href=\"https:\/\/ent2d.ac-bordeaux.fr\/disciplines\/clesjustice64\/infos-pratiques\/\">Lire la Suite &raquo;<\/a><\/p>\n","protected":false},"author":62,"featured_media":0,"parent":0,"menu_order":0,"comment_status":"closed","ping_status":"closed","template":"","meta":{"footnotes":""},"class_list":["post-264","page","type-page","status-publish","hentry","nodate"],"_links":{"self":[{"href":"https:\/\/ent2d.ac-bordeaux.fr\/disciplines\/clesjustice64\/wp-json\/wp\/v2\/pages\/264","targetHints":{"allow":["GET"]}}],"collection":[{"href":"https:\/\/ent2d.ac-bordeaux.fr\/disciplines\/clesjustice64\/wp-json\/wp\/v2\/pages"}],"about":[{"href":"https:\/\/ent2d.ac-bordeaux.fr\/disciplines\/clesjustice64\/wp-json\/wp\/v2\/types\/page"}],"author":[{"embeddable":true,"href":"https:\/\/ent2d.ac-bordeaux.fr\/disciplines\/clesjustice64\/wp-json\/wp\/v2\/users\/62"}],"replies":[{"embeddable":true,"href":"https:\/\/ent2d.ac-bordeaux.fr\/disciplines\/clesjustice64\/wp-json\/wp\/v2\/comments?post=264"}],"version-history":[{"count":1,"href":"https:\/\/ent2d.ac-bordeaux.fr\/disciplines\/clesjustice64\/wp-json\/wp\/v2\/pages\/264\/revisions"}],"predecessor-version":[{"id":265,"href":"https:\/\/ent2d.ac-bordeaux.fr\/disciplines\/clesjustice64\/wp-json\/wp\/v2\/pages\/264\/revisions\/265"}],"wp:attachment":[{"href":"https:\/\/ent2d.ac-bordeaux.fr\/disciplines\/clesjustice64\/wp-json\/wp\/v2\/media?parent=264"}],"curies":[{"name":"wp","href":"https:\/\/api.w.org\/{rel}","templated":true}]}}