{"id":239,"date":"2017-08-28T19:22:58","date_gmt":"2017-08-28T17:22:58","guid":{"rendered":"https:\/\/ent2d.ac-bordeaux.fr\/disciplines\/clesjustice64\/?page_id=239"},"modified":"2017-08-29T07:58:54","modified_gmt":"2017-08-29T05:58:54","slug":"enquetes","status":"publish","type":"page","link":"https:\/\/ent2d.ac-bordeaux.fr\/disciplines\/clesjustice64\/justice-des-mineurs\/enquetes\/","title":{"rendered":"Enqu\u00eates"},"content":{"rendered":"<h1 style=\"text-align: center\"><span style=\"color: #ff0000\"><strong>Enqu\u00eates<\/strong><\/span><\/h1>\n<div>\n<h1>Enqu\u00eates<\/h1>\n<ul>\n<li><a href=\"\/Users\/SAINTGERMAIN\/Desktop\/justice\/cle_justice64\/www.crdp-aquitaine.fr\/cles_justice\/ext\/oad.html\" target=\"_blank\" rel=\"noopener\">Centre de placement familial &#8211; ouvre de l&rsquo;Abb\u00e9 Denis<\/a><br \/>\nCette association, dont le si\u00e8ge social est situ\u00e9 au 79 rue des Lauriers \u00e0 Pau, a pour mission d&rsquo;organiser et de suivre le placement de 100 jeunes dans des familles d&rsquo;accueil. L&rsquo;association est surtout connue pour la prise en charge d&rsquo;adolescents \u00e2g\u00e9s de 13 \u00e0 17 ans (80 % du public accueilli), mais des nourrissons et de jeunes adultes jusqu&rsquo;\u00e0 21 ans sont \u00e9galement concern\u00e9s.\u00a0\u00a0<a href=\"\/Users\/SAINTGERMAIN\/Desktop\/justice\/cle_justice64\/www.crdp-aquitaine.fr\/cles_justice\/ext\/oad.html\" target=\"_blank\" rel=\"noopener\">Article complet<\/a><\/li>\n<li><a href=\"\/Users\/SAINTGERMAIN\/Desktop\/justice\/cle_justice64\/www.crdp-aquitaine.fr\/cles_justice\/ext\/Bon_Pasteur.html\" target=\"_blank\" rel=\"noopener\">Le Foyer d&rsquo;Ossau &#8211; Bon Pasteur \u00e0 Pau<\/a><br \/>\nCe foyer, situ\u00e9 au 29 rue Dev\u00e9ria \u00e0 Pau, est une Maison d&rsquo;enfants \u00e0 caract\u00e8re social qui accueille des jeunes filles \u00ab en difficult\u00e9 \u00bb. Trente adolescentes y vivent \u00e0 l&rsquo;ann\u00e9e en internat, encadr\u00e9es par des \u00e9ducateurs sp\u00e9cialis\u00e9s. Elles sont scolaris\u00e9es dans les \u00e9tablissements publics ou priv\u00e9s de l&rsquo;agglom\u00e9ration paloise et pratiquent des activit\u00e9s vari\u00e9es au sein du foyer (danse, th\u00e9\u00e2tre&#8230;).\u00a0\u00a0<a href=\"\/Users\/SAINTGERMAIN\/Desktop\/justice\/cle_justice64\/www.crdp-aquitaine.fr\/cles_justice\/ext\/Bon_Pasteur.html\" target=\"_blank\" rel=\"noopener\">Article complet<\/a><\/li>\n<\/ul>\n<\/div>\n","protected":false},"excerpt":{"rendered":"<p>Enqu\u00eates Enqu\u00eates Centre de placement familial &#8211; ouvre de l&rsquo;Abb\u00e9 Denis Cette association, dont le si\u00e8ge social est situ\u00e9 au 79 rue des Lauriers \u00e0 Pau, a pour mission d&rsquo;organiser et de suivre le placement de 100 jeunes dans des familles d&rsquo;accueil. L&rsquo;association est surtout connue pour la prise en charge d&rsquo;adolescents \u00e2g\u00e9s de 13 &hellip; <\/p>\n<p><a class=\"more-link block-button\" href=\"https:\/\/ent2d.ac-bordeaux.fr\/disciplines\/clesjustice64\/justice-des-mineurs\/enquetes\/\">Lire la Suite &raquo;<\/a><\/p>\n","protected":false},"author":62,"featured_media":0,"parent":237,"menu_order":0,"comment_status":"closed","ping_status":"closed","template":"","meta":{"footnotes":""},"class_list":["post-239","page","type-page","status-publish","hentry","nodate"],"_links":{"self":[{"href":"https:\/\/ent2d.ac-bordeaux.fr\/disciplines\/clesjustice64\/wp-json\/wp\/v2\/pages\/239","targetHints":{"allow":["GET"]}}],"collection":[{"href":"https:\/\/ent2d.ac-bordeaux.fr\/disciplines\/clesjustice64\/wp-json\/wp\/v2\/pages"}],"about":[{"href":"https:\/\/ent2d.ac-bordeaux.fr\/disciplines\/clesjustice64\/wp-json\/wp\/v2\/types\/page"}],"author":[{"embeddable":true,"href":"https:\/\/ent2d.ac-bordeaux.fr\/disciplines\/clesjustice64\/wp-json\/wp\/v2\/users\/62"}],"replies":[{"embeddable":true,"href":"https:\/\/ent2d.ac-bordeaux.fr\/disciplines\/clesjustice64\/wp-json\/wp\/v2\/comments?post=239"}],"version-history":[{"count":1,"href":"https:\/\/ent2d.ac-bordeaux.fr\/disciplines\/clesjustice64\/wp-json\/wp\/v2\/pages\/239\/revisions"}],"predecessor-version":[{"id":240,"href":"https:\/\/ent2d.ac-bordeaux.fr\/disciplines\/clesjustice64\/wp-json\/wp\/v2\/pages\/239\/revisions\/240"}],"up":[{"embeddable":true,"href":"https:\/\/ent2d.ac-bordeaux.fr\/disciplines\/clesjustice64\/wp-json\/wp\/v2\/pages\/237"}],"wp:attachment":[{"href":"https:\/\/ent2d.ac-bordeaux.fr\/disciplines\/clesjustice64\/wp-json\/wp\/v2\/media?parent=239"}],"curies":[{"name":"wp","href":"https:\/\/api.w.org\/{rel}","templated":true}]}}