{"id":217,"date":"2017-08-28T15:03:24","date_gmt":"2017-08-28T13:03:24","guid":{"rendered":"https:\/\/ent2d.ac-bordeaux.fr\/disciplines\/clesjustice64\/?page_id=217"},"modified":"2017-08-28T15:03:24","modified_gmt":"2017-08-28T13:03:24","slug":"conciliateur-de-justice","status":"publish","type":"page","link":"https:\/\/ent2d.ac-bordeaux.fr\/disciplines\/clesjustice64\/les-metiers-de-la-justice\/conciliateur-de-justice\/","title":{"rendered":"Conciliateur de justice"},"content":{"rendered":"<h1 style=\"text-align: center\"><span style=\"color: #ff0000\"><strong>Conciliateur de justice<\/strong><\/span><\/h1>\n<div>\n<h1><\/h1>\n<p>Le conciliateur de Justice est un auxiliaire de justice charg\u00e9 de mettre en oeuvre, b\u00e9n\u00e9volement, un mode alternatif de r\u00e8glement des conflits : la conciliation, processus \u00e9vitant le recours au tribunal.<\/p>\n<p>&nbsp;<\/p>\n<div><strong>ROLE<\/strong>Le conciliateur de Justice re\u00e7oit les usagers, traditionnellement dans les mairies. Il peut \u00eatre saisi directement ou par le juge d&rsquo;instance. Sa mission est d&rsquo;inciter et d&rsquo;aider les parties \u00e0 rechercher une solution amiable et satisfaisante au regard du droit et de l&rsquo;\u00e9quit\u00e9. Pour cela, il les auditionne dans le respect du principe du contradictoire. Si n\u00e9cessaire, un constat d&rsquo;accord, bas\u00e9 sur un pacte \u00e9quitable, est sign\u00e9 par le conciliateur et les parties en litige. Si celles-ci le demandent, l&rsquo;accord peut \u00eatre homologu\u00e9 par le juge qui, en lui donnant force ex\u00e9cutoire, en fait l&rsquo;\u00e9quivalent d&rsquo;un jugement.<\/p>\n<p>Le conciliateur de Justice intervient dans de nombreux types de litiges : probl\u00e8mes de voisinage, conflits propri\u00e9taire-locataire, difficult\u00e9 de recouvrement, litiges avec un op\u00e9rateur de t\u00e9l\u00e9phonie mobile ou un fournisseur d&rsquo;acc\u00e8s internet, etc. Il ne peut en revanche intervenir dans les litiges avec l&rsquo;administration, ceux relevant du droit p\u00e9nal, dans les affaires familiales et les conflits du travail.<\/p>\n<p><strong>STATUT ET FORMATION<\/strong>Le conciliateur de Justice est nomm\u00e9 par le Premier Pr\u00e9sident de la Cour d&rsquo;appel. Il exerce sa mission \u00e0 titre b\u00e9n\u00e9vole. Il doit justifier d&rsquo;une exp\u00e9rience en mati\u00e8re juridique d&rsquo;au moins trois ans ainsi que d&rsquo;une comp\u00e9tence et d&rsquo;une activit\u00e9 qualifiante pour l&rsquo;exercice des fonctions. Les conciliateurs sont effectivement des personnes d&rsquo;exp\u00e9rience : 82% d&rsquo;entre eux ont plus de 60 ans et 37% plus de 70 ans. Le conciliateur est asserment\u00e9 et astreint au secret professionnel. Sa fonction est incompatible avec tout mandat \u00e9lectif dans le ressort o\u00f9 elle est exerc\u00e9e et, plus largement, avec toute activit\u00e9 judiciaire.<\/p>\n<p>La formation des conciliateurs est en plein d\u00e9veloppement, en relation \u00e9troite avec le Minist\u00e8re de la Justice et l&rsquo;Ecole Nationale de la Magistrature.<\/p>\n<p>En 2007, les 1809 conciliateurs ont \u00e9t\u00e9 saisis de 121 900 nouvelles affaires. Il y a en moyenne 3 conciliateurs pour 100 000 habitants. Ils ont re\u00e7us 216 122 visites, mais toutes ne donnent pas lieu \u00e0 des saisines. Bien souvent, le conciliateur, s&rsquo;il n&rsquo;a pas \u00e0 d\u00e9livrer de conseil, peut jouer un r\u00f4le d&rsquo;orientation. Ainsi, l&rsquo;activit\u00e9 des conciliateurs de Justice est loin d&rsquo;\u00eatre n\u00e9gligeable.<\/p>\n<p>Les traitements ont abouti \u00e0 64 100 conciliations, soit un taux de succ\u00e8s de plus de 56%. Parmi ces affaires concili\u00e9es, 16 400 ont fait l&rsquo;objet d&rsquo;un constat d&rsquo;accord \u00e9crit (soit un peu plus d&rsquo;une conciliation sur quatre).<\/p>\n<p>Les conciliateurs ne sont pas r\u00e9partis de fa\u00e7on uniforme sur tout le territoire national. Ils ne sont pas assez nombreux. Un appel aux volontaires s&rsquo;impose.<\/p>\n<\/div>\n<\/div>\n","protected":false},"excerpt":{"rendered":"<p>Conciliateur de justice Le conciliateur de Justice est un auxiliaire de justice charg\u00e9 de mettre en oeuvre, b\u00e9n\u00e9volement, un mode alternatif de r\u00e8glement des conflits : la conciliation, processus \u00e9vitant le recours au tribunal. &nbsp; ROLELe conciliateur de Justice re\u00e7oit les usagers, traditionnellement dans les mairies. Il peut \u00eatre saisi directement ou par le juge &hellip; <\/p>\n<p><a class=\"more-link block-button\" href=\"https:\/\/ent2d.ac-bordeaux.fr\/disciplines\/clesjustice64\/les-metiers-de-la-justice\/conciliateur-de-justice\/\">Lire la Suite &raquo;<\/a><\/p>\n","protected":false},"author":62,"featured_media":0,"parent":164,"menu_order":0,"comment_status":"closed","ping_status":"closed","template":"","meta":{"footnotes":""},"class_list":["post-217","page","type-page","status-publish","hentry","nodate"],"_links":{"self":[{"href":"https:\/\/ent2d.ac-bordeaux.fr\/disciplines\/clesjustice64\/wp-json\/wp\/v2\/pages\/217","targetHints":{"allow":["GET"]}}],"collection":[{"href":"https:\/\/ent2d.ac-bordeaux.fr\/disciplines\/clesjustice64\/wp-json\/wp\/v2\/pages"}],"about":[{"href":"https:\/\/ent2d.ac-bordeaux.fr\/disciplines\/clesjustice64\/wp-json\/wp\/v2\/types\/page"}],"author":[{"embeddable":true,"href":"https:\/\/ent2d.ac-bordeaux.fr\/disciplines\/clesjustice64\/wp-json\/wp\/v2\/users\/62"}],"replies":[{"embeddable":true,"href":"https:\/\/ent2d.ac-bordeaux.fr\/disciplines\/clesjustice64\/wp-json\/wp\/v2\/comments?post=217"}],"version-history":[{"count":1,"href":"https:\/\/ent2d.ac-bordeaux.fr\/disciplines\/clesjustice64\/wp-json\/wp\/v2\/pages\/217\/revisions"}],"predecessor-version":[{"id":218,"href":"https:\/\/ent2d.ac-bordeaux.fr\/disciplines\/clesjustice64\/wp-json\/wp\/v2\/pages\/217\/revisions\/218"}],"up":[{"embeddable":true,"href":"https:\/\/ent2d.ac-bordeaux.fr\/disciplines\/clesjustice64\/wp-json\/wp\/v2\/pages\/164"}],"wp:attachment":[{"href":"https:\/\/ent2d.ac-bordeaux.fr\/disciplines\/clesjustice64\/wp-json\/wp\/v2\/media?parent=217"}],"curies":[{"name":"wp","href":"https:\/\/api.w.org\/{rel}","templated":true}]}}