{"id":214,"date":"2017-08-28T15:01:54","date_gmt":"2017-08-28T13:01:54","guid":{"rendered":"https:\/\/ent2d.ac-bordeaux.fr\/disciplines\/clesjustice64\/?page_id=214"},"modified":"2017-08-28T15:01:54","modified_gmt":"2017-08-28T13:01:54","slug":"conseiller-dinsertion-et-de-probation","status":"publish","type":"page","link":"https:\/\/ent2d.ac-bordeaux.fr\/disciplines\/clesjustice64\/les-metiers-de-la-justice\/conseiller-dinsertion-et-de-probation\/","title":{"rendered":"Conseiller d&rsquo;insertion et de probation"},"content":{"rendered":"<h1 style=\"text-align: center\"><span style=\"color: #ff0000\"><strong>Conseiller d&rsquo;insertion et de probation<\/strong><\/span><\/h1>\n<p>&nbsp;<\/p>\n<div>\n<p>Dans le cadre du Service p\u00e9nitentiaire d\u2019insertion et de probation, le conseiller d\u2019insertion et de probation apporte une aide \u00e0 la d\u00e9cision judiciaire et suit le condamn\u00e9 en favorisant sa r\u00e9insertion.<\/p>\n<p>&nbsp;<\/p>\n<div>\n<p><strong>CONTEXTE : Le service p\u00e9nitentiaire d&rsquo;insertion et de probation (SPIP)<\/strong><\/p>\n<p>Cr\u00e9\u00e9 par le d\u00e9cret n\u00b0 99-276 du 13 avril 1999, modifiant le Code de proc\u00e9dure p\u00e9nale, le service d&rsquo;insertion et de probation (SPIP) intervient \u00e0 la fois en milieu ouvert et en milieu ferm\u00e9. Il est le garant de la coh\u00e9rence de la prise en charge et du suivi des personnes plac\u00e9es sous main de justice, puisqu&rsquo;elles sont suivies par le m\u00eame service, quelle que soit leur situation p\u00e9nale.<br \/>\nLe SPIP exerce plusieurs missions :<\/p>\n<p>&#8211; accueil des personnes plac\u00e9es sous main de justice, incarc\u00e9r\u00e9es ou non, suivi de leur situation, contr\u00f4le des obligations auxquelles elles doivent se soumettre, information des autorit\u00e9s judiciaires sur le d\u00e9roulement des mesures ;<\/p>\n<p>&#8211; aide \u00e0 la d\u00e9cision judiciaire par la transmission \u00e0 l&rsquo;autorit\u00e9 judiciaire de toutes les donn\u00e9es lui permettant de mieux individualiser la peine et de prononcer des am\u00e9nagements de peine les plus adapt\u00e9s \u00e0 la situation de la personne ;<\/p>\n<p>&#8211; d\u00e9veloppement et coordination d&rsquo;un r\u00e9seau de partenaires institutionnels, associatifs et priv\u00e9s afin de donner aux personnes plac\u00e9es sous main de justice toutes les opportunit\u00e9s d&rsquo;insertion en les orientant vers les dispositifs de droit commun.<\/p>\n<p>Pour assurer ses missions, le SPIP est en relation \u00e9troite avec les autorit\u00e9s judiciaires, le directeur de l&rsquo;\u00e9tablissement p\u00e9nitentiaire, mais aussi avec tous les chefs de service du d\u00e9partement dont l&rsquo;action est coordonn\u00e9e par le pr\u00e9fet, avec les collectivit\u00e9s territoriales, les associations et les r\u00e9seaux d&#8217;employeurs.<\/p>\n<p><strong>ROLE<\/strong><\/p>\n<p>Les conseillers d\u2019insertion et de probation ont pour missions d&rsquo;aider \u00e0 la prise de d\u00e9cision judiciaire et de mettre \u00e0 ex\u00e9cution les d\u00e9cisions p\u00e9nales, restrictives ou privatives de libert\u00e9.<\/p>\n<p>En prison, ils facilitent l&rsquo;acc\u00e8s des personnes incarc\u00e9r\u00e9es aux dispositifs sociaux, de soin, de formation ou de travail. Ils apportent l&rsquo;aide utile au maintien des liens familiaux. Ils portent une attention particuli\u00e8re aux probl\u00e8mes d&rsquo;indigence, d&rsquo;illettrisme et de toxicomanie, et pr\u00e9parent la personne d\u00e9tenue \u00e0 sa sortie et \u00e0 sa r\u00e9insertion, notamment gr\u00e2ce aux mesures d&rsquo;am\u00e9nagement de peine.<\/p>\n<p>Au dehors, ils interviennent aussi sous le mandat d&rsquo;un magistrat et apportent \u00e0 l&rsquo;autorit\u00e9 judiciaire tous les \u00e9l\u00e9ments d&rsquo;\u00e9valuation utiles \u00e0 sa d\u00e9cision. Ils s&rsquo;assurent du respect des obligations impos\u00e9es aux personnes condamn\u00e9es \u00e0 des peines restrictives ou privatives de libert\u00e9 (travaux d&rsquo;int\u00e9r\u00eat g\u00e9n\u00e9ral, lib\u00e9ration conditionnelle, placement sous surveillance \u00e9lectronique&#8230;), les aident \u00e0 comprendre la peine et impulsent avec elles une dynamique de r\u00e9insertion.<\/p>\n<p>Pour mener \u00e0 bien ces diff\u00e9rentes missions, ils travaillent avec les autres personnels p\u00e9nitentiaires et s&rsquo;appuient sur un r\u00e9seau de partenaires institutionnels et associatifs.<\/p>\n<p>Les personnels d&rsquo;insertion et de probation font preuve d&rsquo;une grande aptitude \u00e0 comprendre et \u00e0 analyser l&rsquo;environnement social et la situation psychologique de toutes les personnes qui leur sont confi\u00e9es par les autorit\u00e9s judiciaires. Leurs connaissances dans les domaines de sciences humaines et juridiques s&rsquo;allient \u00e0 la capacit\u00e9 de mener des entretiens et au sens de l&rsquo;\u00e9coute. Collaborateurs des autres personnels p\u00e9nitentiaires et animateurs d&rsquo;un r\u00e9seau de partenaires, ils ont le sens du travail en \u00e9quipe.<\/p>\n<p><strong>STATUT ET FORMATION<\/strong><\/p>\n<p>Le conseiller d\u2019insertion et de probation est un agent de la fonction publique de cat\u00e9gorie B.<\/p>\n<p>L\u2019acc\u00e8s \u00e0 la profession se fait par voie de concours. Le concours externe est ouvert aux personnes titulaires d\u2019un dipl\u00f4me sanctionnant la r\u00e9ussite de deux ann\u00e9es d\u2019enseignement sup\u00e9rieur apr\u00e8s le baccalaur\u00e9at soit d&rsquo;un titre ou dipl\u00f4me \u00e9quivalent, soit d&rsquo;un dipl\u00f4me d&rsquo;assistant de service social ou d&rsquo;\u00e9ducateur sp\u00e9cialis\u00e9. Le concours interne est propos\u00e9 aux fonctionnaires et agents justifiant d\u2019au moins quatre ans de services publics effectifs.<\/p>\n<p>La formation est con\u00e7ue selon le principe de l\u2019alternance : droit et proc\u00e9dure p\u00e9nale, r\u00e9glementation p\u00e9nitentiaire, sociologie, psychiatrie, criminologie permettent aux futurs conseillers d&rsquo;insertion et de probation de situer le contexte de leur intervention ; des p\u00e9riodes de stages en milieux diversifi\u00e9s (\u00e9tablissements p\u00e9nitentiaires, tribunaux, associations&#8230;) viennent compl\u00e9ter ce premier cursus ; un stage d\u2019un an dans un service p\u00e9nitentiaire d\u2019insertion et de probation compl\u00e8te cette formation. La titularisation intervient \u00e0 l&rsquo;issue de la seconde ann\u00e9e apr\u00e8s avoir satisfait aux \u00e9preuves du certificat d&rsquo;aptitude aux fonctions de conseiller d&rsquo;insertion et de probation. D\u2019une dur\u00e9e totale de deux ans, cette formation est assur\u00e9e par l\u2019Ecole nationale de l\u2019Administration p\u00e9nitentiaire (ENAP), situ\u00e9e \u00e0 Agen (Lot-et-Garonne).<\/p>\n<p>Pendant la formation, l\u2019\u00e9l\u00e8ve conseiller d\u2019insertion et de probation per\u00e7oit un traitement net mensuel de 1440 euros. En fin de carri\u00e8re, le traitement net mensuel est de 2544 euros.<\/p>\n<p><em>Pour en savoir plus :<\/em><\/p>\n<p>Voir le site de l\u2019Ecole Nationale d\u2019Administration P\u00e9nitentiaire : <a href=\"http:\/\/www.enap.justice.fr\/\" target=\"_blank\" rel=\"noopener\">http:\/\/www.enap.justice.fr\/<\/a><\/p>\n<\/div>\n<\/div>\n","protected":false},"excerpt":{"rendered":"<p>Conseiller d&rsquo;insertion et de probation &nbsp; Dans le cadre du Service p\u00e9nitentiaire d\u2019insertion et de probation, le conseiller d\u2019insertion et de probation apporte une aide \u00e0 la d\u00e9cision judiciaire et suit le condamn\u00e9 en favorisant sa r\u00e9insertion. &nbsp; CONTEXTE : Le service p\u00e9nitentiaire d&rsquo;insertion et de probation (SPIP) Cr\u00e9\u00e9 par le d\u00e9cret n\u00b0 99-276 du &hellip; <\/p>\n<p><a class=\"more-link block-button\" href=\"https:\/\/ent2d.ac-bordeaux.fr\/disciplines\/clesjustice64\/les-metiers-de-la-justice\/conseiller-dinsertion-et-de-probation\/\">Lire la Suite &raquo;<\/a><\/p>\n","protected":false},"author":62,"featured_media":0,"parent":164,"menu_order":0,"comment_status":"closed","ping_status":"closed","template":"","meta":{"footnotes":""},"class_list":["post-214","page","type-page","status-publish","hentry","nodate"],"_links":{"self":[{"href":"https:\/\/ent2d.ac-bordeaux.fr\/disciplines\/clesjustice64\/wp-json\/wp\/v2\/pages\/214","targetHints":{"allow":["GET"]}}],"collection":[{"href":"https:\/\/ent2d.ac-bordeaux.fr\/disciplines\/clesjustice64\/wp-json\/wp\/v2\/pages"}],"about":[{"href":"https:\/\/ent2d.ac-bordeaux.fr\/disciplines\/clesjustice64\/wp-json\/wp\/v2\/types\/page"}],"author":[{"embeddable":true,"href":"https:\/\/ent2d.ac-bordeaux.fr\/disciplines\/clesjustice64\/wp-json\/wp\/v2\/users\/62"}],"replies":[{"embeddable":true,"href":"https:\/\/ent2d.ac-bordeaux.fr\/disciplines\/clesjustice64\/wp-json\/wp\/v2\/comments?post=214"}],"version-history":[{"count":1,"href":"https:\/\/ent2d.ac-bordeaux.fr\/disciplines\/clesjustice64\/wp-json\/wp\/v2\/pages\/214\/revisions"}],"predecessor-version":[{"id":215,"href":"https:\/\/ent2d.ac-bordeaux.fr\/disciplines\/clesjustice64\/wp-json\/wp\/v2\/pages\/214\/revisions\/215"}],"up":[{"embeddable":true,"href":"https:\/\/ent2d.ac-bordeaux.fr\/disciplines\/clesjustice64\/wp-json\/wp\/v2\/pages\/164"}],"wp:attachment":[{"href":"https:\/\/ent2d.ac-bordeaux.fr\/disciplines\/clesjustice64\/wp-json\/wp\/v2\/media?parent=214"}],"curies":[{"name":"wp","href":"https:\/\/api.w.org\/{rel}","templated":true}]}}