{"id":211,"date":"2017-08-28T15:00:00","date_gmt":"2017-08-28T13:00:00","guid":{"rendered":"https:\/\/ent2d.ac-bordeaux.fr\/disciplines\/clesjustice64\/?page_id=211"},"modified":"2017-08-28T15:00:00","modified_gmt":"2017-08-28T13:00:00","slug":"personnel-de-surveillance-de-ladministration-penitentiaire","status":"publish","type":"page","link":"https:\/\/ent2d.ac-bordeaux.fr\/disciplines\/clesjustice64\/les-metiers-de-la-justice\/personnel-de-surveillance-de-ladministration-penitentiaire\/","title":{"rendered":"Personnel de surveillance de l&rsquo;administration p\u00e9nitentiaire"},"content":{"rendered":"<h1 style=\"text-align: center\"><span style=\"color: #ff0000\"><strong>Personnel de surveillance de l&rsquo;administration p\u00e9nitentiaire<\/strong><\/span><\/h1>\n<div>\n<h1><\/h1>\n<p>Les personnels de surveillance prennent en charge les personnes confi\u00e9es par les autorit\u00e9s judiciaires, en assurent la garde et participent \u00e0 la mission de r\u00e9insertion.<\/p>\n<p>&nbsp;<\/p>\n<div>\n<p><strong>ROLE<\/strong><br \/>\nLes personnels de surveillance participent \u00e0 l&rsquo;ex\u00e9cution des d\u00e9cisions et sentences p\u00e9nales, et au maintien de la s\u00e9curit\u00e9 publique. Ils veillent \u00e0 faire respecter l&rsquo;ordre et la discipline au sein des structures accueillant les personnes d\u00e9tenues. Au contact et \u00e0 l&rsquo;\u00e9coute de la population p\u00e9nale, les personnels de surveillance contribuent \u00e0 l&rsquo;action de r\u00e9insertion et de pr\u00e9vention de la r\u00e9cidive aux c\u00f4t\u00e9s des services p\u00e9nitentiaires d&rsquo;insertion et de probation (SPIP) et des partenaires. Rigueur et stabilit\u00e9, sens aigu de la communication et de l&rsquo;autorit\u00e9, aptitudes au travail de nuit, \u00e0 la self d\u00e9fense ou au tir, sont autant de qualit\u00e9s que doivent poss\u00e9der les personnels de surveillance.<\/p>\n<p>Les m\u00e9tiers des personnels de surveillance offrent une grande diversit\u00e9 de postes \u00e0 des niveaux de responsabilit\u00e9 diff\u00e9rents exerc\u00e9s en qualit\u00e9 de surveillant, surveillant brigadier, premier surveillant, major, lieutenant, capitaine ou commandant p\u00e9nitentiaire. Ils peuvent \u00eatre affect\u00e9s dans un des 194 \u00e9tablissements p\u00e9nitentiaires (maisons d&rsquo;arr\u00eat ou \u00e9tablissements pour peine) existant en France.<\/p>\n<p><strong>STATUT ET FORMATION<\/strong><br \/>\nLe surveillant p\u00e9nitentiaire est un agent de la fonction publique de cat\u00e9gorie C.<\/p>\n<p>L&rsquo;acc\u00e8s \u00e0 la profession se fait par voie de concours. Un concours externe est ouvert aux candidats titulaires du brevet des coll\u00e8ges ou d&rsquo;une qualification reconnue \u00e9quivalente.<\/p>\n<p>Une fois admis au concours, les \u00e9l\u00e8ves surveillants suivent une formation de huit mois dispens\u00e9e \u00e0 l&rsquo;\u00c9cole nationale d&rsquo;administration p\u00e9nitentiaire (ENAP), situ\u00e9e \u00e0 Agen (Lot-et-Garonne). Elle se d\u00e9roule en alternance sous forme de cours th\u00e9oriques (droit p\u00e9nitentiaire, connaissance des populations prises en charge, gestion du stress, techniques d&rsquo;intervention&#8230;) et de stages pratiques en \u00e9tablissement p\u00e9nitentiaire.<\/p>\n<p>Pendant la formation, l&rsquo;\u00e9l\u00e8ve surveillant per\u00e7oit un traitement net mensuel de 1 391 euros. En fin de carri\u00e8re, le traitement net mensuel s&rsquo;\u00e9chelonne, selon le grade, de 2059 euros (surveillant) \u00e0 3553 euros (commandant p\u00e9nitentiaire).<\/p>\n<p>Comme tous les agents de l&rsquo;\u00c9tat, les personnels de surveillance se trouvent soumis au statut g\u00e9n\u00e9ral de la Fonction publique et au statut particulier de l&rsquo;administration p\u00e9nitentiaire. Ils sont, en outre, r\u00e9gis par un statut sp\u00e9cial : le d\u00e9cret n\u00b0 2006-441 du 14 avril 2006.<\/p>\n<p>Les personnels de surveillance b\u00e9n\u00e9ficient d&rsquo;un r\u00e9gime de retraite avantageux permettant de cesser leur activit\u00e9 \u00e0 50 ans.<\/p>\n<\/div>\n<p><em>Pour en savoir plus :<\/em><\/p>\n<p>Voir le site de l&rsquo;Ecole Nationale d&rsquo;Administration P\u00e9nitentiaire : <a href=\"http:\/\/www.enap.justice.fr\/\" target=\"_blank\" rel=\"noopener\">http:\/\/www.enap.justice.fr\/<\/a><\/p>\n<\/div>\n","protected":false},"excerpt":{"rendered":"<p>Personnel de surveillance de l&rsquo;administration p\u00e9nitentiaire Les personnels de surveillance prennent en charge les personnes confi\u00e9es par les autorit\u00e9s judiciaires, en assurent la garde et participent \u00e0 la mission de r\u00e9insertion. &nbsp; ROLE Les personnels de surveillance participent \u00e0 l&rsquo;ex\u00e9cution des d\u00e9cisions et sentences p\u00e9nales, et au maintien de la s\u00e9curit\u00e9 publique. Ils veillent \u00e0 &hellip; <\/p>\n<p><a class=\"more-link block-button\" href=\"https:\/\/ent2d.ac-bordeaux.fr\/disciplines\/clesjustice64\/les-metiers-de-la-justice\/personnel-de-surveillance-de-ladministration-penitentiaire\/\">Lire la Suite &raquo;<\/a><\/p>\n","protected":false},"author":62,"featured_media":0,"parent":164,"menu_order":0,"comment_status":"closed","ping_status":"closed","template":"","meta":{"footnotes":""},"class_list":["post-211","page","type-page","status-publish","hentry","nodate"],"_links":{"self":[{"href":"https:\/\/ent2d.ac-bordeaux.fr\/disciplines\/clesjustice64\/wp-json\/wp\/v2\/pages\/211","targetHints":{"allow":["GET"]}}],"collection":[{"href":"https:\/\/ent2d.ac-bordeaux.fr\/disciplines\/clesjustice64\/wp-json\/wp\/v2\/pages"}],"about":[{"href":"https:\/\/ent2d.ac-bordeaux.fr\/disciplines\/clesjustice64\/wp-json\/wp\/v2\/types\/page"}],"author":[{"embeddable":true,"href":"https:\/\/ent2d.ac-bordeaux.fr\/disciplines\/clesjustice64\/wp-json\/wp\/v2\/users\/62"}],"replies":[{"embeddable":true,"href":"https:\/\/ent2d.ac-bordeaux.fr\/disciplines\/clesjustice64\/wp-json\/wp\/v2\/comments?post=211"}],"version-history":[{"count":1,"href":"https:\/\/ent2d.ac-bordeaux.fr\/disciplines\/clesjustice64\/wp-json\/wp\/v2\/pages\/211\/revisions"}],"predecessor-version":[{"id":212,"href":"https:\/\/ent2d.ac-bordeaux.fr\/disciplines\/clesjustice64\/wp-json\/wp\/v2\/pages\/211\/revisions\/212"}],"up":[{"embeddable":true,"href":"https:\/\/ent2d.ac-bordeaux.fr\/disciplines\/clesjustice64\/wp-json\/wp\/v2\/pages\/164"}],"wp:attachment":[{"href":"https:\/\/ent2d.ac-bordeaux.fr\/disciplines\/clesjustice64\/wp-json\/wp\/v2\/media?parent=211"}],"curies":[{"name":"wp","href":"https:\/\/api.w.org\/{rel}","templated":true}]}}