{"id":208,"date":"2017-08-28T14:57:42","date_gmt":"2017-08-28T12:57:42","guid":{"rendered":"https:\/\/ent2d.ac-bordeaux.fr\/disciplines\/clesjustice64\/?page_id=208"},"modified":"2017-08-28T14:57:42","modified_gmt":"2017-08-28T12:57:42","slug":"officier-et-agent-de-police-judiciaire","status":"publish","type":"page","link":"https:\/\/ent2d.ac-bordeaux.fr\/disciplines\/clesjustice64\/les-metiers-de-la-justice\/officier-et-agent-de-police-judiciaire\/","title":{"rendered":"Officier et agent de police judiciaire"},"content":{"rendered":"<h1 style=\"text-align: center\"><span style=\"color: #ff0000\"><strong>Officier et agent de police judiciaire<\/strong><\/span><\/h1>\n<p>&nbsp;<\/p>\n<div>\n<p>La police judiciaire constitue l&rsquo;un des rouages indispensables de la proc\u00e9dure p\u00e9nale : travaillant sous le contr\u00f4le des magistrats, elle est charg\u00e9e de la <strong>conduite des investigations<\/strong>. Elle constitue \u00e0 ce titre l&rsquo;un des principaux auxiliaires du juge.<\/p>\n<p>&nbsp;<\/p>\n<div>\n<p><strong>ROLE<\/strong><\/p>\n<p>La police judiciaire d\u00e9signe <strong>l&rsquo;autorit\u00e9 charg\u00e9e de constater les infractions, de rassembler les preuves et d&rsquo;en rechercher les auteurs<\/strong> . Ses membres sont des fonctionnaires dot\u00e9s de la qualit\u00e9 d&rsquo;officier ou d&rsquo;agent de police judiciaire. Tous les policiers ne sont donc pas en charge d&rsquo;une mission de police judiciaire, et la police judiciaire n&rsquo;est pas uniquement compos\u00e9e de policiers : certains gendarmes, mais encore les maires et leurs adjoints poss\u00e8dent la qualit\u00e9 d&rsquo;officier de police judiciaire.<\/p>\n<p>Dans l&rsquo;exercice de leurs missions d&rsquo;enqu\u00eate, les officiers de police judiciaire peuvent recourir \u00e0 certains <strong>moyens de coercition<\/strong> : garde \u00e0 vue, perquisition, saisie. Ils exercent ces pr\u00e9rogatives dans un cadre juridique particuli\u00e8rement pr\u00e9cis et <strong>sous le contr\u00f4le de l&rsquo;autorit\u00e9 judiciaire<\/strong>, gardienne de la libert\u00e9 individuelle. Concr\u00e8tement, l&rsquo;activit\u00e9 de la police judiciaire est dirig\u00e9e pendant la phase d&rsquo;enqu\u00eate par le procureur de la R\u00e9publique, et pendant l&rsquo;instruction par le juge d&rsquo;instruction. Ces magistrats sont notamment comp\u00e9tents pour autoriser, contr\u00f4ler ou prescrire certaines mesures attentatoires aux libert\u00e9s. Le recours au juge des libert\u00e9s et de la d\u00e9tention est m\u00eame n\u00e9cessaire pour autoriser certains actes d&rsquo;enqu\u00eate particuli\u00e8rement graves (comme les perquisitions nocturnes en mati\u00e8re de lutte contre le trafic de drogue).<\/p>\n<p><strong>FORMATION<\/strong><\/p>\n<p><strong>Dans le cadre de la Gendarmerie nationale :<\/strong><\/p>\n<p>Les sous-officiers de gendarmerie affect\u00e9s dans tous les types d&rsquo;unit\u00e9s de la gendarmerie peuvent pr\u00e9parer le dipl\u00f4me d&rsquo;OPJ sous r\u00e9serve de totaliser au moins trois ans de service dans la gendarmerie au 1er janvier de l&rsquo;ann\u00e9e de l&rsquo;examen OPJ. Le cycle de pr\u00e9paration dure 14 mois au cours desquels les int\u00e9ress\u00e9s, qui continuent d&rsquo;accomplir leurs missions quotidiennes au sein de leur unit\u00e9, re\u00e7oivent une formation th\u00e9orique et pratique visant \u00e0 leur faire acqu\u00e9rir les connaissances juridiques et les bases techniques indispensables \u00e0 leurs futures fonctions.<\/p>\n<p>La formation compl\u00e9mentaire s&rsquo;effectue au centre national de formation de la police judiciaire(CNFPJ) \u00e0 Fontainebleau au cours de diff\u00e9rents stages.<\/p>\n<p>Apr\u00e8s avoir acquis une exp\u00e9rience en unit\u00e9 d\u00e9partementale et obtenu l&rsquo;OPJ, le militaire volontaire est affect\u00e9, g\u00e9n\u00e9ralement en Brigade de Recherche puis \u00e9ventuellement en Section de Recherche.<\/p>\n<p>Les militaires effectuent rarement des carri\u00e8res ininterrompues en unit\u00e9 op\u00e9rationnelle judiciaire sans les jalonner d&rsquo;exp\u00e9riences diverses dans d&rsquo;autres types d&rsquo;unit\u00e9s (brigades d\u00e9partementales de renseignements et d&rsquo;investigations judiciaire BDRIJ, service central \u00e0 vocation PJ).<\/p>\n<p>Par la suite, les officiers de gendarmerie peuvent se voir confier un ou deux commandements en unit\u00e9s de recherches, et par la suite \u00eatre affect\u00e9s dans des organismes centraux \u00e0 vocation PJ.<\/p>\n<p>Pour en savoir plus : <em> <a href=\"http:\/\/www.lagendarmerierecrute.fr\/contenu\/decouvrir\/police_judiciaire\" target=\"_blank\" rel=\"noopener\"> http:\/\/www.lagendarmerierecrute.fr\/contenu\/decouvrir\/police_judiciaire <\/a> <\/em><\/p>\n<p><em> <a href=\"http:\/\/www.gendarmerie.interieur.gouv.fr\/fre\/sites\/Gendarmerie\/Presentation\/PJ\/PJ\/Police-judiciaire-Attributions\" target=\"_blank\" rel=\"noopener\"> http:\/\/www.gendarmerie.interieur.gouv.fr\/fre\/sites\/Gendarmerie\/Presentation\/PJ\/PJ\/Police-judiciaire-Attributions <\/a> <\/em><\/p>\n<p><strong>Dans le cadre de la Police nationale :<\/strong><\/p>\n<p>La formation initiale est dispens\u00e9e au sein des \u00e9coles de la police nationale. Cette scolarit\u00e9 est identique pour les fonctionnaires d&rsquo;un m\u00eame corps quel que soit le service de police dans lequel il sera affect\u00e9 et elle s&rsquo;effectue avant toute prise de fonction.<\/p>\n<p>Pour le corps de conception et de direction de la police nationale (les commissaires de police), la dur\u00e9e de formation initiale est fix\u00e9e \u00e0 deux ans. Pour le corps de commandement et d&rsquo;encadrement de la police nationale (les officiers de police), la dur\u00e9e de formation initiale est fix\u00e9e \u00e0 18 mois. Pour le corps de ma\u00eetrise et d&rsquo;application de la police nationale (les gardiens de la paix), la dur\u00e9e de formation initiale est fix\u00e9e \u00e0 12 mois.<\/p>\n<\/div>\n<p>Pour en savoir plus :<\/p>\n<p><em> <a href=\"http:\/\/www.interieur.gouv.fr\/sections\/a_l_interieur\/la_police_nationale\/organisation\/dcpj\" target=\"_blank\" rel=\"noopener\"> http:\/\/www.interieur.gouv.fr\/sections\/a_l_interieur\/la_police_nationale\/organisation\/dcpj <\/a> <\/em><\/p>\n<\/div>\n","protected":false},"excerpt":{"rendered":"<p>Officier et agent de police judiciaire &nbsp; La police judiciaire constitue l&rsquo;un des rouages indispensables de la proc\u00e9dure p\u00e9nale : travaillant sous le contr\u00f4le des magistrats, elle est charg\u00e9e de la conduite des investigations. Elle constitue \u00e0 ce titre l&rsquo;un des principaux auxiliaires du juge. &nbsp; ROLE La police judiciaire d\u00e9signe l&rsquo;autorit\u00e9 charg\u00e9e de constater &hellip; <\/p>\n<p><a class=\"more-link block-button\" href=\"https:\/\/ent2d.ac-bordeaux.fr\/disciplines\/clesjustice64\/les-metiers-de-la-justice\/officier-et-agent-de-police-judiciaire\/\">Lire la Suite &raquo;<\/a><\/p>\n","protected":false},"author":62,"featured_media":0,"parent":164,"menu_order":0,"comment_status":"closed","ping_status":"closed","template":"","meta":{"footnotes":""},"class_list":["post-208","page","type-page","status-publish","hentry","nodate"],"_links":{"self":[{"href":"https:\/\/ent2d.ac-bordeaux.fr\/disciplines\/clesjustice64\/wp-json\/wp\/v2\/pages\/208","targetHints":{"allow":["GET"]}}],"collection":[{"href":"https:\/\/ent2d.ac-bordeaux.fr\/disciplines\/clesjustice64\/wp-json\/wp\/v2\/pages"}],"about":[{"href":"https:\/\/ent2d.ac-bordeaux.fr\/disciplines\/clesjustice64\/wp-json\/wp\/v2\/types\/page"}],"author":[{"embeddable":true,"href":"https:\/\/ent2d.ac-bordeaux.fr\/disciplines\/clesjustice64\/wp-json\/wp\/v2\/users\/62"}],"replies":[{"embeddable":true,"href":"https:\/\/ent2d.ac-bordeaux.fr\/disciplines\/clesjustice64\/wp-json\/wp\/v2\/comments?post=208"}],"version-history":[{"count":1,"href":"https:\/\/ent2d.ac-bordeaux.fr\/disciplines\/clesjustice64\/wp-json\/wp\/v2\/pages\/208\/revisions"}],"predecessor-version":[{"id":209,"href":"https:\/\/ent2d.ac-bordeaux.fr\/disciplines\/clesjustice64\/wp-json\/wp\/v2\/pages\/208\/revisions\/209"}],"up":[{"embeddable":true,"href":"https:\/\/ent2d.ac-bordeaux.fr\/disciplines\/clesjustice64\/wp-json\/wp\/v2\/pages\/164"}],"wp:attachment":[{"href":"https:\/\/ent2d.ac-bordeaux.fr\/disciplines\/clesjustice64\/wp-json\/wp\/v2\/media?parent=208"}],"curies":[{"name":"wp","href":"https:\/\/api.w.org\/{rel}","templated":true}]}}