{"id":205,"date":"2017-08-28T14:55:32","date_gmt":"2017-08-28T12:55:32","guid":{"rendered":"https:\/\/ent2d.ac-bordeaux.fr\/disciplines\/clesjustice64\/?page_id=205"},"modified":"2017-08-28T14:55:32","modified_gmt":"2017-08-28T12:55:32","slug":"expert-judiciaire","status":"publish","type":"page","link":"https:\/\/ent2d.ac-bordeaux.fr\/disciplines\/clesjustice64\/les-metiers-de-la-justice\/expert-judiciaire\/","title":{"rendered":"Expert judiciaire"},"content":{"rendered":"<h1 style=\"text-align: center\"><span style=\"color: #ff0000\"><strong>Expert judiciaire<\/strong><\/span><\/h1>\n<div>\n<h1><\/h1>\n<p>Les experts judiciaires, sp\u00e9cialistes de disciplines tr\u00e8s vari\u00e9es, sont des professionnels habilit\u00e9s charg\u00e9s de donner aux juges un avis technique sur des faits afin d&rsquo;apporter des \u00e9claircissements sur une affaire.<\/p>\n<p>&nbsp;<\/p>\n<div>\n<p><strong>ROLE<\/strong><\/p>\n<p>L&rsquo;expert judiciaire est un technicien sollicit\u00e9 par le juge pour l&rsquo;\u00e9clairer sur un probl\u00e8me technique dont la solution est indispensable au r\u00e8glement du litige. Sa mission est d\u00e9finie par le juge au vu des sp\u00e9cificit\u00e9s du dossier : elle peut porter sur tout probl\u00e8me de fait soulev\u00e9 par le litige, qu&rsquo;il s&rsquo;agisse d&rsquo;une difficult\u00e9 d&rsquo;ordre m\u00e9dical, comptable ou immobilier. L&rsquo;expert ne fournit en toute hypoth\u00e8se qu&rsquo;un simple avis, le juge gardant finalement toute sa libert\u00e9 d&rsquo;appr\u00e9ciation.<\/p>\n<p>Depuis la loi n\u00b02004-130 du 11 f\u00e9vrier 2004 il n&rsquo;y a plus de diff\u00e9renciation entre la mati\u00e8re civile et la mati\u00e8re p\u00e9nale.<\/p>\n<p>Il existe des listes d&rsquo;experts dress\u00e9es pour l&rsquo;information des juges, mais ces derniers peuvent, le cas \u00e9ch\u00e9ant, d\u00e9signer toute autre personne de leur choix, au p\u00e9nal comme au civil.<\/p>\n<p><strong> <a href=\"http:\/\/www.metiers.justice.gouv.fr\/index.php?rubrique=10070&amp;ssrubrique=10074&amp;article=11789#haut#haut\">STATUT<\/a> ET FORMATION <\/strong><\/p>\n<p>L&rsquo;expert est inscrit sur une liste \u00e9tablie \u00e0 la cour d&rsquo;appel dans le ressort de laquelle il exerce son activit\u00e9 professionnelle principale. Apr\u00e8s au moins trois ans d&rsquo;inscription sur une liste de cour d&rsquo;appel, il pourra demander son inscription sur la liste nationale dress\u00e9e par le bureau de la Cour de cassation.<br \/>\nUn technicien qui voudrait s&rsquo;inscrire sur une liste d&rsquo;experts judiciaires dress\u00e9e par la cour d&rsquo;appel doit envoyer une demande sous forme de lettre sur papier libre, pr\u00e9cisant les domaines et\/ou les sp\u00e9cialit\u00e9s pour lesquels la demande est introduite, ainsi que les rubriques de la liste pour lesquelles il souhaite son inscription. En annexe \u00e0 cette lettre doit figurer un curriculum vitae, un extrait du casier judiciaire et une copie certifi\u00e9e conforme des dipl\u00f4mes pr\u00e9sent\u00e9s \u00e0 l&rsquo;appui de la demande, ainsi que les travaux d\u00e9j\u00e0 effectu\u00e9s dans les sp\u00e9cialit\u00e9s concern\u00e9es et toute pi\u00e8ce permettant d&rsquo;appr\u00e9cier ses comp\u00e9tences.<\/p>\n<p>Cette demande doit parvenir au procureur de la R\u00e9publique pr\u00e8s le tribunal de grande instance dans le ressort duquel le candidat exerce son activit\u00e9 professionnelle ou poss\u00e8de sa r\u00e9sidence, avant le 1er mars de chaque ann\u00e9e pour les inscriptions \u00e0 valoir l&rsquo;ann\u00e9e suivante.<\/p>\n<p>Lors de sa premi\u00e8re inscription, l&rsquo;expert pr\u00eate serment devant la cour d&rsquo;appel du ressort dans lequel se trouve son domicile.<\/p>\n<p>Le contr\u00f4le des experts est exerc\u00e9, selon les cas, soit par le procureur g\u00e9n\u00e9ral de la cour d&rsquo;appel, soit par le premier pr\u00e9sident et le procureur g\u00e9n\u00e9ral pr\u00e8s de la Cour de cassation.<br \/>\nUn d\u00e9cret du 23 d\u00e9cembre 2004 pr\u00e9voit de nouvelles modalit\u00e9s de r\u00e9inscription des experts judiciaires sur la liste \u00e9tablie \u00e0 la cour d&rsquo;appel. D\u00e9sormais, il existe un r\u00e9gime probatoire d&rsquo;une dur\u00e9e de deux ans, au terme duquel l&rsquo;exp\u00e9rience de l&rsquo;int\u00e9ress\u00e9 et l&rsquo;acquisition des connaissances juridiques n\u00e9cessaires au bon accomplissement de ses missions sont \u00e9valu\u00e9es. Chaque r\u00e9inscription est ensuite faite pour une dur\u00e9e de cinq ans sur pr\u00e9sentation d&rsquo;un dossier complet de candidature et apr\u00e8s avis d&rsquo;une commission compos\u00e9e de magistrats et d&rsquo;experts<\/p>\n<p>Les honoraires des experts sont fix\u00e9s par le juge qui les a d\u00e9sign\u00e9s (sauf en mati\u00e8re p\u00e9nale o\u00f9 leur r\u00e9mun\u00e9ration est r\u00e9glement\u00e9e).<\/p>\n<p><em>Pour en savoir plus :<\/em><\/p>\n<p><a href=\"http:\/\/www.legifrance.gouv.fr\/texteconsolide\/PJEBY.htm\" target=\"_blank\" rel=\"noopener\">Loi n\u00b0 71-498 du 29 juin 1971 relative aux experts judiciaires<\/a><\/p>\n<p><a href=\"http:\/\/www.legifrance.gouv.fr\/texteconsolide\/AKHJJ.htm\" target=\"_blank\" rel=\"noopener\"> Arr\u00eat\u00e9 du 10 juin 2005 relatif \u00e0 la nomenclature pr\u00e9vue \u00e0 l&rsquo;article 1er du d\u00e9cret n\u00b0 2004-1463 du 23 d\u00e9cembre 2004 <\/a><\/p>\n<\/div>\n<\/div>\n","protected":false},"excerpt":{"rendered":"<p>Expert judiciaire Les experts judiciaires, sp\u00e9cialistes de disciplines tr\u00e8s vari\u00e9es, sont des professionnels habilit\u00e9s charg\u00e9s de donner aux juges un avis technique sur des faits afin d&rsquo;apporter des \u00e9claircissements sur une affaire. &nbsp; ROLE L&rsquo;expert judiciaire est un technicien sollicit\u00e9 par le juge pour l&rsquo;\u00e9clairer sur un probl\u00e8me technique dont la solution est indispensable au &hellip; <\/p>\n<p><a class=\"more-link block-button\" href=\"https:\/\/ent2d.ac-bordeaux.fr\/disciplines\/clesjustice64\/les-metiers-de-la-justice\/expert-judiciaire\/\">Lire la Suite &raquo;<\/a><\/p>\n","protected":false},"author":62,"featured_media":0,"parent":164,"menu_order":0,"comment_status":"closed","ping_status":"closed","template":"","meta":{"footnotes":""},"class_list":["post-205","page","type-page","status-publish","hentry","nodate"],"_links":{"self":[{"href":"https:\/\/ent2d.ac-bordeaux.fr\/disciplines\/clesjustice64\/wp-json\/wp\/v2\/pages\/205","targetHints":{"allow":["GET"]}}],"collection":[{"href":"https:\/\/ent2d.ac-bordeaux.fr\/disciplines\/clesjustice64\/wp-json\/wp\/v2\/pages"}],"about":[{"href":"https:\/\/ent2d.ac-bordeaux.fr\/disciplines\/clesjustice64\/wp-json\/wp\/v2\/types\/page"}],"author":[{"embeddable":true,"href":"https:\/\/ent2d.ac-bordeaux.fr\/disciplines\/clesjustice64\/wp-json\/wp\/v2\/users\/62"}],"replies":[{"embeddable":true,"href":"https:\/\/ent2d.ac-bordeaux.fr\/disciplines\/clesjustice64\/wp-json\/wp\/v2\/comments?post=205"}],"version-history":[{"count":1,"href":"https:\/\/ent2d.ac-bordeaux.fr\/disciplines\/clesjustice64\/wp-json\/wp\/v2\/pages\/205\/revisions"}],"predecessor-version":[{"id":206,"href":"https:\/\/ent2d.ac-bordeaux.fr\/disciplines\/clesjustice64\/wp-json\/wp\/v2\/pages\/205\/revisions\/206"}],"up":[{"embeddable":true,"href":"https:\/\/ent2d.ac-bordeaux.fr\/disciplines\/clesjustice64\/wp-json\/wp\/v2\/pages\/164"}],"wp:attachment":[{"href":"https:\/\/ent2d.ac-bordeaux.fr\/disciplines\/clesjustice64\/wp-json\/wp\/v2\/media?parent=205"}],"curies":[{"name":"wp","href":"https:\/\/api.w.org\/{rel}","templated":true}]}}