{"id":202,"date":"2017-08-28T14:53:45","date_gmt":"2017-08-28T12:53:45","guid":{"rendered":"https:\/\/ent2d.ac-bordeaux.fr\/disciplines\/clesjustice64\/?page_id=202"},"modified":"2017-08-28T14:53:45","modified_gmt":"2017-08-28T12:53:45","slug":"associations-partenaires-de-la-justice","status":"publish","type":"page","link":"https:\/\/ent2d.ac-bordeaux.fr\/disciplines\/clesjustice64\/les-metiers-de-la-justice\/associations-partenaires-de-la-justice\/","title":{"rendered":"Associations partenaires de la justice"},"content":{"rendered":"<h1 style=\"text-align: center\"><span style=\"color: #ff0000\"><strong>Associations partenaires de la justice<\/strong><\/span><\/h1>\n<div>\n<p>Depuis plusieurs ann\u00e9es, la justice associe la soci\u00e9t\u00e9 civile \u00e0 son fonctionnement quotidien. Elle s&rsquo;appuie sur un important secteur associatif \u00e0 qui elle confie des missions essentielles de service public et qui intervient dans des domaines tr\u00e8s divers.<\/p>\n<div>\n<p>Les associations partenaires de la justice contribuent \u00e0 la mise en oeuvre concr\u00e8te :<\/p>\n<ul>\n<li>des d\u00e9cisions de justice, comme, par exemple, une mesure de travail d&rsquo;int\u00e9r\u00eat g\u00e9n\u00e9ral, un contr\u00f4le judiciaire, un suivi socio-judiciaire, une m\u00e9diation p\u00e9nale ou une mesure de r\u00e9paration pour mineur, une enqu\u00eate de personnalit\u00e9\u2026 ;<\/li>\n<li>de la prise en charge et du suivi des mineurs en danger ou d\u00e9linquants confi\u00e9s sur d\u00e9cision de justice \u00e0 la protection judiciaire de la jeunesse ;<\/li>\n<li>de la prise en charge et du suivi des personnes majeures condamn\u00e9es et confi\u00e9es \u00e0 l&rsquo;administration p\u00e9nitentiaire, \u00e0 l&rsquo;am\u00e9lioration de leurs conditions de sortie et de leur r\u00e9insertion.<\/li>\n<\/ul>\n<p><em>V. en B\u00e9arn, l&rsquo;<strong>Association B\u00e9arnaise de Contr\u00f4le Judiciaire<\/strong> (ABCJ),<\/em> <em><br \/>\n9 rue Pasteur, 64000 PAU (t\u00e9l : 05.59.98.62.55 \/ fax : 05.59.98.62.45 \/ <a href=\"mailto:abcj@abcj.fr\" target=\"_blank\" rel=\"noopener\">abcj@abcj.fr<\/a>)<\/em><\/p>\n<p><em>&amp; en Pays basque, l&rsquo;<strong>Association de Contr\u00f4le Judiciaire du Pays Basque<\/strong> (ACJPB),<\/em> <em><br \/>\n22 rue Lormand, 64100 BAYONNE (t\u00e9l : 05.59.59.45.93 \/ fax : 05.59.59.69.58 \/ <a href=\"mailto:acjpb@acjpb.fr\" target=\"_blank\" rel=\"noopener\">acjpb@acjpb.fr<\/a>) <\/em><\/p>\n<p>Les associations apportent \u00e9galement leur concours :<\/p>\n<ul>\n<li>\u00e0 la prise en charge des victimes d&rsquo;infractions p\u00e9nales, gr\u00e2ce \u00e0 un important r\u00e9seau f\u00e9d\u00e9r\u00e9 autour de l&rsquo; <a href=\"http:\/\/www.justice.gouv.fr\/index.php?rubrique=10044\" target=\"_blank\" rel=\"noopener\">Institut National d&rsquo;Aide aux Victimes et de M\u00e9diation (INAVEM)<\/a> : les associations d&rsquo;aide aux victimes ont pour mission d&rsquo;apporter un soutien psychologique aux victimes, de les informer sur leurs droits et de les accompagner dans leurs d\u00e9marches. Elles tentent d&rsquo;apaiser les conflits et luttent contre l&rsquo;isolement des victimes. Elles tiennent des permanences dans les tribunaux, les services d&rsquo;urgence des h\u00f4pitaux, les commissariats et gendarmeries, les mairies&#8230; Leurs interventions sont gratuites et confidentielles.<\/li>\n<\/ul>\n<p><em>V. en B\u00e9arn, l&rsquo;<strong>Association Pyr\u00e9n\u00e9enne d&rsquo;Aide aux Victimes et de M\u00e9diation<\/strong> (APAVIM),<\/em> <em><br \/>\n41 rue Bonado, 64000 PAU (t\u00e9l : 05.59.27.91.23 \/ fax : 05.59.11.10.76 \/ <a href=\"mailto:apavim@wanadoo.fr\" target=\"_blank\" rel=\"noopener\">apavim@wanadoo.fr<\/a>) <\/em><\/p>\n<p><em>&amp; en Pays basque, l&rsquo;<strong>Association de Contr\u00f4le Judiciaire du Pays Basque<\/strong> (ACJPB),<\/em> <em><br \/>\n22 rue Lormand, 64100 BAYONNE (t\u00e9l : 05.59.59.45.93 \/ fax : 05.59.59.69.58 \/ <a href=\"mailto:acjpb@acjpb.fr\" target=\"_blank\" rel=\"noopener\">acjpb@acjpb.fr<\/a>) <\/em><\/p>\n<ul>\n<li>aux actions visant \u00e0 rendre la justice plus proche et le droit plus accessible \u00e0 tous.<\/li>\n<\/ul>\n<p><em>V. notamment le <strong>Centre d&rsquo;Information sur les Droits des Femmes et des Familles<\/strong> (CIDFF64),<\/em> <em><br \/>\nComplexe de la R\u00e9publique, 4<sup>\u00e8me<\/sup> \u00e9tage, porte 402, rue Carnot, 64000 PAU<br \/>\n(t\u00e9l : 05.59.27.92.43 \/ fax : 05.59.27.06.57 \/ <a href=\"mailto:Cidf64@tele2.fr\" target=\"_blank\" rel=\"noopener\">Cidf64@tele2.fr<\/a>)<\/em><\/p>\n<ul>\n<li>au d\u00e9veloppement et \u00e0 la mise en oeuvre des modes amiables de r\u00e9solution des litiges, notamment la conciliation.<\/li>\n<\/ul>\n<p><em> V. l&rsquo;<strong>Association des conciliateurs de Justice<\/strong>, section Pyr\u00e9n\u00e9es Atlantiques dont les membres assurent des permanences dans la plupart des mairies du d\u00e9partement <\/em><\/p>\n<\/div>\n<\/div>\n","protected":false},"excerpt":{"rendered":"<p>Associations partenaires de la justice Depuis plusieurs ann\u00e9es, la justice associe la soci\u00e9t\u00e9 civile \u00e0 son fonctionnement quotidien. Elle s&rsquo;appuie sur un important secteur associatif \u00e0 qui elle confie des missions essentielles de service public et qui intervient dans des domaines tr\u00e8s divers. Les associations partenaires de la justice contribuent \u00e0 la mise en oeuvre &hellip; <\/p>\n<p><a class=\"more-link block-button\" href=\"https:\/\/ent2d.ac-bordeaux.fr\/disciplines\/clesjustice64\/les-metiers-de-la-justice\/associations-partenaires-de-la-justice\/\">Lire la Suite &raquo;<\/a><\/p>\n","protected":false},"author":62,"featured_media":0,"parent":164,"menu_order":0,"comment_status":"closed","ping_status":"closed","template":"","meta":{"footnotes":""},"class_list":["post-202","page","type-page","status-publish","hentry","nodate"],"_links":{"self":[{"href":"https:\/\/ent2d.ac-bordeaux.fr\/disciplines\/clesjustice64\/wp-json\/wp\/v2\/pages\/202","targetHints":{"allow":["GET"]}}],"collection":[{"href":"https:\/\/ent2d.ac-bordeaux.fr\/disciplines\/clesjustice64\/wp-json\/wp\/v2\/pages"}],"about":[{"href":"https:\/\/ent2d.ac-bordeaux.fr\/disciplines\/clesjustice64\/wp-json\/wp\/v2\/types\/page"}],"author":[{"embeddable":true,"href":"https:\/\/ent2d.ac-bordeaux.fr\/disciplines\/clesjustice64\/wp-json\/wp\/v2\/users\/62"}],"replies":[{"embeddable":true,"href":"https:\/\/ent2d.ac-bordeaux.fr\/disciplines\/clesjustice64\/wp-json\/wp\/v2\/comments?post=202"}],"version-history":[{"count":1,"href":"https:\/\/ent2d.ac-bordeaux.fr\/disciplines\/clesjustice64\/wp-json\/wp\/v2\/pages\/202\/revisions"}],"predecessor-version":[{"id":203,"href":"https:\/\/ent2d.ac-bordeaux.fr\/disciplines\/clesjustice64\/wp-json\/wp\/v2\/pages\/202\/revisions\/203"}],"up":[{"embeddable":true,"href":"https:\/\/ent2d.ac-bordeaux.fr\/disciplines\/clesjustice64\/wp-json\/wp\/v2\/pages\/164"}],"wp:attachment":[{"href":"https:\/\/ent2d.ac-bordeaux.fr\/disciplines\/clesjustice64\/wp-json\/wp\/v2\/media?parent=202"}],"curies":[{"name":"wp","href":"https:\/\/api.w.org\/{rel}","templated":true}]}}