{"id":199,"date":"2017-08-28T14:51:09","date_gmt":"2017-08-28T12:51:09","guid":{"rendered":"https:\/\/ent2d.ac-bordeaux.fr\/disciplines\/clesjustice64\/?page_id=199"},"modified":"2017-08-28T14:51:09","modified_gmt":"2017-08-28T12:51:09","slug":"directeur-de-services-penitentiaires","status":"publish","type":"page","link":"https:\/\/ent2d.ac-bordeaux.fr\/disciplines\/clesjustice64\/les-metiers-de-la-justice\/directeur-de-services-penitentiaires\/","title":{"rendered":"Directeur de services p\u00e9nitentiaires"},"content":{"rendered":"<h1 style=\"text-align: center\"><span style=\"color: #ff0000\"><strong>Directeur de services p\u00e9nitentiaires<\/strong><\/span><\/h1>\n<div>\n<h1><\/h1>\n<div>\n<p>Les directeurs des services p\u00e9nitentiaires mettent en oeuvre la politique d\u00e9finie pour la prise en charge des personnes faisant l&rsquo;objet d&rsquo;une mesure privative de libert\u00e9.<\/p>\n<p><b>ROLE<\/b><\/p>\n<p>Les directeurs des services p\u00e9nitentiaires forment un corps charg\u00e9 de l&rsquo;encadrement sup\u00e9rieur des services p\u00e9nitentiaires. Ils exercent les fonctions d&rsquo;encadrement, de direction, de conception, d&rsquo;expertise et de contr\u00f4le des \u00e9tablissements, circonscriptions et services de l&rsquo;administration p\u00e9nitentiaire charg\u00e9s des personnes plac\u00e9es sous main de justice et mettent en oeuvre la politique d\u00e9finie \u00e0 cet effet.<\/p>\n<p>Ils exercent les attributions qui leur sont conf\u00e9r\u00e9es par les lois et r\u00e8glements pour l&rsquo;application des r\u00e9gimes d&rsquo;ex\u00e9cution des d\u00e9cisions de justice et sentences p\u00e9nales.<\/p>\n<p>Ils peuvent \u00eatre appel\u00e9s \u00e0 exercer leurs fonctions en administration centrale. A ce titre et sous l&rsquo;autorit\u00e9 du directeur de l&rsquo;administration p\u00e9nitentiaire, ils peuvent \u00eatre charg\u00e9s de la conception, de la mise en oeuvre et de l&rsquo;\u00e9valuation des politiques publiques entrant dans leurs missions.<\/p>\n<p>Anim\u00e9s par le sens du service public, ils allient rigueur et go\u00fbt de l&rsquo;action, sens de la mesure et autorit\u00e9, coh\u00e9rence et r\u00e9activit\u00e9. Femmes et hommes de communication, ils poss\u00e8dent une grande capacit\u00e9 de dialogue et de r\u00e9els talents de n\u00e9gociateur qui s&rsquo;appuient sur un sens aigu du contact et de l&rsquo;\u00e9coute.<\/p>\n<p><b>STATUT ET FORMATION<\/b><\/p>\n<p>Le directeur des services p\u00e9nitentiaires est un agent de la fonction publique de cat\u00e9gorie A.<\/p>\n<p>L&rsquo;acc\u00e8s \u00e0 la profession se fait par voie de concours. Le concours externe est ouvert aux candidats titulaires d&rsquo;un titre ou dipl\u00f4me class\u00e9 au moins au niveau II (BAC +3) ou d&rsquo;une qualification reconnue \u00e9quivalente. Un concours interne est ouvert aux fonctionnaires et agents justifiant de quatre ans de services publics.<\/p>\n<p>La formation est con\u00e7ue sur le principe de l&rsquo;alternance : formation th\u00e9orique et stages pratiques visent \u00e0 pr\u00e9parer les directeurs des services p\u00e9nitentiaires aux fonctions manag\u00e9riales de chef d&rsquo;\u00e9tablissement, de structure p\u00e9nitentiaire et de cadre sup\u00e9rieur en direction interr\u00e9gionale et en administration centrale.<\/p>\n<p>D&rsquo;une dur\u00e9e de 24 mois, la formation est assur\u00e9e par l&rsquo;Ecole nationale d&rsquo;administration p\u00e9nitentiaire (ENAP), situ\u00e9e \u00e0 Agen (Lot-et-Garonne).<\/p>\n<p>Pendant la formation, l&rsquo;\u00e9l\u00e8ve directeur per\u00e7oit un traitement net mensuel de 1618 euros. En fin de carri\u00e8re, le traitement net est de 4518 euros.<\/p>\n<p><i>Pour en savoir plus :<\/i><\/p>\n<p>Voir le site de l&rsquo;Ecole Nationale d&rsquo;Administration p\u00e9nitentiaire : <a href=\"http:\/\/www.enap.justice.fr\/\" target=\"_blank\" rel=\"noopener\">http:\/\/www.enap.justice.fr\/<\/a><\/p>\n<\/div>\n<\/div>\n","protected":false},"excerpt":{"rendered":"<p>Directeur de services p\u00e9nitentiaires Les directeurs des services p\u00e9nitentiaires mettent en oeuvre la politique d\u00e9finie pour la prise en charge des personnes faisant l&rsquo;objet d&rsquo;une mesure privative de libert\u00e9. ROLE Les directeurs des services p\u00e9nitentiaires forment un corps charg\u00e9 de l&rsquo;encadrement sup\u00e9rieur des services p\u00e9nitentiaires. Ils exercent les fonctions d&rsquo;encadrement, de direction, de conception, d&rsquo;expertise &hellip; <\/p>\n<p><a class=\"more-link block-button\" href=\"https:\/\/ent2d.ac-bordeaux.fr\/disciplines\/clesjustice64\/les-metiers-de-la-justice\/directeur-de-services-penitentiaires\/\">Lire la Suite &raquo;<\/a><\/p>\n","protected":false},"author":62,"featured_media":0,"parent":164,"menu_order":0,"comment_status":"closed","ping_status":"closed","template":"","meta":{"footnotes":""},"class_list":["post-199","page","type-page","status-publish","hentry","nodate"],"_links":{"self":[{"href":"https:\/\/ent2d.ac-bordeaux.fr\/disciplines\/clesjustice64\/wp-json\/wp\/v2\/pages\/199","targetHints":{"allow":["GET"]}}],"collection":[{"href":"https:\/\/ent2d.ac-bordeaux.fr\/disciplines\/clesjustice64\/wp-json\/wp\/v2\/pages"}],"about":[{"href":"https:\/\/ent2d.ac-bordeaux.fr\/disciplines\/clesjustice64\/wp-json\/wp\/v2\/types\/page"}],"author":[{"embeddable":true,"href":"https:\/\/ent2d.ac-bordeaux.fr\/disciplines\/clesjustice64\/wp-json\/wp\/v2\/users\/62"}],"replies":[{"embeddable":true,"href":"https:\/\/ent2d.ac-bordeaux.fr\/disciplines\/clesjustice64\/wp-json\/wp\/v2\/comments?post=199"}],"version-history":[{"count":1,"href":"https:\/\/ent2d.ac-bordeaux.fr\/disciplines\/clesjustice64\/wp-json\/wp\/v2\/pages\/199\/revisions"}],"predecessor-version":[{"id":200,"href":"https:\/\/ent2d.ac-bordeaux.fr\/disciplines\/clesjustice64\/wp-json\/wp\/v2\/pages\/199\/revisions\/200"}],"up":[{"embeddable":true,"href":"https:\/\/ent2d.ac-bordeaux.fr\/disciplines\/clesjustice64\/wp-json\/wp\/v2\/pages\/164"}],"wp:attachment":[{"href":"https:\/\/ent2d.ac-bordeaux.fr\/disciplines\/clesjustice64\/wp-json\/wp\/v2\/media?parent=199"}],"curies":[{"name":"wp","href":"https:\/\/api.w.org\/{rel}","templated":true}]}}