{"id":195,"date":"2017-08-28T14:48:24","date_gmt":"2017-08-28T12:48:24","guid":{"rendered":"https:\/\/ent2d.ac-bordeaux.fr\/disciplines\/clesjustice64\/?page_id=195"},"modified":"2017-08-28T14:48:24","modified_gmt":"2017-08-28T12:48:24","slug":"educateur-pjj","status":"publish","type":"page","link":"https:\/\/ent2d.ac-bordeaux.fr\/disciplines\/clesjustice64\/les-metiers-de-la-justice\/educateur-pjj\/","title":{"rendered":"Educateur PJJ"},"content":{"rendered":"<h1 style=\"text-align: center\"><strong><span style=\"color: #ff0000\">Educateur PJJ<\/span><\/strong><\/h1>\n<p>&nbsp;<\/p>\n<p>L&rsquo;\u00e9ducateur de la Protection Judiciaire de la Jeunesse oeuvre \u00e0 la r\u00e9insertion sociale des jeunes en difficult\u00e9 signal\u00e9s \u00e0 la Justice.<\/p>\n<p>&nbsp;<\/p>\n<div><strong>ROLE<\/strong>L&rsquo;\u00e9ducateur PJJ travaille en milieu ouvert et en h\u00e9bergement aupr\u00e8s des mineurs, mis en danger par leur situation familiale ou des parcours de vie chaotiques, et des adolescents de 13 \u00e0 18 ans poursuivis par la Justice ou jug\u00e9s.<\/p>\n<p>L&rsquo;\u00e9ducateur PJJ est d&rsquo;abord un homme ou une femme de terrain. En lien avec son \u00e9quipe pluridisciplinaire (assistant de service social, psychologue, psychiatre, infirmier, professeurs techniques et adjoints techniques intervenant dans la structure d&rsquo;accueil du jeune), il a notamment pour mission : d&rsquo;\u00e9valuer la situation sociale et professionnelle du jeune, afin de pouvoir proposer des solutions appropri\u00e9es aux magistrats ; de mettre en oeuvre les mesures \u00e9ducatives et l&rsquo;ex\u00e9cution des d\u00e9cisions de Justice prises \u00e0 son \u00e9gard ; d&rsquo;accompagner au quotidien, qu&rsquo;il soit plac\u00e9 dans une structure PJJ, incarc\u00e9r\u00e9 ou qu&rsquo;il reste dans un cadre familial ; de reconstituer des liens entre le jeune, sa famille et la soci\u00e9t\u00e9 ; d&rsquo;\u00e9laborer, avec lui, son projet \u00e9ducatif constituant de r\u00e9elles perspectives de r\u00e9insertion sociale, scolaire et\/ou professionnelle.<\/p>\n<p>L&rsquo;action de l&rsquo;\u00e9ducateur se fait syst\u00e9matiquement en lien direct avec les familles, les magistrats et les enseignants. P\u00e9dagogue et \u00e0 l&rsquo;\u00e9coute de ses interlocuteurs, l&rsquo;\u00e9ducateur aide le jeune \u00e0 mettre en oeuvre un projet de vie et de r\u00e9insertion sociale. Humain et ferme, il doit constituer un rep\u00e8re stable et permanent pour le jeune en difficult\u00e9. Sp\u00e9cialiste de la relation \u00e9ducative, il aide le jeune \u00e0 se re-scolariser et\/ou \u00e0 d\u00e9terminer des objectifs professionnels. R\u00e9dacteur, il rend compte par \u00e9crit du travail \u00e9ducatif effectu\u00e9 gr\u00e2ce \u00e0 des notes et des synth\u00e8ses destin\u00e9es aux magistrats. Homme de terrain, il a un go\u00fbt prononc\u00e9 pour le travail en \u00e9quipe et fait preuve d&rsquo;un bon sens de l&rsquo;organisation.<\/p>\n<p><strong>STATUT ET FORMATION<\/strong>L&rsquo;\u00e9ducateur PJJ est un agent de la fonction publique de cat\u00e9gorie B.<\/p>\n<p>L&rsquo;acc\u00e8s au corps des \u00e9ducateurs PJJ se fait par voie de concours. Un concours externe est ouvert aux titulaires d&rsquo;un titre ou dipl\u00f4me class\u00e9 au moins au niveau III (BAC + 2) ou d&rsquo;une qualification reconnue \u00e9quivalente \u00e0 l&rsquo;un de ces titres ou dipl\u00f4mes. Un concours interne est ouvert aux fonctionnaires et agents de l&rsquo;Etat, justifiant de trois ans de services publics. Un recrutement sur titre est \u00e9galement possible pour les titulaires d&rsquo;un dipl\u00f4me d&rsquo;Etat d&rsquo;\u00e9ducateur sp\u00e9cialis\u00e9. Un autre concours dit \u00ab\u00a03e voie\u00a0\u00bb visent les candidats justifiant de l&rsquo;exercice, pendant au moins cinq ans au cours des dix ann\u00e9es pr\u00e9c\u00e9dant la date de cl\u00f4ture des inscriptions audit concours, d&rsquo;une ou plusieurs activit\u00e9s exerc\u00e9es dans le domaine \u00e9ducatif, social, sportif ou culturel.<\/p>\n<p>Une formation initiale, sur le principe de l&rsquo;alternance, propose des volets th\u00e9orique et pratique. Elle vise \u00e0 pr\u00e9parer le futur \u00e9ducateur aux diff\u00e9rents aspects de la fonction par la d\u00e9couverte des services de la PJJ, d&rsquo;un Tribunal pour enfants et la prise en charge de mineurs incarc\u00e9r\u00e9s. Assur\u00e9e par L&rsquo;Ecole nationale de protection judiciaire de la jeunesse (ENPJJ), \u00e0 Roubaix, la formation dure 24 mois. Elle est compl\u00e9t\u00e9e par une formation continue obligatoire de 20 jours par an pendant 2 ans suivant la fin de leur formation initiale.<\/p>\n<p>Pendant toute la dur\u00e9e de la formation, le greffier stagiaire per\u00e7oit un traitement net mensuel de 1400 euros. En fin de carri\u00e8re, le traitement net est d&rsquo;environ 2 400 euros.<\/p>\n<\/div>\n<p><strong>Pour en savoir plus :<\/strong><br \/>\nEcole nationale de protection judiciaire de la jeunesse (ENPJJ)<br \/>\n16, rue du Curoir &#8211; 59100 ROUBAIX<br \/>\nT\u00e9l. : 03.59.03.14.14<\/p>\n","protected":false},"excerpt":{"rendered":"<p>Educateur PJJ &nbsp; L&rsquo;\u00e9ducateur de la Protection Judiciaire de la Jeunesse oeuvre \u00e0 la r\u00e9insertion sociale des jeunes en difficult\u00e9 signal\u00e9s \u00e0 la Justice. &nbsp; ROLEL&rsquo;\u00e9ducateur PJJ travaille en milieu ouvert et en h\u00e9bergement aupr\u00e8s des mineurs, mis en danger par leur situation familiale ou des parcours de vie chaotiques, et des adolescents de 13 &hellip; <\/p>\n<p><a class=\"more-link block-button\" href=\"https:\/\/ent2d.ac-bordeaux.fr\/disciplines\/clesjustice64\/les-metiers-de-la-justice\/educateur-pjj\/\">Lire la Suite &raquo;<\/a><\/p>\n","protected":false},"author":62,"featured_media":0,"parent":164,"menu_order":0,"comment_status":"closed","ping_status":"closed","template":"","meta":{"footnotes":""},"class_list":["post-195","page","type-page","status-publish","hentry","nodate"],"_links":{"self":[{"href":"https:\/\/ent2d.ac-bordeaux.fr\/disciplines\/clesjustice64\/wp-json\/wp\/v2\/pages\/195","targetHints":{"allow":["GET"]}}],"collection":[{"href":"https:\/\/ent2d.ac-bordeaux.fr\/disciplines\/clesjustice64\/wp-json\/wp\/v2\/pages"}],"about":[{"href":"https:\/\/ent2d.ac-bordeaux.fr\/disciplines\/clesjustice64\/wp-json\/wp\/v2\/types\/page"}],"author":[{"embeddable":true,"href":"https:\/\/ent2d.ac-bordeaux.fr\/disciplines\/clesjustice64\/wp-json\/wp\/v2\/users\/62"}],"replies":[{"embeddable":true,"href":"https:\/\/ent2d.ac-bordeaux.fr\/disciplines\/clesjustice64\/wp-json\/wp\/v2\/comments?post=195"}],"version-history":[{"count":1,"href":"https:\/\/ent2d.ac-bordeaux.fr\/disciplines\/clesjustice64\/wp-json\/wp\/v2\/pages\/195\/revisions"}],"predecessor-version":[{"id":196,"href":"https:\/\/ent2d.ac-bordeaux.fr\/disciplines\/clesjustice64\/wp-json\/wp\/v2\/pages\/195\/revisions\/196"}],"up":[{"embeddable":true,"href":"https:\/\/ent2d.ac-bordeaux.fr\/disciplines\/clesjustice64\/wp-json\/wp\/v2\/pages\/164"}],"wp:attachment":[{"href":"https:\/\/ent2d.ac-bordeaux.fr\/disciplines\/clesjustice64\/wp-json\/wp\/v2\/media?parent=195"}],"curies":[{"name":"wp","href":"https:\/\/api.w.org\/{rel}","templated":true}]}}