{"id":192,"date":"2017-08-28T14:46:00","date_gmt":"2017-08-28T12:46:00","guid":{"rendered":"https:\/\/ent2d.ac-bordeaux.fr\/disciplines\/clesjustice64\/?page_id=192"},"modified":"2017-08-28T14:49:26","modified_gmt":"2017-08-28T12:49:26","slug":"greffier","status":"publish","type":"page","link":"https:\/\/ent2d.ac-bordeaux.fr\/disciplines\/clesjustice64\/les-metiers-de-la-justice\/greffier\/","title":{"rendered":"Greffier"},"content":{"rendered":"<h1 style=\"text-align: center\"><span style=\"color: #ff0000\"><strong>Greffier<\/strong><\/span><\/h1>\n<p>&nbsp;<\/p>\n<div>\n<p>Le greffier est le collaborateur du magistrat et l&rsquo;assiste notamment lors des audiences.<\/p>\n<p>&nbsp;<\/p>\n<div>\n<p><strong>ROLE<\/strong><\/p>\n<p>Au civil et au p\u00e9nal, le greffier est pr\u00e9sent \u00e0 toutes les \u00e9tapes de la proc\u00e9dure. Technicien de la proc\u00e9dure, il est responsable de son respect et de son authenticit\u00e9. Il enregistre les affaires, constitue les dossiers, pr\u00e9vient les parties des dates d&rsquo;audience et de cl\u00f4ture, dresse les proc\u00e8s-verbaux, r\u00e9dige des actes et met en forme les d\u00e9cisions. Il assiste le juge \u00e0 l&rsquo;audience. Son r\u00f4le est essentiel puisque toute formalit\u00e9 ou acte accompli en son absence pourrait \u00eatre frapp\u00e9 de nullit\u00e9.<\/p>\n<p>Le greffier est un agent d&rsquo;encadrement interm\u00e9diaire, il a pour mission de coordonner les activit\u00e9s des agents qui collaborent avec lui \u00e0 un service. Selon l&rsquo;importance des juridictions et leur organisation, il peut \u00eatre investi de responsabilit\u00e9s de gestion et diriger un des services du greffe. Il peut \u00e9galement exercer les fonctions de chef de greffe.<\/p>\n<p>Enfin, le greffier accueil et informe le public. Interlocuteur privil\u00e9gi\u00e9 du justiciable, il renseigne sur les proc\u00e9dures et sur la constitution d&rsquo;un dossier.<\/p>\n<p><strong>STATUT ET FORMATION<\/strong><\/p>\n<p>Le greffier est un agent de la fonction publique de cat\u00e9gorie B. Il est plac\u00e9 sous l&rsquo;autorit\u00e9 d&rsquo;un greffier en chef.<\/p>\n<p>L&rsquo;acc\u00e8s au corps des greffiers se fait par voie de concours. Un concours externe est ouvert aux titulaires d&rsquo;un titre ou dipl\u00f4me class\u00e9 au moins au niveau III (Bac+2) ou d&rsquo;une qualification reconnue \u00e9quivalente \u00e0 l&rsquo;un de ces titres ou dipl\u00f4mes. Un concours interne est ouvert aux fonctionnaires et agents de l&rsquo;Etat, justifiant de quatre ans de services publics.<\/p>\n<p>Une formation initiale, sur le principe de l&rsquo;alternance, propose des volets th\u00e9orique et pratique en juridictions. Elle vise \u00e0 pr\u00e9parer le futur greffier aux diff\u00e9rents aspects de la fonction. Assur\u00e9e par l&rsquo;Ecole nationale des greffes (E.N.G.), \u00e0 Dijon, la formation dure 18 mois. Elle est compl\u00e9t\u00e9e par une formation continue obligatoire de 10 jours par an pendant 5 ans suivant la fin de leur formation initiale.<\/p>\n<p>Pendant toute la dur\u00e9e de la formation, le greffier stagiaire per\u00e7oit un traitement net mensuel d&rsquo;environ 1 200 \u20ac. En fin de carri\u00e8re, le traitement net est d&rsquo;environ 2 400 \u20ac.<\/p>\n<p>Recrut\u00e9 par voie de concours externe, le greffier signe l&rsquo;engagement d&rsquo;accomplir, outre l&rsquo;ann\u00e9e de stage, quatre ann\u00e9es de fonctions au service de l&rsquo;Etat en qualit\u00e9 de titulaire.<\/p>\n<\/div>\n<p><em>Pour en savoir plus :<\/em><\/p>\n<p>\u00c9cole Nationale des Greffes<br \/>\n5, Boulevard de la Marne &#8211; BP 9 &#8211; 21 071 DIJON Cedex<br \/>\nt\u00e9l.: 03.80.74.56.00 \/ t\u00e9l\u00e9copie : 03.80.60.58.00 \/ e-mail : <a href=\"mailto:eng.dijon@justice.fr\" target=\"_blank\" rel=\"noopener\">eng.dijon@justice.fr<\/a><\/p>\n<\/div>\n","protected":false},"excerpt":{"rendered":"<p>Greffier &nbsp; Le greffier est le collaborateur du magistrat et l&rsquo;assiste notamment lors des audiences. &nbsp; ROLE Au civil et au p\u00e9nal, le greffier est pr\u00e9sent \u00e0 toutes les \u00e9tapes de la proc\u00e9dure. Technicien de la proc\u00e9dure, il est responsable de son respect et de son authenticit\u00e9. Il enregistre les affaires, constitue les dossiers, pr\u00e9vient &hellip; <\/p>\n<p><a class=\"more-link block-button\" href=\"https:\/\/ent2d.ac-bordeaux.fr\/disciplines\/clesjustice64\/les-metiers-de-la-justice\/greffier\/\">Lire la Suite &raquo;<\/a><\/p>\n","protected":false},"author":62,"featured_media":0,"parent":164,"menu_order":0,"comment_status":"closed","ping_status":"closed","template":"","meta":{"footnotes":""},"class_list":["post-192","page","type-page","status-publish","hentry","nodate"],"_links":{"self":[{"href":"https:\/\/ent2d.ac-bordeaux.fr\/disciplines\/clesjustice64\/wp-json\/wp\/v2\/pages\/192","targetHints":{"allow":["GET"]}}],"collection":[{"href":"https:\/\/ent2d.ac-bordeaux.fr\/disciplines\/clesjustice64\/wp-json\/wp\/v2\/pages"}],"about":[{"href":"https:\/\/ent2d.ac-bordeaux.fr\/disciplines\/clesjustice64\/wp-json\/wp\/v2\/types\/page"}],"author":[{"embeddable":true,"href":"https:\/\/ent2d.ac-bordeaux.fr\/disciplines\/clesjustice64\/wp-json\/wp\/v2\/users\/62"}],"replies":[{"embeddable":true,"href":"https:\/\/ent2d.ac-bordeaux.fr\/disciplines\/clesjustice64\/wp-json\/wp\/v2\/comments?post=192"}],"version-history":[{"count":2,"href":"https:\/\/ent2d.ac-bordeaux.fr\/disciplines\/clesjustice64\/wp-json\/wp\/v2\/pages\/192\/revisions"}],"predecessor-version":[{"id":198,"href":"https:\/\/ent2d.ac-bordeaux.fr\/disciplines\/clesjustice64\/wp-json\/wp\/v2\/pages\/192\/revisions\/198"}],"up":[{"embeddable":true,"href":"https:\/\/ent2d.ac-bordeaux.fr\/disciplines\/clesjustice64\/wp-json\/wp\/v2\/pages\/164"}],"wp:attachment":[{"href":"https:\/\/ent2d.ac-bordeaux.fr\/disciplines\/clesjustice64\/wp-json\/wp\/v2\/media?parent=192"}],"curies":[{"name":"wp","href":"https:\/\/api.w.org\/{rel}","templated":true}]}}