{"id":189,"date":"2017-08-28T14:44:20","date_gmt":"2017-08-28T12:44:20","guid":{"rendered":"https:\/\/ent2d.ac-bordeaux.fr\/disciplines\/clesjustice64\/?page_id=189"},"modified":"2017-08-28T14:44:20","modified_gmt":"2017-08-28T12:44:20","slug":"greffier-en-chef","status":"publish","type":"page","link":"https:\/\/ent2d.ac-bordeaux.fr\/disciplines\/clesjustice64\/les-metiers-de-la-justice\/greffier-en-chef\/","title":{"rendered":"Greffier en chef"},"content":{"rendered":"<h1 style=\"text-align: center\"><span style=\"color: #ff0000\"><strong>Greffier en chef<\/strong><\/span><\/h1>\n<div>\n<h1><\/h1>\n<p>Au sein des juridictions de l&rsquo;ordre judiciaire, le greffier en chef exerce des fonctions juridiques, de gestion et d&rsquo;encadrement.<\/p>\n<p>&nbsp;<\/p>\n<div>\n<p><strong>ROLE<\/strong><\/p>\n<p>Dans les plus importantes fonctions, le greffier en chef est nomm\u00e9 directeur de greffe d&rsquo;une juridiction. Assist\u00e9 de greffiers en chef, il dirige les services de la juridiction. Il est charg\u00e9 de l&rsquo;affectation des personnels, participe \u00e0 l&rsquo;\u00e9laboration des budgets, en assure l&rsquo;ex\u00e9cution et veille \u00e0 la bonne gestion des moyens mat\u00e9riels, des locaux et \u00e9quipements.<\/p>\n<p>Le greffier en chef est d\u00e9positaire des minutes et archives au sein de la juridiction, il en assure la conservation.<\/p>\n<p>Il peut exercer ses fonctions \u00e0 la Cour de cassation, dans une cour d&rsquo;appel, dans un tribunal de grande instance, un tribunal d&rsquo;instance, un conseil de prud&rsquo;hommes ou un conseil d\u00e9partemental d&rsquo;acc\u00e8s au droit.<\/p>\n<p>Selon sa juridiction d&rsquo;appartenance, il poss\u00e8de des attributions propres : au tribunal d&rsquo;instance, en mati\u00e8re de cession de salaire et de saisie de r\u00e9mun\u00e9rations, de procuration de vote, de certificat de nationalit\u00e9 fran\u00e7aise, de consentement \u00e0 adoption, d&rsquo;appositions de scell\u00e9s et de v\u00e9rifications des comptes de tutelles ; au tribunal de grande instance, en mati\u00e8re de pi\u00e8ces \u00e0 conviction, d&rsquo;aide juridictionnelle (vice-pr\u00e9sidence du bureau) ainsi qu&rsquo;\u00e0 l&rsquo;occasion de diff\u00e9rentes d\u00e9clarations dans le domaine du droit de la famille (autorit\u00e9 parentale, changement de nom).<\/p>\n<p>Le greffier en chef peut \u00e9galement \u00eatre nomm\u00e9 Directeur D\u00e9l\u00e9gu\u00e9 \u00e0 l&rsquo;Administration R\u00e9gionale Judiciaire des Services Administratifs R\u00e9gionaux. Il y exerce des fonctions de responsable de la gestion budg\u00e9taire, des ressources humaines, de la formation et responsable de la gestion informatique.<br \/>\nIl peut aussi enseigner \u00e0 l&rsquo;Ecole Nationale des Greffes. Missions ou \u00e9tudes peuvent lui \u00eatre confi\u00e9es \u00e0 l&rsquo;administration centrale du minist\u00e8re de la Justice ou autres structures administratives.<\/p>\n<p><strong>STATUT ET FORMATION<\/strong><\/p>\n<p>Le greffier en chef est un agent de la fonction publique, de cat\u00e9gorie A.<\/p>\n<p>L&rsquo;acc\u00e8s \u00e0 la profession se fait par voie de concours. Un concours externe est ouvert aux candidats titulaires d&rsquo;un titre ou dipl\u00f4me class\u00e9 au moins au niveau II (Bac + 3) ou d&rsquo;une qualification reconnue \u00e9quivalente \u00e0 l&rsquo;un de ces titres ou dipl\u00f4mes. Un concours interne est ouvert aux fonctionnaires et agents de l&rsquo;Etat justifiant de quatre ans de services publics au 1er janvier de l&rsquo;ann\u00e9e du concours.<\/p>\n<p>La formation est con\u00e7ue selon le principe de l&rsquo;alternance : formation th\u00e9orique et stages pratiques en juridictions. Elle vise les divers aspects des missions juridiques, d&rsquo;encadrement et de gestion. D&rsquo;une dur\u00e9e de 18 mois, la formation est assur\u00e9e par l&rsquo;Ecole nationale des greffes (E.N.G.) \u00e0 Dijon.<\/p>\n<p>Pendant la formation, le greffier en chef stagiaire per\u00e7oit un traitement net mensuel d&rsquo;environ 1 800 \u20ac. En fin de carri\u00e8re le traitement net mensuel est d&rsquo;environ 3 500 \u20ac.<\/p>\n<p>Recrut\u00e9 par voie de concours externe, le greffier en chef signe l&rsquo;engagement d&rsquo;accomplir, outre l&rsquo;ann\u00e9e de stage, cinq ann\u00e9es au service de l&rsquo;Etat en qualit\u00e9 de titulaire.<\/p>\n<p><em>Pour en savoir plus<\/em> :<\/p>\n<p>Ecole Nationale des Greffes<br \/>\n5, Boulevard de la Marne &#8211; BP 9 &#8211; 21 071 DIJON cedex<br \/>\nt\u00e9l.: 03.80.74.56.00 \/ t\u00e9l\u00e9copie : 03.80.60.58.00 \/ e-mail : <a href=\"mailto:eng.dijon@justice.fr\">eng.dijon@justice.fr<\/a><\/p>\n<\/div>\n<\/div>\n","protected":false},"excerpt":{"rendered":"<p>Greffier en chef Au sein des juridictions de l&rsquo;ordre judiciaire, le greffier en chef exerce des fonctions juridiques, de gestion et d&rsquo;encadrement. &nbsp; ROLE Dans les plus importantes fonctions, le greffier en chef est nomm\u00e9 directeur de greffe d&rsquo;une juridiction. Assist\u00e9 de greffiers en chef, il dirige les services de la juridiction. Il est charg\u00e9 &hellip; <\/p>\n<p><a class=\"more-link block-button\" href=\"https:\/\/ent2d.ac-bordeaux.fr\/disciplines\/clesjustice64\/les-metiers-de-la-justice\/greffier-en-chef\/\">Lire la Suite &raquo;<\/a><\/p>\n","protected":false},"author":62,"featured_media":0,"parent":164,"menu_order":0,"comment_status":"closed","ping_status":"closed","template":"","meta":{"footnotes":""},"class_list":["post-189","page","type-page","status-publish","hentry","nodate"],"_links":{"self":[{"href":"https:\/\/ent2d.ac-bordeaux.fr\/disciplines\/clesjustice64\/wp-json\/wp\/v2\/pages\/189","targetHints":{"allow":["GET"]}}],"collection":[{"href":"https:\/\/ent2d.ac-bordeaux.fr\/disciplines\/clesjustice64\/wp-json\/wp\/v2\/pages"}],"about":[{"href":"https:\/\/ent2d.ac-bordeaux.fr\/disciplines\/clesjustice64\/wp-json\/wp\/v2\/types\/page"}],"author":[{"embeddable":true,"href":"https:\/\/ent2d.ac-bordeaux.fr\/disciplines\/clesjustice64\/wp-json\/wp\/v2\/users\/62"}],"replies":[{"embeddable":true,"href":"https:\/\/ent2d.ac-bordeaux.fr\/disciplines\/clesjustice64\/wp-json\/wp\/v2\/comments?post=189"}],"version-history":[{"count":1,"href":"https:\/\/ent2d.ac-bordeaux.fr\/disciplines\/clesjustice64\/wp-json\/wp\/v2\/pages\/189\/revisions"}],"predecessor-version":[{"id":190,"href":"https:\/\/ent2d.ac-bordeaux.fr\/disciplines\/clesjustice64\/wp-json\/wp\/v2\/pages\/189\/revisions\/190"}],"up":[{"embeddable":true,"href":"https:\/\/ent2d.ac-bordeaux.fr\/disciplines\/clesjustice64\/wp-json\/wp\/v2\/pages\/164"}],"wp:attachment":[{"href":"https:\/\/ent2d.ac-bordeaux.fr\/disciplines\/clesjustice64\/wp-json\/wp\/v2\/media?parent=189"}],"curies":[{"name":"wp","href":"https:\/\/api.w.org\/{rel}","templated":true}]}}