{"id":186,"date":"2017-08-28T14:42:56","date_gmt":"2017-08-28T12:42:56","guid":{"rendered":"https:\/\/ent2d.ac-bordeaux.fr\/disciplines\/clesjustice64\/?page_id=186"},"modified":"2017-08-28T14:47:14","modified_gmt":"2017-08-28T12:47:14","slug":"juge-de-lapplication-des-peines","status":"publish","type":"page","link":"https:\/\/ent2d.ac-bordeaux.fr\/disciplines\/clesjustice64\/les-metiers-de-la-justice\/juge-de-lapplication-des-peines\/","title":{"rendered":"Juge de l&rsquo;application des peines"},"content":{"rendered":"<h1 style=\"text-align: center\"><span style=\"color: #ff0000\">Juge de l&rsquo;application des peines<\/span><\/h1>\n<div>\n<h1><\/h1>\n<p>Selon l&rsquo;article 712-1 du code de proc\u00e9dure p\u00e9nale, le juge de l&rsquo;application des peines (JAP) est charg\u00e9 de suivre la vie des condamn\u00e9s \u00e0 l&rsquo;int\u00e9rieur et \u00e0 l&rsquo;ext\u00e9rieur des prisons.<\/p>\n<p>&nbsp;<\/p>\n<div>\n<p><strong>Qu&rsquo;est-ce qu&rsquo;un juge de l&rsquo;application des peines ?<\/strong><\/p>\n<p>Le juge de l&rsquo;application des peines est un magistrat sp\u00e9cialis\u00e9 du tribunal de grande instance.<\/p>\n<p>Il intervient apr\u00e8s condamnation \u00e0 une peine privative ou restrictive de libert\u00e9. A ce titre, le JAP fixe les principales modalit\u00e9s du traitement p\u00e9nitentiaire.<\/p>\n<p>Le JAP si\u00e8ge en chambre du conseil. Il statue, le plus souvent, apr\u00e8s avis d&rsquo;une commission dite de l&rsquo;application des peines qu&rsquo;il pr\u00e9side et dont sont membres de droit le procureur de la R\u00e9publique et le chef d&rsquo;\u00e9tablissement p\u00e9nitentiaire.<\/p>\n<p>Dans l&rsquo;exercice de ses missions, le JAP est assist\u00e9 d&rsquo;un service sp\u00e9cifique : le service p\u00e9nitentiaire d&rsquo;insertion et de probation (SPIP) de l&rsquo;administration p\u00e9nitentiaire.<\/p>\n<p><strong>Quelles sont ses comp\u00e9tences ?<\/strong><\/p>\n<p>Lorsqu&rsquo;il intervient en milieu dit \u00ab ferm\u00e9 \u00bb, soit au titre d&rsquo;un emprisonnement, le juge de l&rsquo;application des peines est comp\u00e9tent pour prononcer des mesures d&rsquo;am\u00e9nagement de peine. Il peut d\u00e9cider d&rsquo;un placement \u00e0 l&rsquo;ext\u00e9rieur, d&rsquo;une semi-libert\u00e9, de r\u00e9duction, fractionnement et suspension de peines, d&rsquo;une lib\u00e9ration conditionnelle et d&rsquo;un placement sous surveillance \u00e9lectronique.<\/p>\n<p>En milieu ouvert, le JAP est charg\u00e9 de suivre et de contr\u00f4ler le condamn\u00e9 dans l&rsquo;ex\u00e9cution de sa peine. Il s&rsquo;agit, en g\u00e9n\u00e9ral, d&rsquo;un emprisonnement assorti du sursis avec mise \u00e0 l&rsquo;\u00e9preuve, d&rsquo;un ajournement du prononc\u00e9 de la peine, d&rsquo;un travail d&rsquo;int\u00e9r\u00eat g\u00e9n\u00e9ral, d&rsquo;une libert\u00e9 conditionnelle ou d&rsquo;un suivi socio-judiciaire.<br \/>\nLe JAP peut d\u00e9livrer un mandat d&rsquo;amener en cas d&rsquo;inobservation par le condamn\u00e9 des obligations qui lui incombent puis un mandat d&rsquo;arr\u00eat afin de le faire incarc\u00e9rer.<\/p>\n<p><strong>Par qui est-il saisi ?<\/strong><\/p>\n<p>Le JAP statue sur demande du condamn\u00e9 ou sur r\u00e9quisitions du procureur de la R\u00e9publique mais peut \u00e9galement agir d&rsquo;office.<\/p>\n<\/div>\n<\/div>\n","protected":false},"excerpt":{"rendered":"<p>Juge de l&rsquo;application des peines Selon l&rsquo;article 712-1 du code de proc\u00e9dure p\u00e9nale, le juge de l&rsquo;application des peines (JAP) est charg\u00e9 de suivre la vie des condamn\u00e9s \u00e0 l&rsquo;int\u00e9rieur et \u00e0 l&rsquo;ext\u00e9rieur des prisons. &nbsp; Qu&rsquo;est-ce qu&rsquo;un juge de l&rsquo;application des peines ? Le juge de l&rsquo;application des peines est un magistrat sp\u00e9cialis\u00e9 du &hellip; <\/p>\n<p><a class=\"more-link block-button\" href=\"https:\/\/ent2d.ac-bordeaux.fr\/disciplines\/clesjustice64\/les-metiers-de-la-justice\/juge-de-lapplication-des-peines\/\">Lire la Suite &raquo;<\/a><\/p>\n","protected":false},"author":62,"featured_media":0,"parent":164,"menu_order":0,"comment_status":"closed","ping_status":"closed","template":"","meta":{"footnotes":""},"class_list":["post-186","page","type-page","status-publish","hentry","nodate"],"_links":{"self":[{"href":"https:\/\/ent2d.ac-bordeaux.fr\/disciplines\/clesjustice64\/wp-json\/wp\/v2\/pages\/186","targetHints":{"allow":["GET"]}}],"collection":[{"href":"https:\/\/ent2d.ac-bordeaux.fr\/disciplines\/clesjustice64\/wp-json\/wp\/v2\/pages"}],"about":[{"href":"https:\/\/ent2d.ac-bordeaux.fr\/disciplines\/clesjustice64\/wp-json\/wp\/v2\/types\/page"}],"author":[{"embeddable":true,"href":"https:\/\/ent2d.ac-bordeaux.fr\/disciplines\/clesjustice64\/wp-json\/wp\/v2\/users\/62"}],"replies":[{"embeddable":true,"href":"https:\/\/ent2d.ac-bordeaux.fr\/disciplines\/clesjustice64\/wp-json\/wp\/v2\/comments?post=186"}],"version-history":[{"count":1,"href":"https:\/\/ent2d.ac-bordeaux.fr\/disciplines\/clesjustice64\/wp-json\/wp\/v2\/pages\/186\/revisions"}],"predecessor-version":[{"id":187,"href":"https:\/\/ent2d.ac-bordeaux.fr\/disciplines\/clesjustice64\/wp-json\/wp\/v2\/pages\/186\/revisions\/187"}],"up":[{"embeddable":true,"href":"https:\/\/ent2d.ac-bordeaux.fr\/disciplines\/clesjustice64\/wp-json\/wp\/v2\/pages\/164"}],"wp:attachment":[{"href":"https:\/\/ent2d.ac-bordeaux.fr\/disciplines\/clesjustice64\/wp-json\/wp\/v2\/media?parent=186"}],"curies":[{"name":"wp","href":"https:\/\/api.w.org\/{rel}","templated":true}]}}