{"id":179,"date":"2017-08-28T14:39:46","date_gmt":"2017-08-28T12:39:46","guid":{"rendered":"https:\/\/ent2d.ac-bordeaux.fr\/disciplines\/clesjustice64\/?page_id=179"},"modified":"2017-08-28T14:39:58","modified_gmt":"2017-08-28T12:39:58","slug":"juge-aux-affaires-familiales","status":"publish","type":"page","link":"https:\/\/ent2d.ac-bordeaux.fr\/disciplines\/clesjustice64\/les-metiers-de-la-justice\/juge-aux-affaires-familiales\/","title":{"rendered":"Juge aux affaires familiales"},"content":{"rendered":"<h1 style=\"text-align: center\"><span style=\"color: #ff0000\"><strong>Juge aux affaires familiales<\/strong><\/span><\/h1>\n<div>\n<h1><\/h1>\n<div>\n<p>Le Juge aux Affaires Familiales, plus commun\u00e9ment appel\u00e9 JAF, traite comme son nom l&rsquo;indique des affaires concernant la famille.<\/p>\n<p><strong>Qu&rsquo;est-ce qu&rsquo;un juge aux affaires familiales?<\/strong><\/p>\n<p>Le juge aux affaires familiales est un juge du tribunal de grande instance, d\u00e9l\u00e9gu\u00e9 par le pr\u00e9sident aux affaires de la famille.<\/p>\n<p>Il peut y avoir plusieurs juges aux affaires familiales par tribunal de grande instance.<\/p>\n<p><strong>Quelles sont ses comp\u00e9tences?<\/strong><\/p>\n<p>Le juge aux affaires familiales est comp\u00e9tent pour les proc\u00e9dures relatives au divorce et \u00e0 la s\u00e9paration de corps ou \u00e0 leurs cons\u00e9quences et pour les proc\u00e9dures relatives \u00e0 l&rsquo;attribution et \u00e0 l&rsquo;exercice de l&rsquo;autorit\u00e9 parentale (d\u00e9claration pour la reconnaissance des enfants naturels, attribution de l&rsquo;autorit\u00e9 parentale apr\u00e8s un divorce, enfants confi\u00e9s \u00e0 un tiers, droit de visite des grands-parents&#8230;).<\/p>\n<p>Le juge aux affaires familiales est \u00e9galement comp\u00e9tent pour l&rsquo;attribution des pr\u00e9noms si les pr\u00e9noms choisis par les parents peuvent nuire aux int\u00e9r\u00eats de l&rsquo;enfant, pour la proc\u00e9dure de changement de pr\u00e9nom et pour la proc\u00e9dure de changement de nom des enfants naturels.<\/p>\n<p>Il se prononce \u00e9galement sur la fixation et la r\u00e9vision des obligations alimentaires, de l&rsquo;obligation d&rsquo;entretien et de l&rsquo;obligation de contribution aux charges du m\u00e9nage.<\/p>\n<p>Il est encore comp\u00e9tent pour prescrire des mesures urgentes si un des \u00e9poux manque gravement \u00e0 ses devoirs et met les int\u00e9r\u00eats de la famille en p\u00e9ril.<\/p>\n<p><strong>Comment le saisir ?<\/strong><\/p>\n<p>Selon les mati\u00e8res, le juge aux affaires familiales peut \u00eatre saisi par requ\u00eate d\u00e9pos\u00e9e au greffe du tribunal de grande instance ou par une assignation en justice.<\/p>\n<p>La repr\u00e9sentation par un avocat n&rsquo;est pas toujours obligatoire selon les mati\u00e8res, mais elle est vivement conseill\u00e9e compte tenu des cons\u00e9quences que peuvent engendrer certaines d\u00e9cisions tant sur le plan affectif que financier.<\/p>\n<\/div>\n<\/div>\n","protected":false},"excerpt":{"rendered":"<p>Juge aux affaires familiales Le Juge aux Affaires Familiales, plus commun\u00e9ment appel\u00e9 JAF, traite comme son nom l&rsquo;indique des affaires concernant la famille. Qu&rsquo;est-ce qu&rsquo;un juge aux affaires familiales? Le juge aux affaires familiales est un juge du tribunal de grande instance, d\u00e9l\u00e9gu\u00e9 par le pr\u00e9sident aux affaires de la famille. Il peut y avoir &hellip; <\/p>\n<p><a class=\"more-link block-button\" href=\"https:\/\/ent2d.ac-bordeaux.fr\/disciplines\/clesjustice64\/les-metiers-de-la-justice\/juge-aux-affaires-familiales\/\">Lire la Suite &raquo;<\/a><\/p>\n","protected":false},"author":62,"featured_media":0,"parent":164,"menu_order":0,"comment_status":"closed","ping_status":"closed","template":"","meta":{"footnotes":""},"class_list":["post-179","page","type-page","status-publish","hentry","nodate"],"_links":{"self":[{"href":"https:\/\/ent2d.ac-bordeaux.fr\/disciplines\/clesjustice64\/wp-json\/wp\/v2\/pages\/179","targetHints":{"allow":["GET"]}}],"collection":[{"href":"https:\/\/ent2d.ac-bordeaux.fr\/disciplines\/clesjustice64\/wp-json\/wp\/v2\/pages"}],"about":[{"href":"https:\/\/ent2d.ac-bordeaux.fr\/disciplines\/clesjustice64\/wp-json\/wp\/v2\/types\/page"}],"author":[{"embeddable":true,"href":"https:\/\/ent2d.ac-bordeaux.fr\/disciplines\/clesjustice64\/wp-json\/wp\/v2\/users\/62"}],"replies":[{"embeddable":true,"href":"https:\/\/ent2d.ac-bordeaux.fr\/disciplines\/clesjustice64\/wp-json\/wp\/v2\/comments?post=179"}],"version-history":[{"count":1,"href":"https:\/\/ent2d.ac-bordeaux.fr\/disciplines\/clesjustice64\/wp-json\/wp\/v2\/pages\/179\/revisions"}],"predecessor-version":[{"id":180,"href":"https:\/\/ent2d.ac-bordeaux.fr\/disciplines\/clesjustice64\/wp-json\/wp\/v2\/pages\/179\/revisions\/180"}],"up":[{"embeddable":true,"href":"https:\/\/ent2d.ac-bordeaux.fr\/disciplines\/clesjustice64\/wp-json\/wp\/v2\/pages\/164"}],"wp:attachment":[{"href":"https:\/\/ent2d.ac-bordeaux.fr\/disciplines\/clesjustice64\/wp-json\/wp\/v2\/media?parent=179"}],"curies":[{"name":"wp","href":"https:\/\/api.w.org\/{rel}","templated":true}]}}