{"id":173,"date":"2017-08-28T14:36:35","date_gmt":"2017-08-28T12:36:35","guid":{"rendered":"https:\/\/ent2d.ac-bordeaux.fr\/disciplines\/clesjustice64\/?page_id=173"},"modified":"2017-08-28T14:36:35","modified_gmt":"2017-08-28T12:36:35","slug":"juge-dinstance","status":"publish","type":"page","link":"https:\/\/ent2d.ac-bordeaux.fr\/disciplines\/clesjustice64\/les-metiers-de-la-justice\/juge-dinstance\/","title":{"rendered":"Juge d&rsquo;instance"},"content":{"rendered":"<h1 style=\"text-align: center\"><span style=\"color: #ff0000\"><strong>Juge d&rsquo;instance<\/strong><\/span><\/h1>\n<div>\n<h1><\/h1>\n<p>Le juge d&rsquo;instance statue, d&rsquo;une part, en mati\u00e8re civile sur les conflits du quotidien qui naissent entre les particuliers et, d&rsquo;autre part, en mati\u00e8re p\u00e9nale sur les contraventions les plus graves.<\/p>\n<div>\n<p><strong>Qu&rsquo;est-ce qu&rsquo;un juge d&rsquo;instance ?<\/strong><\/p>\n<p>Le juge d&rsquo;instance est un magistrat du Tribunal de Grande Instance, charg\u00e9 du service d&rsquo;un tribunal d&rsquo;instance. Dans ce cadre, il statue \u00e0 juge unique tant en mati\u00e8re civile qu&rsquo;en mati\u00e8re p\u00e9nale.<\/p>\n<p><strong>Quelles sont ses comp\u00e9tences ?<\/strong><\/p>\n<p>En mati\u00e8re civile, de mani\u00e8re g\u00e9n\u00e9rale, il conna\u00eet de toutes les affaires pour lesquelles les demandes portent sur des sommes sup\u00e9rieures \u00e0 4 000 euros et au plus \u00e9gales \u00e0 10 000 euros (en de\u00e7\u00e0, le juge de proximit\u00e9 est en principe comp\u00e9tent).<\/p>\n<p>Le juge d&rsquo;instance statue \u00e9galement sur des contentieux strictement d\u00e9finis par la loi. Ainsi, il est comp\u00e9tent en mati\u00e8re de litiges n\u00e9s de baux d&rsquo;habitation et autres contrats portant sur l&rsquo;occupation d&rsquo;un logement, d&rsquo;\u00e9lections professionnelles et politiques, de cr\u00e9dit \u00e0 la consommation, d&rsquo;actions en bornage, de contentieux relatif aux conditions des fun\u00e9railles\u2026<\/p>\n<p>Il se prononce \u00e9galement sur certaines des proc\u00e9dures li\u00e9es \u00e0 l&rsquo;ex\u00e9cution d&rsquo;une condamnation civile et sur les requ\u00eates en injonction de payer ou de faire.<\/p>\n<p>Il est \u00e9galement juge des tutelles, pr\u00e9sident du tribunal paritaire des baux ruraux et pr\u00e9sident du conseil de prud&rsquo;hommes en cas de partage des voix.<\/p>\n<p>Avant de statuer sur un litige, il doit toujours privil\u00e9gier la conciliation des parties.<\/p>\n<p>En mati\u00e8re p\u00e9nale, le juge d&rsquo;instance pr\u00e9side le tribunal de police, comp\u00e9tent pour le jugement des contraventions de 5<sup>\u00e8me<\/sup> classe.<\/p>\n<p><strong>Comment le saisir ?<\/strong><\/p>\n<p>En mati\u00e8re civile, le juge d&rsquo;instance est saisi par voie d&rsquo;assignation, c&rsquo;est-\u00e0-dire au moyen d&rsquo;un acte d&rsquo;huissier adress\u00e9 par le demandeur au d\u00e9fendeur pour l&rsquo;inviter \u00e0 compara\u00eetre devant le tribunal d&rsquo;instance.<\/p>\n<p>Il existe \u00e9galement un mode de saisine sp\u00e9cifique au tribunal d&rsquo;instance : la d\u00e9claration au greffe, d\u00e9nomm\u00e9e aussi \u00ab saisine simplifi\u00e9e \u00bb qui intervient d\u00e8s lors que le montant de la demande ne d\u00e9passe pas 4000 euros dans les contentieux attribu\u00e9s par la loi \u00e0 ce magistrat.<\/p>\n<p>Le juge d&rsquo;instance peut \u00eatre saisi sans interm\u00e9diaire, la pr\u00e9sence d&rsquo;un avocat n&rsquo;est pas obligatoire.<\/p>\n<p>En mati\u00e8re p\u00e9nale, le juge d&rsquo;instance conna\u00eet des poursuites initi\u00e9es par le minist\u00e8re public mais aussi des citations directes qui peuvent \u00eatre d\u00e9livr\u00e9es par huissier \u00e0 la demande des victimes elles-m\u00eames.<\/p>\n<\/div>\n<\/div>\n","protected":false},"excerpt":{"rendered":"<p>Juge d&rsquo;instance Le juge d&rsquo;instance statue, d&rsquo;une part, en mati\u00e8re civile sur les conflits du quotidien qui naissent entre les particuliers et, d&rsquo;autre part, en mati\u00e8re p\u00e9nale sur les contraventions les plus graves. Qu&rsquo;est-ce qu&rsquo;un juge d&rsquo;instance ? Le juge d&rsquo;instance est un magistrat du Tribunal de Grande Instance, charg\u00e9 du service d&rsquo;un tribunal d&rsquo;instance. &hellip; <\/p>\n<p><a class=\"more-link block-button\" href=\"https:\/\/ent2d.ac-bordeaux.fr\/disciplines\/clesjustice64\/les-metiers-de-la-justice\/juge-dinstance\/\">Lire la Suite &raquo;<\/a><\/p>\n","protected":false},"author":62,"featured_media":0,"parent":164,"menu_order":0,"comment_status":"closed","ping_status":"closed","template":"","meta":{"footnotes":""},"class_list":["post-173","page","type-page","status-publish","hentry","nodate"],"_links":{"self":[{"href":"https:\/\/ent2d.ac-bordeaux.fr\/disciplines\/clesjustice64\/wp-json\/wp\/v2\/pages\/173","targetHints":{"allow":["GET"]}}],"collection":[{"href":"https:\/\/ent2d.ac-bordeaux.fr\/disciplines\/clesjustice64\/wp-json\/wp\/v2\/pages"}],"about":[{"href":"https:\/\/ent2d.ac-bordeaux.fr\/disciplines\/clesjustice64\/wp-json\/wp\/v2\/types\/page"}],"author":[{"embeddable":true,"href":"https:\/\/ent2d.ac-bordeaux.fr\/disciplines\/clesjustice64\/wp-json\/wp\/v2\/users\/62"}],"replies":[{"embeddable":true,"href":"https:\/\/ent2d.ac-bordeaux.fr\/disciplines\/clesjustice64\/wp-json\/wp\/v2\/comments?post=173"}],"version-history":[{"count":1,"href":"https:\/\/ent2d.ac-bordeaux.fr\/disciplines\/clesjustice64\/wp-json\/wp\/v2\/pages\/173\/revisions"}],"predecessor-version":[{"id":174,"href":"https:\/\/ent2d.ac-bordeaux.fr\/disciplines\/clesjustice64\/wp-json\/wp\/v2\/pages\/173\/revisions\/174"}],"up":[{"embeddable":true,"href":"https:\/\/ent2d.ac-bordeaux.fr\/disciplines\/clesjustice64\/wp-json\/wp\/v2\/pages\/164"}],"wp:attachment":[{"href":"https:\/\/ent2d.ac-bordeaux.fr\/disciplines\/clesjustice64\/wp-json\/wp\/v2\/media?parent=173"}],"curies":[{"name":"wp","href":"https:\/\/api.w.org\/{rel}","templated":true}]}}