{"id":167,"date":"2017-08-28T14:33:36","date_gmt":"2017-08-28T12:33:36","guid":{"rendered":"https:\/\/ent2d.ac-bordeaux.fr\/disciplines\/clesjustice64\/?page_id=167"},"modified":"2017-08-28T14:33:36","modified_gmt":"2017-08-28T12:33:36","slug":"magistrat","status":"publish","type":"page","link":"https:\/\/ent2d.ac-bordeaux.fr\/disciplines\/clesjustice64\/les-metiers-de-la-justice\/magistrat\/","title":{"rendered":"Magistrat"},"content":{"rendered":"<h1 style=\"text-align: center\"><span style=\"color: #ff0000\"><strong>Magistrat<\/strong><\/span><\/h1>\n<p>&nbsp;<\/p>\n<div>\n<p>Les magistrats, chacun dans leurs sp\u00e9cialit\u00e9s, \u0153uvrent \u00e0 rendre la Justice conform\u00e9ment au droit.<\/p>\n<p>&nbsp;<\/p>\n<div>\n<p><strong>ROLE<\/strong><\/p>\n<p>Les \u00ab magistrats du si\u00e8ge \u00bb, ou les \u00ab juges \u00bb, rendent des d\u00e9cisions de justice conformes au droit. Le juge, garant du bon d\u00e9roulement des proc\u00e8s, tranche les conflits d&rsquo;ordre civil et sanctionne les auteurs d&rsquo;infractions p\u00e9nales, tout en veillant aux int\u00e9r\u00eats des victimes et de la soci\u00e9t\u00e9.<\/p>\n<p>Les \u00ab magistrats du parquet \u00bb, ou les \u00ab procureurs \u00bb d\u00e9cident des suites \u00e0 donner lorsqu&rsquo;une infraction est commise et dirigent les services de police et de gendarmerie dans leurs investigations judiciaires. Le procureur assiste \u00e9galement aux audiences et demande, lors de son r\u00e9quisitoire, l&rsquo;application de la loi.<\/p>\n<p>La profession de magistrat offre donc une grande diversit\u00e9 de m\u00e9tiers \u00e0 haute responsabilit\u00e9, au service de la Justice.<\/p>\n<p><strong>STATUT ET FORMATION<\/strong><\/p>\n<p>Le magistrat est un agent de la fonction publique de cat\u00e9gorie A.<\/p>\n<p>Il peut faire carri\u00e8re en passant successivement du si\u00e8ge au parquet ou inversement.<\/p>\n<p>Il est soumis \u00e0 un statut particulier destin\u00e9 \u00e0 prot\u00e9ger son ind\u00e9pendance. Le juge du si\u00e8ge, en particulier, est inamovible, c&rsquo;est-\u00e0-dire qu&rsquo;il ne peut \u00eatre d\u00e9plac\u00e9 m\u00eame en avancement sans son assentiment. De plus, l&rsquo;avancement et la discipline rel\u00e8vent du Conseil Sup\u00e9rieur de la Magistrature.<\/p>\n<p>L&rsquo;acc\u00e8s \u00e0 la profession se fait en principe par voie de concours.<\/p>\n<p>Le premier concours est ouvert aux titulaires d&rsquo;un dipl\u00f4me de niveau Bac+4 ou d&rsquo;un dipl\u00f4me d&rsquo;institut d&rsquo;\u00e9tudes politiques ou d&rsquo;un certificat attestant la qualit\u00e9 d&rsquo;ancien \u00e9l\u00e8ve d&rsquo;une \u00e9cole normale sup\u00e9rieure. Les candidats doivent \u00eatre \u00e2g\u00e9s, sauf certaines exceptions, de 31 ans au plus au premier janvier de l&rsquo;ann\u00e9e du concours.<\/p>\n<p>Les fonctionnaires et agents de l&rsquo;administration ont la possibilit\u00e9, apr\u00e8s quatre ann\u00e9es de service public, de se pr\u00e9senter au deuxi\u00e8me concours. La limite d&rsquo;\u00e2ge est alors port\u00e9e \u00e0 46 ans et 5 mois.<\/p>\n<p>Le troisi\u00e8me concours est destin\u00e9 aux personnes justifiant de huit ann\u00e9es d&rsquo;activit\u00e9 professionnelle dans le domaine priv\u00e9 ou d&rsquo;un mandat d&rsquo;\u00e9lu local ou de l&rsquo;exercice de fonctions juridictionnelles \u00e0 titre non professionnel. La limite d&rsquo;\u00e2ge est fix\u00e9e \u00e0 40 ans.<\/p>\n<p>Par exception, certains dipl\u00f4mes ou activit\u00e9s professionnelles, notamment \u00e0 caract\u00e8re juridique, permettent une admission sur titres en qualit\u00e9 d&rsquo;auditeur de justice.<\/p>\n<p>Un recrutement direct en qualit\u00e9 de magistrat est \u00e9galement organis\u00e9 au profit de personnes poss\u00e9dant un dipl\u00f4me du niveau exig\u00e9 pour le premier concours d&rsquo;acc\u00e8s et justifiant de sept ans au moins d&rsquo;une activit\u00e9 professionnelle les qualifiant pour l&rsquo;exercice des fonctions judiciaires.<\/p>\n<p>La formation est con\u00e7ue selon le principe de l&rsquo;alternance, mariant formations th\u00e9oriques et stages pratiques en juridictions et aupr\u00e8s d&rsquo;auxiliaires de Justice. Elle se compose d&rsquo;une phase g\u00e9n\u00e9raliste favorisant l&rsquo;acquisition de savoir-faire et la r\u00e9flexion sur les pratiques professionnelles puis d&rsquo;une phase de sp\u00e9cialisation centr\u00e9e sur la pr\u00e9paration \u00e0 l&rsquo;exercice de premier poste. D&rsquo;une dur\u00e9e de 36 mois, la formation est assur\u00e9e par l&rsquo;Ecole Nationale de la Magistrature (ENM) situ\u00e9e \u00e0 Bordeaux (Gironde).<\/p>\n<p>Pendant la formation, l&rsquo;auditeur de Justice per\u00e7oit un traitement net mensuel d&rsquo;environ 1370 \u20ac. En fin de carri\u00e8re, le traitement net mensuel peut aller jusqu&rsquo;aux environs de 6000 \u20ac.<\/p>\n<p>Recrut\u00e9 par voie de concours externe, le magistrat signe l&rsquo;engagement d&rsquo;accomplir dix ann\u00e9es au service de l&rsquo;Etat.<\/p>\n<\/div>\n<p><em>Pour en savoir plus<\/em><\/p>\n<p>Voir le site de l&rsquo;Ecole Nationale de la Magistrature : <a href=\"http:\/\/www.enm.justice.fr\/\">http:\/\/www.enm.justice.fr\/<\/a><\/p>\n<\/div>\n","protected":false},"excerpt":{"rendered":"<p>Magistrat &nbsp; Les magistrats, chacun dans leurs sp\u00e9cialit\u00e9s, \u0153uvrent \u00e0 rendre la Justice conform\u00e9ment au droit. &nbsp; ROLE Les \u00ab magistrats du si\u00e8ge \u00bb, ou les \u00ab juges \u00bb, rendent des d\u00e9cisions de justice conformes au droit. Le juge, garant du bon d\u00e9roulement des proc\u00e8s, tranche les conflits d&rsquo;ordre civil et sanctionne les auteurs d&rsquo;infractions &hellip; <\/p>\n<p><a class=\"more-link block-button\" href=\"https:\/\/ent2d.ac-bordeaux.fr\/disciplines\/clesjustice64\/les-metiers-de-la-justice\/magistrat\/\">Lire la Suite &raquo;<\/a><\/p>\n","protected":false},"author":62,"featured_media":0,"parent":164,"menu_order":0,"comment_status":"closed","ping_status":"closed","template":"","meta":{"footnotes":""},"class_list":["post-167","page","type-page","status-publish","hentry","nodate"],"_links":{"self":[{"href":"https:\/\/ent2d.ac-bordeaux.fr\/disciplines\/clesjustice64\/wp-json\/wp\/v2\/pages\/167","targetHints":{"allow":["GET"]}}],"collection":[{"href":"https:\/\/ent2d.ac-bordeaux.fr\/disciplines\/clesjustice64\/wp-json\/wp\/v2\/pages"}],"about":[{"href":"https:\/\/ent2d.ac-bordeaux.fr\/disciplines\/clesjustice64\/wp-json\/wp\/v2\/types\/page"}],"author":[{"embeddable":true,"href":"https:\/\/ent2d.ac-bordeaux.fr\/disciplines\/clesjustice64\/wp-json\/wp\/v2\/users\/62"}],"replies":[{"embeddable":true,"href":"https:\/\/ent2d.ac-bordeaux.fr\/disciplines\/clesjustice64\/wp-json\/wp\/v2\/comments?post=167"}],"version-history":[{"count":1,"href":"https:\/\/ent2d.ac-bordeaux.fr\/disciplines\/clesjustice64\/wp-json\/wp\/v2\/pages\/167\/revisions"}],"predecessor-version":[{"id":168,"href":"https:\/\/ent2d.ac-bordeaux.fr\/disciplines\/clesjustice64\/wp-json\/wp\/v2\/pages\/167\/revisions\/168"}],"up":[{"embeddable":true,"href":"https:\/\/ent2d.ac-bordeaux.fr\/disciplines\/clesjustice64\/wp-json\/wp\/v2\/pages\/164"}],"wp:attachment":[{"href":"https:\/\/ent2d.ac-bordeaux.fr\/disciplines\/clesjustice64\/wp-json\/wp\/v2\/media?parent=167"}],"curies":[{"name":"wp","href":"https:\/\/api.w.org\/{rel}","templated":true}]}}