{"id":161,"date":"2017-08-28T14:27:06","date_gmt":"2017-08-28T12:27:06","guid":{"rendered":"https:\/\/ent2d.ac-bordeaux.fr\/disciplines\/clesjustice64\/?page_id=161"},"modified":"2017-08-28T14:27:06","modified_gmt":"2017-08-28T12:27:06","slug":"presentation-du-conseil-des-prudhommes","status":"publish","type":"page","link":"https:\/\/ent2d.ac-bordeaux.fr\/disciplines\/clesjustice64\/fonctionnement-de-la-justice\/justice-civile\/presentation-du-conseil-des-prudhommes\/","title":{"rendered":"Pr\u00e9sentation du conseil des Prud&rsquo;hommes"},"content":{"rendered":"<h1 style=\"text-align: center\"><span style=\"color: #ff0000\"><strong>Pr\u00e9sentation du conseil des Prud&rsquo;hommes<\/strong><\/span><\/h1>\n<p>&nbsp;<\/p>\n<div>\n<h1><\/h1>\n<table border=\"0\" width=\"100%\" cellpadding=\"0\">\n<tbody>\n<tr>\n<td valign=\"top\">Institu\u00e9s en 1806, les conseils de prud&rsquo;hommes ont \u00e9t\u00e9 g\u00e9n\u00e9ralis\u00e9s en 1979.<br \/>\nIl en existe aujourd&rsquo;hui 210. Ils sont charg\u00e9s de juger tous les litiges individuels qui surviennent entre salari\u00e9s ou apprentis et employeurs, \u00e0 l&rsquo;occasion du contrat de travail ou d&rsquo;apprentissage.<\/p>\n<p><b>ORGANISATION : Un tribunal compos\u00e9 de juges \u00e9lus<\/b><\/p>\n<p>Le conseil de prud&rsquo;hommes est compos\u00e9 de juges non professionnels \u00e9lus, les \u00ab\u00a0conseillers prud&rsquo;homaux\u00a0\u00bb, repr\u00e9sentant, en nombre \u00e9gal et pour moiti\u00e9, les employeurs et les salari\u00e9s. Les conseillers employeurs et salari\u00e9s se prononcent sur une affaire \u00e0 \u00e9galit\u00e9 des voix. Cependant, en cas de partage de voix, le conseil de prud&rsquo;hommes se r\u00e9unit \u00e0 nouveau sous la pr\u00e9sidence d&rsquo;un magistrat du tribunal d&rsquo;instance, juge d\u00e9partiteur : cette nouvelle audience permet de d\u00e9partager les conseillers.<\/p>\n<p>Chaque conseil de prud&rsquo;hommes est divis\u00e9 en 5 sections sp\u00e9cialis\u00e9es dans les principaux secteurs du monde du travail (encadrement, industrie, commerce et services commerciaux, agriculture, activit\u00e9s diverses).<br \/>\nChacune de ces sections comprend au moins un bureau de conciliation et un bureau de jugement, chaque affaires comportant n\u00e9cessairement une phase pr\u00e9alable de conciliation.<\/p>\n<p>Le bureau de conciliation comprend 2 conseillers, 1 repr\u00e9sentant des salari\u00e9s et 1 repr\u00e9sentant des employeurs ;<br \/>\nLe bureau de jugement comprend th\u00e9oriquement 2 repr\u00e9sentants des salari\u00e9s, 2 repr\u00e9sentants des employeurs et 1 magistrat professionnel qui pr\u00e9side l&rsquo;audience, lorsqu&rsquo;il y a d\u00e9partage.<br \/>\nUne formation de r\u00e9f\u00e9r\u00e9 commune au conseil de prud&rsquo;hommes peut intervenir en cas d&rsquo;urgence.<\/p>\n<p>Le conseil de prud&rsquo;hommes comprend \u00e9galement un greffe, compos\u00e9 de greffiers et personnels de greffe<\/td>\n<\/tr>\n<\/tbody>\n<\/table>\n<p><b>COMPETENCE : le r\u00e8glement des litiges entre salari\u00e9s et employeurs <\/b><\/p>\n<p>Conflits li\u00e9s aux cong\u00e9s pay\u00e9s, aux salaires, \u00e0 des primes, \u00e0 un licenciement individuel, au non respect d&rsquo;une clause de non-concurrence\u2026 Le conseil de prud&rsquo;hommes r\u00e8gle tous les litiges individuels qui surviennent entre salari\u00e9s ou apprentis et employeurs, \u00e0 l&rsquo;occasion du contrat de travail ou d&rsquo;apprentissage\u2026 (\u00e0 l&rsquo;exception des litiges collectifs, comme l&rsquo;exercice du droit de gr\u00e8ve).<\/p>\n<p>Lorsqu&rsquo;il est saisi d&rsquo;une affaire, le conseil de prud&rsquo;hommes tente obligatoirement de concilier les adversaires. Ce n&rsquo;est qu&rsquo;en cas d&rsquo;\u00e9chec de la conciliation que la juridiction rend un jugement.<\/p>\n<p>Le conseil de prud&rsquo;hommes statue tant\u00f4t en \u00a0\u00bb premier et dernier ressort \u00a0\u00bb sans possibilit\u00e9 d&rsquo;appel pour les demandes inf\u00e9rieures ou \u00e9gales \u00e0 4 000 euros, tant\u00f4t en premier ressort, \u00e0 charge d&rsquo;appel (pour les demandes sup\u00e9rieures \u00e0 4 000 euros). Dans ce dernier cas et en cas de recours, l&rsquo;affaire est examin\u00e9e par la chambre sociale de la <a href=\"http:\/\/www.justice.gouv.fr\/index.php?rubrique=10031&amp;ssrubrique=10033&amp;article=12026\">cour d&rsquo;appel<\/a>.<\/p>\n<\/div>\n","protected":false},"excerpt":{"rendered":"<p>Pr\u00e9sentation du conseil des Prud&rsquo;hommes &nbsp; Institu\u00e9s en 1806, les conseils de prud&rsquo;hommes ont \u00e9t\u00e9 g\u00e9n\u00e9ralis\u00e9s en 1979. Il en existe aujourd&rsquo;hui 210. Ils sont charg\u00e9s de juger tous les litiges individuels qui surviennent entre salari\u00e9s ou apprentis et employeurs, \u00e0 l&rsquo;occasion du contrat de travail ou d&rsquo;apprentissage. ORGANISATION : Un tribunal compos\u00e9 de juges &hellip; <\/p>\n<p><a class=\"more-link block-button\" href=\"https:\/\/ent2d.ac-bordeaux.fr\/disciplines\/clesjustice64\/fonctionnement-de-la-justice\/justice-civile\/presentation-du-conseil-des-prudhommes\/\">Lire la Suite &raquo;<\/a><\/p>\n","protected":false},"author":62,"featured_media":0,"parent":142,"menu_order":0,"comment_status":"closed","ping_status":"closed","template":"","meta":{"footnotes":""},"class_list":["post-161","page","type-page","status-publish","hentry","nodate"],"_links":{"self":[{"href":"https:\/\/ent2d.ac-bordeaux.fr\/disciplines\/clesjustice64\/wp-json\/wp\/v2\/pages\/161","targetHints":{"allow":["GET"]}}],"collection":[{"href":"https:\/\/ent2d.ac-bordeaux.fr\/disciplines\/clesjustice64\/wp-json\/wp\/v2\/pages"}],"about":[{"href":"https:\/\/ent2d.ac-bordeaux.fr\/disciplines\/clesjustice64\/wp-json\/wp\/v2\/types\/page"}],"author":[{"embeddable":true,"href":"https:\/\/ent2d.ac-bordeaux.fr\/disciplines\/clesjustice64\/wp-json\/wp\/v2\/users\/62"}],"replies":[{"embeddable":true,"href":"https:\/\/ent2d.ac-bordeaux.fr\/disciplines\/clesjustice64\/wp-json\/wp\/v2\/comments?post=161"}],"version-history":[{"count":1,"href":"https:\/\/ent2d.ac-bordeaux.fr\/disciplines\/clesjustice64\/wp-json\/wp\/v2\/pages\/161\/revisions"}],"predecessor-version":[{"id":162,"href":"https:\/\/ent2d.ac-bordeaux.fr\/disciplines\/clesjustice64\/wp-json\/wp\/v2\/pages\/161\/revisions\/162"}],"up":[{"embeddable":true,"href":"https:\/\/ent2d.ac-bordeaux.fr\/disciplines\/clesjustice64\/wp-json\/wp\/v2\/pages\/142"}],"wp:attachment":[{"href":"https:\/\/ent2d.ac-bordeaux.fr\/disciplines\/clesjustice64\/wp-json\/wp\/v2\/media?parent=161"}],"curies":[{"name":"wp","href":"https:\/\/api.w.org\/{rel}","templated":true}]}}