{"id":152,"date":"2017-08-28T14:20:00","date_gmt":"2017-08-28T12:20:00","guid":{"rendered":"https:\/\/ent2d.ac-bordeaux.fr\/disciplines\/clesjustice64\/?page_id=152"},"modified":"2017-08-28T14:20:00","modified_gmt":"2017-08-28T12:20:00","slug":"prolongement-du-proces-civil","status":"publish","type":"page","link":"https:\/\/ent2d.ac-bordeaux.fr\/disciplines\/clesjustice64\/fonctionnement-de-la-justice\/justice-civile\/prolongement-du-proces-civil\/","title":{"rendered":"Prolongement du proc\u00e8s civil"},"content":{"rendered":"<h1 style=\"text-align: center\"><span style=\"color: #ff0000\"><strong>Prolongement du proc\u00e8s civil<\/strong><\/span><\/h1>\n<p>&nbsp;<\/p>\n<div>\n<p><strong>&#8211; MISE EN OEUVRE DE VOIES D&rsquo;EXECUTION &#8211;<\/strong><\/p>\n<p>Le proc\u00e8s civil a pour vocation d&rsquo;assurer le respect des droits des personnes. La d\u00e9cision rendue au terme du proc\u00e8s reconna\u00eet ces droits et, le cas \u00e9ch\u00e9ant, condamne ceux qui y ont port\u00e9 atteinte \u00e0 prendre les mesures propres \u00e0 faire cesser le trouble ou \u00e0 r\u00e9parer les dommages caus\u00e9s. Il arrive toutefois que ces derniers ne se plient pas spontan\u00e9ment \u00e0 l&rsquo;injonction qui leur est adress\u00e9e. Il est donc n\u00e9cessaire pour qui se pr\u00e9vaut d&rsquo;une d\u00e9cision de justice de pouvoir la faire ex\u00e9cuter au besoin par la force. C&rsquo;est d&rsquo;ailleurs l\u00e0 tout l&rsquo;int\u00e9r\u00eat d&rsquo;avoir recours aux tribunaux d\u00e8s lors qu&rsquo;en plus de permettre le d\u00e9nouement d&rsquo;un conflit dans le respect du droit, la d\u00e9cision judiciaire, parce qu&rsquo;elle est un titre ex\u00e9cutoire, est \u00e9galement le moyen de pouvoir compter sur la contrainte de l&rsquo;Etat.<\/p>\n<p>On appelle voies d&rsquo;ex\u00e9cution l&rsquo;ensemble des proc\u00e9dures permettant \u00e0 une personne d&rsquo;obtenir par la force l&rsquo;ex\u00e9cution des actes et des jugements qui lui reconnaissent des droits. L&rsquo;huissier de justice est l&rsquo;auxiliaire de justice sp\u00e9cialement charg\u00e9 de la mise en \u0153uvre des voies d&rsquo;ex\u00e9cution. Dans ce cadre, il est parfois conduit \u00e0 requ\u00e9rir le concours de la force publique, notamment lorsqu&rsquo;il s&rsquo;agit de proc\u00e9der \u00e0 des expulsions.<\/p>\n<p>Le plus souvent, l&rsquo;ex\u00e9cution forc\u00e9e donne lieu \u00e0 la saisie de biens du d\u00e9biteur \u2013 celui qui doit &#8211; au profit du cr\u00e9ancier \u2013 celui \u00e0 qui l&rsquo;on doit. Il existe trois principales formes de saisies : la saisie conservatoire, la saisie attribution et la saisie vente.<\/p>\n<p>La <em>saisie conservatoire<\/em> intervient avec l&rsquo;autorisation du juge de l&rsquo;ex\u00e9cution, \u00e0 titre pr\u00e9ventif. Elle sert de garantie au cr\u00e9ancier et permet de figer temporairement la situation en bloquant les biens du d\u00e9biteur dans l&rsquo;attente d&rsquo;un jugement.<\/p>\n<p><em>La saisie attribution<\/em> viser \u00e0 saisir entre les mains d&rsquo;un tiers les cr\u00e9ances de son d\u00e9biteur portant sur une somme d&rsquo;argent. Par exemple, le cr\u00e9ancier peut saisir entre les mains du notaire le prix de vente d&rsquo;un immeuble \u00e0 l&rsquo;occasion de sa cession par le d\u00e9biteur ou encore saisir aupr\u00e8s d&rsquo;un \u00e9tablissement bancaire le produit d&rsquo;un h\u00e9ritage vers\u00e9 sur le compte du d\u00e9biteur.<\/p>\n<p>La saisie des r\u00e9mun\u00e9rations est un type particulier de saisie attribution, parce qu&rsquo;elle porte sur les revenus du d\u00e9biteur et peut s&rsquo;\u00e9chelonner dans le temps. Elle se pratique sous le contr\u00f4le du juge d&rsquo;instance. Suite \u00e0 une tentative infructueuses de conciliation avec le d\u00e9biteur, l&rsquo;huissier de justice intervenant pour le compte du cr\u00e9ancier s&rsquo;adresse \u00e0 l&#8217;employeur du d\u00e9biteur pour lui notifier le montant de ce qui lui est d\u00fb. L&#8217;employeur devra alors pr\u00e9lever chaque mois, directement sur le salaire du d\u00e9biteur, la somme maximale pr\u00e9vue par la loi et la verser \u00e0 l&rsquo;huissier de justice du cr\u00e9ancier jusqu&rsquo;au complet r\u00e8glement de la dette.<\/p>\n<p>La saisie vente vise \u00e0 faire vendre les biens du d\u00e9biteur afin d&rsquo;affecter leur prix au paiement de la cr\u00e9ance. La proc\u00e9dure d\u00e9bute par l&rsquo;\u00e9tablissement par l&rsquo;huissier de justice d&rsquo;un inventaire pr\u00e9cis des biens mobiliers appartenant au d\u00e9biteur (non seulement les meubles et objets mais aussi les parts de soci\u00e9t\u00e9, le contenu d&rsquo;un coffre ou encore les v\u00e9hicules). Ces biens ainsi r\u00e9pertori\u00e9s doivent alors rester \u00e0 l&rsquo;endroit o\u00f9 ils se trouvent et ne peuvent plus \u00eatre d\u00e9plac\u00e9s tant que la dette n&rsquo;est pas r\u00e9gl\u00e9e. Si le d\u00e9biteur ne r\u00e8gle pas la dette ou ne prend pas d&rsquo;engagement de paiements \u00e9chelonn\u00e9s, les biens saisis pourront \u00eatre vendus dans un d\u00e9lai d&rsquo;un mois soit directement par le d\u00e9biteur (vente amiable) sous le contr\u00f4le de l&rsquo;huissier de justice, soit en salle des ventes (vente forc\u00e9e). Priorit\u00e9 est toujours donn\u00e9e \u00e0 l&rsquo;arrangement amiable, seule une saisie sur cent s&rsquo;achevant par l&rsquo;enl\u00e8vement et la vente aux ench\u00e8res des objets appartenant au d\u00e9biteur.<\/p>\n<\/div>\n","protected":false},"excerpt":{"rendered":"<p>Prolongement du proc\u00e8s civil &nbsp; &#8211; MISE EN OEUVRE DE VOIES D&rsquo;EXECUTION &#8211; Le proc\u00e8s civil a pour vocation d&rsquo;assurer le respect des droits des personnes. La d\u00e9cision rendue au terme du proc\u00e8s reconna\u00eet ces droits et, le cas \u00e9ch\u00e9ant, condamne ceux qui y ont port\u00e9 atteinte \u00e0 prendre les mesures propres \u00e0 faire cesser &hellip; <\/p>\n<p><a class=\"more-link block-button\" href=\"https:\/\/ent2d.ac-bordeaux.fr\/disciplines\/clesjustice64\/fonctionnement-de-la-justice\/justice-civile\/prolongement-du-proces-civil\/\">Lire la Suite &raquo;<\/a><\/p>\n","protected":false},"author":62,"featured_media":0,"parent":142,"menu_order":0,"comment_status":"closed","ping_status":"closed","template":"","meta":{"footnotes":""},"class_list":["post-152","page","type-page","status-publish","hentry","nodate"],"_links":{"self":[{"href":"https:\/\/ent2d.ac-bordeaux.fr\/disciplines\/clesjustice64\/wp-json\/wp\/v2\/pages\/152","targetHints":{"allow":["GET"]}}],"collection":[{"href":"https:\/\/ent2d.ac-bordeaux.fr\/disciplines\/clesjustice64\/wp-json\/wp\/v2\/pages"}],"about":[{"href":"https:\/\/ent2d.ac-bordeaux.fr\/disciplines\/clesjustice64\/wp-json\/wp\/v2\/types\/page"}],"author":[{"embeddable":true,"href":"https:\/\/ent2d.ac-bordeaux.fr\/disciplines\/clesjustice64\/wp-json\/wp\/v2\/users\/62"}],"replies":[{"embeddable":true,"href":"https:\/\/ent2d.ac-bordeaux.fr\/disciplines\/clesjustice64\/wp-json\/wp\/v2\/comments?post=152"}],"version-history":[{"count":1,"href":"https:\/\/ent2d.ac-bordeaux.fr\/disciplines\/clesjustice64\/wp-json\/wp\/v2\/pages\/152\/revisions"}],"predecessor-version":[{"id":153,"href":"https:\/\/ent2d.ac-bordeaux.fr\/disciplines\/clesjustice64\/wp-json\/wp\/v2\/pages\/152\/revisions\/153"}],"up":[{"embeddable":true,"href":"https:\/\/ent2d.ac-bordeaux.fr\/disciplines\/clesjustice64\/wp-json\/wp\/v2\/pages\/142"}],"wp:attachment":[{"href":"https:\/\/ent2d.ac-bordeaux.fr\/disciplines\/clesjustice64\/wp-json\/wp\/v2\/media?parent=152"}],"curies":[{"name":"wp","href":"https:\/\/api.w.org\/{rel}","templated":true}]}}