{"id":135,"date":"2017-08-28T14:06:07","date_gmt":"2017-08-28T12:06:07","guid":{"rendered":"https:\/\/ent2d.ac-bordeaux.fr\/disciplines\/clesjustice64\/?page_id=135"},"modified":"2017-08-28T14:06:16","modified_gmt":"2017-08-28T12:06:16","slug":"presentation-de-lordre-administratif","status":"publish","type":"page","link":"https:\/\/ent2d.ac-bordeaux.fr\/disciplines\/clesjustice64\/fonctionnement-de-la-justice\/institution-judiciaire\/presentation-de-lordre-administratif\/","title":{"rendered":"Pr\u00e9sentation de l&rsquo;ordre administratif"},"content":{"rendered":"<h1 style=\"text-align: center\"><span style=\"color: #ff0000\"><strong>Pr\u00e9sentation de l&rsquo;ordre administratif<\/strong><\/span><\/h1>\n<p>&nbsp;<\/p>\n<div>\n<p>Distinctes des juridictions judiciaires, ind\u00e9pendantes de l&rsquo;administration, les juridictions de l&rsquo;ordre administratif sont organis\u00e9es en 3 \u00e9chelons hi\u00e9rarchis\u00e9s. Jusqu&rsquo;en 1953, le contentieux administratif relevait du Conseil d&rsquo;\u00c9tat cr\u00e9\u00e9 par Napol\u00e9on Bonaparte en 1799 et de conseils de pr\u00e9fecture, transform\u00e9s en conseils interd\u00e9partementaux. Une r\u00e9forme en 1953 institue les tribunaux administratifs, puis une loi de 1987 cr\u00e9e les cours administratives d&rsquo;appel.<\/p>\n<p>Les magistrats de l&rsquo;ordre administratif ont un statut et une formation qui diff\u00e8re des magistrats de l&rsquo;ordre judiciaire.<\/p>\n<table border=\"0\" width=\"100%\" cellpadding=\"0\">\n<tbody>\n<tr>\n<td>\n<p align=\"center\"><strong>1er Jugement<\/strong><\/p>\n<\/td>\n<\/tr>\n<tr>\n<td><strong> <a href=\"http:\/\/www.justice.gouv.fr\/index.php?rubrique=10031&amp;ssrubrique=10034&amp;article=12024\"> TRIBUNAL ADMINISTRATIF <\/a> <\/strong><\/p>\n<p>Litiges entre les usagers et les pouvoirs publics, c&rsquo;est-\u00e0-dire :<\/p>\n<p><img loading=\"lazy\" decoding=\"async\" src=\"\/Users\/SAINTGERMAIN\/Desktop\/justice\/cle_justice64\/www.crdp-aquitaine.fr\/cles_justice\/ext\/PicExportError.html\" alt=\"*\" width=\"7\" height=\"7\" \/> les administrations de l&rsquo;\u00c9tat,<\/p>\n<p><img loading=\"lazy\" decoding=\"async\" src=\"\/Users\/SAINTGERMAIN\/Desktop\/justice\/cle_justice64\/www.crdp-aquitaine.fr\/cles_justice\/ext\/PicExportError.html\" alt=\"*\" width=\"7\" height=\"7\" \/> les r\u00e9gions,<\/p>\n<p><img loading=\"lazy\" decoding=\"async\" src=\"\/Users\/SAINTGERMAIN\/Desktop\/justice\/cle_justice64\/www.crdp-aquitaine.fr\/cles_justice\/ext\/PicExportError.html\" alt=\"*\" width=\"7\" height=\"7\" \/> les d\u00e9partements<\/p>\n<p><img loading=\"lazy\" decoding=\"async\" src=\"\/Users\/SAINTGERMAIN\/Desktop\/justice\/cle_justice64\/www.crdp-aquitaine.fr\/cles_justice\/ext\/PicExportError.html\" alt=\"*\" width=\"7\" height=\"7\" \/> les communes,<\/p>\n<p><img loading=\"lazy\" decoding=\"async\" src=\"\/Users\/SAINTGERMAIN\/Desktop\/justice\/cle_justice64\/www.crdp-aquitaine.fr\/cles_justice\/ext\/PicExportError.html\" alt=\"*\" width=\"7\" height=\"7\" \/> les entreprises publiques.<\/p>\n<p><strong>Exemples<\/strong> : refus de permis de construire, contestation d&rsquo;un plan d&rsquo;occupation des sols ou du trac\u00e9 d&rsquo;une autoroute, expropriation, demande de r\u00e9paration des dommages caus\u00e9s par l&rsquo;activit\u00e9 des services publics, refus de titre de s\u00e9jour, expulsion d&rsquo;un \u00e9tranger, contestations relatives aux imp\u00f4ts directs et \u00e0 leur recouvrement, litiges relatifs aux march\u00e9s publics&#8230;<br \/>\n<strong>C&rsquo;est un tribunal interd\u00e9partemental.<\/strong><\/p>\n<p><strong> <a href=\"http:\/\/www.justice.gouv.fr\/index.php?rubrique=10031&amp;ssrubrique=10034&amp;article=12023\"> JURIDICTIONS SPECIALISEES : <\/a> <\/strong><\/p>\n<p><img loading=\"lazy\" decoding=\"async\" src=\"\/Users\/SAINTGERMAIN\/Desktop\/justice\/cle_justice64\/www.crdp-aquitaine.fr\/cles_justice\/ext\/PicExportError.html\" alt=\"*\" width=\"7\" height=\"7\" \/> Commission des recours des r\u00e9fugi\u00e9s, Commission d\u00e9partementale d&rsquo;aide sociale,<\/p>\n<p><img loading=\"lazy\" decoding=\"async\" src=\"\/Users\/SAINTGERMAIN\/Desktop\/justice\/cle_justice64\/www.crdp-aquitaine.fr\/cles_justice\/ext\/PicExportError.html\" alt=\"*\" width=\"7\" height=\"7\" \/> Section disciplinaire des ordres professionnels\u2026<\/td>\n<\/tr>\n<\/tbody>\n<\/table>\n<table border=\"1\" width=\"100%\" cellpadding=\"0\">\n<tbody>\n<tr>\n<td>\n<p align=\"center\"><strong>Appel<\/strong><\/p>\n<\/td>\n<\/tr>\n<tr>\n<td><strong> <a href=\"http:\/\/www.justice.gouv.fr\/index.php?rubrique=10031&amp;ssrubrique=10034&amp;article=12022\"> COUR ADMINISTRATIVE D&rsquo;APPEL <\/a> <\/strong><\/p>\n<p>Si l&rsquo;une des parties n&rsquo;est pas satisfaite du premier jugement, elle peut faire appel. La Cour administrative d&rsquo;appel r\u00e9examine alors l&rsquo;affaire d\u00e9j\u00e0 jug\u00e9e.<\/td>\n<\/tr>\n<\/tbody>\n<\/table>\n<table border=\"1\" width=\"100%\" cellpadding=\"0\">\n<tbody>\n<tr>\n<td>\n<p align=\"center\"><strong>Contr\u00f4le<\/strong><\/p>\n<\/td>\n<\/tr>\n<tr>\n<td><a href=\"http:\/\/www.justice.gouv.fr\/index.php?rubrique=10031&amp;ssrubrique=10034&amp;article=10029\"> <strong>CONSEIL D&rsquo;ETAT<\/strong> <\/a><\/p>\n<p>Il v\u00e9rifie que les Cours administratives d&rsquo;appel ont correctement appliqu\u00e9 la loi. Il statue directement sur certaines affaires concernant les d\u00e9cisions les plus importantes des autorit\u00e9s de l&rsquo;\u00c9tat. Pour certaines affaires (rares), il est juge d&rsquo;appel. Il est situ\u00e9 \u00e0 Paris, au Palais Royal.<\/td>\n<\/tr>\n<\/tbody>\n<\/table>\n<\/div>\n","protected":false},"excerpt":{"rendered":"<p>Pr\u00e9sentation de l&rsquo;ordre administratif &nbsp; Distinctes des juridictions judiciaires, ind\u00e9pendantes de l&rsquo;administration, les juridictions de l&rsquo;ordre administratif sont organis\u00e9es en 3 \u00e9chelons hi\u00e9rarchis\u00e9s. Jusqu&rsquo;en 1953, le contentieux administratif relevait du Conseil d&rsquo;\u00c9tat cr\u00e9\u00e9 par Napol\u00e9on Bonaparte en 1799 et de conseils de pr\u00e9fecture, transform\u00e9s en conseils interd\u00e9partementaux. Une r\u00e9forme en 1953 institue les tribunaux administratifs, &hellip; <\/p>\n<p><a class=\"more-link block-button\" href=\"https:\/\/ent2d.ac-bordeaux.fr\/disciplines\/clesjustice64\/fonctionnement-de-la-justice\/institution-judiciaire\/presentation-de-lordre-administratif\/\">Lire la Suite &raquo;<\/a><\/p>\n","protected":false},"author":62,"featured_media":0,"parent":81,"menu_order":0,"comment_status":"closed","ping_status":"closed","template":"","meta":{"footnotes":""},"class_list":["post-135","page","type-page","status-publish","hentry","nodate"],"_links":{"self":[{"href":"https:\/\/ent2d.ac-bordeaux.fr\/disciplines\/clesjustice64\/wp-json\/wp\/v2\/pages\/135","targetHints":{"allow":["GET"]}}],"collection":[{"href":"https:\/\/ent2d.ac-bordeaux.fr\/disciplines\/clesjustice64\/wp-json\/wp\/v2\/pages"}],"about":[{"href":"https:\/\/ent2d.ac-bordeaux.fr\/disciplines\/clesjustice64\/wp-json\/wp\/v2\/types\/page"}],"author":[{"embeddable":true,"href":"https:\/\/ent2d.ac-bordeaux.fr\/disciplines\/clesjustice64\/wp-json\/wp\/v2\/users\/62"}],"replies":[{"embeddable":true,"href":"https:\/\/ent2d.ac-bordeaux.fr\/disciplines\/clesjustice64\/wp-json\/wp\/v2\/comments?post=135"}],"version-history":[{"count":2,"href":"https:\/\/ent2d.ac-bordeaux.fr\/disciplines\/clesjustice64\/wp-json\/wp\/v2\/pages\/135\/revisions"}],"predecessor-version":[{"id":137,"href":"https:\/\/ent2d.ac-bordeaux.fr\/disciplines\/clesjustice64\/wp-json\/wp\/v2\/pages\/135\/revisions\/137"}],"up":[{"embeddable":true,"href":"https:\/\/ent2d.ac-bordeaux.fr\/disciplines\/clesjustice64\/wp-json\/wp\/v2\/pages\/81"}],"wp:attachment":[{"href":"https:\/\/ent2d.ac-bordeaux.fr\/disciplines\/clesjustice64\/wp-json\/wp\/v2\/media?parent=135"}],"curies":[{"name":"wp","href":"https:\/\/api.w.org\/{rel}","templated":true}]}}