{"id":132,"date":"2017-08-28T14:03:49","date_gmt":"2017-08-28T12:03:49","guid":{"rendered":"https:\/\/ent2d.ac-bordeaux.fr\/disciplines\/clesjustice64\/?page_id=132"},"modified":"2017-08-28T14:03:49","modified_gmt":"2017-08-28T12:03:49","slug":"principe-de-dualite-des-ordres-juridictionnels-francais","status":"publish","type":"page","link":"https:\/\/ent2d.ac-bordeaux.fr\/disciplines\/clesjustice64\/fonctionnement-de-la-justice\/institution-judiciaire\/principe-de-dualite-des-ordres-juridictionnels-francais\/","title":{"rendered":"Principe de dualit\u00e9 des ordres juridictionnels fran\u00e7ais"},"content":{"rendered":"<h1 style=\"text-align: center\"><span style=\"color: #ff0000\"><strong>Principe de dualit\u00e9 des ordres juridictionnels fran\u00e7ais<\/strong><\/span><\/h1>\n<p>&nbsp;<\/p>\n<p>Il existe en droit fran\u00e7ais deux ordres de juridictions : d&rsquo;une part, les juridictions administratives, seules comp\u00e9tentes pour juger les litiges relatifs au fonctionnement des services publics, et, d&rsquo;autre part, les juridictions judiciaires, charg\u00e9es de conna\u00eetre de toutes les autres causes, qu&rsquo;il s&rsquo;agisse des contestations entre particuliers (juridictions civiles) ou des infractions \u00e0 la loi p\u00e9nale (juridictions r\u00e9pressives).<\/p>\n<p>Cette dualit\u00e9 des ordres juridictionnels d\u00e9coule du principe de s\u00e9paration des autorit\u00e9s administrative et judiciaire qui repose lui-m\u00eame sur des raisons historiques issues de l&rsquo;Ancien R\u00e9gime.<\/p>\n<p>Initialement, l&rsquo;ensemble des pouvoirs \u00e9tait centralis\u00e9 entre les mains du Roi qui exer\u00e7ait tant le pouvoir d&rsquo;\u00e9dicter des normes que celui d&rsquo;en sanctionner la transgression. Le pouvoir judiciaire fut toutefois d\u00e9l\u00e9gu\u00e9 aux Parlements qui \u00e9taient \u00e9galement charg\u00e9s de l&rsquo;enregistrement des ordonnances royales. Or, les Parlements r\u00e9gionaux manifest\u00e8rent une propension grandissante \u00e0 s&rsquo;immiscer dans la gestion administrative locale, allant parfois, dans un mouvement de \u00ab fronde \u00bb, jusqu&rsquo;\u00e0 refuser l&rsquo;enregistrement des textes royaux. Malgr\u00e9 les \u00e9dits royaux interdisant pareille immixtion, le syst\u00e8me se figea dans une situation de blocage \u00e0 la veille de la R\u00e9volution.<\/p>\n<p>Aussi, pour endiguer de telles d\u00e9rives, les r\u00e9volutionnaires proclam\u00e8rent la s\u00e9paration des fonctions d&rsquo;administration et de jugement et, puisque juger l&rsquo;administration c&rsquo;\u00e9tait encore administrer, ils interdirent aux juges de porter la moindre appr\u00e9ciation sur la r\u00e9gularit\u00e9 des actes administratifs. Les contestations mettant en cause l&rsquo;administration \u00e9tait soumise \u00e0 l&rsquo;administration elle-m\u00eame selon le syst\u00e8me dit de l&rsquo;administrateur-juge.<\/p>\n<p>Afin de renforcer la cr\u00e9dibilit\u00e9 de cette autocritique, le Conseil d&rsquo;Etat fut cr\u00e9\u00e9 puis les Conseils de pr\u00e9fecture, \u00e0 charge pour eux d&rsquo;\u00e9clairer l&rsquo;Empereur et ses repr\u00e9sentants en donnant un avis sur la l\u00e9galit\u00e9 des actes administratifs dont l&rsquo;appr\u00e9ciation restait une pr\u00e9rogative administrative selon le syst\u00e8me dit de la \u00ab justice retenue \u00bb. Il fallu attendre une loi du 24 mai 1872 pour voir admis le syst\u00e8me dit de la \u00ab justice d\u00e9l\u00e9gu\u00e9e \u00bb, le Conseil d&rsquo;Etat jugeant alors seul de la l\u00e9galit\u00e9 des actes administratifs.<\/p>\n<p>C&rsquo;est alors que s&rsquo;est constitu\u00e9 un v\u00e9ritable ordre juridictionnel distinct, hi\u00e9rarchis\u00e9, appliquant un droit autonome et adapt\u00e9 aux sp\u00e9cificit\u00e9s de l&rsquo;action administrative dans toutes les cas mettant en cause une collectivit\u00e9 publique ou m\u00eame un particulier charg\u00e9 d&rsquo;une mission de service public.<\/p>\n","protected":false},"excerpt":{"rendered":"<p>Principe de dualit\u00e9 des ordres juridictionnels fran\u00e7ais &nbsp; Il existe en droit fran\u00e7ais deux ordres de juridictions : d&rsquo;une part, les juridictions administratives, seules comp\u00e9tentes pour juger les litiges relatifs au fonctionnement des services publics, et, d&rsquo;autre part, les juridictions judiciaires, charg\u00e9es de conna\u00eetre de toutes les autres causes, qu&rsquo;il s&rsquo;agisse des contestations entre particuliers &hellip; <\/p>\n<p><a class=\"more-link block-button\" href=\"https:\/\/ent2d.ac-bordeaux.fr\/disciplines\/clesjustice64\/fonctionnement-de-la-justice\/institution-judiciaire\/principe-de-dualite-des-ordres-juridictionnels-francais\/\">Lire la Suite &raquo;<\/a><\/p>\n","protected":false},"author":62,"featured_media":0,"parent":81,"menu_order":0,"comment_status":"closed","ping_status":"closed","template":"","meta":{"footnotes":""},"class_list":["post-132","page","type-page","status-publish","hentry","nodate"],"_links":{"self":[{"href":"https:\/\/ent2d.ac-bordeaux.fr\/disciplines\/clesjustice64\/wp-json\/wp\/v2\/pages\/132","targetHints":{"allow":["GET"]}}],"collection":[{"href":"https:\/\/ent2d.ac-bordeaux.fr\/disciplines\/clesjustice64\/wp-json\/wp\/v2\/pages"}],"about":[{"href":"https:\/\/ent2d.ac-bordeaux.fr\/disciplines\/clesjustice64\/wp-json\/wp\/v2\/types\/page"}],"author":[{"embeddable":true,"href":"https:\/\/ent2d.ac-bordeaux.fr\/disciplines\/clesjustice64\/wp-json\/wp\/v2\/users\/62"}],"replies":[{"embeddable":true,"href":"https:\/\/ent2d.ac-bordeaux.fr\/disciplines\/clesjustice64\/wp-json\/wp\/v2\/comments?post=132"}],"version-history":[{"count":1,"href":"https:\/\/ent2d.ac-bordeaux.fr\/disciplines\/clesjustice64\/wp-json\/wp\/v2\/pages\/132\/revisions"}],"predecessor-version":[{"id":133,"href":"https:\/\/ent2d.ac-bordeaux.fr\/disciplines\/clesjustice64\/wp-json\/wp\/v2\/pages\/132\/revisions\/133"}],"up":[{"embeddable":true,"href":"https:\/\/ent2d.ac-bordeaux.fr\/disciplines\/clesjustice64\/wp-json\/wp\/v2\/pages\/81"}],"wp:attachment":[{"href":"https:\/\/ent2d.ac-bordeaux.fr\/disciplines\/clesjustice64\/wp-json\/wp\/v2\/media?parent=132"}],"curies":[{"name":"wp","href":"https:\/\/api.w.org\/{rel}","templated":true}]}}