{"id":111,"date":"2017-08-28T13:09:46","date_gmt":"2017-08-28T11:09:46","guid":{"rendered":"https:\/\/ent2d.ac-bordeaux.fr\/disciplines\/clesjustice64\/?page_id=111"},"modified":"2017-08-28T13:19:08","modified_gmt":"2017-08-28T11:19:08","slug":"deroulement-du-proces-penal","status":"publish","type":"page","link":"https:\/\/ent2d.ac-bordeaux.fr\/disciplines\/clesjustice64\/fonctionnement-de-la-justice\/justice-penale\/deroulement-du-proces-penal\/","title":{"rendered":"D\u00e9roulement du proc\u00e8s p\u00e9nal"},"content":{"rendered":"<h1 style=\"text-align: center\"><span style=\"color: #ff0000\"><strong>D\u00e9roulement du proc\u00e8s p\u00e9nal<\/strong><\/span><\/h1>\n<p>&nbsp;<\/p>\n<p>Lorsqu&rsquo;au vu des premiers \u00e9l\u00e9ments de l&rsquo;enqu\u00eate judiciaire, il choisit de d\u00e9clencher les poursuites et s&rsquo;il estime que des investigations compl\u00e9mentaires sont n\u00e9cessaires pour que le dossier soit en \u00e9tat d&rsquo;\u00eatre jug\u00e9 \u2013 et obligatoirement en mati\u00e8re de crimes -, le Procureur de la R\u00e9publique d\u00e9cide l&rsquo;<strong>ouverture d&rsquo;une information judiciaire<\/strong>.<\/p>\n<p>Cette instruction pr\u00e9paratoire a pour but de mettre l&rsquo;affaire en \u00e9tat d&rsquo;\u00eatre jug\u00e9e par le d\u00e9ploiement de moyens plus coercitifs que ceux qui \u00e9taient disponibles lors de l&rsquo;enqu\u00eate pr\u00e9liminaire ou de l&rsquo;enqu\u00eate de flagrance. Si les membres de la police judiciaire sont \u00e0 m\u00eame de poursuivre leurs investigations, c&rsquo;est alors comme repr\u00e9sentants du juge d&rsquo;instruction, dans le cadre de commissions rogatoires qu&rsquo;il d\u00e9livre et sous son contr\u00f4le.<\/p>\n<p>Le juge d&rsquo;instruction peut accomplir tous les actes qu&rsquo;il juge utiles \u00e0 la manifestation de la v\u00e9rit\u00e9, d\u00e8s lors qu&rsquo;ils sont conformes \u00e0 la loi. Il peut ainsi faire proc\u00e9der \u00e0 des \u00e9coutes t\u00e9l\u00e9phoniques ou ordonner des expertises (examen d&rsquo;une balle pour d\u00e9terminer l&rsquo;arme qui l&rsquo;a tir\u00e9e, comparaison de traces ADN, examen psychiatrique du suspect\u2026). Il peut proc\u00e9der en outre \u00e0 des interrogatoires, auditions et confrontations. Lorsqu&rsquo;il souhaite entendre une personne \u00e0 l&rsquo;encontre de laquelle il existe des indices graves et concordants rendant vraisemblable qu&rsquo;elle ait pu participer \u00e0 la commission de l&rsquo;infraction, le juge d&rsquo;instruction doit proc\u00e9der \u00e0 sa mise en examen en lui notifiant officiellement les faits qui lui sont reproch\u00e9s et leur qualification p\u00e9nale. De cette formalit\u00e9 d\u00e9coulent pour la personne mise en examen des droits (droit de se voir notifier les d\u00e9cisions du juge et de les contester, droit de solliciter certains actes, droit de solliciter le r\u00e8glement de l&rsquo;information pass\u00e9 un certain d\u00e9lai\u2026) mais \u00e9galement d&rsquo;\u00e9ventuelles restrictions de sa libert\u00e9, le juge pouvant ordonner une mesure de contr\u00f4le judiciaire (se pr\u00e9senter toutes les semaines au commissariat ou ne pas rencontrer certaines personnes par exemple) ou, exceptionnellement, demander son placement en d\u00e9tention provisoire.<\/p>\n<p>L&rsquo;ensemble des investigations r\u00e9alis\u00e9es doivent \u00eatre destin\u00e9es \u00e0 la recherche de la v\u00e9rit\u00e9, c&rsquo;est-\u00e0-dire aussi bien \u00e0 conforter l&rsquo;accusation qu&rsquo;\u00e0 la renverser : on parle d&rsquo;instruction \u00e0 charge et \u00e0 d\u00e9charge. A l&rsquo;issue de ces investigations, il appartient au juge d&rsquo;instruction, lorsqu&rsquo;il estime son information termin\u00e9e, de d\u00e9cider de son r\u00e8glement. Apr\u00e8s en avoir avis\u00e9 les parties, il rend alors une ordonnance de r\u00e8glement qui comporte une appr\u00e9ciation des charges : il s&rsquo;agit ici, non d&rsquo;\u00e9tablir des certitudes, mais de d\u00e9gager, le cas \u00e9ch\u00e9ant, une vraisemblance justifiant l&rsquo;examen de l&rsquo;affaire par une juridiction de jugement. Si le dossier d&rsquo;instruction laisse penser que les personnes mises en examen ont pu commettre l&rsquo;infraction poursuivie, le juge ordonne la saisine de la juridiction de jugement comp\u00e9tente : on parle de renvoi devant le tribunal de police ou le tribunal correctionnel, de mise en accusation devant la cour d&rsquo;assises. Si au contraire les charges pesant sur les personnes mises en examen sont insuffisantes, le juge rend une ordonnance de non-lieu qui met ces personnes hors de cause. Une r\u00e9ouverture de l&rsquo;instruction est toutefois envisageable si des charges nouvelles venaient \u00e0 \u00eatre ult\u00e9rieurement d\u00e9couvertes.<\/p>\n<p>Au terme de l&rsquo;information judiciaire, le juge d&rsquo;instruction ou, si au contraire une information judiciaire n&rsquo;est pas obligatoire, le Procureur de la R\u00e9publique ou la victime peuvent d\u00e9cider de la <strong>comparution de la personne soup\u00e7onn\u00e9e devant la juridiction de jugement comp\u00e9tente<\/strong>.<\/p>\n<p>La proc\u00e9dure de jugement a pour objet de permettre la production des preuves et leur discussion devant les juridictions de jugement afin qu&rsquo;elles se prononcent sur la culpabilit\u00e9 du d\u00e9linquant en vue de sa condamnation \u00e0 une sanction p\u00e9nale.<\/p>\n<p>La proc\u00e9dure de jugement est en principe orale, publique et contradictoire : les preuves doivent donc y \u00eatre administr\u00e9es oralement, la possibilit\u00e9 pour le public d&rsquo;assister aux d\u00e9bats en principe assur\u00e9e et la discussion des preuves par toutes les parties garantie. Dans tous les cas, l&rsquo;audience de jugement d\u00e9butera par une phase dite d&rsquo;instruction d\u00e9finitive au cours de laquelle le pr\u00e9sident de la juridiction proc\u00e8de \u00e0 l&rsquo;examen des faits reproch\u00e9s au pr\u00e9venu en l&rsquo;interrogeant, en sollicitant ses explications et en questionnant d&rsquo;\u00e9ventuels t\u00e9moins et experts. Le magistrat cherchera \u00e9galement \u00e0 mieux conna\u00eetre la personnalit\u00e9 du pr\u00e9venu, ses ressources, sa vie familiale et professionnelle, d&rsquo;une part, pour \u00e9clairer au mieux les faits qui lui sont reproch\u00e9s et, d&rsquo;autre part, pour pouvoir par la suite prononcer la peine la plus adapt\u00e9e.<\/p>\n<p>Au terme de l&rsquo;instruction d\u00e9finitive, la parole est donn\u00e9e successivement aux parties. La victime \u2013 on dit plut\u00f4t la partie civile &#8211; , ou son avocat, pr\u00e9sente d&rsquo;abord ses demandes tendant \u00e0 la r\u00e9paration des pr\u00e9judices que lui a caus\u00e9s l&rsquo;infraction. Le repr\u00e9sentant du minist\u00e8re public se l\u00e8ve ensuite pour pr\u00e9senter ses r\u00e9quisitions par lesquelles il argumente en faveur de l&rsquo;innocence ou de la culpabilit\u00e9 du pr\u00e9venu et, dans ce dernier cas, propose les peines qu&rsquo;il estime les plus adapt\u00e9es pour sanctionner le d\u00e9linquant. Enfin, le pr\u00e9venu, ou son avocat, pr\u00e9sente sa d\u00e9fense en contestant \u00e9ventuellement la d\u00e9monstration du minist\u00e8re public et les peines propos\u00e9es. Dans tous les cas, le pr\u00e9venu doit avoir la parole en dernier.<\/p>\n<p>Le tribunal se retire en principe pour d\u00e9lib\u00e9rer, sauf \u00e0 d\u00e9lib\u00e9rer sur le si\u00e8ge pour les affaires les plus simples comme en mati\u00e8re de contraventions. Au terme de la d\u00e9lib\u00e9ration, le tribunal se r\u00e9unit de nouveau pour rendre sa d\u00e9cision. Le proc\u00e8s p\u00e9nal peut alors conna\u00eetre son d\u00e9nouement.<\/p>\n<p><img loading=\"lazy\" decoding=\"async\" src=\"\/Users\/SAINTGERMAIN\/Desktop\/justice\/cle_justice64\/file\/C_\/Users\/GC3D0F_1.CRD\/AppData\/Local\/Temp\/msohtmlclip1\/01\/clip_image002.jpg\" width=\"604\" height=\"854\" \/><\/p>\n","protected":false},"excerpt":{"rendered":"<p>D\u00e9roulement du proc\u00e8s p\u00e9nal &nbsp; Lorsqu&rsquo;au vu des premiers \u00e9l\u00e9ments de l&rsquo;enqu\u00eate judiciaire, il choisit de d\u00e9clencher les poursuites et s&rsquo;il estime que des investigations compl\u00e9mentaires sont n\u00e9cessaires pour que le dossier soit en \u00e9tat d&rsquo;\u00eatre jug\u00e9 \u2013 et obligatoirement en mati\u00e8re de crimes -, le Procureur de la R\u00e9publique d\u00e9cide l&rsquo;ouverture d&rsquo;une information judiciaire. &hellip; <\/p>\n<p><a class=\"more-link block-button\" href=\"https:\/\/ent2d.ac-bordeaux.fr\/disciplines\/clesjustice64\/fonctionnement-de-la-justice\/justice-penale\/deroulement-du-proces-penal\/\">Lire la Suite &raquo;<\/a><\/p>\n","protected":false},"author":62,"featured_media":0,"parent":104,"menu_order":0,"comment_status":"closed","ping_status":"closed","template":"","meta":{"footnotes":""},"class_list":["post-111","page","type-page","status-publish","hentry","nodate"],"_links":{"self":[{"href":"https:\/\/ent2d.ac-bordeaux.fr\/disciplines\/clesjustice64\/wp-json\/wp\/v2\/pages\/111","targetHints":{"allow":["GET"]}}],"collection":[{"href":"https:\/\/ent2d.ac-bordeaux.fr\/disciplines\/clesjustice64\/wp-json\/wp\/v2\/pages"}],"about":[{"href":"https:\/\/ent2d.ac-bordeaux.fr\/disciplines\/clesjustice64\/wp-json\/wp\/v2\/types\/page"}],"author":[{"embeddable":true,"href":"https:\/\/ent2d.ac-bordeaux.fr\/disciplines\/clesjustice64\/wp-json\/wp\/v2\/users\/62"}],"replies":[{"embeddable":true,"href":"https:\/\/ent2d.ac-bordeaux.fr\/disciplines\/clesjustice64\/wp-json\/wp\/v2\/comments?post=111"}],"version-history":[{"count":2,"href":"https:\/\/ent2d.ac-bordeaux.fr\/disciplines\/clesjustice64\/wp-json\/wp\/v2\/pages\/111\/revisions"}],"predecessor-version":[{"id":122,"href":"https:\/\/ent2d.ac-bordeaux.fr\/disciplines\/clesjustice64\/wp-json\/wp\/v2\/pages\/111\/revisions\/122"}],"up":[{"embeddable":true,"href":"https:\/\/ent2d.ac-bordeaux.fr\/disciplines\/clesjustice64\/wp-json\/wp\/v2\/pages\/104"}],"wp:attachment":[{"href":"https:\/\/ent2d.ac-bordeaux.fr\/disciplines\/clesjustice64\/wp-json\/wp\/v2\/media?parent=111"}],"curies":[{"name":"wp","href":"https:\/\/api.w.org\/{rel}","templated":true}]}}