{"id":108,"date":"2017-08-28T13:08:32","date_gmt":"2017-08-28T11:08:32","guid":{"rendered":"https:\/\/ent2d.ac-bordeaux.fr\/disciplines\/clesjustice64\/?page_id=108"},"modified":"2017-08-28T13:16:24","modified_gmt":"2017-08-28T11:16:24","slug":"presentation-des-juridictions-repressives","status":"publish","type":"page","link":"https:\/\/ent2d.ac-bordeaux.fr\/disciplines\/clesjustice64\/fonctionnement-de-la-justice\/justice-penale\/presentation-des-juridictions-repressives\/","title":{"rendered":"Pr\u00e9sentation des juridictions r\u00e9pressives"},"content":{"rendered":"<h1 style=\"text-align: center\"><strong><span style=\"color: #ff0000\">Pr\u00e9sentation des juridictions r\u00e9pressives<\/span><\/strong><\/h1>\n<p>&nbsp;<\/p>\n<p>Les principaux tribunaux r\u00e9pressifs correspondent traditionnellement aux juridictions de jugement appel\u00e9es \u00e0 se prononcer sur la culpabilit\u00e9 de la personne poursuivie et sur la peine qui doit lui \u00eatre inflig\u00e9e. Il ne faut toutefois pas oublier que d&rsquo;autres juridictions peuvent avoir \u00e0 intervenir au cours de la proc\u00e9dure p\u00e9nale, soit dans la phase pr\u00e9paratoire au jugement (<em>cf. le juge d&rsquo;instruction et l&rsquo;article sur le d\u00e9roulement du proc\u00e8s p\u00e9nal<\/em>), soit dans la phase d&rsquo;ex\u00e9cution des peines ( <em>cf. le juge d&rsquo;application des peines et l&rsquo;article sur l&rsquo;aboutissement du proc\u00e8s p\u00e9nal<\/em>).<\/p>\n<p>Ces juridictions de jugement se distinguent en fonction de la cat\u00e9gorie d&rsquo;infractions pour laquelle la loi leur attribue comp\u00e9tence. C&rsquo;est dire que leur pr\u00e9sentation d\u00e9coule de la classification des infractions en crimes, d\u00e9lits et contraventions. Il convient donc de distinguer la juridiction de proximit\u00e9, le tribunal de police, le tribunal correctionnel et la cour d&rsquo;assises.<\/p>\n<p><strong>JURIDICTION DE PROXIMITE<\/strong><\/p>\n<p>La juridiction de proximit\u00e9 est la juridiction comp\u00e9tente pour conna\u00eetre du jugement des contraventions mineures.<\/p>\n<p>La juridiction de proximit\u00e9 est compos\u00e9e par le juge de proximit\u00e9, un greffier et un officier du minist\u00e8re public, lequel est en principe commissaire de police.<\/p>\n<p>Sa comp\u00e9tence mat\u00e9rielle concerne les contraventions des quatre premi\u00e8res classes. Sa comp\u00e9tence territoriale est d\u00e9termin\u00e9e en fonction du lieu o\u00f9 est commis la contravention, ou du lieu de la r\u00e9sidence du pr\u00e9venu.<\/p>\n<p><strong>TRIBUNAL DE POLICE<\/strong><\/p>\n<p>Le tribunal de police est la juridiction comp\u00e9tente pour juger les contraventions les plus graves.<\/p>\n<p>Le tribunal de police est constitu\u00e9 par le juge d&rsquo;instance, un greffier et un repr\u00e9sentant du minist\u00e8re public.<\/p>\n<p>Sa comp\u00e9tence mat\u00e9rielle concerne les contraventions de la cinqui\u00e8me classe commises par les majeurs. Sa comp\u00e9tence territoriale est d\u00e9termin\u00e9e en fonction du lieu o\u00f9 est commis la contravention, ou du lieu de la r\u00e9sidence du pr\u00e9venu.<\/p>\n<p><strong>TRIBUNAL CORRECTIONNEL<\/strong><\/p>\n<p>Le tribunal correctionnel est la juridiction comp\u00e9tente pour conna\u00eetre du jugement des d\u00e9lits.<\/p>\n<p>Le tribunal correctionnel est le tribunal de grande instance statuant en mati\u00e8re p\u00e9nale. Il est compos\u00e9 d&rsquo;un pr\u00e9sident et de deux assesseurs, assist\u00e9s d&rsquo;un greffier, et d&rsquo;un repr\u00e9sentant du minist\u00e8re public. Toutefois, par exception, si compte tenu de la r\u00e9cidive la peine encourue n&rsquo;est pas sup\u00e9rieure \u00e0 cinq ans d&#8217;emprisonnement, le tribunal si\u00e8ge \u00e0 juge unique. Mais la formation coll\u00e9giale doit \u00eatre saisie en cas de proc\u00e9dure rapide (comparution imm\u00e9diate) et peut l&rsquo;\u00eatre si la complexit\u00e9 des faits le justifie. Les fonctions du minist\u00e8re public sont assur\u00e9es par le procureur de la R\u00e9publique ou l&rsquo;un de ses substituts.<\/p>\n<p>Sa comp\u00e9tence mat\u00e9rielle concerne tous les d\u00e9lits de droit commun commis par les majeurs.<\/p>\n<p>Sa comp\u00e9tence territoriale est d\u00e9termin\u00e9e en fonction du lieu o\u00f9 est commis le d\u00e9lit, du lieu de la r\u00e9sidence du pr\u00e9venu ou du lieu de son arrestation. Il est en outre comp\u00e9tent \u00e0 l&rsquo;\u00e9gard d&rsquo;une personne d\u00e9tenue dans son ressort \u00e0 la suite d&rsquo;une condamnation prononc\u00e9e par la juridiction du si\u00e8ge.<\/p>\n<p><strong>COUR D&rsquo;ASSISES<\/strong><\/p>\n<table border=\"0\" width=\"100%\" cellpadding=\"0\">\n<tbody>\n<tr>\n<td valign=\"top\">La Cour d&rsquo;assises juge les personnes accus\u00e9es de crime (meurtre, viol, vol \u00e0 main arm\u00e9e\u2026), de tentatives et de complicit\u00e9s de crimes. C&rsquo;est une juridiction non permanente. Elle se r\u00e9unit g\u00e9n\u00e9ralement tous les 3 mois pendant une quinzaine de jours. Elle est d\u00e9partementale (la Cour d&rsquo;assises des Pyr\u00e9n\u00e9es-Atlantiques, qui si\u00e8ge \u00e0 PAU) et pr\u00e9sente une originalit\u00e9 par sa composition et son fonctionnement.<\/p>\n<p><strong>ORGANISATION<\/strong><\/p>\n<p align=\"center\"><img loading=\"lazy\" decoding=\"async\" src=\"\/Users\/SAINTGERMAIN\/Desktop\/justice\/cle_justice64\/file\/C_\/Users\/GC3D0F_1.CRD\/AppData\/Local\/Temp\/msohtmlclip1\/01\/clip_image001.jpg\" alt=\"Repr\u00e9sentation de la composition d'une cour d'assises\" width=\"410\" height=\"313\" \/><\/p>\n<p>La Cour d&rsquo;assises est compos\u00e9e de :<\/p>\n<p>&#8211; 3 juges professionnels :<\/p>\n<p>Un pr\u00e9sident (pr\u00e9sident de chambre ou conseiller \u00e0 la cour d&rsquo;appel) ;<\/p>\n<p>Deux assesseurs (conseillers \u00e0 la cour d&rsquo;appel ou magistrats du tribunal de grande instance du d\u00e9partement de la tenue des assises) ;<\/p>\n<p>&#8211; un jury :<\/p>\n<p>9 citoyens jur\u00e9s tir\u00e9s au sort (ils sont au nombre de 12 en appel) ;<\/p>\n<p>&#8211; un avocat g\u00e9n\u00e9ral, magistrat du parquet (minist\u00e8re public) qui repr\u00e9sente la soci\u00e9t\u00e9 et demande l&rsquo;application de la loi ;<\/p>\n<p>&#8211; un greffier, fonctionnaire charg\u00e9 des t\u00e2ches administratives et de retranscrire les d\u00e9bats.<\/p>\n<p><strong>COMPETENCE<\/strong><\/p>\n<p>Sa comp\u00e9tence mat\u00e9rielle concerne tous les crimes de droit commun commis par les majeurs.<\/p>\n<p>Certains crimes (crimes terroristes, militaires ou relatifs au trafic de drogue) \u00e9chappent \u00e0 la cour d&rsquo;assises et sont jug\u00e9s par une cour d&rsquo;assises sp\u00e9ciale ne comprenant pas de jury populaire.<\/p>\n<p>Sa comp\u00e9tence territoriale est d\u00e9termin\u00e9e en fonction du lieu o\u00f9 est commis le crime, du lieu de la r\u00e9sidence de l&rsquo;accus\u00e9 ou du lieu de son arrestation.<\/p>\n<p>La cour d&rsquo;assises peut prononcer des peines de r\u00e9clusion criminelle, \u00e0 perp\u00e9tuit\u00e9 ou \u00e0 temps, ou d&#8217;emprisonnement ferme ou avec sursis, des peines d&rsquo;amendes et des peines\u00a0compl\u00e9mentaires (ex : interdiction d&rsquo;exercer une activit\u00e9, obligation de se soigner\u2026).<\/td>\n<\/tr>\n<\/tbody>\n<\/table>\n<p>&nbsp;<\/p>\n<p>&nbsp;<\/p>\n","protected":false},"excerpt":{"rendered":"<p>Pr\u00e9sentation des juridictions r\u00e9pressives &nbsp; Les principaux tribunaux r\u00e9pressifs correspondent traditionnellement aux juridictions de jugement appel\u00e9es \u00e0 se prononcer sur la culpabilit\u00e9 de la personne poursuivie et sur la peine qui doit lui \u00eatre inflig\u00e9e. Il ne faut toutefois pas oublier que d&rsquo;autres juridictions peuvent avoir \u00e0 intervenir au cours de la proc\u00e9dure p\u00e9nale, soit &hellip; <\/p>\n<p><a class=\"more-link block-button\" href=\"https:\/\/ent2d.ac-bordeaux.fr\/disciplines\/clesjustice64\/fonctionnement-de-la-justice\/justice-penale\/presentation-des-juridictions-repressives\/\">Lire la Suite &raquo;<\/a><\/p>\n","protected":false},"author":62,"featured_media":0,"parent":104,"menu_order":0,"comment_status":"closed","ping_status":"closed","template":"","meta":{"footnotes":""},"class_list":["post-108","page","type-page","status-publish","hentry","nodate"],"_links":{"self":[{"href":"https:\/\/ent2d.ac-bordeaux.fr\/disciplines\/clesjustice64\/wp-json\/wp\/v2\/pages\/108","targetHints":{"allow":["GET"]}}],"collection":[{"href":"https:\/\/ent2d.ac-bordeaux.fr\/disciplines\/clesjustice64\/wp-json\/wp\/v2\/pages"}],"about":[{"href":"https:\/\/ent2d.ac-bordeaux.fr\/disciplines\/clesjustice64\/wp-json\/wp\/v2\/types\/page"}],"author":[{"embeddable":true,"href":"https:\/\/ent2d.ac-bordeaux.fr\/disciplines\/clesjustice64\/wp-json\/wp\/v2\/users\/62"}],"replies":[{"embeddable":true,"href":"https:\/\/ent2d.ac-bordeaux.fr\/disciplines\/clesjustice64\/wp-json\/wp\/v2\/comments?post=108"}],"version-history":[{"count":2,"href":"https:\/\/ent2d.ac-bordeaux.fr\/disciplines\/clesjustice64\/wp-json\/wp\/v2\/pages\/108\/revisions"}],"predecessor-version":[{"id":121,"href":"https:\/\/ent2d.ac-bordeaux.fr\/disciplines\/clesjustice64\/wp-json\/wp\/v2\/pages\/108\/revisions\/121"}],"up":[{"embeddable":true,"href":"https:\/\/ent2d.ac-bordeaux.fr\/disciplines\/clesjustice64\/wp-json\/wp\/v2\/pages\/104"}],"wp:attachment":[{"href":"https:\/\/ent2d.ac-bordeaux.fr\/disciplines\/clesjustice64\/wp-json\/wp\/v2\/media?parent=108"}],"curies":[{"name":"wp","href":"https:\/\/api.w.org\/{rel}","templated":true}]}}