{"id":106,"date":"2017-08-28T13:02:44","date_gmt":"2017-08-28T11:02:44","guid":{"rendered":"https:\/\/ent2d.ac-bordeaux.fr\/disciplines\/clesjustice64\/?page_id=106"},"modified":"2017-08-28T13:14:53","modified_gmt":"2017-08-28T11:14:53","slug":"principe-de-legalite-criminelle","status":"publish","type":"page","link":"https:\/\/ent2d.ac-bordeaux.fr\/disciplines\/clesjustice64\/fonctionnement-de-la-justice\/justice-penale\/principe-de-legalite-criminelle\/","title":{"rendered":"Principe de l\u00e9galit\u00e9 criminelle"},"content":{"rendered":"<h1 style=\"text-align: center\"><span style=\"color: #ff0000\"><strong>Principe de l\u00e9galit\u00e9 criminelle<\/strong><\/span><\/h1>\n<p>&nbsp;<\/p>\n<p>L&rsquo;adage <em>nullum crimen, nulla poena sine lege<\/em>, qui \u00e9nonce qu&rsquo;il ne peut y avoir ni infraction ni peine sans loi, r\u00e9pond au besoin de limitation de l&rsquo;arbitraire en mati\u00e8re r\u00e9pressive.<\/p>\n<p><strong>CONTENU<\/strong><\/p>\n<p>Le principe de l\u00e9galit\u00e9 criminelle exprime une double exigence de d\u00e9finition par la loi tant des comportements r\u00e9pr\u00e9hensibles que des sanctions destin\u00e9es \u00e0 les r\u00e9primer.<\/p>\n<p>Dans un Etat de droit, il ne saurait y avoir de comportement punissable qui n&rsquo;ait \u00e9t\u00e9 pr\u00e9alablement d\u00e9fini comme tel par la loi et il ne saurait davantage \u00eatre question d&rsquo;infliger \u00e0 son auteur une peine qui n&rsquo;aurait pas \u00e9t\u00e9 l\u00e9galement pr\u00e9vue pour lui \u00eatre appliqu\u00e9e. Quels que puissent \u00eatre les inconv\u00e9nients li\u00e9s \u00e0 l&rsquo;imperfection des textes r\u00e9pressifs et l&rsquo;opportunit\u00e9 de sanctionner un comportement d\u00e9viant in\u00e9dit, ce principe constitue une garantie irrempla\u00e7able contre l&rsquo;arbitraire dont la soci\u00e9t\u00e9 ne saurait s&rsquo;affranchir.<\/p>\n<p>Il est aussi le meilleur moyen d&rsquo;asseoir la l\u00e9gitimit\u00e9 du droit p\u00e9nal par l&rsquo;adh\u00e9sion tacite qu&rsquo;il suppose des justiciables. Si le choix des valeurs p\u00e9nalement prot\u00e9g\u00e9es et des modalit\u00e9s de la r\u00e9pression r\u00e9sulte de l&rsquo;expression de la volont\u00e9 populaire \u2013 par l&rsquo;interm\u00e9diaire de la repr\u00e9sentation parlementaire &#8211; , on peut alors attendre une contestation moindre du corps social face \u00e0 la rigueur du droit p\u00e9nal.<\/p>\n<p>Ainsi, en imposant une d\u00e9finition l\u00e9gale pr\u00e9alable des infractions et des peines, le principe de l\u00e9galit\u00e9 criminelle supprime toute incertitude sur l&rsquo;interdit p\u00e9nal et assure l&rsquo;acceptation de sa sanction.<\/p>\n<p>Longtemps limit\u00e9 \u00e0 la proc\u00e9dure, le principe de l\u00e9galit\u00e9 criminelle a \u00e9t\u00e9 affirm\u00e9 par les juristes et philosophes du XVIIIe si\u00e8cle en r\u00e9action \u00e0 l&rsquo;arbitraire de la r\u00e9pression dans l&rsquo;Ancien R\u00e9gime. Montesquieu tout d&rsquo;abord, dans <em>L&rsquo;esprit des lois<\/em> (1748), Beccaria ensuite, dans son <em>Trait\u00e9 des d\u00e9lits et des peines<\/em> (1764), joueront un r\u00f4le primordial dans sa formulation. La D\u00e9claration des droits de l&rsquo;homme et du citoyen du 26 ao\u00fbt 1789 assure sa cons\u00e9cration, principalement dans son article 8 qui dispose que \u00ab La loi ne peut \u00e9tablir que des peines strictement et \u00e9videmment n\u00e9cessaires et nul ne peut \u00eatre puni qu&rsquo;en vertu d&rsquo;une loi \u00e9tablie et promulgu\u00e9e ant\u00e9rieurement au d\u00e9lit et l\u00e9galement appliqu\u00e9e \u00bb. Repris dans l&rsquo;article 4 de l&rsquo;ancien Code p\u00e9nal, le principe est aujourd&rsquo;hui pr\u00e9cis\u00e9 dans le Code p\u00e9nal actuel aux articles 111-2 (sources du droit p\u00e9nal), 111-3 (pr\u00e9cision de la loi p\u00e9nale), 111-4 (devoirs du juge), 112-1 et suivants (application de la loi p\u00e9nale dans le temps) et 113-1 et suivants (application de la loi p\u00e9nale dans l&rsquo;espace).<\/p>\n<p><strong>CONSEQUENCES<\/strong><\/p>\n<p>Le principe de l\u00e9galit\u00e9 criminelle faisant de la loi l&rsquo;unique mode de d\u00e9termination des infractions, il en r\u00e9sulte qu&rsquo;elle ne peut \u00eatre \u00e9tendue au-del\u00e0 des limites que le l\u00e9gislateur lui a trac\u00e9es. Par cons\u00e9quent, le juge ne peut en faire une application extensive : il ne peut \u00e9tendre un texte r\u00e9pressif, par analogie, \u00e0 un comportement distinct de ceux pr\u00e9cis\u00e9ment vis\u00e9s ou, par anticipation, \u00e0 un comportement ant\u00e9rieur \u00e0 sa promulgation. Le juge doit au contraire se tenir \u00e0 une interpr\u00e9tation stricte et non r\u00e9troactive de la loi p\u00e9nale.<\/p>\n","protected":false},"excerpt":{"rendered":"<p>Principe de l\u00e9galit\u00e9 criminelle &nbsp; L&rsquo;adage nullum crimen, nulla poena sine lege, qui \u00e9nonce qu&rsquo;il ne peut y avoir ni infraction ni peine sans loi, r\u00e9pond au besoin de limitation de l&rsquo;arbitraire en mati\u00e8re r\u00e9pressive. CONTENU Le principe de l\u00e9galit\u00e9 criminelle exprime une double exigence de d\u00e9finition par la loi tant des comportements r\u00e9pr\u00e9hensibles que &hellip; <\/p>\n<p><a class=\"more-link block-button\" href=\"https:\/\/ent2d.ac-bordeaux.fr\/disciplines\/clesjustice64\/fonctionnement-de-la-justice\/justice-penale\/principe-de-legalite-criminelle\/\">Lire la Suite &raquo;<\/a><\/p>\n","protected":false},"author":62,"featured_media":0,"parent":104,"menu_order":0,"comment_status":"closed","ping_status":"closed","template":"","meta":{"footnotes":""},"class_list":["post-106","page","type-page","status-publish","hentry","nodate"],"_links":{"self":[{"href":"https:\/\/ent2d.ac-bordeaux.fr\/disciplines\/clesjustice64\/wp-json\/wp\/v2\/pages\/106","targetHints":{"allow":["GET"]}}],"collection":[{"href":"https:\/\/ent2d.ac-bordeaux.fr\/disciplines\/clesjustice64\/wp-json\/wp\/v2\/pages"}],"about":[{"href":"https:\/\/ent2d.ac-bordeaux.fr\/disciplines\/clesjustice64\/wp-json\/wp\/v2\/types\/page"}],"author":[{"embeddable":true,"href":"https:\/\/ent2d.ac-bordeaux.fr\/disciplines\/clesjustice64\/wp-json\/wp\/v2\/users\/62"}],"replies":[{"embeddable":true,"href":"https:\/\/ent2d.ac-bordeaux.fr\/disciplines\/clesjustice64\/wp-json\/wp\/v2\/comments?post=106"}],"version-history":[{"count":3,"href":"https:\/\/ent2d.ac-bordeaux.fr\/disciplines\/clesjustice64\/wp-json\/wp\/v2\/pages\/106\/revisions"}],"predecessor-version":[{"id":120,"href":"https:\/\/ent2d.ac-bordeaux.fr\/disciplines\/clesjustice64\/wp-json\/wp\/v2\/pages\/106\/revisions\/120"}],"up":[{"embeddable":true,"href":"https:\/\/ent2d.ac-bordeaux.fr\/disciplines\/clesjustice64\/wp-json\/wp\/v2\/pages\/104"}],"wp:attachment":[{"href":"https:\/\/ent2d.ac-bordeaux.fr\/disciplines\/clesjustice64\/wp-json\/wp\/v2\/media?parent=106"}],"curies":[{"name":"wp","href":"https:\/\/api.w.org\/{rel}","templated":true}]}}