{"id":79,"date":"2017-07-24T11:56:13","date_gmt":"2017-07-24T09:56:13","guid":{"rendered":"https:\/\/ent2d.ac-bordeaux.fr\/disciplines\/ciras\/?page_id=79"},"modified":"2022-07-01T11:30:16","modified_gmt":"2022-07-01T09:30:16","slug":"envol-jeunesse-yvrac","status":"publish","type":"page","link":"https:\/\/ent2d.ac-bordeaux.fr\/disciplines\/ciras\/valoriser-le-bia\/envol-jeunesse-yvrac\/","title":{"rendered":"Envol Jeunesse Yvrac"},"content":{"rendered":"<p>Tous les ans, l&#8217;a\u00e9roclub d&#8217;Yvrac propose un concours dont les laur\u00e9ats recoivent un forfait d\u00e9couverte :<\/p>\n<p>\u00a0<\/p>\n\n\n<figure class=\"wp-block-image size-full\"><img loading=\"lazy\" decoding=\"async\" width=\"731\" height=\"1024\" src=\"https:\/\/ent2d.ac-bordeaux.fr\/disciplines\/ciras\/wp-content\/uploads\/sites\/53\/2022\/07\/Affiche-EJY-2022-A3-scaled.jpg\" alt=\"\" class=\"wp-image-986\" srcset=\"https:\/\/ent2d.ac-bordeaux.fr\/disciplines\/ciras\/wp-content\/uploads\/sites\/53\/2022\/07\/Affiche-EJY-2022-A3-scaled.jpg 731w, https:\/\/ent2d.ac-bordeaux.fr\/disciplines\/ciras\/wp-content\/uploads\/sites\/53\/2022\/07\/Affiche-EJY-2022-A3-214x300.jpg 214w, https:\/\/ent2d.ac-bordeaux.fr\/disciplines\/ciras\/wp-content\/uploads\/sites\/53\/2022\/07\/Affiche-EJY-2022-A3-768x1075.jpg 768w, https:\/\/ent2d.ac-bordeaux.fr\/disciplines\/ciras\/wp-content\/uploads\/sites\/53\/2022\/07\/Affiche-EJY-2022-A3-1097x1536.jpg 1097w, https:\/\/ent2d.ac-bordeaux.fr\/disciplines\/ciras\/wp-content\/uploads\/sites\/53\/2022\/07\/Affiche-EJY-2022-A3-1463x2048.jpg 1463w\" sizes=\"auto, (max-width: 731px) 100vw, 731px\" \/><\/figure>\n\n\n\n<div class=\"wp-block-file\"><a href=\"https:\/\/ent2d.ac-bordeaux.fr\/disciplines\/ciras\/wp-content\/uploads\/sites\/53\/2022\/07\/EJY-2022-descriptif.docx\">EJY-2022-descriptif<\/a><a href=\"https:\/\/ent2d.ac-bordeaux.fr\/disciplines\/ciras\/wp-content\/uploads\/sites\/53\/2022\/07\/EJY-2022-descriptif.docx\" class=\"wp-block-file__button\" download>T\u00e9l\u00e9charger<\/a><\/div>\n\n\n\n<div class=\"wp-block-file\"><a href=\"https:\/\/ent2d.ac-bordeaux.fr\/disciplines\/ciras\/wp-content\/uploads\/sites\/53\/2022\/07\/Envol-Jeunesse-Yvrac-2022-dossier.docx\">Envol-Jeunesse-Yvrac-2022-dossier<\/a><a href=\"https:\/\/ent2d.ac-bordeaux.fr\/disciplines\/ciras\/wp-content\/uploads\/sites\/53\/2022\/07\/Envol-Jeunesse-Yvrac-2022-dossier.docx\" class=\"wp-block-file__button\" download>T\u00e9l\u00e9charger<\/a><\/div>\n\n\n\n<p><\/p>\n","protected":false},"excerpt":{"rendered":"<p>Tous les ans, l&#8217;a\u00e9roclub d&#8217;Yvrac propose un concours dont les laur\u00e9ats recoivent un forfait d\u00e9couverte : \u00a0<\/p>\n","protected":false},"author":100,"featured_media":0,"parent":57,"menu_order":0,"comment_status":"closed","ping_status":"closed","template":"","meta":{"footnotes":""},"class_list":["post-79","page","type-page","status-publish","hentry","nodate"],"_links":{"self":[{"href":"https:\/\/ent2d.ac-bordeaux.fr\/disciplines\/ciras\/wp-json\/wp\/v2\/pages\/79","targetHints":{"allow":["GET"]}}],"collection":[{"href":"https:\/\/ent2d.ac-bordeaux.fr\/disciplines\/ciras\/wp-json\/wp\/v2\/pages"}],"about":[{"href":"https:\/\/ent2d.ac-bordeaux.fr\/disciplines\/ciras\/wp-json\/wp\/v2\/types\/page"}],"author":[{"embeddable":true,"href":"https:\/\/ent2d.ac-bordeaux.fr\/disciplines\/ciras\/wp-json\/wp\/v2\/users\/100"}],"replies":[{"embeddable":true,"href":"https:\/\/ent2d.ac-bordeaux.fr\/disciplines\/ciras\/wp-json\/wp\/v2\/comments?post=79"}],"version-history":[{"count":6,"href":"https:\/\/ent2d.ac-bordeaux.fr\/disciplines\/ciras\/wp-json\/wp\/v2\/pages\/79\/revisions"}],"predecessor-version":[{"id":989,"href":"https:\/\/ent2d.ac-bordeaux.fr\/disciplines\/ciras\/wp-json\/wp\/v2\/pages\/79\/revisions\/989"}],"up":[{"embeddable":true,"href":"https:\/\/ent2d.ac-bordeaux.fr\/disciplines\/ciras\/wp-json\/wp\/v2\/pages\/57"}],"wp:attachment":[{"href":"https:\/\/ent2d.ac-bordeaux.fr\/disciplines\/ciras\/wp-json\/wp\/v2\/media?parent=79"}],"curies":[{"name":"wp","href":"https:\/\/api.w.org\/{rel}","templated":true}]}}