{"id":72,"date":"2017-07-24T11:46:35","date_gmt":"2017-07-24T09:46:35","guid":{"rendered":"https:\/\/ent2d.ac-bordeaux.fr\/disciplines\/ciras\/?page_id=72"},"modified":"2017-11-03T10:01:01","modified_gmt":"2017-11-03T09:01:01","slug":"ouvrir-un-atelier-de-preparation-au-bia","status":"publish","type":"page","link":"https:\/\/ent2d.ac-bordeaux.fr\/disciplines\/ciras\/6-enseigner-le-bia\/ouvrir-un-atelier-de-preparation-au-bia\/","title":{"rendered":"2 Ouvrir un atelier de pr\u00e9paration au BIA"},"content":{"rendered":"<p>La cr\u00e9ation d&#8217;un atelier de pr\u00e9paration au BIA n\u00e9cessite de mettre en place une convention entre un a\u00e9roclub et un \u00e9tablissement public local d&#8217;enseignement public ou priv\u00e9 sous contrat. La convention ci dessous,<span style=\"color: #ff0000\"><strong> non modifiable<\/strong><\/span>, permet de s\u00e9curiser le partenariat :<\/p>\n<p>Convention :<a href=\"https:\/\/ent2d.ac-bordeaux.fr\/disciplines\/ciras\/wp-content\/uploads\/sites\/53\/2017\/07\/Convention-type-.pdf\" target=\"_blank\" rel=\"noopener\">Convention type<\/a><\/p>\n<p>Le fichier ci dessous vous permet de d\u00e9finir les diff\u00e9rentes \u00e9tapes de la cr\u00e9ation et de la stabilisation d&#8217;un atelier.<\/p>\n<p style=\"text-align: center\"><a href=\"https:\/\/ent2d.ac-bordeaux.fr\/mediacad\/m\/11375\/d\/m\/e\/jpg\" target=\"_blank\" rel=\"noopener\">Fichier <\/a><\/p>\n<p><img loading=\"lazy\" decoding=\"async\" class=\"alignnone wp-image-75\" src=\"https:\/\/ent2d.ac-bordeaux.fr\/disciplines\/ciras\/wp-content\/uploads\/sites\/53\/2017\/07\/D\u00e9velopper-un-atelier-BIA-dans-un-EPLE-300x214.jpg\" alt=\"\" width=\"819\" height=\"584\" srcset=\"https:\/\/ent2d.ac-bordeaux.fr\/disciplines\/ciras\/wp-content\/uploads\/sites\/53\/2017\/07\/D\u00e9velopper-un-atelier-BIA-dans-un-EPLE-300x214.jpg 300w, https:\/\/ent2d.ac-bordeaux.fr\/disciplines\/ciras\/wp-content\/uploads\/sites\/53\/2017\/07\/D\u00e9velopper-un-atelier-BIA-dans-un-EPLE-768x549.jpg 768w, https:\/\/ent2d.ac-bordeaux.fr\/disciplines\/ciras\/wp-content\/uploads\/sites\/53\/2017\/07\/D\u00e9velopper-un-atelier-BIA-dans-un-EPLE-1024x732.jpg 1024w, https:\/\/ent2d.ac-bordeaux.fr\/disciplines\/ciras\/wp-content\/uploads\/sites\/53\/2017\/07\/D\u00e9velopper-un-atelier-BIA-dans-un-EPLE.jpg 1908w\" sizes=\"auto, (max-width: 819px) 100vw, 819px\" \/><\/p>\n<p>Document d&#8217;aide au d\u00e9veloppement d&#8217;un atelier :<a href=\"https:\/\/ent2d.ac-bordeaux.fr\/disciplines\/ciras\/wp-content\/uploads\/sites\/53\/2017\/07\/A\u00e9ro-en-milieu-scolaire-V2.pdf\" target=\"_blank\" rel=\"noopener\">A\u00e9ro en milieu scolaire V2<\/a><\/p>\n","protected":false},"excerpt":{"rendered":"<p>La cr\u00e9ation d&#8217;un atelier de pr\u00e9paration au BIA n\u00e9cessite de mettre en place une convention entre un a\u00e9roclub et un \u00e9tablissement public local d&#8217;enseignement public ou priv\u00e9 sous contrat. La convention ci dessous, non modifiable, permet de s\u00e9curiser le partenariat : Convention :Convention type Le fichier ci dessous vous permet de d\u00e9finir les diff\u00e9rentes \u00e9tapes &hellip; <\/p>\n<p><a class=\"more-link block-button\" href=\"https:\/\/ent2d.ac-bordeaux.fr\/disciplines\/ciras\/6-enseigner-le-bia\/ouvrir-un-atelier-de-preparation-au-bia\/\">Lire la Suite &raquo;<\/a><\/p>\n","protected":false},"author":100,"featured_media":0,"parent":162,"menu_order":0,"comment_status":"closed","ping_status":"closed","template":"","meta":{"footnotes":""},"class_list":["post-72","page","type-page","status-publish","hentry","nodate"],"_links":{"self":[{"href":"https:\/\/ent2d.ac-bordeaux.fr\/disciplines\/ciras\/wp-json\/wp\/v2\/pages\/72","targetHints":{"allow":["GET"]}}],"collection":[{"href":"https:\/\/ent2d.ac-bordeaux.fr\/disciplines\/ciras\/wp-json\/wp\/v2\/pages"}],"about":[{"href":"https:\/\/ent2d.ac-bordeaux.fr\/disciplines\/ciras\/wp-json\/wp\/v2\/types\/page"}],"author":[{"embeddable":true,"href":"https:\/\/ent2d.ac-bordeaux.fr\/disciplines\/ciras\/wp-json\/wp\/v2\/users\/100"}],"replies":[{"embeddable":true,"href":"https:\/\/ent2d.ac-bordeaux.fr\/disciplines\/ciras\/wp-json\/wp\/v2\/comments?post=72"}],"version-history":[{"count":9,"href":"https:\/\/ent2d.ac-bordeaux.fr\/disciplines\/ciras\/wp-json\/wp\/v2\/pages\/72\/revisions"}],"predecessor-version":[{"id":209,"href":"https:\/\/ent2d.ac-bordeaux.fr\/disciplines\/ciras\/wp-json\/wp\/v2\/pages\/72\/revisions\/209"}],"up":[{"embeddable":true,"href":"https:\/\/ent2d.ac-bordeaux.fr\/disciplines\/ciras\/wp-json\/wp\/v2\/pages\/162"}],"wp:attachment":[{"href":"https:\/\/ent2d.ac-bordeaux.fr\/disciplines\/ciras\/wp-json\/wp\/v2\/media?parent=72"}],"curies":[{"name":"wp","href":"https:\/\/api.w.org\/{rel}","templated":true}]}}