{"id":68,"date":"2017-07-24T11:37:47","date_gmt":"2017-07-24T09:37:47","guid":{"rendered":"https:\/\/ent2d.ac-bordeaux.fr\/disciplines\/ciras\/?page_id=68"},"modified":"2017-07-24T11:38:33","modified_gmt":"2017-07-24T09:38:33","slug":"prix-saint-exupery","status":"publish","type":"page","link":"https:\/\/ent2d.ac-bordeaux.fr\/disciplines\/ciras\/valoriser-le-bia\/prix-saint-exupery\/","title":{"rendered":"Coupe A de Saint-Exup\u00e9ry"},"content":{"rendered":"<div id=\"wrapper\">\n<div id=\"main\" class=\"clearfix \">\n<div class=\"fusion-row\">\n<div id=\"content\">\n<div id=\"post-53\" class=\"post-53 page type-page status-publish hentry\">\n<div class=\"post-content\">\n<div class=\"fusion-fullwidth fullwidth-box fusion-fullwidth-2 fusion-parallax-none trait_en_bas\">\n<div class=\"fusion-row\">\n<div class=\"fusion-two-third fusion-layout-column fusion-spacing-yes\">\n<div class=\"fusion-column-wrapper\">\n<p style=\"text-align: left\">\u00a0\u00a0\u00a0\u00a0\u00a0\u00a0 La F\u00e9d\u00e9ration Nationale de l\u2019Aviation Marchande (FNAM), en partenariat avec la Fondation Antoine de Saint-Exup\u00e9ry, le Minist\u00e8re de l\u2019Education nationale, la Direction G\u00e9n\u00e9rale de l\u2019Aviation Civile (DGAC) et Espace Orientation Airemploi, lance la Coupe Antoine de Saint-Exup\u00e9ry pour promouvoir les m\u00e9tiers de l\u2019a\u00e9rien aupr\u00e8s de la jeunesse.<\/p>\n<p style=\"text-align: center\">Participer \u00e0 la <a href=\"http:\/\/coupe-antoine-de-saint-exupery.com\/\" target=\"_blank\" rel=\"noopener\">coupe A de St Exupery<\/a><\/p>\n<p>&nbsp;<\/p>\n<\/div>\n<\/div>\n<\/div>\n<\/div>\n<\/div>\n<\/div>\n<\/div>\n<\/div>\n<\/div>\n<\/div>\n","protected":false},"excerpt":{"rendered":"<p>\u00a0\u00a0\u00a0\u00a0\u00a0\u00a0 La F\u00e9d\u00e9ration Nationale de l\u2019Aviation Marchande (FNAM), en partenariat avec la Fondation Antoine de Saint-Exup\u00e9ry, le Minist\u00e8re de l\u2019Education nationale, la Direction G\u00e9n\u00e9rale de l\u2019Aviation Civile (DGAC) et Espace Orientation Airemploi, lance la Coupe Antoine de Saint-Exup\u00e9ry pour promouvoir les m\u00e9tiers de l\u2019a\u00e9rien aupr\u00e8s de la jeunesse. Participer \u00e0 la coupe A de St &hellip; <\/p>\n<p><a class=\"more-link block-button\" href=\"https:\/\/ent2d.ac-bordeaux.fr\/disciplines\/ciras\/valoriser-le-bia\/prix-saint-exupery\/\">Lire la Suite &raquo;<\/a><\/p>\n","protected":false},"author":100,"featured_media":0,"parent":57,"menu_order":0,"comment_status":"closed","ping_status":"closed","template":"","meta":{"footnotes":""},"class_list":["post-68","page","type-page","status-publish","hentry","nodate"],"_links":{"self":[{"href":"https:\/\/ent2d.ac-bordeaux.fr\/disciplines\/ciras\/wp-json\/wp\/v2\/pages\/68","targetHints":{"allow":["GET"]}}],"collection":[{"href":"https:\/\/ent2d.ac-bordeaux.fr\/disciplines\/ciras\/wp-json\/wp\/v2\/pages"}],"about":[{"href":"https:\/\/ent2d.ac-bordeaux.fr\/disciplines\/ciras\/wp-json\/wp\/v2\/types\/page"}],"author":[{"embeddable":true,"href":"https:\/\/ent2d.ac-bordeaux.fr\/disciplines\/ciras\/wp-json\/wp\/v2\/users\/100"}],"replies":[{"embeddable":true,"href":"https:\/\/ent2d.ac-bordeaux.fr\/disciplines\/ciras\/wp-json\/wp\/v2\/comments?post=68"}],"version-history":[{"count":3,"href":"https:\/\/ent2d.ac-bordeaux.fr\/disciplines\/ciras\/wp-json\/wp\/v2\/pages\/68\/revisions"}],"predecessor-version":[{"id":71,"href":"https:\/\/ent2d.ac-bordeaux.fr\/disciplines\/ciras\/wp-json\/wp\/v2\/pages\/68\/revisions\/71"}],"up":[{"embeddable":true,"href":"https:\/\/ent2d.ac-bordeaux.fr\/disciplines\/ciras\/wp-json\/wp\/v2\/pages\/57"}],"wp:attachment":[{"href":"https:\/\/ent2d.ac-bordeaux.fr\/disciplines\/ciras\/wp-json\/wp\/v2\/media?parent=68"}],"curies":[{"name":"wp","href":"https:\/\/api.w.org\/{rel}","templated":true}]}}