{"id":66,"date":"2017-07-24T08:54:46","date_gmt":"2017-07-24T06:54:46","guid":{"rendered":"https:\/\/ent2d.ac-bordeaux.fr\/disciplines\/ciras\/?page_id=66"},"modified":"2023-11-14T01:08:52","modified_gmt":"2023-11-14T00:08:52","slug":"prix-aeronautique-et-espace-aquitaine","status":"publish","type":"page","link":"https:\/\/ent2d.ac-bordeaux.fr\/disciplines\/ciras\/valoriser-le-bia\/prix-aeronautique-et-espace-aquitaine\/","title":{"rendered":"Prix A\u00e9ronautique et Espace Nouvelle Aquitaine"},"content":{"rendered":"\n<div id=\"container\" class=\"clearfix\">\n<section id=\"main\" class=\"clearfix\" role=\"main\">\n<div id=\"left-content\">\n<div class=\"content\">\n<div class=\"field field-name-body field-type-text-with-summary field-label-hidden\">\n<div class=\"field-items\">\n<div class=\"field-item even\">\n<p>Depuis 2002, le Rectorat de l&#8217;acad\u00e9mie de Bordeaux et l&#8217;association Bordeaux Aquitaine A\u00e9ronautique Spatial (BAAS), en partenariat avec l&#8217;Association A\u00e9ronautique et Astronautique de France (3AF) et le Conseil r\u00e9gional de Nouvelle-Aquitaine organisent chaque ann\u00e9e un concours intitul\u00e9 <strong>\u00abPrix A\u00e9ronautique et Espace Nouvelle Aquitaine\u00bb<\/strong>. Ce concours est r\u00e9serv\u00e9 aux classes de 3\u00e8me des coll\u00e8ges et aux classes de seconde, premi\u00e8re et terminale de tous les lyc\u00e9es de l&#8217;acad\u00e9mie.<\/p>\n<p>Le concours permet de d\u00e9couvrir le milieu de l&#8217;a\u00e9ronautique, du spatial et de la d\u00e9fense.<\/p>\n<p>&nbsp;<\/p>\n<p style=\"text-align: center\">&nbsp;<\/p>\n<\/div>\n<\/div>\n<\/div>\n<\/div>\n<\/div>\n<\/section>\n<\/div>\n\n\n<div class=\"wp-block-image\">\n<figure class=\"aligncenter size-full\"><img loading=\"lazy\" decoding=\"async\" width=\"371\" height=\"529\" src=\"https:\/\/ent2d.ac-bordeaux.fr\/disciplines\/ciras\/wp-content\/uploads\/sites\/53\/2023\/11\/image-1.png\" alt=\"\" class=\"wp-image-1155\" srcset=\"https:\/\/ent2d.ac-bordeaux.fr\/disciplines\/ciras\/wp-content\/uploads\/sites\/53\/2023\/11\/image-1.png 371w, https:\/\/ent2d.ac-bordeaux.fr\/disciplines\/ciras\/wp-content\/uploads\/sites\/53\/2023\/11\/image-1-210x300.png 210w\" sizes=\"auto, (max-width: 371px) 100vw, 371px\" \/><\/figure>\n<\/div>\n\n\n<div data-wp-interactive=\"core\/file\" class=\"wp-block-file\"><object data-wp-bind--hidden=\"!state.hasPdfPreview\" hidden class=\"wp-block-file__embed\" data=\"https:\/\/ent2d.ac-bordeaux.fr\/disciplines\/ciras\/wp-content\/uploads\/sites\/53\/2023\/11\/LIVRET_4P_PAENA2024.pdf\" type=\"application\/pdf\" style=\"width:100%;height:600px\" aria-label=\"Contenu embarqu\u00e9 LIVRET_4P_PAENA2024.\"><\/object><a id=\"wp-block-file--media-ecfbb2be-b68d-42a7-a7af-5c555fe0d98d\" href=\"https:\/\/ent2d.ac-bordeaux.fr\/disciplines\/ciras\/wp-content\/uploads\/sites\/53\/2023\/11\/LIVRET_4P_PAENA2024.pdf\">LIVRET_4P_PAENA2024<\/a><a href=\"https:\/\/ent2d.ac-bordeaux.fr\/disciplines\/ciras\/wp-content\/uploads\/sites\/53\/2023\/11\/LIVRET_4P_PAENA2024.pdf\" class=\"wp-block-file__button wp-element-button\" download aria-describedby=\"wp-block-file--media-ecfbb2be-b68d-42a7-a7af-5c555fe0d98d\">T\u00e9l\u00e9charger<\/a><\/div>\n\n\n\n<div data-wp-interactive=\"core\/file\" class=\"wp-block-file\"><object data-wp-bind--hidden=\"!state.hasPdfPreview\" hidden class=\"wp-block-file__embed\" data=\"https:\/\/ent2d.ac-bordeaux.fr\/disciplines\/ciras\/wp-content\/uploads\/sites\/53\/2023\/11\/REGLEMENT-COLLEGE-PAENA-2024.pdf\" type=\"application\/pdf\" style=\"width:100%;height:600px\" aria-label=\"Contenu embarqu\u00e9 REGLEMENT-COLLEGE-PAENA-2024.\"><\/object><a id=\"wp-block-file--media-5f5c6263-0baf-460f-9574-0efed043d423\" href=\"https:\/\/ent2d.ac-bordeaux.fr\/disciplines\/ciras\/wp-content\/uploads\/sites\/53\/2023\/11\/REGLEMENT-COLLEGE-PAENA-2024.pdf\">REGLEMENT-COLLEGE-PAENA-2024<\/a><a href=\"https:\/\/ent2d.ac-bordeaux.fr\/disciplines\/ciras\/wp-content\/uploads\/sites\/53\/2023\/11\/REGLEMENT-COLLEGE-PAENA-2024.pdf\" class=\"wp-block-file__button wp-element-button\" download aria-describedby=\"wp-block-file--media-5f5c6263-0baf-460f-9574-0efed043d423\">T\u00e9l\u00e9charger<\/a><\/div>\n\n\n\n<div data-wp-interactive=\"core\/file\" class=\"wp-block-file\"><object data-wp-bind--hidden=\"!state.hasPdfPreview\" hidden class=\"wp-block-file__embed\" data=\"https:\/\/ent2d.ac-bordeaux.fr\/disciplines\/ciras\/wp-content\/uploads\/sites\/53\/2023\/11\/REGLEMENT-LYCEE-PAENA-2024.pdf\" type=\"application\/pdf\" style=\"width:100%;height:600px\" aria-label=\"Contenu embarqu\u00e9 REGLEMENT-LYCEE-PAENA-2024.\"><\/object><a id=\"wp-block-file--media-8e3d36c5-df8e-4652-b984-c60f487256d9\" href=\"https:\/\/ent2d.ac-bordeaux.fr\/disciplines\/ciras\/wp-content\/uploads\/sites\/53\/2023\/11\/REGLEMENT-LYCEE-PAENA-2024.pdf\">REGLEMENT-LYCEE-PAENA-2024<\/a><a href=\"https:\/\/ent2d.ac-bordeaux.fr\/disciplines\/ciras\/wp-content\/uploads\/sites\/53\/2023\/11\/REGLEMENT-LYCEE-PAENA-2024.pdf\" class=\"wp-block-file__button wp-element-button\" download aria-describedby=\"wp-block-file--media-8e3d36c5-df8e-4652-b984-c60f487256d9\">T\u00e9l\u00e9charger<\/a><\/div>\n\n\n\n<div data-wp-interactive=\"core\/file\" class=\"wp-block-file\"><object data-wp-bind--hidden=\"!state.hasPdfPreview\" hidden class=\"wp-block-file__embed\" data=\"https:\/\/ent2d.ac-bordeaux.fr\/disciplines\/ciras\/wp-content\/uploads\/sites\/53\/2023\/11\/REGLEMENT-LYCEE-VOIE-PRO-PAENA-2024.pdf\" type=\"application\/pdf\" style=\"width:100%;height:600px\" aria-label=\"Contenu embarqu\u00e9 REGLEMENT-LYCEE-VOIE-PRO-PAENA-2024.\"><\/object><a id=\"wp-block-file--media-c821208c-e04f-49c2-bd06-66d903d3985b\" href=\"https:\/\/ent2d.ac-bordeaux.fr\/disciplines\/ciras\/wp-content\/uploads\/sites\/53\/2023\/11\/REGLEMENT-LYCEE-VOIE-PRO-PAENA-2024.pdf\">REGLEMENT-LYCEE-VOIE-PRO-PAENA-2024<\/a><a href=\"https:\/\/ent2d.ac-bordeaux.fr\/disciplines\/ciras\/wp-content\/uploads\/sites\/53\/2023\/11\/REGLEMENT-LYCEE-VOIE-PRO-PAENA-2024.pdf\" class=\"wp-block-file__button wp-element-button\" download aria-describedby=\"wp-block-file--media-c821208c-e04f-49c2-bd06-66d903d3985b\">T\u00e9l\u00e9charger<\/a><\/div>\n","protected":false},"excerpt":{"rendered":"<p>Depuis 2002, le Rectorat de l&#8217;acad\u00e9mie de Bordeaux et l&#8217;association Bordeaux Aquitaine A\u00e9ronautique Spatial (BAAS), en partenariat avec l&#8217;Association A\u00e9ronautique et Astronautique de France (3AF) et le Conseil r\u00e9gional de Nouvelle-Aquitaine organisent chaque ann\u00e9e un concours intitul\u00e9 \u00abPrix A\u00e9ronautique et Espace Nouvelle Aquitaine\u00bb. Ce concours est r\u00e9serv\u00e9 aux classes de 3\u00e8me des coll\u00e8ges et aux &hellip; <\/p>\n<p><a class=\"more-link block-button\" href=\"https:\/\/ent2d.ac-bordeaux.fr\/disciplines\/ciras\/valoriser-le-bia\/prix-aeronautique-et-espace-aquitaine\/\">Lire la Suite &raquo;<\/a><\/p>\n","protected":false},"author":100,"featured_media":0,"parent":57,"menu_order":0,"comment_status":"closed","ping_status":"closed","template":"","meta":{"footnotes":""},"class_list":["post-66","page","type-page","status-publish","hentry","nodate"],"_links":{"self":[{"href":"https:\/\/ent2d.ac-bordeaux.fr\/disciplines\/ciras\/wp-json\/wp\/v2\/pages\/66","targetHints":{"allow":["GET"]}}],"collection":[{"href":"https:\/\/ent2d.ac-bordeaux.fr\/disciplines\/ciras\/wp-json\/wp\/v2\/pages"}],"about":[{"href":"https:\/\/ent2d.ac-bordeaux.fr\/disciplines\/ciras\/wp-json\/wp\/v2\/types\/page"}],"author":[{"embeddable":true,"href":"https:\/\/ent2d.ac-bordeaux.fr\/disciplines\/ciras\/wp-json\/wp\/v2\/users\/100"}],"replies":[{"embeddable":true,"href":"https:\/\/ent2d.ac-bordeaux.fr\/disciplines\/ciras\/wp-json\/wp\/v2\/comments?post=66"}],"version-history":[{"count":8,"href":"https:\/\/ent2d.ac-bordeaux.fr\/disciplines\/ciras\/wp-json\/wp\/v2\/pages\/66\/revisions"}],"predecessor-version":[{"id":1160,"href":"https:\/\/ent2d.ac-bordeaux.fr\/disciplines\/ciras\/wp-json\/wp\/v2\/pages\/66\/revisions\/1160"}],"up":[{"embeddable":true,"href":"https:\/\/ent2d.ac-bordeaux.fr\/disciplines\/ciras\/wp-json\/wp\/v2\/pages\/57"}],"wp:attachment":[{"href":"https:\/\/ent2d.ac-bordeaux.fr\/disciplines\/ciras\/wp-json\/wp\/v2\/media?parent=66"}],"curies":[{"name":"wp","href":"https:\/\/api.w.org\/{rel}","templated":true}]}}