{"id":59,"date":"2017-07-24T08:49:27","date_gmt":"2017-07-24T06:49:27","guid":{"rendered":"https:\/\/ent2d.ac-bordeaux.fr\/disciplines\/ciras\/?page_id=59"},"modified":"2022-09-05T07:53:21","modified_gmt":"2022-09-05T05:53:21","slug":"laeronautique-pourquoi-pas-moi","status":"publish","type":"page","link":"https:\/\/ent2d.ac-bordeaux.fr\/disciplines\/ciras\/valoriser-le-bia\/laeronautique-pourquoi-pas-moi\/","title":{"rendered":"L&#8217;a\u00e9ronautique, pourquoi pas moi !"},"content":{"rendered":"<p>Depuis 2007, l&#8217;op\u00e9ration &#8220;l&#8217;a\u00e9ronautique pourquoi pas moi !&#8221; permet aux \u00e9l\u00e8ves de d\u00e9couvrir les m\u00e9tiers et sports a\u00e9ronautiques. En suivant un parcours sur les stands des partenaires, l&#8217;\u00e9l\u00e8ve r\u00e9pond \u00e0 un Quiz et gagne un vol d&#8217;initiation.<\/p>\n<ul>\n<li>Samedi 1 Octobre 2021 \u2013 A\u00e9rodrome d\u2019Yvrac<\/li>\n<li>Samedi 8 Octobre 2021\u2013 A\u00e9rodrome de Saint Laurent du M\u00e9doc<\/li>\n<li>Samedi 15 octobre 2021 \u2013A\u00e9rodrome de Bordeaux-L\u00e9ognan<\/li>\n<\/ul>\n<p>\u00a0<\/p>\n\n\n<div class=\"wp-block-file\"><a href=\"https:\/\/ent2d.ac-bordeaux.fr\/disciplines\/ciras\/wp-content\/uploads\/sites\/53\/2022\/09\/Affiche-APM-2022_5-1.pdf\">Affiche-APM-2022_5-1<\/a><a href=\"https:\/\/ent2d.ac-bordeaux.fr\/disciplines\/ciras\/wp-content\/uploads\/sites\/53\/2022\/09\/Affiche-APM-2022_5-1.pdf\" class=\"wp-block-file__button\" download>T\u00e9l\u00e9charger<\/a><\/div>\n\n\n\n<div class=\"wp-block-file\"><a href=\"https:\/\/ent2d.ac-bordeaux.fr\/disciplines\/ciras\/wp-content\/uploads\/sites\/53\/2022\/09\/APPM-22-Re\u0300glement_v2-1.docx\">APPM-22-Re\u0300glement_v2-1<\/a><a href=\"https:\/\/ent2d.ac-bordeaux.fr\/disciplines\/ciras\/wp-content\/uploads\/sites\/53\/2022\/09\/APPM-22-Re\u0300glement_v2-1.docx\" class=\"wp-block-file__button\" download>T\u00e9l\u00e9charger<\/a><\/div>\n","protected":false},"excerpt":{"rendered":"<p>Depuis 2007, l&#8217;op\u00e9ration &#8220;l&#8217;a\u00e9ronautique pourquoi pas moi !&#8221; permet aux \u00e9l\u00e8ves de d\u00e9couvrir les m\u00e9tiers et sports a\u00e9ronautiques. En suivant un parcours sur les stands des partenaires, l&#8217;\u00e9l\u00e8ve r\u00e9pond \u00e0 un Quiz et gagne un vol d&#8217;initiation. Samedi 1 Octobre 2021 \u2013 A\u00e9rodrome d\u2019Yvrac Samedi 8 Octobre 2021\u2013 A\u00e9rodrome de Saint Laurent du M\u00e9doc Samedi &hellip; <\/p>\n<p><a class=\"more-link block-button\" href=\"https:\/\/ent2d.ac-bordeaux.fr\/disciplines\/ciras\/valoriser-le-bia\/laeronautique-pourquoi-pas-moi\/\">Lire la Suite &raquo;<\/a><\/p>\n","protected":false},"author":100,"featured_media":0,"parent":57,"menu_order":0,"comment_status":"closed","ping_status":"closed","template":"","meta":{"footnotes":""},"class_list":["post-59","page","type-page","status-publish","hentry","nodate"],"_links":{"self":[{"href":"https:\/\/ent2d.ac-bordeaux.fr\/disciplines\/ciras\/wp-json\/wp\/v2\/pages\/59","targetHints":{"allow":["GET"]}}],"collection":[{"href":"https:\/\/ent2d.ac-bordeaux.fr\/disciplines\/ciras\/wp-json\/wp\/v2\/pages"}],"about":[{"href":"https:\/\/ent2d.ac-bordeaux.fr\/disciplines\/ciras\/wp-json\/wp\/v2\/types\/page"}],"author":[{"embeddable":true,"href":"https:\/\/ent2d.ac-bordeaux.fr\/disciplines\/ciras\/wp-json\/wp\/v2\/users\/100"}],"replies":[{"embeddable":true,"href":"https:\/\/ent2d.ac-bordeaux.fr\/disciplines\/ciras\/wp-json\/wp\/v2\/comments?post=59"}],"version-history":[{"count":16,"href":"https:\/\/ent2d.ac-bordeaux.fr\/disciplines\/ciras\/wp-json\/wp\/v2\/pages\/59\/revisions"}],"predecessor-version":[{"id":1004,"href":"https:\/\/ent2d.ac-bordeaux.fr\/disciplines\/ciras\/wp-json\/wp\/v2\/pages\/59\/revisions\/1004"}],"up":[{"embeddable":true,"href":"https:\/\/ent2d.ac-bordeaux.fr\/disciplines\/ciras\/wp-json\/wp\/v2\/pages\/57"}],"wp:attachment":[{"href":"https:\/\/ent2d.ac-bordeaux.fr\/disciplines\/ciras\/wp-json\/wp\/v2\/media?parent=59"}],"curies":[{"name":"wp","href":"https:\/\/api.w.org\/{rel}","templated":true}]}}