{"id":50,"date":"2017-07-20T04:41:25","date_gmt":"2017-07-20T02:41:25","guid":{"rendered":"https:\/\/ent2d.ac-bordeaux.fr\/disciplines\/ciras\/?page_id=50"},"modified":"2023-06-12T09:25:13","modified_gmt":"2023-06-12T07:25:13","slug":"sinscrire-au-caea","status":"publish","type":"page","link":"https:\/\/ent2d.ac-bordeaux.fr\/disciplines\/ciras\/preparer-le-caea\/sinscrire-au-caea\/","title":{"rendered":"S&#8217;inscrire au CAEA"},"content":{"rendered":"<p>Les modalit\u00e9s d&#8217;inscription se trouve sur le site suivant :<\/p>\n<p style=\"text-align: center\">\u00a0<a href=\"https:\/\/www.ac-bordeaux.fr\/certificat-d-aptitude-a-l-enseignement-aeronautique-caea-brevet-d-initiation-a-l-aeronautique-bia-122127\" target=\"_blank\" rel=\"noopener noreferrer\">site<\/a><\/p>\n<p>L&#8217;inscription a lieu de d\u00e9but f\u00e9vrier \u00e0 mi mars de l&#8217;ann\u00e9e de l&#8217;examen. L&#8217;\u00e9preuve d&#8217;admissibilit\u00e9 a lieu en m\u00eame temps que l&#8217;\u00e9preuve du BIA.<\/p>\n<p>Selon les crit\u00e8res d\u00e9finis ci dessous, le candidat peut b\u00e9n\u00e9ficier de dispenses d&#8217;\u00e9preuves :<\/p>\n<p style=\"text-align: center\">Annexe 1 : <a href=\"https:\/\/ent2d.ac-bordeaux.fr\/disciplines\/ciras\/wp-content\/uploads\/sites\/53\/2017\/07\/CAEA.pdf\" target=\"_blank\" rel=\"noopener noreferrer\">CAEA<\/a><\/p>\n","protected":false},"excerpt":{"rendered":"<p>Les modalit\u00e9s d&#8217;inscription se trouve sur le site suivant : \u00a0site L&#8217;inscription a lieu de d\u00e9but f\u00e9vrier \u00e0 mi mars de l&#8217;ann\u00e9e de l&#8217;examen. L&#8217;\u00e9preuve d&#8217;admissibilit\u00e9 a lieu en m\u00eame temps que l&#8217;\u00e9preuve du BIA. Selon les crit\u00e8res d\u00e9finis ci dessous, le candidat peut b\u00e9n\u00e9ficier de dispenses d&#8217;\u00e9preuves : Annexe 1 : CAEA<\/p>\n","protected":false},"author":100,"featured_media":0,"parent":44,"menu_order":0,"comment_status":"closed","ping_status":"closed","template":"","meta":{"footnotes":""},"class_list":["post-50","page","type-page","status-publish","hentry","nodate"],"_links":{"self":[{"href":"https:\/\/ent2d.ac-bordeaux.fr\/disciplines\/ciras\/wp-json\/wp\/v2\/pages\/50","targetHints":{"allow":["GET"]}}],"collection":[{"href":"https:\/\/ent2d.ac-bordeaux.fr\/disciplines\/ciras\/wp-json\/wp\/v2\/pages"}],"about":[{"href":"https:\/\/ent2d.ac-bordeaux.fr\/disciplines\/ciras\/wp-json\/wp\/v2\/types\/page"}],"author":[{"embeddable":true,"href":"https:\/\/ent2d.ac-bordeaux.fr\/disciplines\/ciras\/wp-json\/wp\/v2\/users\/100"}],"replies":[{"embeddable":true,"href":"https:\/\/ent2d.ac-bordeaux.fr\/disciplines\/ciras\/wp-json\/wp\/v2\/comments?post=50"}],"version-history":[{"count":7,"href":"https:\/\/ent2d.ac-bordeaux.fr\/disciplines\/ciras\/wp-json\/wp\/v2\/pages\/50\/revisions"}],"predecessor-version":[{"id":1091,"href":"https:\/\/ent2d.ac-bordeaux.fr\/disciplines\/ciras\/wp-json\/wp\/v2\/pages\/50\/revisions\/1091"}],"up":[{"embeddable":true,"href":"https:\/\/ent2d.ac-bordeaux.fr\/disciplines\/ciras\/wp-json\/wp\/v2\/pages\/44"}],"wp:attachment":[{"href":"https:\/\/ent2d.ac-bordeaux.fr\/disciplines\/ciras\/wp-json\/wp\/v2\/media?parent=50"}],"curies":[{"name":"wp","href":"https:\/\/api.w.org\/{rel}","templated":true}]}}