{"id":443,"date":"2019-03-24T19:22:31","date_gmt":"2019-03-24T18:22:31","guid":{"rendered":"https:\/\/ent2d.ac-bordeaux.fr\/disciplines\/ciras\/?page_id=443"},"modified":"2019-03-24T19:22:32","modified_gmt":"2019-03-24T18:22:32","slug":"7-videos-pedagogiques-marine-nationale","status":"publish","type":"page","link":"https:\/\/ent2d.ac-bordeaux.fr\/disciplines\/ciras\/6-enseigner-le-bia\/7-videos-pedagogiques-marine-nationale\/","title":{"rendered":"7 Vid\u00e9os p\u00e9dagogiques Marine Nationale"},"content":{"rendered":"\n<p>Les vid\u00e9os suivantes permettront d&#8217;imager la navalisation des a\u00e9ronefs et de visualiser des situations a\u00e9ronautiques en conditions extr\u00eames.<\/p>\n\n\n<p><a href=\"https:\/\/ent2d.ac-bordeaux.fr\/mediacad\/m\/16977\" target=\"_blank\" rel=\"noopener noreferrer\">Appontage h\u00e9licopt\u00e8re<\/a><\/p>\n\n\n<p><a href=\"https:\/\/ent2d.ac-bordeaux.fr\/mediacad\/m\/16978\" target=\"_blank\" rel=\"noopener noreferrer\">Conditions extremes pour un appontage<\/a><\/p>\n\n\n<p><a href=\"https:\/\/ent2d.ac-bordeaux.fr\/mediacad\/m\/16979\" target=\"_blank\" rel=\"noopener noreferrer\">preparation appontage<\/a><\/p>\n\n\n<p><a href=\"https:\/\/ent2d.ac-bordeaux.fr\/mediacad\/m\/16980\" target=\"_blank\" rel=\"noopener noreferrer\">H\u00e9litreuillage nuit<\/a><\/p>\n\n\n<p><a href=\"https:\/\/ent2d.ac-bordeaux.fr\/mediacad\/m\/16981\" target=\"_blank\" rel=\"noopener noreferrer\">debarquement helico<\/a><\/p>\n\n\n<p><a href=\"https:\/\/ent2d.ac-bordeaux.fr\/mediacad\/m\/16982\" target=\"_blank\" rel=\"noopener noreferrer\">EQUIPEMENT HELICO aeros \u00e0 bord<\/a><\/p>\n\n\n<p><a href=\"https:\/\/ent2d.ac-bordeaux.fr\/mediacad\/m\/16983\" target=\"_blank\" rel=\"noopener noreferrer\">bonus brief pilotes helico<\/a><\/p>\n\n\n<p><a href=\"https:\/\/ent2d.ac-bordeaux.fr\/mediacad\/m\/16984\" target=\"_blank\" rel=\"noopener noreferrer\">ITW aeros helico<\/a><\/p>\n\n\n<p><a href=\"https:\/\/ent2d.ac-bordeaux.fr\/mediacad\/m\/16985\" target=\"_blank\" rel=\"noopener noreferrer\">pliage pales helico<\/a><\/p>\n\n\n<p><a href=\"https:\/\/ent2d.ac-bordeaux.fr\/mediacad\/m\/16986\" target=\"_blank\" rel=\"noopener noreferrer\">hangar helico<\/a><\/p>\n\n\n<p><a href=\"https:\/\/ent2d.ac-bordeaux.fr\/mediacad\/m\/16987\" target=\"_blank\" rel=\"noopener noreferrer\">entretien helico<\/a><\/p>\n\n\n<p><a href=\"https:\/\/ent2d.ac-bordeaux.fr\/mediacad\/m\/16988\" target=\"_blank\" rel=\"noopener noreferrer\">check depart helico<\/a><\/p>\n","protected":false},"excerpt":{"rendered":"<p>Les vid\u00e9os suivantes permettront d&#8217;imager la navalisation des a\u00e9ronefs et de visualiser des situations a\u00e9ronautiques en conditions extr\u00eames.<\/p>\n","protected":false},"author":100,"featured_media":0,"parent":162,"menu_order":0,"comment_status":"closed","ping_status":"closed","template":"","meta":{"footnotes":""},"class_list":["post-443","page","type-page","status-publish","hentry","nodate"],"_links":{"self":[{"href":"https:\/\/ent2d.ac-bordeaux.fr\/disciplines\/ciras\/wp-json\/wp\/v2\/pages\/443","targetHints":{"allow":["GET"]}}],"collection":[{"href":"https:\/\/ent2d.ac-bordeaux.fr\/disciplines\/ciras\/wp-json\/wp\/v2\/pages"}],"about":[{"href":"https:\/\/ent2d.ac-bordeaux.fr\/disciplines\/ciras\/wp-json\/wp\/v2\/types\/page"}],"author":[{"embeddable":true,"href":"https:\/\/ent2d.ac-bordeaux.fr\/disciplines\/ciras\/wp-json\/wp\/v2\/users\/100"}],"replies":[{"embeddable":true,"href":"https:\/\/ent2d.ac-bordeaux.fr\/disciplines\/ciras\/wp-json\/wp\/v2\/comments?post=443"}],"version-history":[{"count":5,"href":"https:\/\/ent2d.ac-bordeaux.fr\/disciplines\/ciras\/wp-json\/wp\/v2\/pages\/443\/revisions"}],"predecessor-version":[{"id":448,"href":"https:\/\/ent2d.ac-bordeaux.fr\/disciplines\/ciras\/wp-json\/wp\/v2\/pages\/443\/revisions\/448"}],"up":[{"embeddable":true,"href":"https:\/\/ent2d.ac-bordeaux.fr\/disciplines\/ciras\/wp-json\/wp\/v2\/pages\/162"}],"wp:attachment":[{"href":"https:\/\/ent2d.ac-bordeaux.fr\/disciplines\/ciras\/wp-json\/wp\/v2\/media?parent=443"}],"curies":[{"name":"wp","href":"https:\/\/api.w.org\/{rel}","templated":true}]}}