{"id":44,"date":"2017-07-20T04:36:04","date_gmt":"2017-07-20T02:36:04","guid":{"rendered":"https:\/\/ent2d.ac-bordeaux.fr\/disciplines\/ciras\/?page_id=44"},"modified":"2017-09-13T23:22:35","modified_gmt":"2017-09-13T21:22:35","slug":"preparer-le-caea","status":"publish","type":"page","link":"https:\/\/ent2d.ac-bordeaux.fr\/disciplines\/ciras\/preparer-le-caea\/","title":{"rendered":"3 Pr\u00e9parer le CAEA"},"content":{"rendered":"<p>Le certificat d&#8217;aptitude \u00e0 l&#8217;enseignement a\u00e9ronautique comprend une \u00e9preuve \u00e9crite d&#8217;admissibilit\u00e9 de 3 heures,<br \/>\ncorrig\u00e9e sous couvert de l&#8217;anonymat, et une \u00e9preuve orale d&#8217;admission. Chacune des deux \u00e9preuves est not\u00e9e de 0 \u00e0 20, en points entiers. Seuls les candidats ayant obtenu une note sup\u00e9rieure ou \u00e9gale \u00e0 15 \u00e0 l&#8217;\u00e9preuve d&#8217;admissibilit\u00e9 peuvent se pr\u00e9senter \u00e0 l&#8217;\u00e9preuve orale d&#8217;admission.<br \/>\nL&#8217;\u00e9preuve orale d&#8217;admission se compose de deux parties :<br \/>\n&#8211; 1re partie : pr\u00e9sentation d&#8217;une s\u00e9ance d&#8217;enseignement pr\u00e9parant au brevet d&#8217;initiation a\u00e9ronautique \u00e0 partir d&#8217;un sujet propos\u00e9 par le jury (60 minutes de pr\u00e9paration et 30 minutes de pr\u00e9sentation). Durant cette partie, le candidat peut disposer de tous documents, notes ou mat\u00e9riels personnels \u037e<br \/>\n&#8211; 2e partie (dur\u00e9e 30 minutes) : entretien avec le jury qui permet d&#8217;approfondir les points qu&#8217;il juge utiles. Il permet,\u00a0 en outre, d&#8217;appr\u00e9cier la capacit\u00e9 du candidat \u00e0 se repr\u00e9senter la diversit\u00e9 des conditions d&#8217;exercice et les obligations incombant \u00e0 un enseignant responsable de la formation pr\u00e9parant au brevet d&#8217;initiation a\u00e9ronautique.<\/p>\n<p style=\"text-align: right\"><a href=\"http:\/\/www.education.gouv.fr\/pid285\/bulletin_officiel.html?cid_bo=86568\" target=\"_blank\" rel=\"noopener\"><strong>Bulletin officiel n\u00b011 du 12 mars 2015<\/strong><\/a><\/p>\n<p>La pr\u00e9paration au CAEA peut se faire :<\/p>\n<ul>\n<li>en s&#8217;inscrivant au Plan Acad\u00e9mique de Formation si vous \u00eates enseignants de l&#8217;\u00e9ducation nationale<\/li>\n<li>en prenant contact aupr\u00e8s de l&#8217;Institut de Maintenance A\u00e9ronautique.<\/li>\n<\/ul>\n<p><img loading=\"lazy\" decoding=\"async\" class=\"wp-image-46 aligncenter\" src=\"https:\/\/ent2d.ac-bordeaux.fr\/disciplines\/ciras\/wp-content\/uploads\/sites\/53\/2017\/07\/Pr\u00e9parer-loral-du-CAEA-300x124.jpg\" alt=\"\" width=\"716\" height=\"296\" srcset=\"https:\/\/ent2d.ac-bordeaux.fr\/disciplines\/ciras\/wp-content\/uploads\/sites\/53\/2017\/07\/Pr\u00e9parer-loral-du-CAEA-300x124.jpg 300w, https:\/\/ent2d.ac-bordeaux.fr\/disciplines\/ciras\/wp-content\/uploads\/sites\/53\/2017\/07\/Pr\u00e9parer-loral-du-CAEA-768x316.jpg 768w, https:\/\/ent2d.ac-bordeaux.fr\/disciplines\/ciras\/wp-content\/uploads\/sites\/53\/2017\/07\/Pr\u00e9parer-loral-du-CAEA-1024x422.jpg 1024w, https:\/\/ent2d.ac-bordeaux.fr\/disciplines\/ciras\/wp-content\/uploads\/sites\/53\/2017\/07\/Pr\u00e9parer-loral-du-CAEA.jpg 1607w\" sizes=\"auto, (max-width: 716px) 100vw, 716px\" \/><\/p>\n","protected":false},"excerpt":{"rendered":"<p>Le certificat d&#8217;aptitude \u00e0 l&#8217;enseignement a\u00e9ronautique comprend une \u00e9preuve \u00e9crite d&#8217;admissibilit\u00e9 de 3 heures, corrig\u00e9e sous couvert de l&#8217;anonymat, et une \u00e9preuve orale d&#8217;admission. Chacune des deux \u00e9preuves est not\u00e9e de 0 \u00e0 20, en points entiers. Seuls les candidats ayant obtenu une note sup\u00e9rieure ou \u00e9gale \u00e0 15 \u00e0 l&#8217;\u00e9preuve d&#8217;admissibilit\u00e9 peuvent se pr\u00e9senter &hellip; <\/p>\n<p><a class=\"more-link block-button\" href=\"https:\/\/ent2d.ac-bordeaux.fr\/disciplines\/ciras\/preparer-le-caea\/\">Lire la Suite &raquo;<\/a><\/p>\n","protected":false},"author":100,"featured_media":0,"parent":0,"menu_order":0,"comment_status":"closed","ping_status":"closed","template":"","meta":{"footnotes":""},"class_list":["post-44","page","type-page","status-publish","hentry","nodate"],"_links":{"self":[{"href":"https:\/\/ent2d.ac-bordeaux.fr\/disciplines\/ciras\/wp-json\/wp\/v2\/pages\/44","targetHints":{"allow":["GET"]}}],"collection":[{"href":"https:\/\/ent2d.ac-bordeaux.fr\/disciplines\/ciras\/wp-json\/wp\/v2\/pages"}],"about":[{"href":"https:\/\/ent2d.ac-bordeaux.fr\/disciplines\/ciras\/wp-json\/wp\/v2\/types\/page"}],"author":[{"embeddable":true,"href":"https:\/\/ent2d.ac-bordeaux.fr\/disciplines\/ciras\/wp-json\/wp\/v2\/users\/100"}],"replies":[{"embeddable":true,"href":"https:\/\/ent2d.ac-bordeaux.fr\/disciplines\/ciras\/wp-json\/wp\/v2\/comments?post=44"}],"version-history":[{"count":6,"href":"https:\/\/ent2d.ac-bordeaux.fr\/disciplines\/ciras\/wp-json\/wp\/v2\/pages\/44\/revisions"}],"predecessor-version":[{"id":124,"href":"https:\/\/ent2d.ac-bordeaux.fr\/disciplines\/ciras\/wp-json\/wp\/v2\/pages\/44\/revisions\/124"}],"wp:attachment":[{"href":"https:\/\/ent2d.ac-bordeaux.fr\/disciplines\/ciras\/wp-json\/wp\/v2\/media?parent=44"}],"curies":[{"name":"wp","href":"https:\/\/api.w.org\/{rel}","templated":true}]}}