{"id":366,"date":"2018-09-26T19:33:35","date_gmt":"2018-09-26T17:33:35","guid":{"rendered":"https:\/\/ent2d.ac-bordeaux.fr\/disciplines\/ciras\/?page_id=366"},"modified":"2021-02-17T18:53:51","modified_gmt":"2021-02-17T17:53:51","slug":"8-lactualite-aeronautique-et-spatialeia","status":"publish","type":"page","link":"https:\/\/ent2d.ac-bordeaux.fr\/disciplines\/ciras\/8-lactualite-aeronautique-et-spatialeia\/","title":{"rendered":"8 l&#8217;actualit\u00e9 a\u00e9ronautique et spatiale"},"content":{"rendered":"<p><a href=\"https:\/\/www.3af.fr\/\" target=\"_blank\" rel=\"noopener noreferrer\">3AF<\/a> : Association A\u00e9ronautique et Astronautique de France<\/p>\n<p><a href=\"https:\/\/www.aerobuzz.fr\/\" target=\"_blank\" rel=\"noopener noreferrer\">A\u00e9robuzz<\/a> : l&#8217;actualit\u00e9 de l&#8217;a\u00e9ronautique et de l&#8217;espace civile et militaire<\/p>\n<p><a href=\"http:\/\/www.aeroemploiformation.com\/\" target=\"_blank\" rel=\"noopener noreferrer\">A\u00e9roemploi formation<\/a> : le site des recruteurs dans l&#8217;a\u00e9ronautique<\/p>\n<p><a href=\"https:\/\/www.gifas.asso.fr\/\" target=\"_blank\" rel=\"noopener noreferrer\">GIFAS<\/a> : l&#8217;actualit\u00e9 du groupement des industries francaises a\u00e9ronautiques spatiales<\/p>\n<p><a href=\"https:\/\/www.ecologique-solidaire.gouv.fr\/politiques\/aviation-civile\" target=\"_blank\" rel=\"noopener noreferrer\">Direction g\u00e9n\u00e9rale de l&#8217;aviation civile<\/a> : l&#8217;actualit\u00e9 de la r\u00e9glementation a\u00e9ronautique<\/p>\n<p><a href=\"https:\/\/www.journal-aviation.com\/actualites\/actualites-info-en-continu.html\" target=\"_blank\" rel=\"noopener noreferrer\">Le journal de l&#8217;aviation<\/a>\u00a0<\/p>\n<p>\u00a0<\/p>\n\n\n<p><\/p>\n","protected":false},"excerpt":{"rendered":"<p>3AF : Association A\u00e9ronautique et Astronautique de France A\u00e9robuzz : l&#8217;actualit\u00e9 de l&#8217;a\u00e9ronautique et de l&#8217;espace civile et militaire A\u00e9roemploi formation : le site des recruteurs dans l&#8217;a\u00e9ronautique GIFAS : l&#8217;actualit\u00e9 du groupement des industries francaises a\u00e9ronautiques spatiales Direction g\u00e9n\u00e9rale de l&#8217;aviation civile : l&#8217;actualit\u00e9 de la r\u00e9glementation a\u00e9ronautique Le journal de l&#8217;aviation\u00a0 \u00a0<\/p>\n","protected":false},"author":100,"featured_media":0,"parent":0,"menu_order":0,"comment_status":"closed","ping_status":"closed","template":"","meta":{"footnotes":""},"class_list":["post-366","page","type-page","status-publish","hentry","nodate"],"_links":{"self":[{"href":"https:\/\/ent2d.ac-bordeaux.fr\/disciplines\/ciras\/wp-json\/wp\/v2\/pages\/366","targetHints":{"allow":["GET"]}}],"collection":[{"href":"https:\/\/ent2d.ac-bordeaux.fr\/disciplines\/ciras\/wp-json\/wp\/v2\/pages"}],"about":[{"href":"https:\/\/ent2d.ac-bordeaux.fr\/disciplines\/ciras\/wp-json\/wp\/v2\/types\/page"}],"author":[{"embeddable":true,"href":"https:\/\/ent2d.ac-bordeaux.fr\/disciplines\/ciras\/wp-json\/wp\/v2\/users\/100"}],"replies":[{"embeddable":true,"href":"https:\/\/ent2d.ac-bordeaux.fr\/disciplines\/ciras\/wp-json\/wp\/v2\/comments?post=366"}],"version-history":[{"count":7,"href":"https:\/\/ent2d.ac-bordeaux.fr\/disciplines\/ciras\/wp-json\/wp\/v2\/pages\/366\/revisions"}],"predecessor-version":[{"id":744,"href":"https:\/\/ent2d.ac-bordeaux.fr\/disciplines\/ciras\/wp-json\/wp\/v2\/pages\/366\/revisions\/744"}],"wp:attachment":[{"href":"https:\/\/ent2d.ac-bordeaux.fr\/disciplines\/ciras\/wp-json\/wp\/v2\/media?parent=366"}],"curies":[{"name":"wp","href":"https:\/\/api.w.org\/{rel}","templated":true}]}}