{"id":35,"date":"2017-07-13T10:55:21","date_gmt":"2017-07-13T08:55:21","guid":{"rendered":"https:\/\/ent2d.ac-bordeaux.fr\/disciplines\/ciras\/?page_id=35"},"modified":"2025-02-18T19:25:02","modified_gmt":"2025-02-18T18:25:02","slug":"trouver-un-atelier-bia","status":"publish","type":"page","link":"https:\/\/ent2d.ac-bordeaux.fr\/disciplines\/ciras\/preparer-le-bia\/trouver-un-atelier-bia\/","title":{"rendered":"1 S&#8217;inscrire dans un atelier BIA"},"content":{"rendered":"<p>Le Rectorat de Bordeaux soutient les ateliers suivants qui doivent accueillir les candidats \u00e0 la formation. Ci dessous vous trouverez les ateliers ouverts.<\/p>\n<p>Voir la carte interactive<\/p>\n<p><a href=\"https:\/\/drive.google.com\/open?id=1ChwxGjst21SOJhOLLoFoJX_YCObckKLY&amp;usp=sharing\" target=\"_blank\" rel=\"noopener noreferrer\"><img loading=\"lazy\" decoding=\"async\" class=\"alignnone wp-image-335 aligncenter\" src=\"https:\/\/ent2d.ac-bordeaux.fr\/disciplines\/ciras\/wp-content\/uploads\/sites\/53\/2018\/09\/carte-284x300.png\" alt=\"\" width=\"362\" height=\"382\" srcset=\"https:\/\/ent2d.ac-bordeaux.fr\/disciplines\/ciras\/wp-content\/uploads\/sites\/53\/2018\/09\/carte-284x300.png 284w, https:\/\/ent2d.ac-bordeaux.fr\/disciplines\/ciras\/wp-content\/uploads\/sites\/53\/2018\/09\/carte.png 352w\" sizes=\"auto, (max-width: 362px) 100vw, 362px\" \/><\/a><\/p>\n<p><strong>Conditions d&#8217;inscriptions:<\/strong><\/p>\n<ul>\n<li>\u00c9l\u00e8ve sous statut scolaire : Coll\u00e9gien, lyc\u00e9ens, \u00e9tudiant de BTS<\/li>\n<li>Capacit\u00e9 d&#8217;accueil : Chaque \u00e9tablissement d\u00e9termine la capacit\u00e9 d&#8217;accueil de l&#8217;atelier<\/li>\n<li>Une participation aux frais des vols d&#8217;initiation peut \u00eatre pr\u00e9vue \u00e0 l&#8217;inscription<\/li>\n<\/ul>\n<p>La pr\u00e9paration au Brevet d&#8217;Initiation A\u00e9ronautique n&#8217;est pas une obligation scolaire. Cependant, l&#8217;\u00e9l\u00e8ve inscrit est soumis au respect du r<strong>\u00e8glement int\u00e9rieur<\/strong> de l&#8217;\u00e9tablissement et \u00e0 une ob<strong>ligation d\u2019assiduit\u00e9<\/strong>.<\/p>\n","protected":false},"excerpt":{"rendered":"<p>Le Rectorat de Bordeaux soutient les ateliers suivants qui doivent accueillir les candidats \u00e0 la formation. Ci dessous vous trouverez les ateliers ouverts. Voir la carte interactive Conditions d&#8217;inscriptions: \u00c9l\u00e8ve sous statut scolaire : Coll\u00e9gien, lyc\u00e9ens, \u00e9tudiant de BTS Capacit\u00e9 d&#8217;accueil : Chaque \u00e9tablissement d\u00e9termine la capacit\u00e9 d&#8217;accueil de l&#8217;atelier Une participation aux frais des &hellip; <\/p>\n<p><a class=\"more-link block-button\" href=\"https:\/\/ent2d.ac-bordeaux.fr\/disciplines\/ciras\/preparer-le-bia\/trouver-un-atelier-bia\/\">Lire la Suite &raquo;<\/a><\/p>\n","protected":false},"author":100,"featured_media":0,"parent":31,"menu_order":0,"comment_status":"closed","ping_status":"closed","template":"","meta":{"footnotes":""},"class_list":["post-35","page","type-page","status-publish","hentry","nodate"],"_links":{"self":[{"href":"https:\/\/ent2d.ac-bordeaux.fr\/disciplines\/ciras\/wp-json\/wp\/v2\/pages\/35","targetHints":{"allow":["GET"]}}],"collection":[{"href":"https:\/\/ent2d.ac-bordeaux.fr\/disciplines\/ciras\/wp-json\/wp\/v2\/pages"}],"about":[{"href":"https:\/\/ent2d.ac-bordeaux.fr\/disciplines\/ciras\/wp-json\/wp\/v2\/types\/page"}],"author":[{"embeddable":true,"href":"https:\/\/ent2d.ac-bordeaux.fr\/disciplines\/ciras\/wp-json\/wp\/v2\/users\/100"}],"replies":[{"embeddable":true,"href":"https:\/\/ent2d.ac-bordeaux.fr\/disciplines\/ciras\/wp-json\/wp\/v2\/comments?post=35"}],"version-history":[{"count":16,"href":"https:\/\/ent2d.ac-bordeaux.fr\/disciplines\/ciras\/wp-json\/wp\/v2\/pages\/35\/revisions"}],"predecessor-version":[{"id":1255,"href":"https:\/\/ent2d.ac-bordeaux.fr\/disciplines\/ciras\/wp-json\/wp\/v2\/pages\/35\/revisions\/1255"}],"up":[{"embeddable":true,"href":"https:\/\/ent2d.ac-bordeaux.fr\/disciplines\/ciras\/wp-json\/wp\/v2\/pages\/31"}],"wp:attachment":[{"href":"https:\/\/ent2d.ac-bordeaux.fr\/disciplines\/ciras\/wp-json\/wp\/v2\/media?parent=35"}],"curies":[{"name":"wp","href":"https:\/\/api.w.org\/{rel}","templated":true}]}}