{"id":31,"date":"2017-07-13T10:41:03","date_gmt":"2017-07-13T08:41:03","guid":{"rendered":"https:\/\/ent2d.ac-bordeaux.fr\/disciplines\/ciras\/?page_id=31"},"modified":"2025-06-24T15:16:35","modified_gmt":"2025-06-24T13:16:35","slug":"preparer-le-bia","status":"publish","type":"page","link":"https:\/\/ent2d.ac-bordeaux.fr\/disciplines\/ciras\/preparer-le-bia\/","title":{"rendered":"2 Pr\u00e9parer Le BIA"},"content":{"rendered":"<p>Le\u00a0 Brevet d&#8217;initiation a\u00e9ronautique peut se pr\u00e9parer de diff\u00e9rentes fa\u00e7ons :<\/p>\n<ul>\n<li>dans un atelier d\u00e9velopper par le rectorat de Bordeaux<\/li>\n<li>dans un a\u00e9roclub<\/li>\n<li>en candidat libre.<\/li>\n<\/ul>\n<p>il a pour objectif de<\/p>\n<ul>\n<li>d\u00e9velopper une culture g\u00e9n\u00e9ral a\u00e9ronautique<\/li>\n<li>de d\u00e9couvrir les m\u00e9tiers et formations du secteur a\u00e9ronautique<\/li>\n<\/ul>\n<p>le Chatbot r\u00e9pond \u00e0 tes questions.<\/p>\n<p><img loading=\"lazy\" decoding=\"async\" class=\"alignnone  wp-image-1272\" src=\"https:\/\/ent2d.ac-bordeaux.fr\/disciplines\/ciras\/wp-content\/uploads\/sites\/53\/2025\/06\/Edcafe-Assign-QR-300x300.png\" alt=\"\" width=\"189\" height=\"189\" srcset=\"https:\/\/ent2d.ac-bordeaux.fr\/disciplines\/ciras\/wp-content\/uploads\/sites\/53\/2025\/06\/Edcafe-Assign-QR-300x300.png 300w, https:\/\/ent2d.ac-bordeaux.fr\/disciplines\/ciras\/wp-content\/uploads\/sites\/53\/2025\/06\/Edcafe-Assign-QR-150x150.png 150w, https:\/\/ent2d.ac-bordeaux.fr\/disciplines\/ciras\/wp-content\/uploads\/sites\/53\/2025\/06\/Edcafe-Assign-QR-768x768.png 768w, https:\/\/ent2d.ac-bordeaux.fr\/disciplines\/ciras\/wp-content\/uploads\/sites\/53\/2025\/06\/Edcafe-Assign-QR.png 1000w\" sizes=\"auto, (max-width: 189px) 100vw, 189px\" \/><\/p>\n<p>il est valid\u00e9 par un dipl\u00f4me nationale et permet d&#8217;obtenir des aides financi\u00e8res aupr\u00e8s des diff\u00e9rentes f\u00e9d\u00e9rations a\u00e9ronautiques et de valorise ses connaissances sur un CV.<\/p>\n<p><img loading=\"lazy\" decoding=\"async\" class=\"wp-image-23 aligncenter\" src=\"https:\/\/ent2d.ac-bordeaux.fr\/disciplines\/ciras\/wp-content\/uploads\/sites\/53\/2017\/07\/Affiche-BIA-293x300.png\" alt=\"\" width=\"169\" height=\"173\" srcset=\"https:\/\/ent2d.ac-bordeaux.fr\/disciplines\/ciras\/wp-content\/uploads\/sites\/53\/2017\/07\/Affiche-BIA-293x300.png 293w, https:\/\/ent2d.ac-bordeaux.fr\/disciplines\/ciras\/wp-content\/uploads\/sites\/53\/2017\/07\/Affiche-BIA.png 384w\" sizes=\"auto, (max-width: 169px) 100vw, 169px\" \/><\/p>\n<div id=\"container\">\n<div id=\"global\">\n<div id=\"header\">\n<div id=\"contenu\">\n<div id=\"sidebar\">\n<div class=\"region region-sidebar-second\">\n<div id=\"block-views-textes-par-formation-block\" class=\"block block-views clearfix\">\n<div class=\"content\">\n<div class=\"view view-textes-par-formation view-id-textes_par_formation view-display-id-block view-dom-id-db98455f6b968e2fb4e8e868ce94802e\">\n<div class=\"view-content\">\n<div class=\"views-row views-row-2 views-row-even\">\n<div class=\"views-field views-field-field-fichier\">\n<div class=\"field-content\" style=\"text-align: center\"><a href=\"https:\/\/ent2d.ac-bordeaux.fr\/disciplines\/ciras\/wp-content\/uploads\/sites\/53\/2017\/09\/BIA-programme.pdf\" target=\"_blank\" rel=\"noopener\">BIA-programme<\/a><\/div>\n<div><\/div>\n<\/div>\n<\/div>\n<\/div>\n<\/div>\n<\/div>\n<\/div>\n<\/div>\n<\/div>\n<\/div>\n<\/div>\n<\/div>\n<\/div>\n","protected":false},"excerpt":{"rendered":"<p>Le\u00a0 Brevet d&#8217;initiation a\u00e9ronautique peut se pr\u00e9parer de diff\u00e9rentes fa\u00e7ons : dans un atelier d\u00e9velopper par le rectorat de Bordeaux dans un a\u00e9roclub en candidat libre. il a pour objectif de d\u00e9velopper une culture g\u00e9n\u00e9ral a\u00e9ronautique de d\u00e9couvrir les m\u00e9tiers et formations du secteur a\u00e9ronautique le Chatbot r\u00e9pond \u00e0 tes questions. il est valid\u00e9 par &hellip; <\/p>\n<p><a class=\"more-link block-button\" href=\"https:\/\/ent2d.ac-bordeaux.fr\/disciplines\/ciras\/preparer-le-bia\/\">Lire la Suite &raquo;<\/a><\/p>\n","protected":false},"author":100,"featured_media":0,"parent":0,"menu_order":0,"comment_status":"closed","ping_status":"closed","template":"","meta":{"footnotes":""},"class_list":["post-31","page","type-page","status-publish","hentry","nodate"],"_links":{"self":[{"href":"https:\/\/ent2d.ac-bordeaux.fr\/disciplines\/ciras\/wp-json\/wp\/v2\/pages\/31","targetHints":{"allow":["GET"]}}],"collection":[{"href":"https:\/\/ent2d.ac-bordeaux.fr\/disciplines\/ciras\/wp-json\/wp\/v2\/pages"}],"about":[{"href":"https:\/\/ent2d.ac-bordeaux.fr\/disciplines\/ciras\/wp-json\/wp\/v2\/types\/page"}],"author":[{"embeddable":true,"href":"https:\/\/ent2d.ac-bordeaux.fr\/disciplines\/ciras\/wp-json\/wp\/v2\/users\/100"}],"replies":[{"embeddable":true,"href":"https:\/\/ent2d.ac-bordeaux.fr\/disciplines\/ciras\/wp-json\/wp\/v2\/comments?post=31"}],"version-history":[{"count":9,"href":"https:\/\/ent2d.ac-bordeaux.fr\/disciplines\/ciras\/wp-json\/wp\/v2\/pages\/31\/revisions"}],"predecessor-version":[{"id":1273,"href":"https:\/\/ent2d.ac-bordeaux.fr\/disciplines\/ciras\/wp-json\/wp\/v2\/pages\/31\/revisions\/1273"}],"wp:attachment":[{"href":"https:\/\/ent2d.ac-bordeaux.fr\/disciplines\/ciras\/wp-json\/wp\/v2\/media?parent=31"}],"curies":[{"name":"wp","href":"https:\/\/api.w.org\/{rel}","templated":true}]}}