{"id":29,"date":"2017-07-13T10:34:06","date_gmt":"2017-07-13T08:34:06","guid":{"rendered":"https:\/\/ent2d.ac-bordeaux.fr\/disciplines\/ciras\/?page_id=29"},"modified":"2024-11-12T17:23:44","modified_gmt":"2024-11-12T16:23:44","slug":"organisation-du-ciras","status":"publish","type":"page","link":"https:\/\/ent2d.ac-bordeaux.fr\/disciplines\/ciras\/organisation-du-ciras\/","title":{"rendered":"1 Organisation du CIRAS"},"content":{"rendered":"<p>Le Comit\u00e9 d&#8217;Initiation R\u00e9gional \u00e0 A\u00e9ronautique et au Spatial de l&#8217;acad\u00e9mie de Bordeaux a vocation \u00e0 :<\/p>\n<ul>\n<li>Valoriser les activit\u00e9s a\u00e9ronautiques<\/li>\n<li>Informer sur les m\u00e9tiers et formations a\u00e9ronautiques<\/li>\n<\/ul>\n<p><strong>D\u00e9l\u00e9gu\u00e9 acad\u00e9mique :<\/strong><\/p>\n<p style=\"text-align: center\">Jean Pierre M\u00e9au &#8211; IEN STI : jean-pierre.meau@ac-bordeaux.fr<\/p>\n<p><strong>Coordonnateurs P\u00e9dagogiques :<\/strong><\/p>\n<p style=\"text-align: center\">S\u00e9bastien M\u00e9tayer : s\u00e9bastien.metayer@ac-bordeaux.fr<\/p>\n<p style=\"text-align: center\">Benoit Gillet : benoit.gillet@ac-bordeaux.fr<\/p>\n","protected":false},"excerpt":{"rendered":"<p>Le Comit\u00e9 d&#8217;Initiation R\u00e9gional \u00e0 A\u00e9ronautique et au Spatial de l&#8217;acad\u00e9mie de Bordeaux a vocation \u00e0 : Valoriser les activit\u00e9s a\u00e9ronautiques Informer sur les m\u00e9tiers et formations a\u00e9ronautiques D\u00e9l\u00e9gu\u00e9 acad\u00e9mique : Jean Pierre M\u00e9au &#8211; IEN STI : jean-pierre.meau@ac-bordeaux.fr Coordonnateurs P\u00e9dagogiques : S\u00e9bastien M\u00e9tayer : s\u00e9bastien.metayer@ac-bordeaux.fr Benoit Gillet : benoit.gillet@ac-bordeaux.fr<\/p>\n","protected":false},"author":100,"featured_media":0,"parent":0,"menu_order":0,"comment_status":"closed","ping_status":"closed","template":"","meta":{"footnotes":""},"class_list":["post-29","page","type-page","status-publish","hentry","nodate"],"_links":{"self":[{"href":"https:\/\/ent2d.ac-bordeaux.fr\/disciplines\/ciras\/wp-json\/wp\/v2\/pages\/29","targetHints":{"allow":["GET"]}}],"collection":[{"href":"https:\/\/ent2d.ac-bordeaux.fr\/disciplines\/ciras\/wp-json\/wp\/v2\/pages"}],"about":[{"href":"https:\/\/ent2d.ac-bordeaux.fr\/disciplines\/ciras\/wp-json\/wp\/v2\/types\/page"}],"author":[{"embeddable":true,"href":"https:\/\/ent2d.ac-bordeaux.fr\/disciplines\/ciras\/wp-json\/wp\/v2\/users\/100"}],"replies":[{"embeddable":true,"href":"https:\/\/ent2d.ac-bordeaux.fr\/disciplines\/ciras\/wp-json\/wp\/v2\/comments?post=29"}],"version-history":[{"count":4,"href":"https:\/\/ent2d.ac-bordeaux.fr\/disciplines\/ciras\/wp-json\/wp\/v2\/pages\/29\/revisions"}],"predecessor-version":[{"id":1244,"href":"https:\/\/ent2d.ac-bordeaux.fr\/disciplines\/ciras\/wp-json\/wp\/v2\/pages\/29\/revisions\/1244"}],"wp:attachment":[{"href":"https:\/\/ent2d.ac-bordeaux.fr\/disciplines\/ciras\/wp-json\/wp\/v2\/media?parent=29"}],"curies":[{"name":"wp","href":"https:\/\/api.w.org\/{rel}","templated":true}]}}