{"id":242,"date":"2018-01-15T23:26:22","date_gmt":"2018-01-15T22:26:22","guid":{"rendered":"https:\/\/ent2d.ac-bordeaux.fr\/disciplines\/ciras\/?page_id=242"},"modified":"2018-09-26T19:37:03","modified_gmt":"2018-09-26T17:37:03","slug":"5-ressources-numeriques","status":"publish","type":"page","link":"https:\/\/ent2d.ac-bordeaux.fr\/disciplines\/ciras\/6-enseigner-le-bia\/5-ressources-numeriques\/","title":{"rendered":"5 Ressources num\u00e9riques"},"content":{"rendered":"<p>&nbsp;<\/p>\n<p><a href=\"http:\/\/www.aerostar.tv\/\" target=\"_blank\" rel=\"noopener\">AEROSTAR TV<\/a> SAS\u00a0traite des th\u00e9matiques a\u00e9ronautiques, a\u00e9rospatiales et de l\u2019astronomie.<\/p>\n<p><a href=\"http:\/\/lavionnaire.fr\/index.php\" target=\"_blank\" rel=\"noopener\">L&#8217;avionnaire<\/a> : un site de ressources de cours BIA<\/p>\n<p><a href=\"http:\/\/aero-scolaire.ac-orleans-tours.fr\/php5\/qcm\/liste.htm\" target=\"_blank\" rel=\"noopener\">QCM BIA<\/a> : Le CIRAS de l&#8217;acad\u00e9mie d&#8217;Orl\u00e9ans -Tours propose des QCM du BIA \u00e0 faire en ligne.<\/p>\n<p><a href=\"http:\/\/ciras.ac-lille.fr\/ressources-pedas\/ressources-bia\/les-cours#section-1\" target=\"_blank\" rel=\"noopener\">enseigner dans un atelier BIA<\/a> : l&#8217;acad\u00e9mie de Lille propose des cours pour enseigner le BIA<\/p>\n","protected":false},"excerpt":{"rendered":"<p>&nbsp; AEROSTAR TV SAS\u00a0traite des th\u00e9matiques a\u00e9ronautiques, a\u00e9rospatiales et de l\u2019astronomie. L&#8217;avionnaire : un site de ressources de cours BIA QCM BIA : Le CIRAS de l&#8217;acad\u00e9mie d&#8217;Orl\u00e9ans -Tours propose des QCM du BIA \u00e0 faire en ligne. enseigner dans un atelier BIA : l&#8217;acad\u00e9mie de Lille propose des cours pour enseigner le BIA<\/p>\n","protected":false},"author":100,"featured_media":0,"parent":162,"menu_order":0,"comment_status":"closed","ping_status":"closed","template":"","meta":{"footnotes":""},"class_list":["post-242","page","type-page","status-publish","hentry","nodate"],"_links":{"self":[{"href":"https:\/\/ent2d.ac-bordeaux.fr\/disciplines\/ciras\/wp-json\/wp\/v2\/pages\/242","targetHints":{"allow":["GET"]}}],"collection":[{"href":"https:\/\/ent2d.ac-bordeaux.fr\/disciplines\/ciras\/wp-json\/wp\/v2\/pages"}],"about":[{"href":"https:\/\/ent2d.ac-bordeaux.fr\/disciplines\/ciras\/wp-json\/wp\/v2\/types\/page"}],"author":[{"embeddable":true,"href":"https:\/\/ent2d.ac-bordeaux.fr\/disciplines\/ciras\/wp-json\/wp\/v2\/users\/100"}],"replies":[{"embeddable":true,"href":"https:\/\/ent2d.ac-bordeaux.fr\/disciplines\/ciras\/wp-json\/wp\/v2\/comments?post=242"}],"version-history":[{"count":5,"href":"https:\/\/ent2d.ac-bordeaux.fr\/disciplines\/ciras\/wp-json\/wp\/v2\/pages\/242\/revisions"}],"predecessor-version":[{"id":371,"href":"https:\/\/ent2d.ac-bordeaux.fr\/disciplines\/ciras\/wp-json\/wp\/v2\/pages\/242\/revisions\/371"}],"up":[{"embeddable":true,"href":"https:\/\/ent2d.ac-bordeaux.fr\/disciplines\/ciras\/wp-json\/wp\/v2\/pages\/162"}],"wp:attachment":[{"href":"https:\/\/ent2d.ac-bordeaux.fr\/disciplines\/ciras\/wp-json\/wp\/v2\/media?parent=242"}],"curies":[{"name":"wp","href":"https:\/\/api.w.org\/{rel}","templated":true}]}}