{"id":184,"date":"2017-10-25T11:56:27","date_gmt":"2017-10-25T09:56:27","guid":{"rendered":"https:\/\/ent2d.ac-bordeaux.fr\/disciplines\/ciras\/?page_id=184"},"modified":"2018-04-07T07:25:28","modified_gmt":"2018-04-07T05:25:28","slug":"1-quelques-experiences","status":"publish","type":"page","link":"https:\/\/ent2d.ac-bordeaux.fr\/disciplines\/ciras\/6-enseigner-le-bia\/1-quelques-experiences\/","title":{"rendered":"3 Quelques exp\u00e9riences p\u00e9dagogiques"},"content":{"rendered":"<p>L&#8217;a\u00e9rodynamique et la m\u00e9canique du vol pourront faire l&#8217;objet d&#8217;exp\u00e9rimentations permettant de montrer les ph\u00e9nom\u00e8nes mis en jeu.<\/p>\n<p>L&#8217;enseignement du BIA n\u00e9cessit\u00e9 une p\u00e9dagogie active, il y a n\u00e9cessit\u00e9 \u00e0 imager par des activit\u00e9s pratiques les notions abord\u00e9es : faciliter la compr\u00e9hension et l&#8217;assimilation.<\/p>\n<p><strong>le concept d&#8217;apprentissage par projet :<\/strong><\/p>\n<p><a href=\"https:\/\/ent2d.ac-bordeaux.fr\/disciplines\/ciras\/wp-content\/uploads\/sites\/53\/2018\/04\/APP-Atelier-BIA.pdf\" target=\"_blank\" rel=\"noopener\">APP Atelier BIA<\/a><\/p>\n<p><strong>la sustentation de l&#8217;aile :<\/strong><\/p>\n<p><a href=\"https:\/\/ent2d.ac-bordeaux.fr\/disciplines\/ciras\/wp-content\/uploads\/sites\/53\/2017\/10\/P2-AAPV-1-\u00e9l\u00e8ve.pdf\" target=\"_blank\" rel=\"noopener\">P2 AAPV 1 \u00e9l\u00e8ve<\/a><\/p>\n<p><a href=\"https:\/\/ent2d.ac-bordeaux.fr\/disciplines\/ciras\/wp-content\/uploads\/sites\/53\/2017\/10\/P2-AAPV-1-prof.pdf\" target=\"_blank\" rel=\"noopener\">P2 AAPV 1 prof<\/a><\/p>\n<p><strong>Etude du vol stabilis\u00e9 :<\/strong><\/p>\n<p><a href=\"https:\/\/ent2d.ac-bordeaux.fr\/disciplines\/ciras\/wp-content\/uploads\/sites\/53\/2017\/10\/P2-AAPV-2-\u00e9l\u00e8ve.pdf\" target=\"_blank\" rel=\"noopener\">P2 AAPV 2 \u00e9l\u00e8ve<\/a><\/p>\n<p><a href=\"https:\/\/ent2d.ac-bordeaux.fr\/disciplines\/ciras\/wp-content\/uploads\/sites\/53\/2017\/10\/P2-AAPV-2-prof.pdf\" target=\"_blank\" rel=\"noopener\">P2 AAPV 2 prof<\/a><\/p>\n<p><strong>Sustentation de l&#8217;aile :<\/strong><\/p>\n<p><a href=\"https:\/\/ent2d.ac-bordeaux.fr\/disciplines\/ciras\/wp-content\/uploads\/sites\/53\/2017\/10\/P2-AAPV-3-\u00e9l\u00e8ve.pdf\" target=\"_blank\" rel=\"noopener\">P2 AAPV 3 \u00e9l\u00e8ve<\/a><\/p>\n<p><a href=\"https:\/\/ent2d.ac-bordeaux.fr\/disciplines\/ciras\/wp-content\/uploads\/sites\/53\/2017\/10\/P2-AAPV-3-prof.pdf\" target=\"_blank\" rel=\"noopener\">P2 AAPV 3 prof<\/a><\/p>\n<p><strong>Les commandes de vol :<\/strong><\/p>\n<p><a href=\"https:\/\/ent2d.ac-bordeaux.fr\/disciplines\/ciras\/wp-content\/uploads\/sites\/53\/2018\/04\/P3-EAES-1-\u00e9l\u00e8ve.pdf\" target=\"_blank\" rel=\"noopener\">P3 EAES 1 \u00e9l\u00e8ve<\/a><\/p>\n<p><a href=\"https:\/\/ent2d.ac-bordeaux.fr\/disciplines\/ciras\/wp-content\/uploads\/sites\/53\/2018\/04\/P3-EAES-1-prof.pdf\" target=\"_blank\" rel=\"noopener\">P3 EAES 1 pro<\/a><\/p>\n<p><strong>Les grands principes de la navigation :<\/strong><\/p>\n<p><a href=\"https:\/\/ent2d.ac-bordeaux.fr\/disciplines\/ciras\/wp-content\/uploads\/sites\/53\/2018\/04\/P4-NRSV-1-\u00e9l\u00e8ve.pdf\" target=\"_blank\" rel=\"noopener\">P4 NRSV 1 \u00e9l\u00e8ve<\/a><\/p>\n<p><a href=\"https:\/\/ent2d.ac-bordeaux.fr\/disciplines\/ciras\/wp-content\/uploads\/sites\/53\/2018\/04\/P4-NRSV-1-prof.pdf\" target=\"_blank\" rel=\"noopener\">P4 NRSV 1 prof<\/a><\/p>\n<p><a href=\"https:\/\/ent2d.ac-bordeaux.fr\/disciplines\/ciras\/wp-content\/uploads\/sites\/53\/2018\/04\/resume_C172M.pdf\" target=\"_blank\" rel=\"noopener\">resume_C172M<\/a><\/p>\n","protected":false},"excerpt":{"rendered":"<p>L&#8217;a\u00e9rodynamique et la m\u00e9canique du vol pourront faire l&#8217;objet d&#8217;exp\u00e9rimentations permettant de montrer les ph\u00e9nom\u00e8nes mis en jeu. L&#8217;enseignement du BIA n\u00e9cessit\u00e9 une p\u00e9dagogie active, il y a n\u00e9cessit\u00e9 \u00e0 imager par des activit\u00e9s pratiques les notions abord\u00e9es : faciliter la compr\u00e9hension et l&#8217;assimilation. le concept d&#8217;apprentissage par projet : APP Atelier BIA la sustentation &hellip; <\/p>\n<p><a class=\"more-link block-button\" href=\"https:\/\/ent2d.ac-bordeaux.fr\/disciplines\/ciras\/6-enseigner-le-bia\/1-quelques-experiences\/\">Lire la Suite &raquo;<\/a><\/p>\n","protected":false},"author":100,"featured_media":0,"parent":162,"menu_order":0,"comment_status":"closed","ping_status":"closed","template":"","meta":{"footnotes":""},"class_list":["post-184","page","type-page","status-publish","hentry","nodate"],"_links":{"self":[{"href":"https:\/\/ent2d.ac-bordeaux.fr\/disciplines\/ciras\/wp-json\/wp\/v2\/pages\/184","targetHints":{"allow":["GET"]}}],"collection":[{"href":"https:\/\/ent2d.ac-bordeaux.fr\/disciplines\/ciras\/wp-json\/wp\/v2\/pages"}],"about":[{"href":"https:\/\/ent2d.ac-bordeaux.fr\/disciplines\/ciras\/wp-json\/wp\/v2\/types\/page"}],"author":[{"embeddable":true,"href":"https:\/\/ent2d.ac-bordeaux.fr\/disciplines\/ciras\/wp-json\/wp\/v2\/users\/100"}],"replies":[{"embeddable":true,"href":"https:\/\/ent2d.ac-bordeaux.fr\/disciplines\/ciras\/wp-json\/wp\/v2\/comments?post=184"}],"version-history":[{"count":13,"href":"https:\/\/ent2d.ac-bordeaux.fr\/disciplines\/ciras\/wp-json\/wp\/v2\/pages\/184\/revisions"}],"predecessor-version":[{"id":286,"href":"https:\/\/ent2d.ac-bordeaux.fr\/disciplines\/ciras\/wp-json\/wp\/v2\/pages\/184\/revisions\/286"}],"up":[{"embeddable":true,"href":"https:\/\/ent2d.ac-bordeaux.fr\/disciplines\/ciras\/wp-json\/wp\/v2\/pages\/162"}],"wp:attachment":[{"href":"https:\/\/ent2d.ac-bordeaux.fr\/disciplines\/ciras\/wp-json\/wp\/v2\/media?parent=184"}],"curies":[{"name":"wp","href":"https:\/\/api.w.org\/{rel}","templated":true}]}}