{"id":175,"date":"2017-10-25T11:42:24","date_gmt":"2017-10-25T09:42:24","guid":{"rendered":"https:\/\/ent2d.ac-bordeaux.fr\/disciplines\/ciras\/?page_id=175"},"modified":"2018-12-06T10:50:33","modified_gmt":"2018-12-06T09:50:33","slug":"7-liens-utiles","status":"publish","type":"page","link":"https:\/\/ent2d.ac-bordeaux.fr\/disciplines\/ciras\/7-liens-utiles\/","title":{"rendered":"7 Les partenaires"},"content":{"rendered":"<p style=\"text-align: center\"><strong>Listes des sites utiles<\/strong><\/p>\n<p>Site officiel national de l&#8217;\u00e9ducation national comportant les textes officiels et des ressources :<\/p>\n<p style=\"text-align: center\"><a style=\"color: #074d7c;cursor: pointer;text-align: center\" href=\"http:\/\/eduscol.education.fr\/sti\/bia\" target=\"_blank\" rel=\"noopener\">Eduscol STI &#8220;brevet d&#8217;initiation a\u00e9ronautique&#8221;<\/a><span style=\"text-align: center\">\u00a0<\/span><\/p>\n<p>Site d&#8217;informations sur les m\u00e9tiers de l&#8217;arm\u00e9e de l&#8217;air :<\/p>\n<p style=\"text-align: center\"><a style=\"color: #074d7c;cursor: pointer;text-align: center\" href=\"https:\/\/devenir-aviateur.fr\/\" target=\"_blank\" rel=\"noopener\">Centre information et de recrutement de l&#8217;arm\u00e9e de l&#8217;air<\/a><\/p>\n<p>F\u00e9d\u00e9ration fran\u00e7aise a\u00e9ronautique :<\/p>\n<p style=\"text-align: center\"><a href=\"http:\/\/www.ffa-aero.fr\/FR\/Federation_Aeronautique.awp\" target=\"_blank\" rel=\"noopener\">FFA<\/a><\/p>\n<p>F\u00e9d\u00e9ration fran\u00e7aise d&#8217;ULM :<\/p>\n<p style=\"text-align: center\"><a href=\"http:\/\/www.ffa-aero.fr\/FR\/Federation_Aeronautique.awp\" target=\"_blank\" rel=\"noopener\">FFPLUM<\/a><\/p>\n<p>F\u00e9d\u00e9ration fran\u00e7aise de vol \u00e0 voile :<\/p>\n<p style=\"text-align: center\"><a href=\"http:\/\/ffvv.org\/\" target=\"_blank\" rel=\"noopener\">FFVV<\/a><\/p>\n<p>F\u00e9d\u00e9ration fran\u00e7aise d&#8217;a\u00e9romod\u00e9lisme :<\/p>\n<p style=\"text-align: center\"><a href=\"http:\/\/www.ffam.asso.fr\/\" target=\"_blank\" rel=\"noopener\">FFAM<\/a><\/p>\n<p>A\u00e9ronautique en milieux scolaire d&#8217;Aquitaine :<\/p>\n<p style=\"text-align: center\"><a href=\"http:\/\/amsaquitaine.fr\/\" target=\"_blank\" rel=\"noopener\">AMSA<\/a><\/p>\n<p>Association fran\u00e7aise des femmes pilotes :<\/p>\n<p style=\"text-align: center\"><a href=\"http:\/\/www.femmes-pilotes.com\/\" target=\"_blank\" rel=\"noopener\">femmes pilotes<\/a><\/p>\n<p>BAAS A\u00e9ronautique Spatial D\u00e9fense Nouvelle Aquitaine ;<\/p>\n<p style=\"text-align: center\"><a href=\"http:\/\/aero-baas.fr\/\" target=\"_blank\" rel=\"noopener\">BAAS<\/a><\/p>\n<p>&nbsp;<\/p>\n","protected":false},"excerpt":{"rendered":"<p>Listes des sites utiles Site officiel national de l&#8217;\u00e9ducation national comportant les textes officiels et des ressources : Eduscol STI &#8220;brevet d&#8217;initiation a\u00e9ronautique&#8221;\u00a0 Site d&#8217;informations sur les m\u00e9tiers de l&#8217;arm\u00e9e de l&#8217;air : Centre information et de recrutement de l&#8217;arm\u00e9e de l&#8217;air F\u00e9d\u00e9ration fran\u00e7aise a\u00e9ronautique : FFA F\u00e9d\u00e9ration fran\u00e7aise d&#8217;ULM : FFPLUM F\u00e9d\u00e9ration fran\u00e7aise de &hellip; <\/p>\n<p><a class=\"more-link block-button\" href=\"https:\/\/ent2d.ac-bordeaux.fr\/disciplines\/ciras\/7-liens-utiles\/\">Lire la Suite &raquo;<\/a><\/p>\n","protected":false},"author":100,"featured_media":0,"parent":0,"menu_order":0,"comment_status":"closed","ping_status":"closed","template":"","meta":{"footnotes":""},"class_list":["post-175","page","type-page","status-publish","hentry","nodate"],"_links":{"self":[{"href":"https:\/\/ent2d.ac-bordeaux.fr\/disciplines\/ciras\/wp-json\/wp\/v2\/pages\/175","targetHints":{"allow":["GET"]}}],"collection":[{"href":"https:\/\/ent2d.ac-bordeaux.fr\/disciplines\/ciras\/wp-json\/wp\/v2\/pages"}],"about":[{"href":"https:\/\/ent2d.ac-bordeaux.fr\/disciplines\/ciras\/wp-json\/wp\/v2\/types\/page"}],"author":[{"embeddable":true,"href":"https:\/\/ent2d.ac-bordeaux.fr\/disciplines\/ciras\/wp-json\/wp\/v2\/users\/100"}],"replies":[{"embeddable":true,"href":"https:\/\/ent2d.ac-bordeaux.fr\/disciplines\/ciras\/wp-json\/wp\/v2\/comments?post=175"}],"version-history":[{"count":6,"href":"https:\/\/ent2d.ac-bordeaux.fr\/disciplines\/ciras\/wp-json\/wp\/v2\/pages\/175\/revisions"}],"predecessor-version":[{"id":409,"href":"https:\/\/ent2d.ac-bordeaux.fr\/disciplines\/ciras\/wp-json\/wp\/v2\/pages\/175\/revisions\/409"}],"wp:attachment":[{"href":"https:\/\/ent2d.ac-bordeaux.fr\/disciplines\/ciras\/wp-json\/wp\/v2\/media?parent=175"}],"curies":[{"name":"wp","href":"https:\/\/api.w.org\/{rel}","templated":true}]}}